{"id":14856,"date":"2024-03-08T11:11:33","date_gmt":"2024-03-08T10:11:33","guid":{"rendered":"https:\/\/gezonde-darmflora.nl\/product\/df6\/"},"modified":"2026-04-07T12:19:37","modified_gmt":"2026-04-07T10:19:37","slug":"df6","status":"publish","type":"product","link":"https:\/\/gezonde-darmflora.nl\/de\/produkt\/df6\/","title":{"rendered":"DF6"},"content":{"rendered":"<p>DF6 (Deutschland) ist ein ehemaliger Judoka auf hohem Niveau. War nie krank. Anthroposophisch erzogen. Hat nie Medikamente genommen und isst nur aus seiner eigenen K\u00fcche, zweimal pro Woche Fleisch oder Fisch. Isst niemals zugesetzte Zuckerprodukte. DF6 ist eine Mischung aus 2 Kulturen, England und Indien. Nicht gegen Covid geimpft.        <a href=\"https:\/\/gezonde-darmflora.nl\/wp-content\/uploads\/2020\/06\/MPC00231-NB-Specialistenrapport.pdf\"><strong>Klicken Sie hier f\u00fcr Mikrobiom-Bericht-Kapseln<\/strong><\/a><\/p>\n<p>\/ <a href=\"https:\/\/gezonde-darmflora.nl\/wp-content\/uploads\/2024\/04\/DF6-OVERZICHT-scaled.jpg\"><strong>Klicken Sie hier f\u00fcr die Ergebnisse der F\u00e4kalien-Testkapseln<\/strong><\/a><\/p>\n<p>\/ <a href=\"https:\/\/gezonde-darmflora.nl\/wp-content\/uploads\/2020\/06\/NB-bloedtest-scaled.jpg\"><strong>Klicken Sie hier f\u00fcr die Bluttestkapseln<\/strong><\/a><\/p>\n<p>&nbsp;<\/p>\n<p>&nbsp;<\/p>\n<p>DF6 ist viel gereist. Im <strong>Dezember 2025<\/strong> hielt sie sich zwei Wochen lang in den Niederlanden auf. W\u00e4hrend dieses Aufenthalts wurde sie erneut getestet und vollst\u00e4ndig zugelassen. Die <strong>verf\u00fcgbare Zeit wurde ausschlie\u00dflich f\u00fcr die Produktion von Einl\u00e4ufen genutzt<\/strong>. Daher ist der Vorrat an Einl\u00e4ufen derzeit begrenzt.    <\/p>\n<p><a href=\"https:\/\/gezonde-darmflora.nl\/wp-content\/uploads\/2024\/04\/MPC00490-NL-Spec.rapport-NB-1.pdf\">F\u00fcr den Bericht \u00fcber den Mikrobiom-Einlauf: klicken Sie hier.<\/a><br \/>\n<a href=\"https:\/\/gezonde-darmflora.nl\/wp-content\/uploads\/2024\/04\/labrapport-DF6-dec2025.pdf\">F\u00fcr den Blutbericht-Einlauf: klicken Sie hier.<\/a><br \/>\n<a href=\"https:\/\/gezonde-darmflora.nl\/wp-content\/uploads\/2024\/04\/DF6-DEC-25.jpg\">F\u00fcr F\u00e4kalieneinlauftests: klicken Sie hier.<\/a><\/p>\n","protected":false},"excerpt":{"rendered":"<p>In diesem Betrag sind die Kosten f\u00fcr Trockeneis, Verpackung und Versand nicht enthalten.<\/p>\n","protected":false},"featured_media":14858,"comment_status":"open","ping_status":"closed","template":"","meta":{"_acf_changed":false},"product_brand":[],"product_cat":[42],"product_tag":[],"class_list":{"0":"post-14856","1":"product","2":"type-product","3":"status-publish","4":"has-post-thumbnail","6":"product_cat-darmflora","7":"product_shipping_class-standaard","9":"first","10":"instock","11":"taxable","12":"shipping-taxable","13":"purchasable","14":"product-type-variable","15":"has-default-attributes"},"acf":[],"yoast_head":"<!-- This site is optimized with the Yoast SEO plugin v27.1.1 - https:\/\/yoast.com\/product\/yoast-seo-wordpress\/ -->\n<title>DF6 &#8211; Gezonde Darmflora<\/title>\n<meta name=\"robots\" content=\"index, follow, max-snippet:-1, max-image-preview:large, max-video-preview:-1\" \/>\n<link rel=\"canonical\" href=\"https:\/\/gezonde-darmflora.nl\/de\/produkt\/df6\/\" \/>\n<meta property=\"og:locale\" content=\"de_DE\" \/>\n<meta property=\"og:type\" content=\"article\" \/>\n<meta property=\"og:title\" content=\"DF6 &#8211; Gezonde Darmflora\" \/>\n<meta property=\"og:description\" content=\"In diesem Betrag sind die Kosten f\u00fcr Trockeneis, Verpackung und Versand nicht enthalten.\" \/>\n<meta property=\"og:url\" content=\"https:\/\/gezonde-darmflora.nl\/de\/produkt\/df6\/\" \/>\n<meta property=\"og:site_name\" content=\"Gezonde Darmflora\" \/>\n<meta property=\"article:modified_time\" content=\"2026-04-07T10:19:37+00:00\" \/>\n<meta property=\"og:image\" content=\"https:\/\/gezonde-darmflora.nl\/wp-content\/uploads\/2020\/06\/LEGE-CAPSULE-DF6.jpg\" \/>\n\t<meta property=\"og:image:width\" content=\"992\" \/>\n\t<meta property=\"og:image:height\" content=\"992\" \/>\n\t<meta property=\"og:image:type\" content=\"image\/jpeg\" \/>\n<meta name=\"twitter:card\" content=\"summary_large_image\" \/>\n<meta name=\"twitter:label1\" content=\"Gesch\u00e4tzte Lesezeit\" \/>\n\t<meta name=\"twitter:data1\" content=\"1\u00a0Minute\" \/>\n<script type=\"application\/ld+json\" class=\"yoast-schema-graph\">{\"@context\":\"https:\/\/schema.org\",\"@graph\":[{\"@type\":\"WebPage\",\"@id\":\"https:\/\/gezonde-darmflora.nl\/de\/produkt\/df6\/\",\"url\":\"https:\/\/gezonde-darmflora.nl\/de\/produkt\/df6\/\",\"name\":\"DF6 &#8211; Gezonde Darmflora\",\"isPartOf\":{\"@id\":\"https:\/\/gezonde-darmflora.nl\/de\/#website\"},\"primaryImageOfPage\":{\"@id\":\"https:\/\/gezonde-darmflora.nl\/de\/produkt\/df6\/#primaryimage\"},\"image\":{\"@id\":\"https:\/\/gezonde-darmflora.nl\/de\/produkt\/df6\/#primaryimage\"},\"thumbnailUrl\":\"https:\/\/gezonde-darmflora.nl\/wp-content\/uploads\/2020\/06\/LEGE-CAPSULE-DF6.jpg\",\"datePublished\":\"2024-03-08T10:11:33+00:00\",\"dateModified\":\"2026-04-07T10:19:37+00:00\",\"breadcrumb\":{\"@id\":\"https:\/\/gezonde-darmflora.nl\/de\/produkt\/df6\/#breadcrumb\"},\"inLanguage\":\"de\",\"potentialAction\":[{\"@type\":\"ReadAction\",\"target\":[\"https:\/\/gezonde-darmflora.nl\/de\/produkt\/df6\/\"]}]},{\"@type\":\"ImageObject\",\"inLanguage\":\"de\",\"@id\":\"https:\/\/gezonde-darmflora.nl\/de\/produkt\/df6\/#primaryimage\",\"url\":\"https:\/\/gezonde-darmflora.nl\/wp-content\/uploads\/2020\/06\/LEGE-CAPSULE-DF6.jpg\",\"contentUrl\":\"https:\/\/gezonde-darmflora.nl\/wp-content\/uploads\/2020\/06\/LEGE-CAPSULE-DF6.jpg\",\"width\":992,\"height\":992},{\"@type\":\"BreadcrumbList\",\"@id\":\"https:\/\/gezonde-darmflora.nl\/de\/produkt\/df6\/#breadcrumb\",\"itemListElement\":[{\"@type\":\"ListItem\",\"position\":1,\"name\":\"Home\",\"item\":\"https:\/\/gezonde-darmflora.nl\/de\/\"},{\"@type\":\"ListItem\",\"position\":2,\"name\":\"Shop\",\"item\":\"https:\/\/gezonde-darmflora.nl\/shop-2\/\"},{\"@type\":\"ListItem\",\"position\":3,\"name\":\"DF6\"}]},{\"@type\":\"WebSite\",\"@id\":\"https:\/\/gezonde-darmflora.nl\/de\/#website\",\"url\":\"https:\/\/gezonde-darmflora.nl\/de\/\",\"name\":\"Gezonde Darmflora\",\"description\":\"Een gezonde &amp; natuurlijke darmflora\",\"potentialAction\":[{\"@type\":\"SearchAction\",\"target\":{\"@type\":\"EntryPoint\",\"urlTemplate\":\"https:\/\/gezonde-darmflora.nl\/de\/?s={search_term_string}\"},\"query-input\":{\"@type\":\"PropertyValueSpecification\",\"valueRequired\":true,\"valueName\":\"search_term_string\"}}],\"inLanguage\":\"de\"}]}<\/script>\n<!-- \/ Yoast SEO plugin. -->","yoast_head_json":{"title":"DF6 &#8211; Gezonde Darmflora","robots":{"index":"index","follow":"follow","max-snippet":"max-snippet:-1","max-image-preview":"max-image-preview:large","max-video-preview":"max-video-preview:-1"},"canonical":"https:\/\/gezonde-darmflora.nl\/de\/produkt\/df6\/","og_locale":"de_DE","og_type":"article","og_title":"DF6 &#8211; Gezonde Darmflora","og_description":"In diesem Betrag sind die Kosten f\u00fcr Trockeneis, Verpackung und Versand nicht enthalten.","og_url":"https:\/\/gezonde-darmflora.nl\/de\/produkt\/df6\/","og_site_name":"Gezonde Darmflora","article_modified_time":"2026-04-07T10:19:37+00:00","og_image":[{"width":992,"height":992,"url":"https:\/\/gezonde-darmflora.nl\/wp-content\/uploads\/2020\/06\/LEGE-CAPSULE-DF6.jpg","type":"image\/jpeg"}],"twitter_card":"summary_large_image","twitter_misc":{"Gesch\u00e4tzte Lesezeit":"1\u00a0Minute"},"schema":{"@context":"https:\/\/schema.org","@graph":[{"@type":"WebPage","@id":"https:\/\/gezonde-darmflora.nl\/de\/produkt\/df6\/","url":"https:\/\/gezonde-darmflora.nl\/de\/produkt\/df6\/","name":"DF6 &#8211; Gezonde Darmflora","isPartOf":{"@id":"https:\/\/gezonde-darmflora.nl\/de\/#website"},"primaryImageOfPage":{"@id":"https:\/\/gezonde-darmflora.nl\/de\/produkt\/df6\/#primaryimage"},"image":{"@id":"https:\/\/gezonde-darmflora.nl\/de\/produkt\/df6\/#primaryimage"},"thumbnailUrl":"https:\/\/gezonde-darmflora.nl\/wp-content\/uploads\/2020\/06\/LEGE-CAPSULE-DF6.jpg","datePublished":"2024-03-08T10:11:33+00:00","dateModified":"2026-04-07T10:19:37+00:00","breadcrumb":{"@id":"https:\/\/gezonde-darmflora.nl\/de\/produkt\/df6\/#breadcrumb"},"inLanguage":"de","potentialAction":[{"@type":"ReadAction","target":["https:\/\/gezonde-darmflora.nl\/de\/produkt\/df6\/"]}]},{"@type":"ImageObject","inLanguage":"de","@id":"https:\/\/gezonde-darmflora.nl\/de\/produkt\/df6\/#primaryimage","url":"https:\/\/gezonde-darmflora.nl\/wp-content\/uploads\/2020\/06\/LEGE-CAPSULE-DF6.jpg","contentUrl":"https:\/\/gezonde-darmflora.nl\/wp-content\/uploads\/2020\/06\/LEGE-CAPSULE-DF6.jpg","width":992,"height":992},{"@type":"BreadcrumbList","@id":"https:\/\/gezonde-darmflora.nl\/de\/produkt\/df6\/#breadcrumb","itemListElement":[{"@type":"ListItem","position":1,"name":"Home","item":"https:\/\/gezonde-darmflora.nl\/de\/"},{"@type":"ListItem","position":2,"name":"Shop","item":"https:\/\/gezonde-darmflora.nl\/shop-2\/"},{"@type":"ListItem","position":3,"name":"DF6"}]},{"@type":"WebSite","@id":"https:\/\/gezonde-darmflora.nl\/de\/#website","url":"https:\/\/gezonde-darmflora.nl\/de\/","name":"Gezonde Darmflora","description":"Een gezonde &amp; natuurlijke darmflora","potentialAction":[{"@type":"SearchAction","target":{"@type":"EntryPoint","urlTemplate":"https:\/\/gezonde-darmflora.nl\/de\/?s={search_term_string}"},"query-input":{"@type":"PropertyValueSpecification","valueRequired":true,"valueName":"search_term_string"}}],"inLanguage":"de"}]}},"_links":{"self":[{"href":"https:\/\/gezonde-darmflora.nl\/de\/wp-json\/wp\/v2\/product\/14856","targetHints":{"allow":["GET"]}}],"collection":[{"href":"https:\/\/gezonde-darmflora.nl\/de\/wp-json\/wp\/v2\/product"}],"about":[{"href":"https:\/\/gezonde-darmflora.nl\/de\/wp-json\/wp\/v2\/types\/product"}],"replies":[{"embeddable":true,"href":"https:\/\/gezonde-darmflora.nl\/de\/wp-json\/wp\/v2\/comments?post=14856"}],"wp:featuredmedia":[{"embeddable":true,"href":"https:\/\/gezonde-darmflora.nl\/de\/wp-json\/wp\/v2\/media\/14858"}],"wp:attachment":[{"href":"https:\/\/gezonde-darmflora.nl\/de\/wp-json\/wp\/v2\/media?parent=14856"}],"wp:term":[{"taxonomy":"product_brand","embeddable":true,"href":"https:\/\/gezonde-darmflora.nl\/de\/wp-json\/wp\/v2\/product_brand?post=14856"},{"taxonomy":"product_cat","embeddable":true,"href":"https:\/\/gezonde-darmflora.nl\/de\/wp-json\/wp\/v2\/product_cat?post=14856"},{"taxonomy":"product_tag","embeddable":true,"href":"https:\/\/gezonde-darmflora.nl\/de\/wp-json\/wp\/v2\/product_tag?post=14856"}],"curies":[{"name":"wp","href":"https:\/\/api.w.org\/{rel}","templated":true}]}}