{"id":14842,"date":"2020-06-17T13:37:23","date_gmt":"2020-06-17T13:37:23","guid":{"rendered":"https:\/\/gezonde-darmflora.nl\/product\/df4\/"},"modified":"2026-03-30T14:35:11","modified_gmt":"2026-03-30T12:35:11","slug":"df4","status":"publish","type":"product","link":"https:\/\/gezonde-darmflora.nl\/de\/produkt\/df4\/","title":{"rendered":"DF4"},"content":{"rendered":"<p>DF4 (Niederlande) ern\u00e4hrt sich vegetarisch und ist eine professionelle Operns\u00e4ngerin. Wenn Ihre Stimme Ihr Instrument ist, k\u00fcmmern Sie sich offensichtlich gut um Ihren K\u00f6rper! Ist auf einem Bauernhof in der Wildnis aufgewachsen. Genie\u00dft es, in der Natur aktiv zu sein und arbeitet am liebsten mit Pferden. Macht Fitness, Radfahren, Wandern und f\u00e4hrt gerne Motorrad. Gegen Corona geimpft.       <a href=\"https:\/\/gezonde-darmflora.nl\/wp-content\/uploads\/2023\/07\/DF4-MPC00173-Microbioom-.pdf\"><strong>Klicken Sie hier f\u00fcr den Mikrobiom-Bericht<\/strong><\/a><\/p>\n<p>\/ <a href=\"https:\/\/gezonde-darmflora.nl\/wp-content\/uploads\/2020\/06\/DF4-OVERZICHT-scaled.jpg\"><strong>Klicken Sie hier f\u00fcr F\u00e4kalientestergebnisse<\/strong><\/a> \/ <a href=\"https:\/\/gezonde-darmflora.nl\/wp-content\/uploads\/2023\/08\/DF4-Bloed-test.pdf\"><strong>Klicken Sie hier f\u00fcr den Bluttest<\/strong><\/a><\/p>\n","protected":false},"excerpt":{"rendered":"<p>In diesem Betrag sind die Kosten f\u00fcr Trockeneis, Verpackung und Versand nicht enthalten.<\/p>\n","protected":false},"featured_media":14844,"comment_status":"closed","ping_status":"closed","template":"","meta":{"_acf_changed":false},"product_brand":[],"product_cat":[180],"product_tag":[],"class_list":{"0":"post-14842","1":"product","2":"type-product","3":"status-publish","4":"has-post-thumbnail","6":"product_cat-darmflora-de","7":"product_shipping_class-standard-de","9":"first","10":"instock","11":"taxable","12":"shipping-taxable","13":"purchasable","14":"product-type-variable"},"acf":[],"yoast_head":"<!-- This site is optimized with the Yoast SEO plugin v27.1.1 - https:\/\/yoast.com\/product\/yoast-seo-wordpress\/ -->\n<title>DF4 &#8211; Gezonde Darmflora<\/title>\n<meta name=\"robots\" content=\"index, follow, max-snippet:-1, max-image-preview:large, max-video-preview:-1\" \/>\n<link rel=\"canonical\" href=\"https:\/\/gezonde-darmflora.nl\/de\/produkt\/df4\/\" \/>\n<meta property=\"og:locale\" content=\"de_DE\" \/>\n<meta property=\"og:type\" content=\"article\" \/>\n<meta property=\"og:title\" content=\"DF4 &#8211; Gezonde Darmflora\" \/>\n<meta property=\"og:description\" content=\"In diesem Betrag sind die Kosten f\u00fcr Trockeneis, Verpackung und Versand nicht enthalten.\" \/>\n<meta property=\"og:url\" content=\"https:\/\/gezonde-darmflora.nl\/de\/produkt\/df4\/\" \/>\n<meta property=\"og:site_name\" content=\"Gezonde Darmflora\" \/>\n<meta property=\"article:modified_time\" content=\"2026-03-30T12:35:11+00:00\" \/>\n<meta property=\"og:image\" content=\"https:\/\/gezonde-darmflora.nl\/wp-content\/uploads\/2020\/06\/LEGE-CAPSULE-DF4-kopie.jpg\" \/>\n\t<meta property=\"og:image:width\" content=\"992\" \/>\n\t<meta property=\"og:image:height\" content=\"992\" \/>\n\t<meta property=\"og:image:type\" content=\"image\/jpeg\" \/>\n<meta name=\"twitter:card\" content=\"summary_large_image\" \/>\n<script type=\"application\/ld+json\" class=\"yoast-schema-graph\">{\"@context\":\"https:\/\/schema.org\",\"@graph\":[{\"@type\":\"WebPage\",\"@id\":\"https:\/\/gezonde-darmflora.nl\/de\/produkt\/df4\/\",\"url\":\"https:\/\/gezonde-darmflora.nl\/de\/produkt\/df4\/\",\"name\":\"DF4 &#8211; Gezonde Darmflora\",\"isPartOf\":{\"@id\":\"https:\/\/gezonde-darmflora.nl\/de\/#website\"},\"primaryImageOfPage\":{\"@id\":\"https:\/\/gezonde-darmflora.nl\/de\/produkt\/df4\/#primaryimage\"},\"image\":{\"@id\":\"https:\/\/gezonde-darmflora.nl\/de\/produkt\/df4\/#primaryimage\"},\"thumbnailUrl\":\"https:\/\/gezonde-darmflora.nl\/wp-content\/uploads\/2020\/06\/LEGE-CAPSULE-DF4-kopie.jpg\",\"datePublished\":\"2020-06-17T13:37:23+00:00\",\"dateModified\":\"2026-03-30T12:35:11+00:00\",\"breadcrumb\":{\"@id\":\"https:\/\/gezonde-darmflora.nl\/de\/produkt\/df4\/#breadcrumb\"},\"inLanguage\":\"de\",\"potentialAction\":[{\"@type\":\"ReadAction\",\"target\":[\"https:\/\/gezonde-darmflora.nl\/de\/produkt\/df4\/\"]}]},{\"@type\":\"ImageObject\",\"inLanguage\":\"de\",\"@id\":\"https:\/\/gezonde-darmflora.nl\/de\/produkt\/df4\/#primaryimage\",\"url\":\"https:\/\/gezonde-darmflora.nl\/wp-content\/uploads\/2020\/06\/LEGE-CAPSULE-DF4-kopie.jpg\",\"contentUrl\":\"https:\/\/gezonde-darmflora.nl\/wp-content\/uploads\/2020\/06\/LEGE-CAPSULE-DF4-kopie.jpg\",\"width\":992,\"height\":992},{\"@type\":\"BreadcrumbList\",\"@id\":\"https:\/\/gezonde-darmflora.nl\/de\/produkt\/df4\/#breadcrumb\",\"itemListElement\":[{\"@type\":\"ListItem\",\"position\":1,\"name\":\"Home\",\"item\":\"https:\/\/gezonde-darmflora.nl\/de\/\"},{\"@type\":\"ListItem\",\"position\":2,\"name\":\"Shop\",\"item\":\"https:\/\/gezonde-darmflora.nl\/shop-2\/\"},{\"@type\":\"ListItem\",\"position\":3,\"name\":\"DF4\"}]},{\"@type\":\"WebSite\",\"@id\":\"https:\/\/gezonde-darmflora.nl\/de\/#website\",\"url\":\"https:\/\/gezonde-darmflora.nl\/de\/\",\"name\":\"Gezonde Darmflora\",\"description\":\"Een gezonde &amp; natuurlijke darmflora\",\"potentialAction\":[{\"@type\":\"SearchAction\",\"target\":{\"@type\":\"EntryPoint\",\"urlTemplate\":\"https:\/\/gezonde-darmflora.nl\/de\/?s={search_term_string}\"},\"query-input\":{\"@type\":\"PropertyValueSpecification\",\"valueRequired\":true,\"valueName\":\"search_term_string\"}}],\"inLanguage\":\"de\"}]}<\/script>\n<!-- \/ Yoast SEO plugin. -->","yoast_head_json":{"title":"DF4 &#8211; Gezonde Darmflora","robots":{"index":"index","follow":"follow","max-snippet":"max-snippet:-1","max-image-preview":"max-image-preview:large","max-video-preview":"max-video-preview:-1"},"canonical":"https:\/\/gezonde-darmflora.nl\/de\/produkt\/df4\/","og_locale":"de_DE","og_type":"article","og_title":"DF4 &#8211; Gezonde Darmflora","og_description":"In diesem Betrag sind die Kosten f\u00fcr Trockeneis, Verpackung und Versand nicht enthalten.","og_url":"https:\/\/gezonde-darmflora.nl\/de\/produkt\/df4\/","og_site_name":"Gezonde Darmflora","article_modified_time":"2026-03-30T12:35:11+00:00","og_image":[{"width":992,"height":992,"url":"https:\/\/gezonde-darmflora.nl\/wp-content\/uploads\/2020\/06\/LEGE-CAPSULE-DF4-kopie.jpg","type":"image\/jpeg"}],"twitter_card":"summary_large_image","schema":{"@context":"https:\/\/schema.org","@graph":[{"@type":"WebPage","@id":"https:\/\/gezonde-darmflora.nl\/de\/produkt\/df4\/","url":"https:\/\/gezonde-darmflora.nl\/de\/produkt\/df4\/","name":"DF4 &#8211; Gezonde Darmflora","isPartOf":{"@id":"https:\/\/gezonde-darmflora.nl\/de\/#website"},"primaryImageOfPage":{"@id":"https:\/\/gezonde-darmflora.nl\/de\/produkt\/df4\/#primaryimage"},"image":{"@id":"https:\/\/gezonde-darmflora.nl\/de\/produkt\/df4\/#primaryimage"},"thumbnailUrl":"https:\/\/gezonde-darmflora.nl\/wp-content\/uploads\/2020\/06\/LEGE-CAPSULE-DF4-kopie.jpg","datePublished":"2020-06-17T13:37:23+00:00","dateModified":"2026-03-30T12:35:11+00:00","breadcrumb":{"@id":"https:\/\/gezonde-darmflora.nl\/de\/produkt\/df4\/#breadcrumb"},"inLanguage":"de","potentialAction":[{"@type":"ReadAction","target":["https:\/\/gezonde-darmflora.nl\/de\/produkt\/df4\/"]}]},{"@type":"ImageObject","inLanguage":"de","@id":"https:\/\/gezonde-darmflora.nl\/de\/produkt\/df4\/#primaryimage","url":"https:\/\/gezonde-darmflora.nl\/wp-content\/uploads\/2020\/06\/LEGE-CAPSULE-DF4-kopie.jpg","contentUrl":"https:\/\/gezonde-darmflora.nl\/wp-content\/uploads\/2020\/06\/LEGE-CAPSULE-DF4-kopie.jpg","width":992,"height":992},{"@type":"BreadcrumbList","@id":"https:\/\/gezonde-darmflora.nl\/de\/produkt\/df4\/#breadcrumb","itemListElement":[{"@type":"ListItem","position":1,"name":"Home","item":"https:\/\/gezonde-darmflora.nl\/de\/"},{"@type":"ListItem","position":2,"name":"Shop","item":"https:\/\/gezonde-darmflora.nl\/shop-2\/"},{"@type":"ListItem","position":3,"name":"DF4"}]},{"@type":"WebSite","@id":"https:\/\/gezonde-darmflora.nl\/de\/#website","url":"https:\/\/gezonde-darmflora.nl\/de\/","name":"Gezonde Darmflora","description":"Een gezonde &amp; natuurlijke darmflora","potentialAction":[{"@type":"SearchAction","target":{"@type":"EntryPoint","urlTemplate":"https:\/\/gezonde-darmflora.nl\/de\/?s={search_term_string}"},"query-input":{"@type":"PropertyValueSpecification","valueRequired":true,"valueName":"search_term_string"}}],"inLanguage":"de"}]}},"_links":{"self":[{"href":"https:\/\/gezonde-darmflora.nl\/de\/wp-json\/wp\/v2\/product\/14842","targetHints":{"allow":["GET"]}}],"collection":[{"href":"https:\/\/gezonde-darmflora.nl\/de\/wp-json\/wp\/v2\/product"}],"about":[{"href":"https:\/\/gezonde-darmflora.nl\/de\/wp-json\/wp\/v2\/types\/product"}],"replies":[{"embeddable":true,"href":"https:\/\/gezonde-darmflora.nl\/de\/wp-json\/wp\/v2\/comments?post=14842"}],"wp:featuredmedia":[{"embeddable":true,"href":"https:\/\/gezonde-darmflora.nl\/de\/wp-json\/wp\/v2\/media\/14844"}],"wp:attachment":[{"href":"https:\/\/gezonde-darmflora.nl\/de\/wp-json\/wp\/v2\/media?parent=14842"}],"wp:term":[{"taxonomy":"product_brand","embeddable":true,"href":"https:\/\/gezonde-darmflora.nl\/de\/wp-json\/wp\/v2\/product_brand?post=14842"},{"taxonomy":"product_cat","embeddable":true,"href":"https:\/\/gezonde-darmflora.nl\/de\/wp-json\/wp\/v2\/product_cat?post=14842"},{"taxonomy":"product_tag","embeddable":true,"href":"https:\/\/gezonde-darmflora.nl\/de\/wp-json\/wp\/v2\/product_tag?post=14842"}],"curies":[{"name":"wp","href":"https:\/\/api.w.org\/{rel}","templated":true}]}}