{"id":14804,"date":"2020-07-17T09:23:32","date_gmt":"2020-07-17T07:23:32","guid":{"rendered":"https:\/\/gezonde-darmflora.nl\/darmprobleme\/blaehungen-2\/"},"modified":"2025-01-27T10:26:08","modified_gmt":"2025-01-27T09:26:08","slug":"blaehungen-2","status":"publish","type":"page","link":"https:\/\/gezonde-darmflora.nl\/de\/darmprobleme\/blaehungen-2\/","title":{"rendered":"Bl\u00e4hungen"},"content":{"rendered":"<div class=\"wpb-content-wrapper\"><p>[vc_row full_width=&#8220;stretch_row_content_no_spaces&#8220;][vc_column]\r\n    <div class=\"page-title\">\r\n        <div class=\"container\">\r\n            <div class=\"row\">\r\n                <div class=\"col\">\r\n                    <h1>Leidet unter (extremen) Bl\u00e4hungen<\/h1>\r\n                <\/div>\r\n            <\/div>\r\n        <\/div>\r\n    <\/div>\r\n\r\n    [\/vc_column][\/vc_row][vc_row][vc_column offset=&#8220;vc_col-md-8&#8243;][vc_column_text]Furzen kann eine nette Erleichterung sein, wenn Sie es rauslassen k\u00f6nnen. Aber was ist, wenn Sie \u00fcberdurchschnittlich oft furzen m\u00fcssen und in Gesellschaft einfach &#8222;gasartig&#8220; sind &#8230; Jeder Mensch furzt ein paar Mal am Tag, aber wenn st\u00e4ndig Luft entweicht, Sie M\u00fche haben, sie zur\u00fcckzuhalten oder Sie keine Kontrolle dar\u00fcber haben, deutet das oft auf ein Problem mit der Darmflora hin. Ergebnisse nach einer Pupstransplantation wie kein Furzen mehr und ein flacherer Bauch sind h\u00e4ufig genannte Verbesserungen. Oft schon nach einem Tag. Wenn Sie stark furzen und wenig riechen, ist das oft ein Zeichen daf\u00fcr, dass etwas mit Ihrer Kohlenhydratverdauung nicht stimmt. Es fehlen Bakterienarten. Weiche F\u00fcrze, die Sie nicht h\u00f6ren, die aber stark riechen, k\u00f6nnen auf ein Problem bei Ihrer Eiwei\u00dfverdauung hinweisen. Furzen Sie viel und haben Sie oft einen aufgebl\u00e4hten Bauch? Dann h\u00f6ren Sie auf, raffinierten Zucker zu essen, um Ihrer <a href=\"https:\/\/gezonde-darmflora.nl\/de\/darmflora\/\">Darmflora<\/a> eine Chance zu geben, sich zu erholen. Indem Sie mit Lebensmitteln experimentieren und raffinierten Zucker, Milchprodukte und Getreide (Gluten) weglassen, k\u00f6nnen Sie selbst eine langfristige L\u00f6sung finden. Finden Sie heraus, was Ihr K\u00f6rper in Bezug auf Lebensmittel anzieht und was nicht.[\/vc_column_text]<div class=\"eye_empty_space pt-md-5 pb-md-5   pt-4 pb-4\"><\/div>[\/vc_column][vc_column offset=&#8220;vc_col-md-4&#8243; el_class=&#8220;mb-5 mb-lg-0&#8243;]\r\n    <div class=\"blob-image-wrap\">\r\n        <img decoding=\"async\" src=\"https:\/\/gezonde-darmflora.nl\/wp-content\/uploads\/2020\/08\/extreem-winderig.jpg\">\r\n    <\/div>\r\n    <p class=\"blob-image__caption\"><\/p>\r\n\r\n    [\/vc_column][\/vc_row][vc_section full_width=&#8220;stretch_row&#8220; el_class=&#8220;bg-green&#8220;][vc_row][vc_column offset=&#8220;vc_col-lg-offset-2 vc_col-lg-8&#8243;][vc_column_text]<\/p>\n<h2>Ursachen f\u00fcr Bl\u00e4hungen<\/h2>\n<p>  Bl\u00e4hungen gehen oft mit einem aufgebl\u00e4hten Bauch einher. Die Ursache ist schwer zu bestimmen, da sie Dutzende von Ursachen haben kann. Zum Beispiel ein Mangel an Magens\u00e4ure, eine Candidagisten-\u00dcberwucherung, die Einnahme bestimmter Medikamente, eine Nahrungsmittel\u00fcberempfindlichkeit oder das Fehlen bestimmter Bakterienarten. Bei jedem Menschen befindet sich immer eine gewisse Menge an Gas im Magen-Darm-Trakt. Dieses Gas gelangt durch das Schlucken von Luft beim Essen dorthin. Auch bei der Verarbeitung unverdauter Nahrungspartikel, die im Dickdarm landen, wird eine Menge Gas freigesetzt. Ein kleiner Teil des Gases stammt aus dem Blutkreislauf. Gas wird aus dem Blut in den Darm abgegeben und vom Darm auch wieder in das Blut abgegeben.[\/vc_column_text][\/vc_column][\/vc_row][\/vc_section][vc_row][vc_column]<div class=\"eye_empty_space pt-md-5 pb-md-5   pt-4 pb-4\"><\/div>[\/vc_column][\/vc_row][vc_row equal_height=&#8220;yes&#8220;][vc_column offset=&#8220;vc_col-md-8&#8243;][vc_column_text]<\/p>\n<h2>Wann haben Sie extreme Bl\u00e4hungen?<\/h2>\n<p>  Das Gas in Ihren D\u00e4rmen besteht aus den geruchlosen Gasen Sauerstoff, Stickstoff, Kohlendioxid, Wasserstoff und Methan. Der unangenehme Geruch von F\u00fcrzen hat mit einer kleinen Menge von stinkenden Gasen zu tun. Dazu geh\u00f6ren Schwefelverbindungen, die beim Abbau bestimmter Proteine freigesetzt werden, von denen Sie vielleicht zu viel essen. Ein eher saurer Geruch ist das Ergebnis der G\u00e4rung in Ihrem Darm. Dieser saure Geruch tritt vor allem dann auf, wenn Sie zu viel <a href=\"https:\/\/drogespieren.nl\/afvallen\/is-suiker-een-dikmaker\" target=\"_blank\" rel=\"noopener noreferrer\">Zucker<\/a> und St\u00e4rke gegessen haben. Die Zusammensetzung und der Geruch von Darmgasen haben mit der Ern\u00e4hrung und Ihrer Darmflora zu tun. Um die Darmgase loszuwerden, furzen Sie durchschnittlich 15 Mal am Tag. Wenn Sie weit dar\u00fcber hinausgehen, wird es zu einem unangenehmen Problem. Sie sind extrem aufgedunsen und die Menschen sch\u00e4men sich oft daf\u00fcr. Sie fangen an, Kontakte zu meiden und trauen sich nicht, dieses Problem mit dem Hausarzt zu besprechen.[\/vc_column_text]<div class=\"eye_empty_space pt-md-5 pb-md-5   pt-4 pb-4\"><\/div>[\/vc_column][vc_column offset=&#8220;vc_col-md-4&#8243; el_class=&#8220;d-flex align-items-center mb-5 mb-lg-0&#8243;]\r\n    <div class=\"blob-image-wrap\">\r\n        <img decoding=\"async\" src=\"https:\/\/gezonde-darmflora.nl\/wp-content\/uploads\/2020\/08\/extreem-winderig-scheten-laten.jpg\">\r\n    <\/div>\r\n    <p class=\"blob-image__caption\"><\/p>\r\n\r\n    [\/vc_column][\/vc_row][vc_row equal_height=&#8220;yes&#8220;][vc_column offset=&#8220;vc_col-md-4&#8243; el_class=&#8220;d-flex align-items-center mb-5 mb-lg-0&#8243;]\r\n    <div class=\"blob-image-wrap\">\r\n        <img decoding=\"async\" src=\"https:\/\/gezonde-darmflora.nl\/wp-content\/uploads\/2020\/08\/opgeblazen-buik-gevoel-wat-doen.jpg\">\r\n    <\/div>\r\n    <p class=\"blob-image__caption\"><\/p>\r\n\r\n    [\/vc_column][vc_column offset=&#8220;vc_col-md-8&#8243;][vc_column_text]<\/p>\n<h2>Beschwerden, die Sie m\u00f6glicherweise haben<\/h2>\n<p>  Ein Furz ist also eigentlich Gas und wenn sich dieses Gas ansammelt, treten Symptome wie Bauchschmerzen und\/oder ein aufgebl\u00e4hter Bauch auf. Wenn Sie unter Bl\u00e4hungen leiden, kann dies u.a. auf Verstopfung oder das Reizdarmsyndrom (PDS), Darmerkrankungen wie Glutenunvertr\u00e4glichkeit (Z\u00f6liakie), Morbus Crohn und Colitis ulcerosa zur\u00fcckzuf\u00fchren sein. Die Autoimmunerkrankungen Morbus Crohn und Colitis gehen in der Regel mit zus\u00e4tzlichen Bl\u00e4hungen einher. Ein letzter Faktor, den Sie bei Bl\u00e4hungen in Betracht ziehen sollten, ist, dass Sie m\u00f6glicherweise eine spezifische Unvertr\u00e4glichkeit oder Allergie haben. Wenn Sie wirklich zu sehr unter Ihren Bl\u00e4hungen leiden, die als Flatulenz bezeichnet werden, dann lohnt es sich, dem auf den Grund zu gehen und Nachforschungen anzustellen. Was essen Sie alles und was trinken Sie. Was passiert mit meinem K\u00f6rper, wenn ich dieses Produkt aus meiner Ern\u00e4hrung streiche oder jenes Produkt hinzuf\u00fcge. Was verr\u00e4t mir der Geruch meines Furzes oder meines Stuhls?         <\/p>\n<blockquote><p>Tipp: F\u00fchren Sie ein Ern\u00e4hrungstagebuch!<\/p><\/blockquote>\n<p>  Wenn extreme Bl\u00e4hungen gro\u00dfe Probleme verursachen oder von anderen Symptomen begleitet werden, sollten Sie mit Ihrem Hausarzt dar\u00fcber sprechen. Wenn bestimmte Lebensmittel die Ursache f\u00fcr Bl\u00e4hungen sind, kann ein Ern\u00e4hrungsberater Ihnen helfen, die Ursache zu ermitteln und sich weiterhin gesund zu ern\u00e4hren.[\/vc_column_text]<div class=\"eye_empty_space pt-md-5 pb-md-5   pt-4 pb-4\"><\/div>[\/vc_column][\/vc_row][vc_row][vc_column]<div class=\"eye_empty_space pt-md-5 pb-md-5   pt-4 pb-4\"><\/div>[\/vc_column][\/vc_row][vc_row equal_height=&#8220;yes&#8220;][vc_column offset=&#8220;vc_col-md-8&#8243;][vc_column_text]<\/p>\n<h2>Was k\u00f6nnen Sie selbst gegen Bl\u00e4hungen tun?<\/h2>\n<p>  Beginnen Sie mit der Nahrung, die Sie zu sich nehmen, und damit, was und wie viel Sie trinken. Schlie\u00dflich beginnt die Vorbeugung von Furzkrankheiten auf Ihrem Teller. Finden Sie heraus, was Ihr K\u00f6rper sch\u00e4tzt und was nicht, essen Sie langsam, nehmen Sie sich Zeit und kauen Sie gut. Neben Zwiebeln und Bohnen sind auch Erbsen, Lauch, Kohlsorten wie Rosenkohl, Knoblauch und Pilze als Gasbildner bekannt. Kohlens\u00e4urehaltige Getr\u00e4nke enthalten viele gel\u00f6ste Gase, die den K\u00f6rper ebenfalls wieder verlassen m\u00fcssen. Das Schlucken von Luft, zum Beispiel durch gleichzeitiges Essen und Sprechen, tr\u00e4gt ebenfalls zur Luftmenge im Magen bei.[\/vc_column_text]<div class=\"eye_empty_space pt-md-5 pb-md-5   pt-4 pb-4\"><\/div>[\/vc_column][vc_column offset=&#8220;vc_col-md-4&#8243; el_class=&#8220;d-flex align-items-center mb-5 mb-lg-0&#8243;]\r\n    <div class=\"blob-image-wrap\">\r\n        <img decoding=\"async\" src=\"https:\/\/gezonde-darmflora.nl\/wp-content\/uploads\/2020\/08\/veel-scheten-laten.jpg\">\r\n    <\/div>\r\n    <p class=\"blob-image__caption\"><\/p>\r\n\r\n    [\/vc_column][\/vc_row][vc_row equal_height=&#8220;yes&#8220;][vc_column offset=&#8220;vc_col-md-4&#8243; el_class=&#8220;d-flex align-items-center mb-5 mb-lg-0&#8243;]\r\n    <div class=\"blob-image-wrap\">\r\n        <img decoding=\"async\" src=\"https:\/\/gezonde-darmflora.nl\/wp-content\/uploads\/2020\/06\/IMG_5065-kopie-871x1024.jpg\">\r\n    <\/div>\r\n    <p class=\"blob-image__caption\"><\/p>\r\n\r\n    [\/vc_column][vc_column offset=&#8220;vc_col-md-8&#8243;][vc_column_text]<\/p>\n<h2>Ist Furzen also schlecht f\u00fcr Sie?<\/h2>\n<p>  Nein, es ist sogar gut! Essen Sie also diese gesunden Zwiebeln und Bohnen, denn die beim Furzen freigesetzten Gase k\u00f6nnen Krankheiten bek\u00e4mpfen. Die geringe Menge, die in einer Brise enthalten ist, kann Gesundheitssch\u00e4den vorbeugen. Nicht nur das Risiko von Krebs, Schlaganf\u00e4llen und Herzinfarkten, sondern auch Arthritis und Demenz im sp\u00e4teren Leben kann durch freies Furzen verhindert werden. Au\u00dferdem ist das Zur\u00fcckhalten eines Furzes \u00fcberhaupt nicht gut f\u00fcr die D\u00e4rme. Und wenn Sie nie furzen, hat Ihr K\u00f6rper wiederum einen N\u00e4hrstoffmangel! Die f\u00fcnfzehn F\u00fcrze am Tag sind ein Zeichen f\u00fcr gesunde Darmbakterien. Diejenigen, die gesund leben, lassen einfach Furze los. Schlie\u00dflich bedeutet das, dass das Verdauungssystem richtig funktioniert. Wenn Sie viel mehr als der Durchschnitt furzen, stimmt etwas mit Ihrer Darmflora nicht.[\/vc_column_text]<div class=\"eye_empty_space pt-md-5 pb-md-5   pt-4 pb-4\"><\/div>[\/vc_column][\/vc_row][vc_section full_width=&#8220;stretch_row&#8220; el_class=&#8220;bg-green&#8220;][vc_row][vc_column offset=&#8220;vc_col-lg-offset-2 vc_col-lg-8&#8243;][vc_column_text]<\/p>\n<h2>M\u00f6gliche Behandlungen<\/h2>\n<p>  Es gibt keine Heilung f\u00fcr Bl\u00e4hungen. Aber nach einer <a href=\"https:\/\/gezonde-darmflora.nl\/de\/die-fmt-theorie\/\">Pupstransplantation<\/a> kann auch dieses Problem verschwinden wie Schnee in der Sonne. Selbst der Geruch der wenigen F\u00fcrze, die Sie am Tag noch furzen, ver\u00e4ndert sich dann.<\/p>\n<p>[\/vc_column_text][\/vc_column][\/vc_row][\/vc_section][vc_row full_width=&#8220;stretch_row_content_no_spaces&#8220; css=&#8220;.vc_custom_1593680854494{margin-bottom: -10rem !important;}&#8220;][vc_column]\r\n    <a href=\"https:\/\/gezonde-darmflora.nl\/poeppillen-bestellen\/\" target=\"\" class=\"no-underline\">\r\n\r\n        <div class=\"cta\" style=\"background-image: url('https:\/\/gezonde-darmflora.nl\/wp-content\/uploads\/2020\/08\/darmflora-gezondheid.jpg')\">\r\n            <div class=\"container\">\r\n                <div class=\"row\">\r\n                    <div class=\"col-12\">\r\n                        <p>\r\n                            <\/p>\n<h3>Helfen Sie auch Ihrer Darmflora, gesund zu bleiben?<\/h3>\n<h4>In unserem Shop finden Sie alles, was Sie brauchen.<\/h4>\n<p>                        <\/p>\r\n                        <div class=\"cta__button svg-btn svg-btn-darkgreen\">\r\n                            <svg xmlns=\"http:\/\/www.w3.org\/2000\/svg\" width=\"50\" height=\"50\" viewBox=\"0 0 55 50\"><defs><\/defs><g id=\"Layer_2\" data-name=\"Layer 2\"><g id=\"Layer_1-2\" data-name=\"Layer 1\"><path width=\"100%\" height=\"100%\" class=\"anime\" d=\"M1.16,31.86C5.61,44.26,19.3,52,32.23,49.6C40.23,48.11,48.89,42.33,51.61,34.400000000000006C53.61,28.510000000000005,51.839999999999996,22.550000000000004,49.23,17.210000000000004C46.23,10.990000000000006,43.06999999999999,4.210000000000004,36.29,1.270000000000005C31,-1,24.8,0,19.64,2.49A45,45,0,0,0,10.57,8.66C8.39,10.5,5.430000000000001,12.280000000000001,3.6400000000000006,14.46C-0.3,19.28,-0.9,26.13,1.16,31.86Z\"\/><\/g><\/g><\/svg>\r\n                            <i class=\"far fa-long-arrow-alt-right\"><\/i>\r\n                        <\/div>\r\n                    <\/div>\r\n                <\/div>\r\n            <\/div>\r\n        <\/div>\r\n\r\n    <\/a>\r\n\r\n    [\/vc_column][\/vc_row]<\/p>\n<\/div>","protected":false},"excerpt":{"rendered":"<p>[vc_row full_width=&#8220;stretch_row_content_no_spaces&#8220;][vc_column][\/vc_column][\/vc_row][vc_row][vc_column offset=&#8220;vc_col-md-8&#8243;][vc_column_text]Furzen kann eine nette Erleichterung sein, wenn Sie es rauslassen k\u00f6nnen. Aber was ist, wenn Sie \u00fcberdurchschnittlich oft furzen m\u00fcssen und in Gesellschaft einfach &#8222;gasartig&#8220; sind &#8230; Jeder Mensch furzt ein paar Mal am Tag, aber wenn st\u00e4ndig Luft entweicht, Sie M\u00fche haben, sie zur\u00fcckzuhalten oder Sie keine Kontrolle dar\u00fcber haben, deutet das\u2026 <a href=\"https:\/\/gezonde-darmflora.nl\/de\/darmprobleme\/blaehungen-2\/\">Mehr lesen &raquo;<\/a><\/p>\n","protected":false},"author":4,"featured_media":0,"parent":14800,"menu_order":0,"comment_status":"closed","ping_status":"closed","template":"","meta":{"_acf_changed":false,"footnotes":""},"class_list":["post-14804","page","type-page","status-publish","hentry"],"acf":[],"yoast_head":"<!-- This site is optimized with the Yoast SEO plugin v27.1.1 - https:\/\/yoast.com\/product\/yoast-seo-wordpress\/ -->\n<title>Extrem windig? Was Sie tun k\u00f6nnen, wenn Sie viel furzen - Ursachen und Tipps<\/title>\n<meta name=\"description\" content=\"Bl\u00e4hungen gehen oft mit einem aufgebl\u00e4hten Bauch einher und die Ursache ist schwer zu bestimmen, da sie Dutzende von Ursachen haben kann.\" \/>\n<meta name=\"robots\" content=\"index, follow, max-snippet:-1, max-image-preview:large, max-video-preview:-1\" \/>\n<link rel=\"canonical\" href=\"https:\/\/gezonde-darmflora.nl\/de\/darmprobleme\/blaehungen-2\/\" \/>\n<meta property=\"og:locale\" content=\"de_DE\" \/>\n<meta property=\"og:type\" content=\"article\" \/>\n<meta property=\"og:title\" content=\"Extrem windig? Was Sie tun k\u00f6nnen, wenn Sie viel furzen - Ursachen und Tipps\" \/>\n<meta property=\"og:description\" content=\"Bl\u00e4hungen gehen oft mit einem aufgebl\u00e4hten Bauch einher und die Ursache ist schwer zu bestimmen, da sie Dutzende von Ursachen haben kann.\" \/>\n<meta property=\"og:url\" content=\"https:\/\/gezonde-darmflora.nl\/de\/darmprobleme\/blaehungen-2\/\" \/>\n<meta property=\"og:site_name\" content=\"Gezonde Darmflora\" \/>\n<meta property=\"article:modified_time\" content=\"2025-01-27T09:26:08+00:00\" \/>\n<meta name=\"twitter:card\" content=\"summary_large_image\" \/>\n<meta name=\"twitter:label1\" content=\"Gesch\u00e4tzte Lesezeit\" \/>\n\t<meta name=\"twitter:data1\" content=\"7\u00a0Minuten\" \/>\n<script type=\"application\/ld+json\" class=\"yoast-schema-graph\">{\"@context\":\"https:\/\/schema.org\",\"@graph\":[{\"@type\":\"WebPage\",\"@id\":\"https:\/\/gezonde-darmflora.nl\/de\/darmprobleme\/blaehungen-2\/\",\"url\":\"https:\/\/gezonde-darmflora.nl\/de\/darmprobleme\/blaehungen-2\/\",\"name\":\"Extrem windig? Was Sie tun k\u00f6nnen, wenn Sie viel furzen - Ursachen und Tipps\",\"isPartOf\":{\"@id\":\"https:\/\/gezonde-darmflora.nl\/de\/#website\"},\"datePublished\":\"2020-07-17T07:23:32+00:00\",\"dateModified\":\"2025-01-27T09:26:08+00:00\",\"description\":\"Bl\u00e4hungen gehen oft mit einem aufgebl\u00e4hten Bauch einher und die Ursache ist schwer zu bestimmen, da sie Dutzende von Ursachen haben kann.\",\"breadcrumb\":{\"@id\":\"https:\/\/gezonde-darmflora.nl\/de\/darmprobleme\/blaehungen-2\/#breadcrumb\"},\"inLanguage\":\"de\",\"potentialAction\":[{\"@type\":\"ReadAction\",\"target\":[\"https:\/\/gezonde-darmflora.nl\/de\/darmprobleme\/blaehungen-2\/\"]}]},{\"@type\":\"BreadcrumbList\",\"@id\":\"https:\/\/gezonde-darmflora.nl\/de\/darmprobleme\/blaehungen-2\/#breadcrumb\",\"itemListElement\":[{\"@type\":\"ListItem\",\"position\":1,\"name\":\"Home\",\"item\":\"https:\/\/gezonde-darmflora.nl\/de\/\"},{\"@type\":\"ListItem\",\"position\":2,\"name\":\"Darmprobleme\",\"item\":\"https:\/\/gezonde-darmflora.nl\/de\/darmprobleme\/\"},{\"@type\":\"ListItem\",\"position\":3,\"name\":\"Bl\u00e4hungen\"}]},{\"@type\":\"WebSite\",\"@id\":\"https:\/\/gezonde-darmflora.nl\/de\/#website\",\"url\":\"https:\/\/gezonde-darmflora.nl\/de\/\",\"name\":\"Gezonde Darmflora\",\"description\":\"Een gezonde &amp; natuurlijke darmflora\",\"potentialAction\":[{\"@type\":\"SearchAction\",\"target\":{\"@type\":\"EntryPoint\",\"urlTemplate\":\"https:\/\/gezonde-darmflora.nl\/de\/?s={search_term_string}\"},\"query-input\":{\"@type\":\"PropertyValueSpecification\",\"valueRequired\":true,\"valueName\":\"search_term_string\"}}],\"inLanguage\":\"de\"}]}<\/script>\n<!-- \/ Yoast SEO plugin. -->","yoast_head_json":{"title":"Extrem windig? Was Sie tun k\u00f6nnen, wenn Sie viel furzen - Ursachen und Tipps","description":"Bl\u00e4hungen gehen oft mit einem aufgebl\u00e4hten Bauch einher und die Ursache ist schwer zu bestimmen, da sie Dutzende von Ursachen haben kann.","robots":{"index":"index","follow":"follow","max-snippet":"max-snippet:-1","max-image-preview":"max-image-preview:large","max-video-preview":"max-video-preview:-1"},"canonical":"https:\/\/gezonde-darmflora.nl\/de\/darmprobleme\/blaehungen-2\/","og_locale":"de_DE","og_type":"article","og_title":"Extrem windig? Was Sie tun k\u00f6nnen, wenn Sie viel furzen - Ursachen und Tipps","og_description":"Bl\u00e4hungen gehen oft mit einem aufgebl\u00e4hten Bauch einher und die Ursache ist schwer zu bestimmen, da sie Dutzende von Ursachen haben kann.","og_url":"https:\/\/gezonde-darmflora.nl\/de\/darmprobleme\/blaehungen-2\/","og_site_name":"Gezonde Darmflora","article_modified_time":"2025-01-27T09:26:08+00:00","twitter_card":"summary_large_image","twitter_misc":{"Gesch\u00e4tzte Lesezeit":"7\u00a0Minuten"},"schema":{"@context":"https:\/\/schema.org","@graph":[{"@type":"WebPage","@id":"https:\/\/gezonde-darmflora.nl\/de\/darmprobleme\/blaehungen-2\/","url":"https:\/\/gezonde-darmflora.nl\/de\/darmprobleme\/blaehungen-2\/","name":"Extrem windig? Was Sie tun k\u00f6nnen, wenn Sie viel furzen - Ursachen und Tipps","isPartOf":{"@id":"https:\/\/gezonde-darmflora.nl\/de\/#website"},"datePublished":"2020-07-17T07:23:32+00:00","dateModified":"2025-01-27T09:26:08+00:00","description":"Bl\u00e4hungen gehen oft mit einem aufgebl\u00e4hten Bauch einher und die Ursache ist schwer zu bestimmen, da sie Dutzende von Ursachen haben kann.","breadcrumb":{"@id":"https:\/\/gezonde-darmflora.nl\/de\/darmprobleme\/blaehungen-2\/#breadcrumb"},"inLanguage":"de","potentialAction":[{"@type":"ReadAction","target":["https:\/\/gezonde-darmflora.nl\/de\/darmprobleme\/blaehungen-2\/"]}]},{"@type":"BreadcrumbList","@id":"https:\/\/gezonde-darmflora.nl\/de\/darmprobleme\/blaehungen-2\/#breadcrumb","itemListElement":[{"@type":"ListItem","position":1,"name":"Home","item":"https:\/\/gezonde-darmflora.nl\/de\/"},{"@type":"ListItem","position":2,"name":"Darmprobleme","item":"https:\/\/gezonde-darmflora.nl\/de\/darmprobleme\/"},{"@type":"ListItem","position":3,"name":"Bl\u00e4hungen"}]},{"@type":"WebSite","@id":"https:\/\/gezonde-darmflora.nl\/de\/#website","url":"https:\/\/gezonde-darmflora.nl\/de\/","name":"Gezonde Darmflora","description":"Een gezonde &amp; natuurlijke darmflora","potentialAction":[{"@type":"SearchAction","target":{"@type":"EntryPoint","urlTemplate":"https:\/\/gezonde-darmflora.nl\/de\/?s={search_term_string}"},"query-input":{"@type":"PropertyValueSpecification","valueRequired":true,"valueName":"search_term_string"}}],"inLanguage":"de"}]}},"_links":{"self":[{"href":"https:\/\/gezonde-darmflora.nl\/de\/wp-json\/wp\/v2\/pages\/14804","targetHints":{"allow":["GET"]}}],"collection":[{"href":"https:\/\/gezonde-darmflora.nl\/de\/wp-json\/wp\/v2\/pages"}],"about":[{"href":"https:\/\/gezonde-darmflora.nl\/de\/wp-json\/wp\/v2\/types\/page"}],"author":[{"embeddable":true,"href":"https:\/\/gezonde-darmflora.nl\/de\/wp-json\/wp\/v2\/users\/4"}],"replies":[{"embeddable":true,"href":"https:\/\/gezonde-darmflora.nl\/de\/wp-json\/wp\/v2\/comments?post=14804"}],"version-history":[{"count":1,"href":"https:\/\/gezonde-darmflora.nl\/de\/wp-json\/wp\/v2\/pages\/14804\/revisions"}],"predecessor-version":[{"id":14807,"href":"https:\/\/gezonde-darmflora.nl\/de\/wp-json\/wp\/v2\/pages\/14804\/revisions\/14807"}],"up":[{"embeddable":true,"href":"https:\/\/gezonde-darmflora.nl\/de\/wp-json\/wp\/v2\/pages\/14800"}],"wp:attachment":[{"href":"https:\/\/gezonde-darmflora.nl\/de\/wp-json\/wp\/v2\/media?parent=14804"}],"curies":[{"name":"wp","href":"https:\/\/api.w.org\/{rel}","templated":true}]}}