{"id":14800,"date":"2020-07-17T09:16:46","date_gmt":"2020-07-17T07:16:46","guid":{"rendered":"https:\/\/gezonde-darmflora.nl\/darmprobleme\/"},"modified":"2025-01-27T10:26:08","modified_gmt":"2025-01-27T09:26:08","slug":"darmprobleme","status":"publish","type":"page","link":"https:\/\/gezonde-darmflora.nl\/de\/darmprobleme\/","title":{"rendered":"Darmprobleme"},"content":{"rendered":"<div class=\"wpb-content-wrapper\"><p>[vc_row full_width=&#8220;stretch_row_content_no_spaces&#8220;][vc_column]\r\n    <div class=\"page-title\">\r\n        <div class=\"container\">\r\n            <div class=\"row\">\r\n                <div class=\"col\">\r\n                    <h1>Darmprobleme: Von leichten Symptomen bis zu Darmerkrankungen<\/h1>\r\n                <\/div>\r\n            <\/div>\r\n        <\/div>\r\n    <\/div>\r\n\r\n    [\/vc_column][\/vc_row][vc_row][vc_column offset=&#8220;vc_col-md-8&#8243;][vc_column_text]Darmprobleme, ein h\u00e4ufiges, aber wenig diskutiertes Problem. Und wer, und zu welcher Zeit, wird ein nettes Gespr\u00e4ch dar\u00fcber f\u00fchren? Es ist auch nicht schlimm, wenn Sie ab und zu nach einem schlechten Essen, w\u00e4hrend einer Grippe oder auf einer abenteuerlichen Reise in ein fernes Land Bauchschmerzen haben. Ihr K\u00f6rper wird das schon in den Griff bekommen. Aber wenn die Schmerzen lange andauern, h\u00e4ufig auftreten, Ihr Leben beeintr\u00e4chtigen, dominieren &#8230; Dann sollte die Suche nach einer L\u00f6sung besser kurz ausfallen.[\/vc_column_text]<div class=\"eye_empty_space pt-md-5 pb-md-5   pt-4 pb-4\"><\/div>[\/vc_column][vc_column offset=&#8220;vc_col-md-4&#8243; el_class=&#8220;mb-5 mb-lg-0&#8243;]\r\n    <div class=\"blob-image-wrap\">\r\n        <img decoding=\"async\" src=\"https:\/\/gezonde-darmflora.nl\/wp-content\/uploads\/2020\/08\/darmproblemen-buikpijn.jpg\">\r\n    <\/div>\r\n    <p class=\"blob-image__caption\"><\/p>\r\n\r\n    [\/vc_column][\/vc_row][vc_section full_width=&#8220;stretch_row&#8220; el_class=&#8220;bg-green&#8220;][vc_row][vc_column offset=&#8220;vc_col-lg-offset-2 vc_col-lg-8&#8243;][vc_column_text]<\/p>\n<h2>\u00dcber die D\u00e4rme<\/h2>\n<p>  Der durchschnittliche D\u00fcnndarm ist sechs Meter lang und besteht aus dem Zw\u00f6lffingerdarm, dem N\u00fcchterndarm und dem Ileum. Die Aufgabe des D\u00fcnndarms ist es, die Nahrung zu verdauen und N\u00e4hrstoffe aus der Nahrung aufzunehmen. Dies geschieht, indem er der Nahrung Verdauungss\u00e4fte zuf\u00fchrt. Mit einer doppelten Muskelschicht knetet der D\u00fcnndarm die Nahrung, damit sie sich gut mit den Verdauungss\u00e4ften vermischt. Der D\u00fcnndarm leitet den Nahrungsbrei an den Dickdarm weiter. Die gro\u00dfe Oberfl\u00e4che des D\u00fcnndarms erm\u00f6glicht eine gro\u00dfe Aufnahmekapazit\u00e4t f\u00fcr N\u00e4hrstoffe. Die Nahrung bleibt bis zu vier bis acht Stunden im D\u00fcnndarm. Die unverdauliche Nahrung, die \u00fcbrig bleibt, gelangt in den Dickdarm. Auf den D\u00fcnndarm folgt der Dickdarm mit einer L\u00e4nge von etwa zwei Metern. Mit einem Anh\u00e4ngsel, das Blinddarm genannt wird, endet der Dickdarm als Enddarm. Wenn die unverdaulichen Nahrungsreste im Dickdarm ankommen, befindet sich noch viel Fl\u00fcssigkeit in den Resten. Die Funktion des Dickdarms besteht darin, dem, was wir jetzt als Stuhl bezeichnen k\u00f6nnen, Feuchtigkeit zu entziehen. Der Dickdarm treibt die F\u00e4kalien durch peristaltische Bewegungen voran. Die F\u00e4kalien werden in einem Speicher aufbewahrt, bis dieser voll ist: dem Rektum.[\/vc_column_text][\/vc_column][\/vc_row][\/vc_section][vc_row][vc_column]<div class=\"eye_empty_space pt-md-5 pb-md-5   pt-4 pb-4\"><\/div>[\/vc_column][\/vc_row][vc_row equal_height=&#8220;yes&#8220;][vc_column offset=&#8220;vc_col-md-8&#8243;][vc_column_text]<\/p>\n<h3>Wussten Sie schon &#8230;<\/h3>\n<p>  Man hat entdeckt, dass die D\u00e4rme der Urmenschen viel l\u00e4nger waren! Durch andere Nahrungsmittel und bessere Zubereitung und Hygiene wurde die Nahrung f\u00fcr den Darm leichter verdaulich. Infolgedessen wurde der Darm im Laufe der Evolution k\u00fcrzer. <\/p>\n<blockquote><p>25% haben Darmprobleme<\/p><\/blockquote>\n<p> In den Niederlanden hat ein Viertel der Bev\u00f6lkerung Darmprobleme und 60% von ihnen sind Frauen. Bisher haben die Mediziner die L\u00f6sung in der Vernichtung der schlechten Bakterien gesucht und den Verlust der gesunden Darmbakterien als gegeben hingenommen. Eigentlich ist es seltsam, dass der Schwerpunkt der medizinischen Wissenschaft so lange auf der Ausrottung von Bakterien lag. Von dem gesamten genetischen Material, das wir in uns tragen, ist nur 1% menschlich. Der Rest stammt von den Billionen von Bakterien in unserem K\u00f6rper. Aus diesem Grund sprechen einige Wissenschaftler bereits von einem Paradigmenwechsel. Wir m\u00fcssen lernen, Bakterien zu kontrollieren, anstatt sie auszurotten.[\/vc_column_text]<div class=\"eye_empty_space pt-md-5 pb-md-5   pt-4 pb-4\"><\/div>[\/vc_column][vc_column offset=&#8220;vc_col-md-4&#8243; el_class=&#8220;d-flex align-items-center mb-5 mb-lg-0&#8243;][vc_single_image image=&#8220;582&#8243; img_size=&#8220;&#8220;][\/vc_column][\/vc_row][vc_row equal_height=&#8220;yes&#8220;][vc_column offset=&#8220;vc_col-md-4&#8243; el_class=&#8220;d-flex align-items-center mb-5 mb-lg-0&#8243;]\r\n    <div class=\"blob-image-wrap\">\r\n        <img decoding=\"async\" src=\"https:\/\/gezonde-darmflora.nl\/wp-content\/uploads\/2020\/08\/darmbacterien-beinvloeden-voeding-1024x455.jpg\">\r\n    <\/div>\r\n    <p class=\"blob-image__caption\"><\/p>\r\n\r\n    [\/vc_column][vc_column offset=&#8220;vc_col-md-8&#8243;][vc_column_text]<\/p>\n<h2>M\u00f6gliche Ursachen<\/h2>\n<p>  M\u00f6gliche Ursachen f\u00fcr Probleme im D\u00fcnndarm k\u00f6nnen in einer Allergie liegen, zum Beispiel gegen ein Protein oder Gluten. Diese sind enthalten in: Hafer, Weizen, Roggen und Gerste. Die Darmschleimhaut verliert durch den Kontakt mit dem Gluten ihre Zotten, was zu einer schlechteren Aufnahme von N\u00e4hrstoffen und N\u00e4hrstoffm\u00e4ngeln f\u00fchrt. Sie k\u00f6nnen eine Lebensmittelvergiftung bekommen, die Probleme verursacht. Entz\u00fcndungen k\u00f6nnen auch im Darm auftreten, wenn die <a href=\"https:\/\/gezonde-darmflora.nl\/de\/darmflora\/beeintraechtigte-darmflora\/\">Darmflora aus dem Gleichgewicht<\/a> geraten ist.[\/vc_column_text]<div class=\"eye_empty_space pt-md-5 pb-md-5   pt-4 pb-4\"><\/div>[\/vc_column][\/vc_row][vc_section full_width=&#8220;stretch_row&#8220; el_class=&#8220;bg-green&#8220;][vc_row][vc_column offset=&#8220;vc_col-lg-offset-2 vc_col-lg-8&#8243;][vc_column_text]<\/p>\n<h2>H\u00e4ufige Probleme mit dem D\u00fcnn- und Dickdarm<\/h2>\n<p>  Empfindlicher Darm oder Darmprobleme? Sie k\u00f6nnen eine Vielzahl von Ursachen haben und entweder akut oder chronisch sein. H\u00e4ufige Darmprobleme sind: Morbus Crohn, Colitis ulcerosa, Blinddarmentz\u00fcndung, Dickdarmkrebs und Z\u00f6liakie.    <\/p>\n<h2>Chronische Darmbeschwerden<\/h2>\n<p>  Diese \u00e4u\u00dfern sich in der Regel durch: Durchfall, Fettst\u00fchle, Entz\u00fcndungen und Abmagerung. Im Darm k\u00f6nnen sich Geschw\u00fcre bilden, die manchmal gr\u00f6\u00dfer werden. Die Anzeichen k\u00f6nnen klein sein, wie Bl\u00e4hungen und Bauchschmerzen, oder gr\u00f6\u00dfer, wie Durchfall, \u00dcbelkeit und M\u00fcdigkeit bis hin zu Fieber und Gewichtsverlust. Auch unangenehme Nebenwirkungen wie H\u00e4morrhoiden und Fisteln k\u00f6nnen auftreten. Chronische Darmentz\u00fcndungen k\u00f6nnen sowohl im D\u00fcnn- als auch im Dickdarm auftreten. Wenn Sie sie nicht rechtzeitig bemerken, entfernen Sie sich immer weiter von zu Hause.[\/vc_column_text][\/vc_column][\/vc_row][\/vc_section][vc_row full_width=&#8220;stretch_row_content_no_spaces&#8220; css=&#8220;.vc_custom_1593680854494{margin-bottom: -10rem !important;}&#8220;][vc_column]\r\n    <a href=\"https:\/\/gezonde-darmflora.nl\/poeppillen-bestellen\/\" target=\"\" class=\"no-underline\">\r\n\r\n        <div class=\"cta\" style=\"background-image: url('https:\/\/gezonde-darmflora.nl\/wp-content\/uploads\/2020\/08\/darmflora-gezondheid.jpg')\">\r\n            <div class=\"container\">\r\n                <div class=\"row\">\r\n                    <div class=\"col-12\">\r\n                        <p>\r\n                            <\/p>\n<h3>Helfen Sie auch Ihrer Darmflora, gesund zu bleiben?<\/h3>\n<h4>In unserem Shop finden Sie alles, was Sie brauchen.<\/h4>\n<p>                        <\/p>\r\n                        <div class=\"cta__button svg-btn svg-btn-darkgreen\">\r\n                            <svg xmlns=\"http:\/\/www.w3.org\/2000\/svg\" width=\"50\" height=\"50\" viewBox=\"0 0 55 50\"><defs><\/defs><g id=\"Layer_2\" data-name=\"Layer 2\"><g id=\"Layer_1-2\" data-name=\"Layer 1\"><path width=\"100%\" height=\"100%\" class=\"anime\" d=\"M1.16,31.86C5.61,44.26,19.3,52,32.23,49.6C40.23,48.11,48.89,42.33,51.61,34.400000000000006C53.61,28.510000000000005,51.839999999999996,22.550000000000004,49.23,17.210000000000004C46.23,10.990000000000006,43.06999999999999,4.210000000000004,36.29,1.270000000000005C31,-1,24.8,0,19.64,2.49A45,45,0,0,0,10.57,8.66C8.39,10.5,5.430000000000001,12.280000000000001,3.6400000000000006,14.46C-0.3,19.28,-0.9,26.13,1.16,31.86Z\"\/><\/g><\/g><\/svg>\r\n                            <i class=\"far fa-long-arrow-alt-right\"><\/i>\r\n                        <\/div>\r\n                    <\/div>\r\n                <\/div>\r\n            <\/div>\r\n        <\/div>\r\n\r\n    <\/a>\r\n\r\n    [\/vc_column][\/vc_row]<\/p>\n<\/div>","protected":false},"excerpt":{"rendered":"<p>[vc_row full_width=&#8220;stretch_row_content_no_spaces&#8220;][vc_column][\/vc_column][\/vc_row][vc_row][vc_column offset=&#8220;vc_col-md-8&#8243;][vc_column_text]Darmprobleme, ein h\u00e4ufiges, aber wenig diskutiertes Problem. Und wer, und zu welcher Zeit, wird ein nettes Gespr\u00e4ch dar\u00fcber f\u00fchren? Es ist auch nicht schlimm, wenn Sie ab und zu nach einem schlechten Essen, w\u00e4hrend einer Grippe oder auf einer abenteuerlichen Reise in ein fernes Land Bauchschmerzen haben. Ihr K\u00f6rper wird das schon in\u2026 <a href=\"https:\/\/gezonde-darmflora.nl\/de\/darmprobleme\/\">Mehr lesen &raquo;<\/a><\/p>\n","protected":false},"author":4,"featured_media":0,"parent":0,"menu_order":0,"comment_status":"closed","ping_status":"closed","template":"","meta":{"_acf_changed":false,"footnotes":""},"class_list":["post-14800","page","type-page","status-publish","hentry"],"acf":[],"yoast_head":"<!-- This site is optimized with the Yoast SEO plugin v27.1.1 - https:\/\/yoast.com\/product\/yoast-seo-wordpress\/ -->\n<title>Darmprobleme: von Beschwerden im Dick- und D\u00fcnndarm bis zu Darmerkrankungen<\/title>\n<meta name=\"description\" content=\"Empfindlicher Darm, Probleme mit dem Darm? Sie k\u00f6nnen eine Vielzahl von Ursachen haben und entweder akute oder chronische Darmprobleme sein.\" \/>\n<meta name=\"robots\" content=\"index, follow, max-snippet:-1, max-image-preview:large, max-video-preview:-1\" \/>\n<link rel=\"canonical\" href=\"https:\/\/gezonde-darmflora.nl\/de\/darmprobleme\/\" \/>\n<meta property=\"og:locale\" content=\"de_DE\" \/>\n<meta property=\"og:type\" content=\"article\" \/>\n<meta property=\"og:title\" content=\"Darmprobleme: von Beschwerden im Dick- und D\u00fcnndarm bis zu Darmerkrankungen\" \/>\n<meta property=\"og:description\" content=\"Empfindlicher Darm, Probleme mit dem Darm? Sie k\u00f6nnen eine Vielzahl von Ursachen haben und entweder akute oder chronische Darmprobleme sein.\" \/>\n<meta property=\"og:url\" content=\"https:\/\/gezonde-darmflora.nl\/de\/darmprobleme\/\" \/>\n<meta property=\"og:site_name\" content=\"Gezonde Darmflora\" \/>\n<meta property=\"article:modified_time\" content=\"2025-01-27T09:26:08+00:00\" \/>\n<meta name=\"twitter:card\" content=\"summary_large_image\" \/>\n<meta name=\"twitter:label1\" content=\"Gesch\u00e4tzte Lesezeit\" \/>\n\t<meta name=\"twitter:data1\" content=\"5\u00a0Minuten\" \/>\n<script type=\"application\/ld+json\" class=\"yoast-schema-graph\">{\"@context\":\"https:\/\/schema.org\",\"@graph\":[{\"@type\":\"WebPage\",\"@id\":\"https:\/\/gezonde-darmflora.nl\/de\/darmprobleme\/\",\"url\":\"https:\/\/gezonde-darmflora.nl\/de\/darmprobleme\/\",\"name\":\"Darmprobleme: von Beschwerden im Dick- und D\u00fcnndarm bis zu Darmerkrankungen\",\"isPartOf\":{\"@id\":\"https:\/\/gezonde-darmflora.nl\/de\/#website\"},\"datePublished\":\"2020-07-17T07:16:46+00:00\",\"dateModified\":\"2025-01-27T09:26:08+00:00\",\"description\":\"Empfindlicher Darm, Probleme mit dem Darm? Sie k\u00f6nnen eine Vielzahl von Ursachen haben und entweder akute oder chronische Darmprobleme sein.\",\"breadcrumb\":{\"@id\":\"https:\/\/gezonde-darmflora.nl\/de\/darmprobleme\/#breadcrumb\"},\"inLanguage\":\"de\",\"potentialAction\":[{\"@type\":\"ReadAction\",\"target\":[\"https:\/\/gezonde-darmflora.nl\/de\/darmprobleme\/\"]}]},{\"@type\":\"BreadcrumbList\",\"@id\":\"https:\/\/gezonde-darmflora.nl\/de\/darmprobleme\/#breadcrumb\",\"itemListElement\":[{\"@type\":\"ListItem\",\"position\":1,\"name\":\"Home\",\"item\":\"https:\/\/gezonde-darmflora.nl\/de\/\"},{\"@type\":\"ListItem\",\"position\":2,\"name\":\"Darmprobleme\"}]},{\"@type\":\"WebSite\",\"@id\":\"https:\/\/gezonde-darmflora.nl\/de\/#website\",\"url\":\"https:\/\/gezonde-darmflora.nl\/de\/\",\"name\":\"Gezonde Darmflora\",\"description\":\"Een gezonde &amp; natuurlijke darmflora\",\"potentialAction\":[{\"@type\":\"SearchAction\",\"target\":{\"@type\":\"EntryPoint\",\"urlTemplate\":\"https:\/\/gezonde-darmflora.nl\/de\/?s={search_term_string}\"},\"query-input\":{\"@type\":\"PropertyValueSpecification\",\"valueRequired\":true,\"valueName\":\"search_term_string\"}}],\"inLanguage\":\"de\"}]}<\/script>\n<!-- \/ Yoast SEO plugin. -->","yoast_head_json":{"title":"Darmprobleme: von Beschwerden im Dick- und D\u00fcnndarm bis zu Darmerkrankungen","description":"Empfindlicher Darm, Probleme mit dem Darm? Sie k\u00f6nnen eine Vielzahl von Ursachen haben und entweder akute oder chronische Darmprobleme sein.","robots":{"index":"index","follow":"follow","max-snippet":"max-snippet:-1","max-image-preview":"max-image-preview:large","max-video-preview":"max-video-preview:-1"},"canonical":"https:\/\/gezonde-darmflora.nl\/de\/darmprobleme\/","og_locale":"de_DE","og_type":"article","og_title":"Darmprobleme: von Beschwerden im Dick- und D\u00fcnndarm bis zu Darmerkrankungen","og_description":"Empfindlicher Darm, Probleme mit dem Darm? Sie k\u00f6nnen eine Vielzahl von Ursachen haben und entweder akute oder chronische Darmprobleme sein.","og_url":"https:\/\/gezonde-darmflora.nl\/de\/darmprobleme\/","og_site_name":"Gezonde Darmflora","article_modified_time":"2025-01-27T09:26:08+00:00","twitter_card":"summary_large_image","twitter_misc":{"Gesch\u00e4tzte Lesezeit":"5\u00a0Minuten"},"schema":{"@context":"https:\/\/schema.org","@graph":[{"@type":"WebPage","@id":"https:\/\/gezonde-darmflora.nl\/de\/darmprobleme\/","url":"https:\/\/gezonde-darmflora.nl\/de\/darmprobleme\/","name":"Darmprobleme: von Beschwerden im Dick- und D\u00fcnndarm bis zu Darmerkrankungen","isPartOf":{"@id":"https:\/\/gezonde-darmflora.nl\/de\/#website"},"datePublished":"2020-07-17T07:16:46+00:00","dateModified":"2025-01-27T09:26:08+00:00","description":"Empfindlicher Darm, Probleme mit dem Darm? Sie k\u00f6nnen eine Vielzahl von Ursachen haben und entweder akute oder chronische Darmprobleme sein.","breadcrumb":{"@id":"https:\/\/gezonde-darmflora.nl\/de\/darmprobleme\/#breadcrumb"},"inLanguage":"de","potentialAction":[{"@type":"ReadAction","target":["https:\/\/gezonde-darmflora.nl\/de\/darmprobleme\/"]}]},{"@type":"BreadcrumbList","@id":"https:\/\/gezonde-darmflora.nl\/de\/darmprobleme\/#breadcrumb","itemListElement":[{"@type":"ListItem","position":1,"name":"Home","item":"https:\/\/gezonde-darmflora.nl\/de\/"},{"@type":"ListItem","position":2,"name":"Darmprobleme"}]},{"@type":"WebSite","@id":"https:\/\/gezonde-darmflora.nl\/de\/#website","url":"https:\/\/gezonde-darmflora.nl\/de\/","name":"Gezonde Darmflora","description":"Een gezonde &amp; natuurlijke darmflora","potentialAction":[{"@type":"SearchAction","target":{"@type":"EntryPoint","urlTemplate":"https:\/\/gezonde-darmflora.nl\/de\/?s={search_term_string}"},"query-input":{"@type":"PropertyValueSpecification","valueRequired":true,"valueName":"search_term_string"}}],"inLanguage":"de"}]}},"_links":{"self":[{"href":"https:\/\/gezonde-darmflora.nl\/de\/wp-json\/wp\/v2\/pages\/14800","targetHints":{"allow":["GET"]}}],"collection":[{"href":"https:\/\/gezonde-darmflora.nl\/de\/wp-json\/wp\/v2\/pages"}],"about":[{"href":"https:\/\/gezonde-darmflora.nl\/de\/wp-json\/wp\/v2\/types\/page"}],"author":[{"embeddable":true,"href":"https:\/\/gezonde-darmflora.nl\/de\/wp-json\/wp\/v2\/users\/4"}],"replies":[{"embeddable":true,"href":"https:\/\/gezonde-darmflora.nl\/de\/wp-json\/wp\/v2\/comments?post=14800"}],"version-history":[{"count":1,"href":"https:\/\/gezonde-darmflora.nl\/de\/wp-json\/wp\/v2\/pages\/14800\/revisions"}],"predecessor-version":[{"id":14803,"href":"https:\/\/gezonde-darmflora.nl\/de\/wp-json\/wp\/v2\/pages\/14800\/revisions\/14803"}],"wp:attachment":[{"href":"https:\/\/gezonde-darmflora.nl\/de\/wp-json\/wp\/v2\/media?parent=14800"}],"curies":[{"name":"wp","href":"https:\/\/api.w.org\/{rel}","templated":true}]}}