{"id":14796,"date":"2020-07-17T08:51:30","date_gmt":"2020-07-17T06:51:30","guid":{"rendered":"https:\/\/gezonde-darmflora.nl\/darmflora\/beeintraechtigte-darmflora\/"},"modified":"2025-01-27T10:26:08","modified_gmt":"2025-01-27T09:26:08","slug":"beeintraechtigte-darmflora","status":"publish","type":"page","link":"https:\/\/gezonde-darmflora.nl\/de\/darmflora\/beeintraechtigte-darmflora\/","title":{"rendered":"Beeintr\u00e4chtigte Darmflora"},"content":{"rendered":"<div class=\"wpb-content-wrapper\"><p>[vc_row full_width=&#8220;stretch_row_content_no_spaces&#8220;][vc_column]\r\n    <div class=\"page-title\">\r\n        <div class=\"container\">\r\n            <div class=\"row\">\r\n                <div class=\"col\">\r\n                    <h1>Verbessern Sie eine gest\u00f6rte Darmflora<\/h1>\r\n                <\/div>\r\n            <\/div>\r\n        <\/div>\r\n    <\/div>\r\n\r\n    [\/vc_column][\/vc_row][vc_row][vc_column offset=&#8220;vc_col-md-8&#8243;][vc_column_text]Wenn Ihre Darmflora gest\u00f6rt ist, sprechen wir von einer Darmflora, die aus dem Gleichgewicht geraten ist. Komplikationen in Ihrer Darmflora k\u00f6nnen die innige Beziehung zwischen Ihrem K\u00f6rper und der Entwicklung des Immunsystems st\u00f6ren, was wiederum zu kleineren und gr\u00f6\u00dferen Problemen f\u00fchren kann. Es k\u00f6nnen &#8218;L\u00f6cher&#8216; im Darm entstehen, in denen die ung\u00fcnstigen Bakterien in Ihrem Darm pl\u00f6tzlich Platz haben, um sich zu vermehren. Und das ist es, was <a href=\"https:\/\/gezonde-darmflora.nl\/de\/darmflora\/gute-und-schlechte-bakterien\/\">Bakterien<\/a> tun <a href=\"https:\/\/gezonde-darmflora.nl\/de\/darmflora\/gute-und-schlechte-bakterien\/\">, ob gut oder schlecht<\/a>. Sie vermehren sich alle 10 Minuten, millionenfach.[\/vc_column_text][\/vc_column][vc_column offset=&#8220;vc_col-md-4&#8243; el_class=&#8220;mb-5 mb-lg-0&#8243;][\/vc_column][\/vc_row][vc_row][vc_column offset=&#8220;vc_col-md-8&#8243;][vc_column_text]<\/p>\n<h2>Beschwerden im Zusammenhang mit einer gest\u00f6rten Darmflora<\/h2>\n<p>  Eine unausgewogene Darmflora sorgt nicht mehr f\u00fcr ein gut funktionierendes Verdauungssystem. Das bedeutet, dass wir N\u00e4hrstoffe nicht mehr richtig aufnehmen, <a href=\"https:\/\/gezonde-darmflora.nl\/de\/darmflora\/immunsystem\/\">das Immunsystem<\/a> spielt verr\u00fcckt und das Elend beginnt. H\u00e4ufige Beschwerden, bei denen die Darmflora eine Rolle spielt, sind:   <\/p>\n<ul>\n<li>Blasenentz\u00fcndung<\/li>\n<li>Allergien<\/li>\n<li>Unterleibskr\u00e4mpfe<\/li>\n<li>Infektionen wie Candida<\/li>\n<li>Sodbrennen<\/li>\n<li>Bl\u00e4hungen<\/li>\n<li>Bl\u00e4hungen<\/li>\n<li>Verstopfung<\/li>\n<li>Kopfschmerzen<\/li>\n<\/ul>\n<p>[\/vc_column_text]<div class=\"eye_empty_space pt-md-4 pb-md-4   pt-3 pb-3\"><\/div>[\/vc_column][vc_column offset=&#8220;vc_col-md-4&#8243; el_class=&#8220;mb-5 mb-lg-0&#8243;]\r\n    <div class=\"blob-image-wrap\">\r\n        <img decoding=\"async\" src=\"https:\/\/gezonde-darmflora.nl\/wp-content\/uploads\/2020\/08\/Verstoorde-darmflora-symptomen.jpg\">\r\n    <\/div>\r\n    <p class=\"blob-image__caption\"><\/p>\r\n\r\n    [\/vc_column][\/vc_row][vc_row][vc_column offset=&#8220;vc_col-md-4&#8243; el_class=&#8220;mb-5 mb-lg-0&#8243;]\r\n    <div class=\"blob-image-wrap\">\r\n        <img decoding=\"async\" src=\"https:\/\/gezonde-darmflora.nl\/wp-content\/uploads\/2020\/08\/verstoorde-darmflora-behandelen.jpg\">\r\n    <\/div>\r\n    <p class=\"blob-image__caption\"><\/p>\r\n\r\n    [\/vc_column][vc_column offset=&#8220;vc_col-md-8&#8243;][vc_column_text]<\/p>\n<h2>Ursachen f\u00fcr eine gest\u00f6rte Darmflora<\/h2>\n<p>  Das beginnt bei Ihren Eltern. Wie gesund waren sie und haben sie gelebt? Dann kommt Ihre Geburt &#8211; sind Sie per Kaiserschnitt auf die Welt gekommen? Dann fehlen Ihnen lebenswichtige Bakterien, die Sie als Baby beim Durchgang durch den Geburtskanal erhalten haben. Wurden Sie als Baby mit k\u00fcnstlicher Nahrung ern\u00e4hrt? Dann fehlen Ihnen die essentiellen Eigenschaften der Muttermilch, die so komplex sind, dass das Wissen noch fehlt, um den vollen Umfang und die Funktionsweise aller sch\u00fctzenden Elemente zu verstehen. Im weiteren Verlauf des Lebens k\u00f6nnen viele Dinge auf Sie zukommen, die die Darmflora st\u00f6ren, wie z.B. Stress, falsche Ern\u00e4hrung, Medikamente, die Antibabypille oder Pestizide, die Sie zu sich nehmen.[\/vc_column_text]<div class=\"eye_empty_space pt-md-5 pb-md-5   pt-4 pb-4\"><\/div>[\/vc_column][\/vc_row][vc_section full_width=&#8220;stretch_row&#8220; el_class=&#8220;bg-green&#8220;][vc_row][vc_column offset=&#8220;vc_col-lg-offset-2 vc_col-lg-8&#8243;][vc_column_text]<\/p>\n<h2>Was wir \u00fcber Probiotika wissen<\/h2>\n<p>  Die WHO definiert sie wie folgt:  <em>Lebende Mikroorganismen, die sich positiv auf die Gesundheit auswirken, wenn sie in ausreichender Menge verzehrt werden. Lebende Mikroorganismen sind haupts\u00e4chlich Bakterien. Probiotika enthalten gro\u00dfe Mengen an (n\u00fctzlichen) Milchs\u00e4urebakterien. Diese Bakterien \u00fcberleben teilweise die Magens\u00e4ure und gelangen dann in den Darm. Es wird viel geforscht \u00fcber die potenziell positive Wirkung von Probiotika auf verschiedene Beschwerden und Erkrankungen. Es wird auch erforscht, ob die Einnahme von Probiotika die Immunit\u00e4t erh\u00f6ht. Es sind jedoch noch viel mehr wissenschaftliche Untersuchungen erforderlich, bevor dies klar ist. Nach Ansicht der Wissenschaft darf sich ein Milchs\u00e4urebakterium nur dann Probiotikum nennen, wenn es den Darm lebendig erreicht und dann zu einer guten Gesundheit beitragen kann&#8220;.       <\/em><\/p>\n<h2>Was ist der Unterschied zwischen Probiotika und Pr\u00e4biotika?<\/h2>\n<p>  Probiotika sind gute Bakterien, die im Darm leben. Sie werden manchmal Milchprodukten oder als Nahrungserg\u00e4nzungsmittel zugesetzt, um das Gleichgewicht des Mikrobioms im Darm zu erhalten. Pr\u00e4biotika sind Nahrung f\u00fcr die guten Darmbakterien, so dass diese ihre Arbeit weiter verrichten k\u00f6nnen. Pr\u00e4biotika sind in bestimmten Lebensmitteln wie Getreideprodukten, Obst, Gem\u00fcse, H\u00fclsenfr\u00fcchten und N\u00fcssen enthalten. Manchmal werden sie auch Lebensmitteln zugesetzt.[\/vc_column_text][\/vc_column][\/vc_row][\/vc_section][vc_row][vc_column]<div class=\"eye_empty_space pt-md-5 pb-md-5   pt-4 pb-4\"><\/div>[\/vc_column][\/vc_row][vc_row equal_height=&#8220;yes&#8220;][vc_column offset=&#8220;vc_col-md-8&#8243;][vc_column_text]<\/p>\n<h2>Tipps zur Verbesserung Ihrer Darmflora<\/h2>\n<p>  Was k\u00f6nnen Sie tun, um eine gest\u00f6rte Darmflora zu verbessern und zu st\u00e4rken?  <\/p>\n<ul>\n<li>\u00c4ndern Sie Ihren Lebensstil und Ihre Ern\u00e4hrung<\/li>\n<li>Erhalten Sie mehr Bewegung und mehr Ruhe in Ihrem Leben<\/li>\n<li>Versuchen Sie, unverarbeitete und abwechslungsreiche Lebensmittel zu verzehren<\/li>\n<li>Trinken Sie mehr Wasser<\/li>\n<li>Vermeiden Sie Stress<\/li>\n<li>Sorgen Sie f\u00fcr richtige Atmung<\/li>\n<\/ul>\n<p>  Aber wenn Sie all das bereits angewandt haben und alle Medikamente nicht oder nicht ausreichend wirken. K\u00f6nnen Sie dann immer noch eine gest\u00f6rte Darmflora reparieren? Das k\u00f6nnen Sie mit <a href=\"https:\/\/gezonde-darmflora.nl\/de\/die-fmt-theorie\/\">einer Kot-Transplantation<\/a>. Sie \u00fcbernehmen, klonen, die gesunde Darmflora eines anderen Menschen![\/vc_column_text]<div class=\"eye_empty_space pt-md-5 pb-md-5   pt-4 pb-4\"><\/div>[\/vc_column][vc_column offset=&#8220;vc_col-md-4&#8243; el_class=&#8220;d-flex align-items-center mb-5 mb-lg-0&#8243;]\r\n    <div class=\"blob-image-wrap\">\r\n        <img decoding=\"async\" src=\"https:\/\/gezonde-darmflora.nl\/wp-content\/uploads\/2020\/08\/darmflora-verbeteren-tips.jpg\">\r\n    <\/div>\r\n    <p class=\"blob-image__caption\"><\/p>\r\n\r\n    <div class=\"eye_empty_space pt-md-5 pb-md-5   pt-4 pb-4\"><\/div>[\/vc_column][\/vc_row][vc_section full_width=&#8220;stretch_row&#8220; el_class=&#8220;bg-green&#8220;][vc_row][vc_column offset=&#8220;vc_col-lg-offset-2 vc_col-lg-8&#8243;][vc_column_text]<\/p>\n<h2>Alle Krankheiten beginnen im Darm<\/h2>\n<p>  Alle Krankheiten beginnen im Darm&#8220;, sagte Hippokrates vor mehr als 2.000 Jahren. Nicht viel sp\u00e4ter, im vierten Jahrhundert, gab es die erste Dokumentation von Dr. Ge Hong aus China. Er begann, Menschen, die an Durchfall oder Lebensmittelvergiftung litten, die &#8218;Gelbe Suppe&#8216; zu verabreichen. Gelbe Suppe &#8230; ist eine Mischung aus getrocknetem und fermentiertem Stuhl eines gesunden Menschen mit Wasser. Dr. Ge Hong gilt aufgrund dieser Dokumentation als der Begr\u00fcnder der <a href=\"https:\/\/gezonde-darmflora.nl\/de\/die-fmt-theorie\/\">Stuhltransplantation<\/a>, auch bekannt als FMT (F\u00e4kale Mikrobiota-Transplantation). Es folgten Dokumentationen von \u00c4rzten aus der Renaissancezeit. Es besteht sogar der Verdacht, dass die Menschen dies bereits vor dreitausend Jahren in Indien praktizierten.        <\/p>\n<h2>Was wir \u00fcber Kacktransplantationen wissen<\/h2>\n<p>  Die erste Anwendung der <a href=\"https:\/\/gezonde-darmflora.nl\/de\/die-fmt-theorie\/\">FMT<\/a> in der westlichen Medizin wurde 1958 von Ben Eiseman und einem Team von Chirurgen aus Colorado ver\u00f6ffentlicht, die vier schwerkranke Menschen mit fulminanter pseudomembran\u00f6ser Kolitis (bevor Clostridium Difficile als Ursache bekannt war) mit F\u00e4kalieneinl\u00e4ufen behandelten, was zu einer schnellen R\u00fcckkehr zur Gesundheit f\u00fchrte. Seit mehr als zwei Jahrzehnten wird die F\u00e4kaltransplantation am Zentrum f\u00fcr Verdauungskrankheiten von Thomas Borody, dem modernen Bef\u00fcrworter der FMT, als Behandlungsoption angeboten. Im Mai 1988 behandelte ihre Gruppe den ersten Patienten mit Colitis Ulcerosa, was zu einem vollst\u00e4ndigen und langfristigen Verschwinden aller Anzeichen und Symptome f\u00fchrte. Im Jahr 1989 behandelten sie insgesamt 55 Patienten mit Verstopfung, Durchfall, Bauchschmerzen, Colitis ulcerosa und Morbus Crohn mit FMT. Nach der FMT galten 20 Patienten als &#8222;geheilt&#8220; und bei weiteren neun gingen die Symptome zur\u00fcck. Seitdem haben mehrere Institutionen Kot-Transplantationen als therapeutische Option f\u00fcr verschiedene Erkrankungen angeboten.       <em>Im Januar 2013 wurde die erste randomisierte, kontrollierte Studie in den Niederlanden zur &#8218;Clostridium Difficile Infektion&#8216; im Krankenhaus ver\u00f6ffentlicht. Die Studie am AMC wurde aufgrund der Wirksamkeit der FMT vorzeitig abgebrochen. 80 % der Patienten erreichten nach einem Tag nach einer einzigen Transplantation eine Heilung und mehr als 90 % nach einer zweiten Infusion eine Heilung. Eine Ethikkommission beschloss, die Studie zu beenden. Man war der Meinung, dass es moralisch nicht mehr vertretbar sei, die Behandlung fortzusetzen und allen Teilnehmern der Kontrollgruppe, der Placebogruppe, zu verweigern. Sie haben richtig gelesen, man hat der Placebogruppe nicht mit einer Kacktransplantation geholfen, sondern man hat die Studie abgebrochen, weil sie zu gut funktioniert hat. Sie lassen uns mit der Information zur\u00fcck, dass es noch nicht klinisch bewiesen ist.     <\/em>[\/vc_column_text][\/vc_column][\/vc_row][\/vc_section][vc_row full_width=&#8220;stretch_row_content_no_spaces&#8220; css=&#8220;.vc_custom_1593680854494{margin-bottom: -10rem !important;}&#8220;][vc_column]\r\n    <a href=\"https:\/\/gezonde-darmflora.nl\/poeppillen-bestellen\/\" target=\"\" class=\"no-underline\">\r\n\r\n        <div class=\"cta\" style=\"background-image: url('https:\/\/gezonde-darmflora.nl\/wp-content\/uploads\/2020\/08\/darmflora-gezondheid.jpg')\">\r\n            <div class=\"container\">\r\n                <div class=\"row\">\r\n                    <div class=\"col-12\">\r\n                        <p>\r\n                            <\/p>\n<h3>Helfen Sie auch Ihrer Darmflora, gesund zu bleiben?<\/h3>\n<h4>In unserem Shop finden Sie alles, was Sie brauchen.<\/h4>\n<p>                        <\/p>\r\n                        <div class=\"cta__button svg-btn svg-btn-darkgreen\">\r\n                            <svg xmlns=\"http:\/\/www.w3.org\/2000\/svg\" width=\"50\" height=\"50\" viewBox=\"0 0 55 50\"><defs><\/defs><g id=\"Layer_2\" data-name=\"Layer 2\"><g id=\"Layer_1-2\" data-name=\"Layer 1\"><path width=\"100%\" height=\"100%\" class=\"anime\" d=\"M1.16,31.86C5.61,44.26,19.3,52,32.23,49.6C40.23,48.11,48.89,42.33,51.61,34.400000000000006C53.61,28.510000000000005,51.839999999999996,22.550000000000004,49.23,17.210000000000004C46.23,10.990000000000006,43.06999999999999,4.210000000000004,36.29,1.270000000000005C31,-1,24.8,0,19.64,2.49A45,45,0,0,0,10.57,8.66C8.39,10.5,5.430000000000001,12.280000000000001,3.6400000000000006,14.46C-0.3,19.28,-0.9,26.13,1.16,31.86Z\"\/><\/g><\/g><\/svg>\r\n                            <i class=\"far fa-long-arrow-alt-right\"><\/i>\r\n                        <\/div>\r\n                    <\/div>\r\n                <\/div>\r\n            <\/div>\r\n        <\/div>\r\n\r\n    <\/a>\r\n\r\n    [\/vc_column][\/vc_row]<\/p>\n<\/div>","protected":false},"excerpt":{"rendered":"<p>[vc_row full_width=&#8220;stretch_row_content_no_spaces&#8220;][vc_column][\/vc_column][\/vc_row][vc_row][vc_column offset=&#8220;vc_col-md-8&#8243;][vc_column_text]Wenn Ihre Darmflora gest\u00f6rt ist, sprechen wir von einer Darmflora, die aus dem Gleichgewicht geraten ist. Komplikationen in Ihrer Darmflora k\u00f6nnen die innige Beziehung zwischen Ihrem K\u00f6rper und der Entwicklung des Immunsystems st\u00f6ren, was wiederum zu kleineren und gr\u00f6\u00dferen Problemen f\u00fchren kann. Es k\u00f6nnen &#8218;L\u00f6cher&#8216; im Darm entstehen, in denen die ung\u00fcnstigen Bakterien\u2026 <a href=\"https:\/\/gezonde-darmflora.nl\/de\/darmflora\/beeintraechtigte-darmflora\/\">Mehr lesen &raquo;<\/a><\/p>\n","protected":false},"author":4,"featured_media":0,"parent":14768,"menu_order":0,"comment_status":"closed","ping_status":"closed","template":"","meta":{"_acf_changed":false,"footnotes":""},"class_list":["post-14796","page","type-page","status-publish","hentry"],"acf":[],"yoast_head":"<!-- This site is optimized with the Yoast SEO plugin v27.1.1 - https:\/\/yoast.com\/product\/yoast-seo-wordpress\/ -->\n<title>Verbesserung der gest\u00f6rten Darmflora: Tipps zur St\u00e4rkung<\/title>\n<meta name=\"description\" content=\"Ist Ihre Darmflora aus dem Gleichgewicht? Das kann zu verschiedenen Symptomen f\u00fchren. Lesen Sie mehr \u00fcber die Ursachen einer gest\u00f6rten Darmflora und Tipps, um sie zu verbessern.\" \/>\n<meta name=\"robots\" content=\"index, follow, max-snippet:-1, max-image-preview:large, max-video-preview:-1\" \/>\n<link rel=\"canonical\" href=\"https:\/\/gezonde-darmflora.nl\/de\/darmflora\/beeintraechtigte-darmflora\/\" \/>\n<meta property=\"og:locale\" content=\"de_DE\" \/>\n<meta property=\"og:type\" content=\"article\" \/>\n<meta property=\"og:title\" content=\"Verbesserung der gest\u00f6rten Darmflora: Tipps zur St\u00e4rkung\" \/>\n<meta property=\"og:description\" content=\"Ist Ihre Darmflora aus dem Gleichgewicht? Das kann zu verschiedenen Symptomen f\u00fchren. Lesen Sie mehr \u00fcber die Ursachen einer gest\u00f6rten Darmflora und Tipps, um sie zu verbessern.\" \/>\n<meta property=\"og:url\" content=\"https:\/\/gezonde-darmflora.nl\/de\/darmflora\/beeintraechtigte-darmflora\/\" \/>\n<meta property=\"og:site_name\" content=\"Gezonde Darmflora\" \/>\n<meta property=\"article:modified_time\" content=\"2025-01-27T09:26:08+00:00\" \/>\n<meta name=\"twitter:card\" content=\"summary_large_image\" \/>\n<meta name=\"twitter:label1\" content=\"Gesch\u00e4tzte Lesezeit\" \/>\n\t<meta name=\"twitter:data1\" content=\"6\u00a0Minuten\" \/>\n<script type=\"application\/ld+json\" class=\"yoast-schema-graph\">{\"@context\":\"https:\/\/schema.org\",\"@graph\":[{\"@type\":\"WebPage\",\"@id\":\"https:\/\/gezonde-darmflora.nl\/de\/darmflora\/beeintraechtigte-darmflora\/\",\"url\":\"https:\/\/gezonde-darmflora.nl\/de\/darmflora\/beeintraechtigte-darmflora\/\",\"name\":\"Verbesserung der gest\u00f6rten Darmflora: Tipps zur St\u00e4rkung\",\"isPartOf\":{\"@id\":\"https:\/\/gezonde-darmflora.nl\/de\/#website\"},\"datePublished\":\"2020-07-17T06:51:30+00:00\",\"dateModified\":\"2025-01-27T09:26:08+00:00\",\"description\":\"Ist Ihre Darmflora aus dem Gleichgewicht? Das kann zu verschiedenen Symptomen f\u00fchren. Lesen Sie mehr \u00fcber die Ursachen einer gest\u00f6rten Darmflora und Tipps, um sie zu verbessern.\",\"breadcrumb\":{\"@id\":\"https:\/\/gezonde-darmflora.nl\/de\/darmflora\/beeintraechtigte-darmflora\/#breadcrumb\"},\"inLanguage\":\"de\",\"potentialAction\":[{\"@type\":\"ReadAction\",\"target\":[\"https:\/\/gezonde-darmflora.nl\/de\/darmflora\/beeintraechtigte-darmflora\/\"]}]},{\"@type\":\"BreadcrumbList\",\"@id\":\"https:\/\/gezonde-darmflora.nl\/de\/darmflora\/beeintraechtigte-darmflora\/#breadcrumb\",\"itemListElement\":[{\"@type\":\"ListItem\",\"position\":1,\"name\":\"Home\",\"item\":\"https:\/\/gezonde-darmflora.nl\/de\/\"},{\"@type\":\"ListItem\",\"position\":2,\"name\":\"Darmflora\",\"item\":\"https:\/\/gezonde-darmflora.nl\/de\/darmflora\/\"},{\"@type\":\"ListItem\",\"position\":3,\"name\":\"Beeintr\u00e4chtigte Darmflora\"}]},{\"@type\":\"WebSite\",\"@id\":\"https:\/\/gezonde-darmflora.nl\/de\/#website\",\"url\":\"https:\/\/gezonde-darmflora.nl\/de\/\",\"name\":\"Gezonde Darmflora\",\"description\":\"Een gezonde &amp; natuurlijke darmflora\",\"potentialAction\":[{\"@type\":\"SearchAction\",\"target\":{\"@type\":\"EntryPoint\",\"urlTemplate\":\"https:\/\/gezonde-darmflora.nl\/de\/?s={search_term_string}\"},\"query-input\":{\"@type\":\"PropertyValueSpecification\",\"valueRequired\":true,\"valueName\":\"search_term_string\"}}],\"inLanguage\":\"de\"}]}<\/script>\n<!-- \/ Yoast SEO plugin. -->","yoast_head_json":{"title":"Verbesserung der gest\u00f6rten Darmflora: Tipps zur St\u00e4rkung","description":"Ist Ihre Darmflora aus dem Gleichgewicht? Das kann zu verschiedenen Symptomen f\u00fchren. Lesen Sie mehr \u00fcber die Ursachen einer gest\u00f6rten Darmflora und Tipps, um sie zu verbessern.","robots":{"index":"index","follow":"follow","max-snippet":"max-snippet:-1","max-image-preview":"max-image-preview:large","max-video-preview":"max-video-preview:-1"},"canonical":"https:\/\/gezonde-darmflora.nl\/de\/darmflora\/beeintraechtigte-darmflora\/","og_locale":"de_DE","og_type":"article","og_title":"Verbesserung der gest\u00f6rten Darmflora: Tipps zur St\u00e4rkung","og_description":"Ist Ihre Darmflora aus dem Gleichgewicht? Das kann zu verschiedenen Symptomen f\u00fchren. Lesen Sie mehr \u00fcber die Ursachen einer gest\u00f6rten Darmflora und Tipps, um sie zu verbessern.","og_url":"https:\/\/gezonde-darmflora.nl\/de\/darmflora\/beeintraechtigte-darmflora\/","og_site_name":"Gezonde Darmflora","article_modified_time":"2025-01-27T09:26:08+00:00","twitter_card":"summary_large_image","twitter_misc":{"Gesch\u00e4tzte Lesezeit":"6\u00a0Minuten"},"schema":{"@context":"https:\/\/schema.org","@graph":[{"@type":"WebPage","@id":"https:\/\/gezonde-darmflora.nl\/de\/darmflora\/beeintraechtigte-darmflora\/","url":"https:\/\/gezonde-darmflora.nl\/de\/darmflora\/beeintraechtigte-darmflora\/","name":"Verbesserung der gest\u00f6rten Darmflora: Tipps zur St\u00e4rkung","isPartOf":{"@id":"https:\/\/gezonde-darmflora.nl\/de\/#website"},"datePublished":"2020-07-17T06:51:30+00:00","dateModified":"2025-01-27T09:26:08+00:00","description":"Ist Ihre Darmflora aus dem Gleichgewicht? Das kann zu verschiedenen Symptomen f\u00fchren. Lesen Sie mehr \u00fcber die Ursachen einer gest\u00f6rten Darmflora und Tipps, um sie zu verbessern.","breadcrumb":{"@id":"https:\/\/gezonde-darmflora.nl\/de\/darmflora\/beeintraechtigte-darmflora\/#breadcrumb"},"inLanguage":"de","potentialAction":[{"@type":"ReadAction","target":["https:\/\/gezonde-darmflora.nl\/de\/darmflora\/beeintraechtigte-darmflora\/"]}]},{"@type":"BreadcrumbList","@id":"https:\/\/gezonde-darmflora.nl\/de\/darmflora\/beeintraechtigte-darmflora\/#breadcrumb","itemListElement":[{"@type":"ListItem","position":1,"name":"Home","item":"https:\/\/gezonde-darmflora.nl\/de\/"},{"@type":"ListItem","position":2,"name":"Darmflora","item":"https:\/\/gezonde-darmflora.nl\/de\/darmflora\/"},{"@type":"ListItem","position":3,"name":"Beeintr\u00e4chtigte Darmflora"}]},{"@type":"WebSite","@id":"https:\/\/gezonde-darmflora.nl\/de\/#website","url":"https:\/\/gezonde-darmflora.nl\/de\/","name":"Gezonde Darmflora","description":"Een gezonde &amp; natuurlijke darmflora","potentialAction":[{"@type":"SearchAction","target":{"@type":"EntryPoint","urlTemplate":"https:\/\/gezonde-darmflora.nl\/de\/?s={search_term_string}"},"query-input":{"@type":"PropertyValueSpecification","valueRequired":true,"valueName":"search_term_string"}}],"inLanguage":"de"}]}},"_links":{"self":[{"href":"https:\/\/gezonde-darmflora.nl\/de\/wp-json\/wp\/v2\/pages\/14796","targetHints":{"allow":["GET"]}}],"collection":[{"href":"https:\/\/gezonde-darmflora.nl\/de\/wp-json\/wp\/v2\/pages"}],"about":[{"href":"https:\/\/gezonde-darmflora.nl\/de\/wp-json\/wp\/v2\/types\/page"}],"author":[{"embeddable":true,"href":"https:\/\/gezonde-darmflora.nl\/de\/wp-json\/wp\/v2\/users\/4"}],"replies":[{"embeddable":true,"href":"https:\/\/gezonde-darmflora.nl\/de\/wp-json\/wp\/v2\/comments?post=14796"}],"version-history":[{"count":1,"href":"https:\/\/gezonde-darmflora.nl\/de\/wp-json\/wp\/v2\/pages\/14796\/revisions"}],"predecessor-version":[{"id":14799,"href":"https:\/\/gezonde-darmflora.nl\/de\/wp-json\/wp\/v2\/pages\/14796\/revisions\/14799"}],"up":[{"embeddable":true,"href":"https:\/\/gezonde-darmflora.nl\/de\/wp-json\/wp\/v2\/pages\/14768"}],"wp:attachment":[{"href":"https:\/\/gezonde-darmflora.nl\/de\/wp-json\/wp\/v2\/media?parent=14796"}],"curies":[{"name":"wp","href":"https:\/\/api.w.org\/{rel}","templated":true}]}}