{"id":14792,"date":"2020-07-17T04:19:51","date_gmt":"2020-07-17T02:19:51","guid":{"rendered":"https:\/\/gezonde-darmflora.nl\/darmflora\/immunsystem\/"},"modified":"2025-01-27T10:26:07","modified_gmt":"2025-01-27T09:26:07","slug":"immunsystem","status":"publish","type":"page","link":"https:\/\/gezonde-darmflora.nl\/de\/darmflora\/immunsystem\/","title":{"rendered":"Immunsystem"},"content":{"rendered":"<div class=\"wpb-content-wrapper\"><p>[vc_row full_width=&#8220;stretch_row_content_no_spaces&#8220;][vc_column]\r\n    <div class=\"page-title\">\r\n        <div class=\"container\">\r\n            <div class=\"row\">\r\n                <div class=\"col\">\r\n                    <h1>Ihr Immunsystem st\u00e4rken<\/h1>\r\n                <\/div>\r\n            <\/div>\r\n        <\/div>\r\n    <\/div>\r\n\r\n    [\/vc_column][\/vc_row][vc_row equal_height=&#8220;yes&#8220;][vc_column offset=&#8220;vc_col-md-8&#8243;][vc_column_text]Seit Covid-19 ist wieder einmal klar geworden, dass ein gutes Immunsystem entscheidend ist. Die Menschen fangen endlich an, mehr auf ihre Ern\u00e4hrung zu achten und sich mehr zu bewegen. Mit der erzwungenen Auszeit gab es pl\u00f6tzlich Raum zum Nachdenken. Muss ich wirklich so viel tun und ist das nicht sch\u00e4dlich f\u00fcr meinen K\u00f6rper?   <\/p>\n<h2>Was ist Ihr Immunsystem?<\/h2>\n<p>Einfach ausgedr\u00fcckt, ist das Immunsystem Ihr Abwehrsystem. Ihr Immunsystem ist weitgehend angeboren. Dies wird als angeborene Immunit\u00e4t bezeichnet. Es sch\u00fctzt Ihren K\u00f6rper vor Krankheiten, Infektionserregern und ver\u00e4nderten eigenen Zellen. Es bek\u00e4mpft Bakterien, Viren, Pilze, Parasiten und andere sch\u00e4dliche Mikroorganismen, damit Sie nicht krank werden. Dies geschieht dank eines komplexen Netzwerks aus Ihren Zellen und Organen. Ihre Haut und Ihre Schleimh\u00e4ute sind die ersten Verteidigungslinien, um Infektionen von Ihrem K\u00f6rper fernzuhalten. Wenn jedoch ein Virus, ein Parasit oder eine Bakterie in Ihren K\u00f6rper eindringt, muss Ihr Immunsystem mit wei\u00dfen Blutk\u00f6rperchen zur\u00fcckschlagen. Um seine sch\u00fctzenden und heilenden Funktionen zu erf\u00fcllen, muss Ihr Immunsystem stark sein. Menschen mit einem geschw\u00e4chten Immunsystem erkranken daher eher. Au\u00dferdem brauchen diese Menschen in der Regel mehr Zeit, um sich von einer Krankheit oder Verletzung zu erholen. Bei Patienten mit einem geschw\u00e4chten Immunsystem k\u00f6nnen auch andere Symptome auftreten. Ein geschw\u00e4chtes Immunsystem ist nicht mehr in der Lage, Krankheitsbek\u00e4mpfer ad\u00e4quat und effizient zu bek\u00e4mpfen. Ein geschw\u00e4chtes Immunsystem kann anfangen, sich zu irren und sich gegen den eigenen K\u00f6rper zu wenden. Dies kann zu einer Autoimmunerkrankung f\u00fchren.[\/vc_column_text]<div class=\"eye_empty_space pt-md-5 pb-md-5   pt-4 pb-4\"><\/div>[\/vc_column][vc_column offset=&#8220;vc_col-md-4&#8243; el_class=&#8220;d-flex align-items-center mb-5 mb-lg-0&#8243;]\r\n    <div class=\"blob-image-wrap\">\r\n        <img decoding=\"async\" src=\"https:\/\/gezonde-darmflora.nl\/wp-content\/uploads\/2020\/08\/immuunsysteem-verhogen.jpg\">\r\n    <\/div>\r\n    <p class=\"blob-image__caption\">Einfach ausgedr\u00fcckt, ist das Immunsystem Ihr Abwehrsystem. Ihr Immunsystem ist weitgehend angeboren. <\/p>\r\n\r\n    <div class=\"eye_empty_space pt-md-5 pb-md-5   pt-4 pb-4\"><\/div>[\/vc_column][\/vc_row][vc_section full_width=&#8220;stretch_row&#8220; el_class=&#8220;bg-green&#8220;][vc_row][vc_column offset=&#8220;vc_col-lg-offset-2 vc_col-lg-8&#8243;][vc_column_text]<\/p>\n<h2>Die wichtige Rolle der Darmflora f\u00fcr Ihr Immunsystem<\/h2>\n<p>Um Ihren K\u00f6rper zu sch\u00fctzen, verf\u00fcgt Ihr Immunsystem \u00fcber sch\u00e4tzungsweise 50 Millionen Immunzellen, die sch\u00e4dliche Viren, Pilze und Bakterien vernichten. Der wichtigste Teil unseres Immunsystems befindet sich in unseren D\u00e4rmen! Der Ort, an dem die Bakterien und Viren am meisten interagieren und an dem entschieden wird, was gut f\u00fcr Ihren K\u00f6rper ist und was nicht. Normalerweise l\u00e4uft das reibungslos ab, aber manchmal auch nicht. Nehmen Sie zum Beispiel Morbus Crohn, bei dem das Immunsystem unn\u00f6tigerweise harmlose Darmbakterien angreift. Sie k\u00f6nnen die <a href=\"https:\/\/gezonde-darmflora.nl\/de\/darmflora\/\">Darmflora<\/a> getrost als den Motor des Immunsystems bezeichnen. Sie beeinflusst nicht nur den Stuhlgang und die damit verbundene Verdauung, sondern die Immunzellen in Ihrer Darmflora k\u00e4mpfen auch st\u00e4ndig gegen Bakterien und Viren. Aber auch die Haut, die Magens\u00e4ure, die Enzyme, die Schleimh\u00e4ute und auch Ihr Speichel tragen ihren Teil zu diesem Abwehrprozess gegen ungebetene G\u00e4ste bei. Das Immunsystem ist hochintelligent, erkennt Krankheitserreger, trainiert sich selbst, um sie anzugreifen und arbeitet eng mit der Darmflora zusammen. Die Darmflora bringt dem Immunsystem st\u00e4ndig bei, welche <a href=\"https:\/\/gezonde-darmflora.nl\/de\/darmflora\/gute-und-schlechte-bakterien\/\">Bakterien gut sind und welche nicht<\/a>, und wann ein Virus beseitigt werden muss.[\/vc_column_text][\/vc_column][\/vc_row][\/vc_section][vc_row][vc_column]<div class=\"eye_empty_space pt-md-5 pb-md-5   pt-4 pb-4\"><\/div>[\/vc_column][\/vc_row][vc_row equal_height=&#8220;yes&#8220;][vc_column offset=&#8220;vc_col-md-4&#8243; el_class=&#8220;d-flex align-items-center mb-5 mb-lg-0&#8243;]\r\n    <div class=\"blob-image-wrap\">\r\n        <img decoding=\"async\" src=\"https:\/\/gezonde-darmflora.nl\/wp-content\/uploads\/2020\/08\/cellen-darmen-immuunsysteem-versterken.jpg\">\r\n    <\/div>\r\n    <p class=\"blob-image__caption\"><\/p>\n<p>Dendritische Zellen pr\u00e4sentieren den Lymphozyten Antigene, die eine Immunreaktion ausl\u00f6sen.<span style=\"font-size: 0.8rem;\">Vergr\u00f6\u00dferung = Aktivierung der Immunreaktion.<\/span><\/p>\r\n\r\n    [\/vc_column][vc_column offset=&#8220;vc_col-md-8&#8243;][vc_column_text]<\/p>\n<h2>Wer sind die Hauptakteure in meinem Immunsystem und was tun sie?<\/h2>\n<h3>Dendritische Zellen (IgE)<\/h3>\n<p>Wei\u00dfe Blutk\u00f6rperchen mit langen F\u00fchlern sind die Sp\u00e4her. Sie sp\u00fcren fremdes Material auf und pr\u00e4sentieren es dem Immunsystem. <\/p>\n<h3>B-Zellen<\/h3>\n<p>Das sind die Arbeiter, die Ihr K\u00f6rper in verschiedenen Typen produziert. Sie sind darauf programmiert, ein Toxin oder ein bestimmtes Partikel eines Krankheitserregers aufzusp\u00fcren. Wenn sie etwas finden, setzen sie einen Prozess zur Bildung von Antik\u00f6rpern in Gang, die dann den Erreger unsch\u00e4dlich machen. Sobald die Arbeit erledigt ist, bleiben immer einige dieser B-Zellen in Ihrem K\u00f6rper auf Patrouille, damit das Immunsystem scharf bleibt und superschnell auf ein erneutes Eindringen desselben Krankheitserregers reagiert.<\/p>\n<h3>T-Zellen<\/h3>\n<p>Oder Lymphozyten, die Spezialisten. Sie k\u00f6nnen sofort und gezielt auf Krankheitserreger reagieren. Das tun sie selbst oder sie senden ein Signal, das einen Teil des Immunsystems aktivieren kann.  <\/p>\n<h3>Makrophagen<\/h3>\n<p>Sie k\u00f6nnen sich diese Immunzellen als M\u00fcllsammler vorstellen. Sie s\u00e4ubern die sch\u00e4dlichen Bakterien, toten K\u00f6rperzellen, Viren und anderen Schmutz.[\/vc_column_text]<div class=\"eye_empty_space pt-md-5 pb-md-5   pt-4 pb-4\"><\/div>[\/vc_column][\/vc_row][vc_section full_width=&#8220;stretch_row&#8220; el_class=&#8220;bg-green&#8220;][vc_row][vc_column offset=&#8220;vc_col-lg-offset-2 vc_col-lg-8&#8243;][vc_column_text]<\/p>\n<h2>Symptome einer geringen Resistenz<\/h2>\n<p>Die folgenden Symptome k\u00f6nnen darauf hinweisen, dass Ihr Immunsystem geschw\u00e4cht ist: Kalte H\u00e4nde, wiederholte Verstopfung oder Durchfall, M\u00fcdigkeit, leichtes Fieber, Kopfschmerzen, Hautausschlag, schmerzende Gelenke, Haarausfall, wiederholte Infektionen, \u00dcberempfindlichkeit gegen\u00fcber der Sonne, Kribbeln oder Taubheit in H\u00e4nden und F\u00fc\u00dfen, Schluckbeschwerden, Gewichtsschwankungen, wei\u00dfe Hautflecken, gelbe Haut, gelbe Augen oder trockene Augen.[\/vc_column_text][\/vc_column][\/vc_row][\/vc_section][vc_row][vc_column]<div class=\"eye_empty_space pt-md-5 pb-md-5   pt-4 pb-4\"><\/div>[vc_column_text]<\/p>\n<h2>Tipps zur St\u00e4rkung Ihres Immunsystems<\/h2>\n<h3>1. Kaltes Duschen<strong> <\/strong><\/h3>\n<p>Die Forschung hat bewiesen, dass es funktioniert. Ein gutes Beispiel ist unser Iceman Wim Hof. Durch die Arbeit mit K\u00e4lteresistenz und Atemtechniken gelang es ihm, sein Immunsystem zu st\u00e4rken. Bei Menschen mit Autoimmunkrankheiten ist das Immunsystem \u00fcberaktiv. Die \u00c4rzte versuchen, diese Reaktion mit Medikamenten zu reduzieren. Wim Hof hat gezeigt, dass ein gesunder Mensch eine Immunreaktion auch ohne Medikamente senken kann.[\/vc_column_text]<div class=\"eye_empty_space pt-md-3 pb-md-3   pt-2 pb-2\"><\/div>[\/vc_column][\/vc_row][vc_row][vc_column offset=&#8220;vc_col-md-4&#8243; el_class=&#8220;mb-5 mb-lg-0&#8243;]\r\n    <div class=\"blob-image-wrap\">\r\n        <img decoding=\"async\" src=\"https:\/\/gezonde-darmflora.nl\/wp-content\/uploads\/2020\/08\/tips-immuunsysteem-verhogen.jpg\">\r\n    <\/div>\r\n    <p class=\"blob-image__caption\"><\/p>\r\n\r\n    [\/vc_column][vc_column offset=&#8220;vc_col-md-8&#8243;][vc_column_text]<\/p>\n<h3>2. Verschieben Sie<\/h3>\n<p>Es spielt keine Rolle, wie oder was, solange es k\u00f6rperlich anstrengend ist. Wenn Sie sich mindestens dreimal pro Woche mindestens 20 Minuten lang intensiv bewegen, st\u00e4rken Sie bereits Ihr Immunsystem. Der K\u00f6rper geht entschlossener gegen eindringende Feinde vor und es gibt weniger Raum f\u00fcr chronische Entz\u00fcndungen. Es gibt einen Grund, warum Menschen, die sich viel bewegen, im Durchschnitt weniger Tage im Jahr krank sind. Vergessen Sie nicht, sich ausreichend auszuruhen, denn das ist f\u00fcr Ihren K\u00f6rper genauso wichtig wie Sport.[\/vc_column_text][\/vc_column][\/vc_row][vc_row][vc_column]<div class=\"eye_empty_space pt-md-3 pb-md-3   pt-2 pb-2\"><\/div>[vc_column_text]<\/p>\n<h3>3. Atmen<\/h3>\n<p>Suchen Sie einen <a href=\"https:\/\/gezonde-darmflora.nl\/de\/sprechen-sie-mit-einem-spezialisten-fuer-atemwegserkrankungen\/\">Atemspezialisten<\/a> auf, um eine Erkl\u00e4rung und Analyse zu erhalten. Es scheint so allt\u00e4glich zu sein, zu atmen und wir tun es automatisch. Aber die richtige Atmung in Situationen wie Sport, Ruhe oder Stress kann schon so viel Gutes f\u00fcr Ihren K\u00f6rper tun. Yoga (insbesondere Pranayama) oder Meditation sind ebenfalls gute Praktiken zur Kontrolle der Atmung. Wussten Sie, dass Sie mindestens f\u00fcnfundzwanzigtausendmal am Tag atmen?    <\/p>\n<figure id=\"attachment_670\" aria-describedby=\"caption-attachment-670\" style=\"width: 750px\" class=\"wp-caption aligncenter\"><img decoding=\"async\" class=\"wp-image-670 size-full\" src=\"https:\/\/gezonde-darmflora.nl\/wp-content\/uploads\/2020\/08\/ademhaling-rust.png\" alt=\"Atemstress\" width=\"750\" height=\"424\" srcset=\"https:\/\/gezonde-darmflora.nl\/wp-content\/uploads\/2020\/08\/ademhaling-rust.png 750w, https:\/\/gezonde-darmflora.nl\/wp-content\/uploads\/2020\/08\/ademhaling-rust-600x339.png 600w, https:\/\/gezonde-darmflora.nl\/wp-content\/uploads\/2020\/08\/ademhaling-rust-300x170.png 300w\" sizes=\"(max-width: 750px) 100vw, 750px\" \/><figcaption id=\"caption-attachment-670\" class=\"wp-caption-text\">Analyse der Atemluftprobe bei Stress<\/figcaption><\/figure>\n<p>Rot = Atemmuster. Gelb = Herzfrequenz.<\/p>\n<figure id=\"attachment_671\" aria-describedby=\"caption-attachment-671\" style=\"width: 750px\" class=\"wp-caption aligncenter\"><img decoding=\"async\" class=\"wp-image-671 size-full\" src=\"https:\/\/gezonde-darmflora.nl\/wp-content\/uploads\/2020\/08\/ademhaling-stress-analyse.png\" alt=\"Atempause\" width=\"750\" height=\"426\" srcset=\"https:\/\/gezonde-darmflora.nl\/wp-content\/uploads\/2020\/08\/ademhaling-stress-analyse.png 750w, https:\/\/gezonde-darmflora.nl\/wp-content\/uploads\/2020\/08\/ademhaling-stress-analyse-600x341.png 600w, https:\/\/gezonde-darmflora.nl\/wp-content\/uploads\/2020\/08\/ademhaling-stress-analyse-300x170.png 300w\" sizes=\"(max-width: 750px) 100vw, 750px\" \/><figcaption id=\"caption-attachment-671\" class=\"wp-caption-text\">Beispiel Atemanalyse nach dem Training<\/figcaption><\/figure>\n<h3>4. Positiver werden<\/h3>\n<p>Die Dinge von einer optimistischen Seite aus zu betrachten und Ihre Energie nicht an Negatives zu verschwenden, ist nicht nur gut f\u00fcr Ihre Stimmung und Ihr Umfeld, sondern auch f\u00fcr Ihr Immunsystem. Suzanne Segerstrom, eine amerikanische Psychologin, hat bereits in einer Studie gezeigt, dass Menschen, die optimistisch in die Zukunft blicken, auch eine bessere Immunantwort haben. Patienten mit positiven Erwartungen an eine Behandlung k\u00f6nnen also ihr Immunsystem sogar aktiv in Gang setzen, sagt die Leidener Professorin f\u00fcr Gesundheitspsychologie Andrea Evers.[\/vc_column_text]<div class=\"eye_empty_space pt-md-3 pb-md-3   pt-2 pb-2\"><\/div>[\/vc_column][\/vc_row][vc_row][vc_column offset=&#8220;vc_col-md-8&#8243;][vc_column_text]<\/p>\n<h3>5. Arbeiten Sie an Ihren sozialen Kontakten<\/h3>\n<p>Schaffen Sie sich eine Umgebung mit positiv gesinnten Menschen und vermeiden Sie Einsamkeit. Selbst unsere Gene geraten dann aus dem Gleichgewicht, hat der Biologe Steve Cole herausgefunden. Und das schlie\u00dft automatisch Gene ein, die f\u00fcr das Funktionieren des Immunsystems mitverantwortlich sind. Denn soziale Kontakte reduzieren den Stress und erh\u00f6hen so die Widerstandskraft.[\/vc_column_text][\/vc_column][vc_column offset=&#8220;vc_col-md-4&#8243; el_class=&#8220;mb-5 mb-lg-0&#8243;]\r\n    <div class=\"blob-image-wrap\">\r\n        <img decoding=\"async\" src=\"https:\/\/gezonde-darmflora.nl\/wp-content\/uploads\/2020\/08\/immuunsysteem-verbeteren.jpg\">\r\n    <\/div>\r\n    <p class=\"blob-image__caption\"><\/p>\r\n\r\n    [\/vc_column][\/vc_row][vc_row][vc_column]<div class=\"eye_empty_space pt-md-3 pb-md-3   pt-2 pb-2\"><\/div>[vc_column_text]<\/p>\n<h3>6. Nehmen Sie ein Bad im Sonnenlicht<\/h3>\n<p>Forschungen zeigen, dass beim Sonnenbaden etwas Positives passiert. Das medizinische Zentrum der Georgetown University in Amerika hat herausgefunden, wie. Es sorgt daf\u00fcr, dass sich die T-Zellen im K\u00f6rper schneller bewegen. T-Zellen, unsere Spezialisten, arbeiten am besten, wenn sie sich schnell bewegen k\u00f6nnen. Sie gelangen dann schneller an den Ort einer Infektion und greifen an. Es wird angenommen, dass das blaue Licht der Sonnenstrahlen daf\u00fcr verantwortlich ist.[\/vc_column_text]<div class=\"eye_empty_space pt-md-5 pb-md-5   pt-4 pb-4\"><\/div>[\/vc_column][\/vc_row][vc_section full_width=&#8220;stretch_row&#8220; el_class=&#8220;bg-green&#8220;][vc_row][vc_column offset=&#8220;vc_col-lg-offset-2 vc_col-lg-8&#8243;][vc_column_text]<\/p>\n<h2>Helfen Sie Ihrem Darm, wieder in die Spur zu kommen!<\/h2>\n<p>Wenn Sie geduldig sind und den richtigen Stamm haben, der Ihre Probleme l\u00f6sen kann, dann k\u00f6nnen Probiotika Sie wieder auf Kurs bringen. Aber Probiotika werden wie ein Urlauber betrachtet. Er kommt f\u00fcr eine Weile und geht dann wieder, w\u00e4hrend eine Pupstransplantation eine andere Geschichte ist. Das sind Einwanderer, die ein Haus mit einem Fundament errichten. Der Kot enth\u00e4lt eine ganze Menge Bakterien. In magensaftresistenten Kapseln passieren sie sicher die t\u00f6dliche S\u00e4ure des Magens und erreichen unbeschadet ihr Ziel. Sie siedeln sich an und vermehren sich in Windeseile![\/vc_column_text][\/vc_column][\/vc_row][\/vc_section][vc_row full_width=&#8220;stretch_row_content_no_spaces&#8220; css=&#8220;.vc_custom_1593680854494{margin-bottom: -10rem !important;}&#8220;][vc_column]\r\n    <a href=\"https:\/\/gezonde-darmflora.nl\/poeppillen-bestellen\/\" target=\"\" class=\"no-underline\">\r\n\r\n        <div class=\"cta\" style=\"background-image: url('https:\/\/gezonde-darmflora.nl\/wp-content\/uploads\/2020\/08\/darmflora-gezondheid.jpg')\">\r\n            <div class=\"container\">\r\n                <div class=\"row\">\r\n                    <div class=\"col-12\">\r\n                        <p>\r\n                            <\/p>\n<h3>Helfen Sie auch Ihrer Darmflora, gesund zu bleiben?<\/h3>\n<h4>In unserem Shop finden Sie alles, was Sie brauchen.<\/h4>\n<p>                        <\/p>\r\n                        <div class=\"cta__button svg-btn svg-btn-darkgreen\">\r\n                            <svg xmlns=\"http:\/\/www.w3.org\/2000\/svg\" width=\"50\" height=\"50\" viewBox=\"0 0 55 50\"><defs><\/defs><g id=\"Layer_2\" data-name=\"Layer 2\"><g id=\"Layer_1-2\" data-name=\"Layer 1\"><path width=\"100%\" height=\"100%\" class=\"anime\" d=\"M1.16,31.86C5.61,44.26,19.3,52,32.23,49.6C40.23,48.11,48.89,42.33,51.61,34.400000000000006C53.61,28.510000000000005,51.839999999999996,22.550000000000004,49.23,17.210000000000004C46.23,10.990000000000006,43.06999999999999,4.210000000000004,36.29,1.270000000000005C31,-1,24.8,0,19.64,2.49A45,45,0,0,0,10.57,8.66C8.39,10.5,5.430000000000001,12.280000000000001,3.6400000000000006,14.46C-0.3,19.28,-0.9,26.13,1.16,31.86Z\"\/><\/g><\/g><\/svg>\r\n                            <i class=\"far fa-long-arrow-alt-right\"><\/i>\r\n                        <\/div>\r\n                    <\/div>\r\n                <\/div>\r\n            <\/div>\r\n        <\/div>\r\n\r\n    <\/a>\r\n\r\n    [\/vc_column][\/vc_row]<\/p>\n<\/div>","protected":false},"excerpt":{"rendered":"<p>[vc_row full_width=&#8220;stretch_row_content_no_spaces&#8220;][vc_column][\/vc_column][\/vc_row][vc_row equal_height=&#8220;yes&#8220;][vc_column offset=&#8220;vc_col-md-8&#8243;][vc_column_text]Seit Covid-19 ist wieder einmal klar geworden, dass ein gutes Immunsystem entscheidend ist. Die Menschen fangen endlich an, mehr auf ihre Ern\u00e4hrung zu achten und sich mehr zu bewegen. Mit der erzwungenen Auszeit gab es pl\u00f6tzlich Raum zum Nachdenken. Muss ich wirklich so viel tun und ist das nicht sch\u00e4dlich f\u00fcr meinen\u2026 <a href=\"https:\/\/gezonde-darmflora.nl\/de\/darmflora\/immunsystem\/\">Mehr lesen &raquo;<\/a><\/p>\n","protected":false},"author":4,"featured_media":0,"parent":14768,"menu_order":0,"comment_status":"closed","ping_status":"closed","template":"","meta":{"_acf_changed":false,"footnotes":""},"class_list":["post-14792","page","type-page","status-publish","hentry"],"acf":[],"yoast_head":"<!-- This site is optimized with the Yoast SEO plugin v27.1.1 - https:\/\/yoast.com\/product\/yoast-seo-wordpress\/ -->\n<title>St\u00e4rkung des Immunsystems: Die Bedeutung einer gesunden Darmflora<\/title>\n<meta name=\"description\" content=\"Die Darmflora kann getrost als der Motor des Immunsystems bezeichnet werden. Lesen Sie hier \u00fcber die Symptome eines schwachen Immunsystems und wie Sie es st\u00e4rken k\u00f6nnen.\" \/>\n<meta name=\"robots\" content=\"index, follow, max-snippet:-1, max-image-preview:large, max-video-preview:-1\" \/>\n<link rel=\"canonical\" href=\"https:\/\/gezonde-darmflora.nl\/de\/darmflora\/immunsystem\/\" \/>\n<meta property=\"og:locale\" content=\"de_DE\" \/>\n<meta property=\"og:type\" content=\"article\" \/>\n<meta property=\"og:title\" content=\"St\u00e4rkung des Immunsystems: Die Bedeutung einer gesunden Darmflora\" \/>\n<meta property=\"og:description\" content=\"Die Darmflora kann getrost als der Motor des Immunsystems bezeichnet werden. Lesen Sie hier \u00fcber die Symptome eines schwachen Immunsystems und wie Sie es st\u00e4rken k\u00f6nnen.\" \/>\n<meta property=\"og:url\" content=\"https:\/\/gezonde-darmflora.nl\/de\/darmflora\/immunsystem\/\" \/>\n<meta property=\"og:site_name\" content=\"Gezonde Darmflora\" \/>\n<meta property=\"article:modified_time\" content=\"2025-01-27T09:26:07+00:00\" \/>\n<meta property=\"og:image\" content=\"https:\/\/gezonde-darmflora.nl\/wp-content\/uploads\/2020\/08\/ademhaling-rust.png\" \/>\n<meta name=\"twitter:card\" content=\"summary_large_image\" \/>\n<meta name=\"twitter:label1\" content=\"Gesch\u00e4tzte Lesezeit\" \/>\n\t<meta name=\"twitter:data1\" content=\"9\u00a0Minuten\" \/>\n<script type=\"application\/ld+json\" class=\"yoast-schema-graph\">{\"@context\":\"https:\/\/schema.org\",\"@graph\":[{\"@type\":\"WebPage\",\"@id\":\"https:\/\/gezonde-darmflora.nl\/de\/darmflora\/immunsystem\/\",\"url\":\"https:\/\/gezonde-darmflora.nl\/de\/darmflora\/immunsystem\/\",\"name\":\"St\u00e4rkung des Immunsystems: Die Bedeutung einer gesunden Darmflora\",\"isPartOf\":{\"@id\":\"https:\/\/gezonde-darmflora.nl\/de\/#website\"},\"primaryImageOfPage\":{\"@id\":\"https:\/\/gezonde-darmflora.nl\/de\/darmflora\/immunsystem\/#primaryimage\"},\"image\":{\"@id\":\"https:\/\/gezonde-darmflora.nl\/de\/darmflora\/immunsystem\/#primaryimage\"},\"thumbnailUrl\":\"https:\/\/gezonde-darmflora.nl\/wp-content\/uploads\/2020\/08\/ademhaling-rust.png\",\"datePublished\":\"2020-07-17T02:19:51+00:00\",\"dateModified\":\"2025-01-27T09:26:07+00:00\",\"description\":\"Die Darmflora kann getrost als der Motor des Immunsystems bezeichnet werden. Lesen Sie hier \u00fcber die Symptome eines schwachen Immunsystems und wie Sie es st\u00e4rken k\u00f6nnen.\",\"breadcrumb\":{\"@id\":\"https:\/\/gezonde-darmflora.nl\/de\/darmflora\/immunsystem\/#breadcrumb\"},\"inLanguage\":\"de\",\"potentialAction\":[{\"@type\":\"ReadAction\",\"target\":[\"https:\/\/gezonde-darmflora.nl\/de\/darmflora\/immunsystem\/\"]}]},{\"@type\":\"ImageObject\",\"inLanguage\":\"de\",\"@id\":\"https:\/\/gezonde-darmflora.nl\/de\/darmflora\/immunsystem\/#primaryimage\",\"url\":\"https:\/\/gezonde-darmflora.nl\/wp-content\/uploads\/2020\/08\/ademhaling-rust.png\",\"contentUrl\":\"https:\/\/gezonde-darmflora.nl\/wp-content\/uploads\/2020\/08\/ademhaling-rust.png\"},{\"@type\":\"BreadcrumbList\",\"@id\":\"https:\/\/gezonde-darmflora.nl\/de\/darmflora\/immunsystem\/#breadcrumb\",\"itemListElement\":[{\"@type\":\"ListItem\",\"position\":1,\"name\":\"Home\",\"item\":\"https:\/\/gezonde-darmflora.nl\/de\/\"},{\"@type\":\"ListItem\",\"position\":2,\"name\":\"Darmflora\",\"item\":\"https:\/\/gezonde-darmflora.nl\/de\/darmflora\/\"},{\"@type\":\"ListItem\",\"position\":3,\"name\":\"Immunsystem\"}]},{\"@type\":\"WebSite\",\"@id\":\"https:\/\/gezonde-darmflora.nl\/de\/#website\",\"url\":\"https:\/\/gezonde-darmflora.nl\/de\/\",\"name\":\"Gezonde Darmflora\",\"description\":\"Een gezonde &amp; natuurlijke darmflora\",\"potentialAction\":[{\"@type\":\"SearchAction\",\"target\":{\"@type\":\"EntryPoint\",\"urlTemplate\":\"https:\/\/gezonde-darmflora.nl\/de\/?s={search_term_string}\"},\"query-input\":{\"@type\":\"PropertyValueSpecification\",\"valueRequired\":true,\"valueName\":\"search_term_string\"}}],\"inLanguage\":\"de\"}]}<\/script>\n<!-- \/ Yoast SEO plugin. -->","yoast_head_json":{"title":"St\u00e4rkung des Immunsystems: Die Bedeutung einer gesunden Darmflora","description":"Die Darmflora kann getrost als der Motor des Immunsystems bezeichnet werden. Lesen Sie hier \u00fcber die Symptome eines schwachen Immunsystems und wie Sie es st\u00e4rken k\u00f6nnen.","robots":{"index":"index","follow":"follow","max-snippet":"max-snippet:-1","max-image-preview":"max-image-preview:large","max-video-preview":"max-video-preview:-1"},"canonical":"https:\/\/gezonde-darmflora.nl\/de\/darmflora\/immunsystem\/","og_locale":"de_DE","og_type":"article","og_title":"St\u00e4rkung des Immunsystems: Die Bedeutung einer gesunden Darmflora","og_description":"Die Darmflora kann getrost als der Motor des Immunsystems bezeichnet werden. Lesen Sie hier \u00fcber die Symptome eines schwachen Immunsystems und wie Sie es st\u00e4rken k\u00f6nnen.","og_url":"https:\/\/gezonde-darmflora.nl\/de\/darmflora\/immunsystem\/","og_site_name":"Gezonde Darmflora","article_modified_time":"2025-01-27T09:26:07+00:00","og_image":[{"url":"https:\/\/gezonde-darmflora.nl\/wp-content\/uploads\/2020\/08\/ademhaling-rust.png","type":"","width":"","height":""}],"twitter_card":"summary_large_image","twitter_misc":{"Gesch\u00e4tzte Lesezeit":"9\u00a0Minuten"},"schema":{"@context":"https:\/\/schema.org","@graph":[{"@type":"WebPage","@id":"https:\/\/gezonde-darmflora.nl\/de\/darmflora\/immunsystem\/","url":"https:\/\/gezonde-darmflora.nl\/de\/darmflora\/immunsystem\/","name":"St\u00e4rkung des Immunsystems: Die Bedeutung einer gesunden Darmflora","isPartOf":{"@id":"https:\/\/gezonde-darmflora.nl\/de\/#website"},"primaryImageOfPage":{"@id":"https:\/\/gezonde-darmflora.nl\/de\/darmflora\/immunsystem\/#primaryimage"},"image":{"@id":"https:\/\/gezonde-darmflora.nl\/de\/darmflora\/immunsystem\/#primaryimage"},"thumbnailUrl":"https:\/\/gezonde-darmflora.nl\/wp-content\/uploads\/2020\/08\/ademhaling-rust.png","datePublished":"2020-07-17T02:19:51+00:00","dateModified":"2025-01-27T09:26:07+00:00","description":"Die Darmflora kann getrost als der Motor des Immunsystems bezeichnet werden. Lesen Sie hier \u00fcber die Symptome eines schwachen Immunsystems und wie Sie es st\u00e4rken k\u00f6nnen.","breadcrumb":{"@id":"https:\/\/gezonde-darmflora.nl\/de\/darmflora\/immunsystem\/#breadcrumb"},"inLanguage":"de","potentialAction":[{"@type":"ReadAction","target":["https:\/\/gezonde-darmflora.nl\/de\/darmflora\/immunsystem\/"]}]},{"@type":"ImageObject","inLanguage":"de","@id":"https:\/\/gezonde-darmflora.nl\/de\/darmflora\/immunsystem\/#primaryimage","url":"https:\/\/gezonde-darmflora.nl\/wp-content\/uploads\/2020\/08\/ademhaling-rust.png","contentUrl":"https:\/\/gezonde-darmflora.nl\/wp-content\/uploads\/2020\/08\/ademhaling-rust.png"},{"@type":"BreadcrumbList","@id":"https:\/\/gezonde-darmflora.nl\/de\/darmflora\/immunsystem\/#breadcrumb","itemListElement":[{"@type":"ListItem","position":1,"name":"Home","item":"https:\/\/gezonde-darmflora.nl\/de\/"},{"@type":"ListItem","position":2,"name":"Darmflora","item":"https:\/\/gezonde-darmflora.nl\/de\/darmflora\/"},{"@type":"ListItem","position":3,"name":"Immunsystem"}]},{"@type":"WebSite","@id":"https:\/\/gezonde-darmflora.nl\/de\/#website","url":"https:\/\/gezonde-darmflora.nl\/de\/","name":"Gezonde Darmflora","description":"Een gezonde &amp; natuurlijke darmflora","potentialAction":[{"@type":"SearchAction","target":{"@type":"EntryPoint","urlTemplate":"https:\/\/gezonde-darmflora.nl\/de\/?s={search_term_string}"},"query-input":{"@type":"PropertyValueSpecification","valueRequired":true,"valueName":"search_term_string"}}],"inLanguage":"de"}]}},"_links":{"self":[{"href":"https:\/\/gezonde-darmflora.nl\/de\/wp-json\/wp\/v2\/pages\/14792","targetHints":{"allow":["GET"]}}],"collection":[{"href":"https:\/\/gezonde-darmflora.nl\/de\/wp-json\/wp\/v2\/pages"}],"about":[{"href":"https:\/\/gezonde-darmflora.nl\/de\/wp-json\/wp\/v2\/types\/page"}],"author":[{"embeddable":true,"href":"https:\/\/gezonde-darmflora.nl\/de\/wp-json\/wp\/v2\/users\/4"}],"replies":[{"embeddable":true,"href":"https:\/\/gezonde-darmflora.nl\/de\/wp-json\/wp\/v2\/comments?post=14792"}],"version-history":[{"count":1,"href":"https:\/\/gezonde-darmflora.nl\/de\/wp-json\/wp\/v2\/pages\/14792\/revisions"}],"predecessor-version":[{"id":14795,"href":"https:\/\/gezonde-darmflora.nl\/de\/wp-json\/wp\/v2\/pages\/14792\/revisions\/14795"}],"up":[{"embeddable":true,"href":"https:\/\/gezonde-darmflora.nl\/de\/wp-json\/wp\/v2\/pages\/14768"}],"wp:attachment":[{"href":"https:\/\/gezonde-darmflora.nl\/de\/wp-json\/wp\/v2\/media?parent=14792"}],"curies":[{"name":"wp","href":"https:\/\/api.w.org\/{rel}","templated":true}]}}