{"id":14769,"date":"2020-06-18T15:19:11","date_gmt":"2020-06-18T13:19:11","guid":{"rendered":"https:\/\/gezonde-darmflora.nl\/haeufig-gestellte-fragen\/"},"modified":"2025-01-27T10:25:53","modified_gmt":"2025-01-27T09:25:53","slug":"haeufig-gestellte-fragen","status":"publish","type":"page","link":"https:\/\/gezonde-darmflora.nl\/de\/haeufig-gestellte-fragen\/","title":{"rendered":"H\u00e4ufig gestellte Fragen"},"content":{"rendered":"<div class=\"wpb-content-wrapper\"><p>[vc_row full_width=&#8220;stretch_row_content_no_spaces&#8220;][vc_column]\r\n    <div class=\"page-title\">\r\n        <div class=\"container\">\r\n            <div class=\"row\">\r\n                <div class=\"col\">\r\n                    <h1>Fragen und Antworten<\/h1>\r\n                <\/div>\r\n            <\/div>\r\n        <\/div>\r\n    <\/div>\r\n\r\n    [\/vc_column][\/vc_row][vc_row][vc_column][vc_column_text]Ist Ihre Frage hier nicht aufgef\u00fchrt? Dann stellen Sie sie \u00fcber <a href=\"https:\/\/gezonde-darmflora.nl\/de\/kontakt\/\">das Kontaktformular<\/a> und wir werden die Frage und die Antwort hinzuf\u00fcgen oder Sie erhalten eine pers\u00f6nliche Antwort.[\/vc_column_text][\/vc_column][\/vc_row][vc_section][vc_row][vc_column][vc_column_text]<\/p>\n<h3 style=\"text-align: center;\">Produkt<\/h3>\n<p>[\/vc_column_text][vc_tta_accordion][vc_tta_section title=&#8220;Sollte mein eigener Stuhl vor der Transplantation auf Bakterien untersucht werden?&#8220; tab_id=&#8220;1595921155635-e38b0080-8721&#8243;][vc_column_text]Nein, das m\u00fcssen Sie nicht. M\u00f6chten Sie einen Einblick in das bekommen, was die Transplantation mit Ihnen gemacht hat? Dann k\u00f6nnen Sie ein <a href=\"https:\/\/gezonde-darmflora.nl\/product\/df-testpakket-a\/\">Testkit f\u00fcr die Darmflora<\/a> kaufen.[\/vc_column_text][\/vc_tta_section][vc_tta_section title=&#8220;Wird eine Transplantation bei meinen Problemen helfen?&#8220; tab_id=&#8220;1629115657893-21c4dedb-b452&#8243;][vc_column_text]Finden Sie heraus, ob Ihre Probleme durch eine gest\u00f6rte Darmflora verursacht werden k\u00f6nnten. Wenn es einen Zusammenhang zwischen beiden gibt, kann eine Transplantation helfen.[\/vc_column_text][\/vc_tta_section][vc_tta_section title=&#8220;Sind Sie immer noch von Morbus Crohn befreit und m\u00fcssen Sie weiterhin diese Kapseln einnehmen?&#8220; tab_id=&#8220;1595921260885-1e0cb556-6724&#8243;][vc_column_text]Ich bin seit Ende 2014 medikamentenfrei. Habe in den Jahren seither keinen MDL-Arzt mehr gesehen und bin auch froh, keine Zuzahlung der Krankenkasse zahlen zu m\u00fcssen. Ich habe nach einem Jahr zusammen mit meiner ersten Testgruppe eine weitere Portion Poop-Kapseln von meinem ersten Spender eingenommen. Sollte ich jemals merken, dass ich mich wieder weniger fit f\u00fchle oder wieder Probleme mit meinem Magen und Stuhlgang habe, werde ich eine weitere Portion von einem neuen (anderen) Spender einnehmen.[\/vc_column_text][\/vc_tta_section][vc_tta_section title=&#8220;K\u00f6nnen Sie nach einer Kacktransplantation wieder etwas essen?&#8220; tab_id=&#8220;1595921323627-0745fdb9-446d&#8220;][vc_column_text]Mein Cousin, der an Diabetes 2 leidet, hatte sich schon den ganzen Morgen auf den Big Mac gefreut, den er danach bekommen sollte&#8230;. Wenn Sie z.B. fanatisch Sport treiben, sollten Sie sich auch gut ausruhen, gut essen und ausreichend Wasser trinken, sonst war ein gro\u00dfer Teil der geleisteten Arbeit umsonst. Mit den Darmbakterien verh\u00e4lt es sich genauso. Sie m\u00fcssen sie immer wieder gut f\u00fcttern. Wenn Sie sich gesund ern\u00e4hren, k\u00f6nnen Sie tats\u00e4chlich alles essen. Wenn Sie sich ungesund ern\u00e4hren, machen Sie einen Termin bei einem Ern\u00e4hrungsberater. Wenn Sie eine Lebensmittelallergie haben, seien Sie besonders vorsichtig mit den Lebensmitteln, die Sie essen! Machen Sie vorsichtshalber erst einen Test auf Nahrungsmittelunvertr\u00e4glichkeiten.[\/vc_column_text][\/vc_tta_section][vc_tta_section title=&#8220;Kann ich andere Medikamente sofort absetzen?&#8220; tab_id=&#8220;1595921571530-ad663b16-0066&#8243;][vc_column_text]Ich bin weder Arzt noch Mediziner und kann daher keine Ratschl\u00e4ge geben. Mein Gedankengang, als ich das tat, war folgender: Mein K\u00f6rper wird jetzt f\u00fcr eine schlechte Darmflora medikament\u00f6s behandelt. Ich nehme jetzt eine gesunde Darmflora zu mir. Lasse ich sie gegen meine schlechte Darmflora k\u00e4mpfen oder k\u00e4mpfe ich gegen meine schlechte Darmflora und die Medikamente?[\/vc_column_text][\/vc_tta_section][vc_tta_section title=&#8220;Warum kann ich keinen Beratungstermin bekommen?&#8220; tab_id=&#8220;1596458140402-84014fa1-3b70&#8243;][vc_column_text]Wir d\u00fcrfen Ihnen keine Ratschl\u00e4ge geben. Da Kacktransplantationen in der medizinischen Gemeinschaft immer noch ein heikles Thema sind, liegt die Verantwortung ganz bei Ihnen und es wird von Ihnen erwartet, dass Sie selbst recherchieren.[\/vc_column_text][\/vc_tta_section][vc_tta_section title=&#8220;Kann ich die Kosten bei meiner Krankenkasse einreichen?&#8220; tab_id=&#8220;1596458225344-f2f410dc-db28&#8243;][vc_column_text]Nein, das k\u00f6nnen Sie nicht. Kacke ist keine Medizin.[\/vc_column_text][\/vc_tta_section][\/vc_tta_accordion][\/vc_column][\/vc_row][\/vc_section][vc_section full_width=&#8220;stretch_row&#8220; el_class=&#8220;bg-green&#8220;][vc_row][vc_column][vc_column_text]<\/p>\n<h3 style=\"text-align: center;\">Spender<\/h3>\n<p>[\/vc_column_text][vc_tta_accordion][vc_tta_section title=&#8220;Woher wei\u00df ich, dass der Prozess (d.h. die Untersuchung des Spenders) sicher war und auf die richtigen Bakterien gepr\u00fcft wurde? So zuverl\u00e4ssig. &#8220; tab_id=&#8220;1595921802135-d6c57383-981d&#8220;][vc_column_text]Wir testen gem\u00e4\u00df den Anforderungen der NDFB-Bank. Aber ein wenig h\u00e4ufiger, ausf\u00fchrlicher und strenger. Die Ergebnisse werden mit unserem Arzt besprochen. Wenn bei dem Test (oder dem Fragebogen davor) etwas nicht in Ordnung ist, wird ein Spender NICHT verwendet. Die Spender, die wir einsetzen, haben den Test bestanden und werden jeden Monat erneut auf F\u00e4kalien getestet, im Zweifelsfall auch fr\u00fcher. Blut wird alle 2 Monate getestet, im Zweifelsfall auch fr\u00fcher. Informationen dar\u00fcber, worauf wir testen, finden Sie unter der \u00dcberschrift &#8218;Darmflora-Testspender&#8216; auf der Seite <a href=\"https:\/\/gezonde-darmflora.nl\/darmflora-testen\/\">Darmflora-Test<\/a>.[\/vc_column_text][\/vc_tta_section][vc_tta_section title=&#8220;Woher wissen Sie, welchen Darmfloratyp Ihre Spender haben?&#8220; tab_id=&#8220;1595921802315-aa1a452e-115d&#8220;][vc_column_text css=&#8220;&#8220;]Das l\u00e4sst sich mit einem Mikrobiom-Bericht leicht testen. Diesen k\u00f6nnen Sie online anfordern und ein Test kostet etwa 185 Euro.[\/vc_column_text][\/vc_tta_section][vc_tta_section title=&#8220;Kann mein Sohn oder meine Tochter nicht Spender werden?&#8220; tab_id=&#8220;1595921802367-c1a9d294-5897&#8243;][vc_column_text]Wenn es in der Familie des Spenders Darmkrankheiten gibt, scheidet ein Spender bereits aus. Wir sind immer auf der Suche nach Spendern. Lesen Sie den Blog <a href=\"https:\/\/gezonde-darmflora.nl\/de\/der-ideale-spender\/\">&#8222;Der ideale Spender&#8220;<\/a> und die Seite <a href=\"https:\/\/gezonde-darmflora.nl\/darmflora-testen\/\">Darmfloratests<\/a> f\u00fcr weitere Informationen.[\/vc_column_text][\/vc_tta_section][vc_tta_section title=&#8220;Kann ich selbst einen Spender testen und Pillen von dieser Person herstellen lassen?&#8220; tab_id=&#8220;1595921802418-b8eb7207-3c87&#8243;][vc_column_text]Unsere Kosten f\u00fcr den Test eines Spenders belaufen sich auf etwa 1.500 Euro. Leider lehnt der Hausarzt in den meisten F\u00e4llen einen Gesundheitstest ab. Wenn Sie doch einen bekommen, verlieren Sie Ihren eigenen Beitrag zur Krankenversicherung. Wenn Sie dann noch die zus\u00e4tzlichen Kosten f\u00fcr die Herstellung und das Material hinzurechnen, liegen Sie am Ende weit \u00fcber dem Betrag, den wir verlangen. Andererseits verstehen wir, dass ein vertrauensw\u00fcrdiger Spender auch nett sein kann und vielleicht kann Ihr Spender (wenn er in der Zwiebelgegend lebt und zwischen 18 und 30 Jahre alt ist) sich uns anschlie\u00dfen. <a href=\"https:\/\/gezonde-darmflora.nl\/de\/kontakt\/\">Bitte erkundigen Sie sich bei uns<\/a> nach den M\u00f6glichkeiten.[\/vc_column_text][\/vc_tta_section][vc_tta_section title=&#8220;Meine gr\u00f6\u00dfte Angst ist die \u00dcbertragung von Krankheiten durch eine Transplantation. Wissen Sie, ob ein Spender auch auf HIV und dergleichen getestet wird? &#8220; tab_id=&#8220;1595922171069-25ca0aec-0001&#8243;][vc_column_text]Ja, nat\u00fcrlich! Alles, worauf wir Spender testen, finden Sie unter der \u00dcberschrift &#8218;Darmtest Spender&#8216; auf der Seite <a href=\"https:\/\/gezonde-darmflora.nl\/darmflora-testen\/\">Darmtest<\/a>. Wir verwenden diesen Fragebogen und die entsprechenden Tests. Die Energie, die ein Spender hat, ist f\u00fcr uns sehr wichtig, und wir achten auch auf Disziplin, Stabilit\u00e4t, Umwelt und Stoffwechsel. Vergessen Sie nicht, dass der Gr\u00fcnder selbst von einer Kottransplantation profitiert hat. Und dass er selbst auch ein Interesse an einem guten Spender hat, falls n\u00f6tig.[\/vc_column_text][\/vc_tta_section][vc_tta_section title=&#8220;Kann mein Mann nicht Spender werden?&#8220; tab_id=&#8220;1596457997121-250563e8-296a&#8220;][vc_column_text]Das ist m\u00f6glich, wenn es in seiner Familie keine Darmkrankheiten gibt. Wenn Ihr Mann \u00fcber 30 Jahre alt ist, steigt die Wahrscheinlichkeit von Parasiten und \u00c4hnlichem. Fragen <a href=\"https:\/\/gezonde-darmflora.nl\/de\/kontakt\/\">Sie uns<\/a> nach Optionen.[\/vc_column_text][\/vc_tta_section][vc_tta_section title=&#8220;Ich m\u00f6chte dem Spender pers\u00f6nlich danken, ist das m\u00f6glich?&#8220; tab_id=&#8220;1615816756816-fd57e302-81cd&#8220;][vc_column_text]Wir halten die Spender anonym. Nat\u00fcrlich sind die Spender sehr engagiert und lesen ihre entsprechenden Bewertungen. <a href=\"https:\/\/gezonde-darmflora.nl\/de\/kontakt\/\">Schicken Sie uns<\/a> das Formular, mit dem Sie sich bei dem Spender bedanken m\u00f6chten, und wir werden daf\u00fcr sorgen, dass es den richtigen Spender erreicht.[\/vc_column_text][\/vc_tta_section][\/vc_tta_accordion][\/vc_column][\/vc_row][\/vc_section][vc_section][vc_row][vc_column][vc_column_text]<\/p>\n<h3 style=\"text-align: center;\">Bestellungen<\/h3>\n<p>[\/vc_column_text][vc_tta_accordion][vc_tta_section title=&#8220;Wie kann ich bestellen?&#8220; tab_id=&#8220;1595921021492-3bff8223-db6f&#8220;][vc_column_text]Sie k\u00f6nnen nur online in unserem <a href=\"https:\/\/gezonde-darmflora.nl\/de\/shop\/\">Shop<\/a> bestellen. Unter der Rubrik Kundenservice\/Bestellung<a href=\"https:\/\/gezonde-darmflora.nl\/de\/bestellung-und-bezahlung\/\">und Zahlung<\/a> finden Sie die Vorgehensweise.[\/vc_column_text][\/vc_tta_section][vc_tta_section title=&#8220;Wie kann ich meine Bestellung bezahlen?&#8220; tab_id=&#8220;1595921021531-43c5ac71-caae&#8220;][vc_column_text]Unser Zahlungssystem erm\u00f6glicht es Ihnen, \u00fcber die \u00fcblichen Kan\u00e4le zu bezahlen. Unter der Rubrik Kundenservice\/Bestellung<a href=\"https:\/\/gezonde-darmflora.nl\/de\/bestellung-und-bezahlung\/\">und Zahlung<\/a> finden Sie das Verfahren.[\/vc_column_text][\/vc_tta_section][vc_tta_section title=&#8220;Ich m\u00f6chte einen extragro\u00dfen Karton bestellen. Wo kann ich das angeben?&#8220; tab_id=&#8220;1623144409192-dfe7ad53-c7ea&#8220;][vc_column_text]Wir versenden in Standardkartons am Montag. Wenn Sie es sp\u00e4ter als Donnerstag abholen m\u00f6chten, bestellen Sie bitte selbst und f\u00fcgen Sie Trockeneis hinzu. Wenn Sie einen besonderen Wunsch haben, schicken Sie uns bitte eine E-Mail.[\/vc_column_text][\/vc_tta_section][vc_tta_section title=&#8220;Ich habe meine Meinung ge\u00e4ndert und m\u00f6chte die Bestellung stornieren, kann ich das?&#8220; tab_id=&#8220;1596458301367-a219d866-4e1f&#8220;][vc_column_text]Sie k\u00f6nnen dies bis zu 24 Stunden im Voraus tun. Bis Sonntag 16.59 Uhr k\u00f6nnen Sie sich in unser System einloggen und Ihre Bestellung stornieren. Der Betrag der Bestellung wird dann automatisch erstattet.[\/vc_column_text][\/vc_tta_section][\/vc_tta_accordion][\/vc_column][\/vc_row][\/vc_section][vc_section full_width=&#8220;stretch_row&#8220; el_class=&#8220;bg-green&#8220;][vc_row][vc_column][vc_column_text]<\/p>\n<h3 style=\"text-align: center;\">Lieferung<\/h3>\n<p>[\/vc_column_text][vc_tta_accordion][vc_tta_section title=&#8220;Warum kann ich keine Wochenendzustellung bekommen?&#8220; tab_id=&#8220;1595921940430-615e3c4c-c4eb&#8220;][vc_column_text]Wir versenden nur montags mit Zustelldienst vor Mittag. Leider kommt es immer wieder zu Versp\u00e4tungen. F\u00fcr die Niederlande haben wir eine 8,5 Kilo schwere Trockeneisbox. Das ist im Grunde genug Trockeneis, um das Produkt bis Donnerstag abzudecken.<\/p>\n<p>[\/vc_column_text][\/vc_tta_section][vc_tta_section title=&#8220;Aufgrund h\u00f6herer Gewalt bin ich an dem Tag, an dem mein Produkt geliefert wird, nicht zu Hause. Kann ich das Lieferdatum verschieben? &#8220; tab_id=&#8220;1596458259218-0943e7cf-fbe0&#8243;][vc_column_text]Dies k\u00f6nnen Sie bis zu 24 Stunden im Voraus tun. Bis Sonntag, 16.59 Uhr, k\u00f6nnen Sie sich in unser System einloggen und das Lieferdatum \u00e4ndern.[\/vc_column_text][\/vc_tta_section][vc_tta_section title=&#8220;Ich wohne nicht in den Niederlanden. Kann ich auch ins Ausland geliefert bekommen? &#8220; tab_id=&#8220;1615816166769-07b0b0ad-05bf&#8220;][vc_column_text css=&#8220;&#8220;]Wir liefern innerhalb und au\u00dferhalb der EU. Auch in L\u00e4nder wie England oder Amerika![\/vc_column_text][\/vc_tta_section][\/vc_tta_accordion][\/vc_column][\/vc_row][\/vc_section][vc_section full_width=&#8220;stretch_row&#8220;][vc_row][vc_column][vc_column_text]<\/p>\n<h3 style=\"text-align: center;\">R\u00fcckkehr<\/h3>\n<p>[\/vc_column_text][vc_tta_accordion][vc_tta_section title=&#8220;Warum kann ich ein Produkt nicht zur\u00fcckgeben?&#8220; tab_id=&#8220;1593695258254-fecb5ba2-0d01&#8243;][vc_column_text]Nach dem Auftauen der Kapseln ist es nicht mehr m\u00f6glich, sie wieder einzufrieren. Bei Produkten, bei denen Hygiene wichtig ist, k\u00f6nnen diese Produkte aus Gr\u00fcnden des Gesundheitsschutzes nicht zur\u00fcckgegeben werden, wenn das Siegel nach der Lieferung aufgebrochen wurde.[\/vc_column_text][\/vc_tta_section][\/vc_tta_accordion][\/vc_column][\/vc_row][\/vc_section][vc_row][vc_column]<div class=\"eye_empty_space pt-md-5 pb-md-5   pt-4 pb-4\"><\/div>[vc_column_text]<\/p>\n<h3 style=\"text-align: center;\">Haben Sie nicht gefunden, wonach Sie gesucht haben?<\/h3>\n<p style=\"text-align: center;\"><a class=\"btn btn-link\" href=\"https:\/\/gezonde-darmflora.nl\/de\/kontakt\/\">Kontaktieren Sie uns<\/a><\/p>\n<p>[\/vc_column_text][\/vc_column][\/vc_row]<\/p>\n<\/div>","protected":false},"excerpt":{"rendered":"<p>[vc_row full_width=&#8220;stretch_row_content_no_spaces&#8220;][vc_column][\/vc_column][\/vc_row][vc_row][vc_column][vc_column_text]Ist Ihre Frage hier nicht aufgef\u00fchrt? Dann stellen Sie sie \u00fcber das Kontaktformular und wir werden die Frage und die Antwort hinzuf\u00fcgen oder Sie erhalten eine pers\u00f6nliche Antwort.[\/vc_column_text][\/vc_column][\/vc_row][vc_section][vc_row][vc_column][vc_column_text] Produkt [\/vc_column_text][vc_tta_accordion][vc_tta_section title=&#8220;Sollte mein eigener Stuhl vor der Transplantation auf Bakterien untersucht werden?&#8220; tab_id=&#8220;1595921155635-e38b0080-8721&#8243;][vc_column_text]Nein, das m\u00fcssen Sie nicht. M\u00f6chten Sie einen Einblick in das bekommen, was\u2026 <a href=\"https:\/\/gezonde-darmflora.nl\/de\/haeufig-gestellte-fragen\/\">Mehr lesen &raquo;<\/a><\/p>\n","protected":false},"author":1,"featured_media":0,"parent":0,"menu_order":0,"comment_status":"closed","ping_status":"closed","template":"","meta":{"_acf_changed":false,"footnotes":""},"class_list":["post-14769","page","type-page","status-publish","hentry"],"acf":[],"yoast_head":"<!-- This site is optimized with the Yoast SEO plugin v27.1.1 - https:\/\/yoast.com\/product\/yoast-seo-wordpress\/ -->\n<title>H\u00e4ufig gestellte Fragen &#8211; Gezonde Darmflora<\/title>\n<meta name=\"robots\" content=\"index, follow, max-snippet:-1, max-image-preview:large, max-video-preview:-1\" \/>\n<link rel=\"canonical\" href=\"https:\/\/gezonde-darmflora.nl\/de\/haeufig-gestellte-fragen\/\" \/>\n<meta property=\"og:locale\" content=\"de_DE\" \/>\n<meta property=\"og:type\" content=\"article\" \/>\n<meta property=\"og:title\" content=\"H\u00e4ufig gestellte Fragen &#8211; Gezonde Darmflora\" \/>\n<meta property=\"og:description\" content=\"[vc_row full_width=&#8220;stretch_row_content_no_spaces&#8220;][vc_column][\/vc_column][\/vc_row][vc_row][vc_column][vc_column_text]Ist Ihre Frage hier nicht aufgef\u00fchrt? Dann stellen Sie sie \u00fcber das Kontaktformular und wir werden die Frage und die Antwort hinzuf\u00fcgen oder Sie erhalten eine pers\u00f6nliche Antwort.[\/vc_column_text][\/vc_column][\/vc_row][vc_section][vc_row][vc_column][vc_column_text] Produkt [\/vc_column_text][vc_tta_accordion][vc_tta_section title=&#8220;Sollte mein eigener Stuhl vor der Transplantation auf Bakterien untersucht werden?&#8220; tab_id=&#8220;1595921155635-e38b0080-8721&#8243;][vc_column_text]Nein, das m\u00fcssen Sie nicht. M\u00f6chten Sie einen Einblick in das bekommen, was\u2026 Mehr lesen &raquo;\" \/>\n<meta property=\"og:url\" content=\"https:\/\/gezonde-darmflora.nl\/de\/haeufig-gestellte-fragen\/\" \/>\n<meta property=\"og:site_name\" content=\"Gezonde Darmflora\" \/>\n<meta property=\"article:modified_time\" content=\"2025-01-27T09:25:53+00:00\" \/>\n<meta name=\"twitter:card\" content=\"summary_large_image\" \/>\n<meta name=\"twitter:label1\" content=\"Gesch\u00e4tzte Lesezeit\" \/>\n\t<meta name=\"twitter:data1\" content=\"10\u00a0Minuten\" \/>\n<script type=\"application\/ld+json\" class=\"yoast-schema-graph\">{\"@context\":\"https:\/\/schema.org\",\"@graph\":[{\"@type\":\"WebPage\",\"@id\":\"https:\/\/gezonde-darmflora.nl\/de\/haeufig-gestellte-fragen\/\",\"url\":\"https:\/\/gezonde-darmflora.nl\/de\/haeufig-gestellte-fragen\/\",\"name\":\"H\u00e4ufig gestellte Fragen &#8211; Gezonde Darmflora\",\"isPartOf\":{\"@id\":\"https:\/\/gezonde-darmflora.nl\/de\/#website\"},\"datePublished\":\"2020-06-18T13:19:11+00:00\",\"dateModified\":\"2025-01-27T09:25:53+00:00\",\"breadcrumb\":{\"@id\":\"https:\/\/gezonde-darmflora.nl\/de\/haeufig-gestellte-fragen\/#breadcrumb\"},\"inLanguage\":\"de\",\"potentialAction\":[{\"@type\":\"ReadAction\",\"target\":[\"https:\/\/gezonde-darmflora.nl\/de\/haeufig-gestellte-fragen\/\"]}]},{\"@type\":\"BreadcrumbList\",\"@id\":\"https:\/\/gezonde-darmflora.nl\/de\/haeufig-gestellte-fragen\/#breadcrumb\",\"itemListElement\":[{\"@type\":\"ListItem\",\"position\":1,\"name\":\"Home\",\"item\":\"https:\/\/gezonde-darmflora.nl\/de\/\"},{\"@type\":\"ListItem\",\"position\":2,\"name\":\"H\u00e4ufig gestellte Fragen\"}]},{\"@type\":\"WebSite\",\"@id\":\"https:\/\/gezonde-darmflora.nl\/de\/#website\",\"url\":\"https:\/\/gezonde-darmflora.nl\/de\/\",\"name\":\"Gezonde Darmflora\",\"description\":\"Een gezonde &amp; natuurlijke darmflora\",\"potentialAction\":[{\"@type\":\"SearchAction\",\"target\":{\"@type\":\"EntryPoint\",\"urlTemplate\":\"https:\/\/gezonde-darmflora.nl\/de\/?s={search_term_string}\"},\"query-input\":{\"@type\":\"PropertyValueSpecification\",\"valueRequired\":true,\"valueName\":\"search_term_string\"}}],\"inLanguage\":\"de\"}]}<\/script>\n<!-- \/ Yoast SEO plugin. -->","yoast_head_json":{"title":"H\u00e4ufig gestellte Fragen &#8211; Gezonde Darmflora","robots":{"index":"index","follow":"follow","max-snippet":"max-snippet:-1","max-image-preview":"max-image-preview:large","max-video-preview":"max-video-preview:-1"},"canonical":"https:\/\/gezonde-darmflora.nl\/de\/haeufig-gestellte-fragen\/","og_locale":"de_DE","og_type":"article","og_title":"H\u00e4ufig gestellte Fragen &#8211; Gezonde Darmflora","og_description":"[vc_row full_width=&#8220;stretch_row_content_no_spaces&#8220;][vc_column][\/vc_column][\/vc_row][vc_row][vc_column][vc_column_text]Ist Ihre Frage hier nicht aufgef\u00fchrt? Dann stellen Sie sie \u00fcber das Kontaktformular und wir werden die Frage und die Antwort hinzuf\u00fcgen oder Sie erhalten eine pers\u00f6nliche Antwort.[\/vc_column_text][\/vc_column][\/vc_row][vc_section][vc_row][vc_column][vc_column_text] Produkt [\/vc_column_text][vc_tta_accordion][vc_tta_section title=&#8220;Sollte mein eigener Stuhl vor der Transplantation auf Bakterien untersucht werden?&#8220; tab_id=&#8220;1595921155635-e38b0080-8721&#8243;][vc_column_text]Nein, das m\u00fcssen Sie nicht. M\u00f6chten Sie einen Einblick in das bekommen, was\u2026 Mehr lesen &raquo;","og_url":"https:\/\/gezonde-darmflora.nl\/de\/haeufig-gestellte-fragen\/","og_site_name":"Gezonde Darmflora","article_modified_time":"2025-01-27T09:25:53+00:00","twitter_card":"summary_large_image","twitter_misc":{"Gesch\u00e4tzte Lesezeit":"10\u00a0Minuten"},"schema":{"@context":"https:\/\/schema.org","@graph":[{"@type":"WebPage","@id":"https:\/\/gezonde-darmflora.nl\/de\/haeufig-gestellte-fragen\/","url":"https:\/\/gezonde-darmflora.nl\/de\/haeufig-gestellte-fragen\/","name":"H\u00e4ufig gestellte Fragen &#8211; Gezonde Darmflora","isPartOf":{"@id":"https:\/\/gezonde-darmflora.nl\/de\/#website"},"datePublished":"2020-06-18T13:19:11+00:00","dateModified":"2025-01-27T09:25:53+00:00","breadcrumb":{"@id":"https:\/\/gezonde-darmflora.nl\/de\/haeufig-gestellte-fragen\/#breadcrumb"},"inLanguage":"de","potentialAction":[{"@type":"ReadAction","target":["https:\/\/gezonde-darmflora.nl\/de\/haeufig-gestellte-fragen\/"]}]},{"@type":"BreadcrumbList","@id":"https:\/\/gezonde-darmflora.nl\/de\/haeufig-gestellte-fragen\/#breadcrumb","itemListElement":[{"@type":"ListItem","position":1,"name":"Home","item":"https:\/\/gezonde-darmflora.nl\/de\/"},{"@type":"ListItem","position":2,"name":"H\u00e4ufig gestellte Fragen"}]},{"@type":"WebSite","@id":"https:\/\/gezonde-darmflora.nl\/de\/#website","url":"https:\/\/gezonde-darmflora.nl\/de\/","name":"Gezonde Darmflora","description":"Een gezonde &amp; natuurlijke darmflora","potentialAction":[{"@type":"SearchAction","target":{"@type":"EntryPoint","urlTemplate":"https:\/\/gezonde-darmflora.nl\/de\/?s={search_term_string}"},"query-input":{"@type":"PropertyValueSpecification","valueRequired":true,"valueName":"search_term_string"}}],"inLanguage":"de"}]}},"_links":{"self":[{"href":"https:\/\/gezonde-darmflora.nl\/de\/wp-json\/wp\/v2\/pages\/14769","targetHints":{"allow":["GET"]}}],"collection":[{"href":"https:\/\/gezonde-darmflora.nl\/de\/wp-json\/wp\/v2\/pages"}],"about":[{"href":"https:\/\/gezonde-darmflora.nl\/de\/wp-json\/wp\/v2\/types\/page"}],"author":[{"embeddable":true,"href":"https:\/\/gezonde-darmflora.nl\/de\/wp-json\/wp\/v2\/users\/1"}],"replies":[{"embeddable":true,"href":"https:\/\/gezonde-darmflora.nl\/de\/wp-json\/wp\/v2\/comments?post=14769"}],"version-history":[{"count":1,"href":"https:\/\/gezonde-darmflora.nl\/de\/wp-json\/wp\/v2\/pages\/14769\/revisions"}],"predecessor-version":[{"id":14774,"href":"https:\/\/gezonde-darmflora.nl\/de\/wp-json\/wp\/v2\/pages\/14769\/revisions\/14774"}],"wp:attachment":[{"href":"https:\/\/gezonde-darmflora.nl\/de\/wp-json\/wp\/v2\/media?parent=14769"}],"curies":[{"name":"wp","href":"https:\/\/api.w.org\/{rel}","templated":true}]}}