{"id":14768,"date":"2020-06-18T07:08:20","date_gmt":"2020-06-18T05:08:20","guid":{"rendered":"https:\/\/gezonde-darmflora.nl\/darmflora\/"},"modified":"2025-01-27T10:25:52","modified_gmt":"2025-01-27T09:25:52","slug":"darmflora","status":"publish","type":"page","link":"https:\/\/gezonde-darmflora.nl\/de\/darmflora\/","title":{"rendered":"Darmflora"},"content":{"rendered":"<div class=\"wpb-content-wrapper\"><p>[vc_row full_width=&#8220;stretch_row_content_no_spaces&#8220;][vc_column]\r\n    <div class=\"page-title\">\r\n        <div class=\"container\">\r\n            <div class=\"row\">\r\n                <div class=\"col\">\r\n                    <h1>Eine gesunde Darmflora<\/h1>\r\n                <\/div>\r\n            <\/div>\r\n        <\/div>\r\n    <\/div>\r\n\r\n    [\/vc_column][\/vc_row][vc_row][vc_column offset=&#8220;vc_col-md-8&#8243;][vc_column_text]<\/p>\n<h2>Wie wichtig ist eine gesunde Darmflora?<\/h2>\n<p>Es gibt einen Organismus, der in und um unseren K\u00f6rper herum lebt. Eine nat\u00fcrliche Kraft von guten Bakterien, die auf und in Ihrem K\u00f6rper leben und f\u00fcr die Sie unbewusst sorgen. Ein Organismus aus unz\u00e4hligen Bakterien und Mikrobiota. Der gr\u00f6\u00dfte Teil davon, n\u00e4mlich 95%, lebt in Ihrem Magen-Darm-Trakt und 80% dieser Mikrobiota leben im unteren Teil des Dickdarms. Sie k\u00f6nnen sich Ihre Darmflora als Ihr eigenes &#8222;\u00d6kosystem&#8220; vorstellen.[\/vc_column_text]<div class=\"eye_empty_space pt-md-5 pb-md-5   pt-4 pb-4\"><\/div>[\/vc_column][vc_column offset=&#8220;vc_col-md-4&#8243; el_class=&#8220;mb-5 mb-lg-0&#8243;]\r\n    <div class=\"blob-image-wrap\">\r\n        <img decoding=\"async\" src=\"https:\/\/gezonde-darmflora.nl\/wp-content\/uploads\/2020\/08\/darmflora-gezond.jpg\">\r\n    <\/div>\r\n    <p class=\"blob-image__caption\"><\/p>\r\n\r\n    [\/vc_column][\/vc_row][vc_section full_width=&#8220;stretch_row&#8220; el_class=&#8220;bg-green&#8220;][vc_row][vc_column offset=&#8220;vc_col-lg-offset-2 vc_col-lg-8&#8243;][vc_column_text]<\/p>\n<h2>Wie wird Ihre Darmflora aufgebaut?<\/h2>\n<div>Ihre Darmflora wird bei der Geburt von Ihrer Mutter mitgegeben und entwickelt sich haupts\u00e4chlich in den ersten drei Lebensjahren. Die Art und Weise, wie Sie geb\u00e4ren und ob Sie stillen oder nicht, bestimmt bereits einen gro\u00dfen Teil. Danach wird die Darmflora durch Ihren Lebensstil, Ihre Ern\u00e4hrungsgewohnheiten, die Kultur, in der Sie leben, wie viel Sie sich bewegen und ausruhen, aber auch durch Dinge wie Stress bestimmt. Ihre Darmflora ist so einzigartig wie ein Fingerabdruck, nur dass sie Ver\u00e4nderungen unterworfen ist.   <\/div>\n<div>\n<figure id=\"attachment_531\" aria-describedby=\"caption-attachment-531\" style=\"width: 720px\" class=\"wp-caption alignleft\"><img decoding=\"async\" class=\"wp-image-531\" src=\"https:\/\/gezonde-darmflora.nl\/wp-content\/uploads\/2020\/08\/bacterien-uitwisselen.jpg\" alt=\"Bakterien austauschen\" width=\"720\" height=\"481\" srcset=\"https:\/\/gezonde-darmflora.nl\/wp-content\/uploads\/2020\/08\/bacterien-uitwisselen.jpg 770w, https:\/\/gezonde-darmflora.nl\/wp-content\/uploads\/2020\/08\/bacterien-uitwisselen-600x401.jpg 600w, https:\/\/gezonde-darmflora.nl\/wp-content\/uploads\/2020\/08\/bacterien-uitwisselen-300x200.jpg 300w, https:\/\/gezonde-darmflora.nl\/wp-content\/uploads\/2020\/08\/bacterien-uitwisselen-768x513.jpg 768w\" sizes=\"(max-width: 720px) 100vw, 720px\" \/><figcaption id=\"caption-attachment-531\" class=\"wp-caption-text\">Wenn Sie zum Beispiel jemandem die Hand sch\u00fctteln oder halten, tauschen Sie bereits f\u00fcnftausend Bakterien aus.<\/figcaption><\/figure>\n<\/div>\n<div>\n<p>Je reicher und vielf\u00e4ltiger Ihre Darmflora im Laufe des Lebens ist, desto widerstandsf\u00e4higer sind Sie gegen \u00e4u\u00dfere Bedrohungen. Die Darmflora stellt ein \u00d6kosystem dar, das durch viele Faktoren wie eine unausgewogene Ern\u00e4hrung, Stress, die Einnahme von Antibiotika oder unerw\u00fcnschte Besucher in Ihrem K\u00f6rper st\u00e4ndig auf die Probe gestellt wird. <\/p>\n<h2>Jede Menge Bakterien<\/h2>\n<p>In einem gesunden Darm besteht die Mikrobiota aus etwa 99% guten und n\u00fctzlichen Bakterien und 1% sch\u00e4dlichen Bakterien. Zusammen sind das unz\u00e4hlige Bakterien, bis zu hundert Billionen, mit etwa zehntausend verschiedenen einzigartigen Arten. Das ist mehr als das Zehnfache der Anzahl der Zellen und das Hundertf\u00fcnfzigfache der Anzahl der DNA. Mit einem gesch\u00e4tzten Gewicht von zwei bis drei Kilo!   <\/p>\n<\/div>\n<p>[\/vc_column_text][\/vc_column][\/vc_row][\/vc_section][vc_row][vc_column]<div class=\"eye_empty_space pt-md-5 pb-md-5   pt-4 pb-4\"><\/div>[\/vc_column][\/vc_row][vc_row equal_height=&#8220;yes&#8220;][vc_column offset=&#8220;vc_col-md-8&#8243;][vc_column_text]<\/p>\n<h2>Wann ist Ihr Darm gesund?<\/h2>\n<p>Wenn Sie eine gesunde Darmflora haben, dann befinden sich alle Bakterienarten im Gleichgewicht miteinander. Das Innere der Darmwand ist vollst\u00e4ndig mit guten Bakterien besetzt. Sie sorgen f\u00fcr eine ordnungsgem\u00e4\u00dfe Nahrungsaufnahme und ein gutes Funktionieren des Darms und tragen zur Entwicklung des Immunsystems bei. Da die Darmwand vollst\u00e4ndig besetzt ist, gibt es f\u00fcr die sch\u00e4dlichen Bakterien keinen Platz, sich zu vermehren. Die Bedeutung eines gesunden Darms und gesunder Bakterien zwischen dem Wirt und der Darmflora ist entscheidend f\u00fcr die optimale Leistung der Stoffwechsel- und Immunfunktionen und die Verhinderung der Entwicklung kleinerer bis gr\u00f6\u00dferer Probleme. Eine gesunde und abwechslungsreiche Ern\u00e4hrung ist daher unglaublich wichtig. Dar\u00fcber hinaus sind Bewegung und Ruhe, ausreichend Wasser trinken und richtiges Atmen ebenfalls wichtig f\u00fcr eine gesunde Darmflora.[\/vc_column_text]<div class=\"eye_empty_space pt-md-5 pb-md-5   pt-4 pb-4\"><\/div>[\/vc_column][vc_column offset=&#8220;vc_col-md-4&#8243; el_class=&#8220;d-flex align-items-center mb-5 mb-lg-0&#8243;]\r\n    <div class=\"blob-image-wrap\">\r\n        <img decoding=\"async\" src=\"https:\/\/gezonde-darmflora.nl\/wp-content\/uploads\/2020\/08\/gezonde-darmen.jpg\">\r\n    <\/div>\r\n    <p class=\"blob-image__caption\"><\/p>\r\n\r\n    [\/vc_column][\/vc_row][vc_section full_width=&#8220;stretch_row&#8220; el_class=&#8220;bg-green&#8220;][vc_row][vc_column offset=&#8220;vc_col-lg-offset-2 vc_col-lg-8&#8243;][vc_column_text]<\/p>\n<h2>Symptome einer gest\u00f6rten Darmflora<\/h2>\n<p>Unterleibsbeschwerden m\u00f6gen zun\u00e4chst harmlos erscheinen, aber bevor Sie sich versehen, beeintr\u00e4chtigen sie Ihr Leben in hohem Ma\u00dfe. Wenn Ihre Darmflora gest\u00f6rt ist, sind Bauchschmerzen oft das erste Anzeichen. Vielleicht bemerken Sie es auch an der Form, dem Geruch oder der Farbe Ihres Stuhls, einem ver\u00e4nderten Stuhlgang, einem aufgebl\u00e4hten Bauch, M\u00fcdigkeit, schlechterer Haut, vielleicht dem Zustand Ihrer Haare oder N\u00e4gel.[\/vc_column_text][\/vc_column][\/vc_row][\/vc_section][vc_row][vc_column]<div class=\"eye_empty_space pt-md-5 pb-md-5   pt-4 pb-4\"><\/div>[vc_column_text]<\/p>\n<h2>Ursachen, die sich negativ auf Ihre Darmflora auswirken<\/h2>\n<p>Antibiotika, falsches Ess- und Trinkverhalten, Unregelm\u00e4\u00dfigkeiten, Fettleibigkeit, Abf\u00fchrmittel\/Di\u00e4tpillen, Schwermetalle, Operationen und Stress. Versuchen Sie, Stress zu vermeiden! Ihr Darm wird als Ihr zweites Gehirn bezeichnet, weil es eine direkte Verbindung gibt. Die Gehirn-Darm-Achse. Stress wie Anspannung, Nervosit\u00e4t, Unfug, all das hat eine direkte Auswirkung auf den Darm. Das ist also Ihr &#8218;GUTES GEF\u00dcHL&#8220;.[\/vc_column_text]<div class=\"eye_empty_space pt-md-4 pb-md-4   pt-3 pb-3\"><\/div>[\/vc_column][\/vc_row][vc_row equal_height=&#8220;yes&#8220;][vc_column offset=&#8220;vc_col-md-4&#8243; el_class=&#8220;d-flex align-items-center mb-5 mb-lg-0&#8243;]\r\n    <div class=\"blob-image-wrap\">\r\n        <img decoding=\"async\" src=\"https:\/\/gezonde-darmflora.nl\/wp-content\/uploads\/2020\/08\/darmflora-verbeteren.jpg\">\r\n    <\/div>\r\n    <p class=\"blob-image__caption\"><\/p>\r\n\r\n    [\/vc_column][vc_column offset=&#8220;vc_col-md-8&#8243;][vc_column_text]<\/p>\n<h2>Ursachen, die sich positiv auf Ihre Darmflora auswirken<\/h2>\n<p>Unsere entfernten Vorfahren waren von Natur aus Pflanzenfresser. Das Wort &#8218;Flora&#8216; steht daher f\u00fcr Pflanzen, aber Wissenschaftler ziehen es vor, den Begriff Darmmikrobiota zu verwenden. Ihre Darmbakterien ern\u00e4hren sich von der Nahrung, die Sie zu sich nehmen. Sie k\u00f6nnen Ihre Darmflora selbst durch verschiedene Dinge st\u00e4rken. Wenn es wirklich um Lebensmittel f\u00fcr einen gesunden Darm geht, dann sollten Sie nat\u00fcrlich eine Vielzahl von Lebensmitteln, viel Gem\u00fcse und ausreichend Obst essen. Essen Sie \u00f6fter mal Brokkoli oder eine Artischocke, denn sie enthalten viele pflanzliche Ballaststoffe, die wiederum ein Superfood f\u00fcr Ihre guten Bakterien sind. Oder wie w\u00e4re es mit einer Avocado? Sie ist wegen der darin enthaltenen Ballaststoffe und Fetts\u00e4uren herzgesund. Oder eine Kokosnuss, die eigentlich eine Frucht ist, aber 30% ges\u00e4ttigte Fette mit viel Laurins\u00e4ure enth\u00e4lt. Und das wiederum ist gut f\u00fcr Ihr Immunsystem! Vergessen Sie auch nicht, gut zu kauen. Wenn Sie gut kauen, wird das Essen besser mit dem Speichel vermischt, so dass die N\u00e4hrstoffe besser vom K\u00f6rper aufgenommen werden k\u00f6nnen. Wenn Sie gerne Fleisch essen, achten Sie darauf, dass es sich um ehrliches Fleisch aus freier Wildbahn handelt.         <\/p>\n<blockquote><p>Das Zauberwort hei\u00dft Balance!<\/p><\/blockquote>\n<p>Achten Sie also immer auf eine gute Ern\u00e4hrung, um einen gesunden Darm zu erhalten, ern\u00e4hren Sie sich abwechslungsreich und trinken Sie ausreichend Wasser. Wie die Erde besteht auch Ihr K\u00f6rper zu 70% aus Wasser. Wasser ist Leben! Auch \u00c4nderungen des Lebensstils k\u00f6nnen die Darmflora st\u00e4rken. Mehr Bewegung, mehr Regelm\u00e4\u00dfigkeit, Ruhe und Entspannung und ein stabiles Leben.[\/vc_column_text]<div class=\"eye_empty_space pt-md-5 pb-md-5   pt-4 pb-4\"><\/div>[\/vc_column][\/vc_row][vc_section full_width=&#8220;stretch_row&#8220; el_class=&#8220;bg-green&#8220;][vc_row][vc_column offset=&#8220;vc_col-lg-offset-2 vc_col-lg-8&#8243;][vc_column_text]<\/p>\n<h2>\u00dcberpr\u00fcfen Sie auch Ihren Stuhlgang<\/h2>\n<p>Ihr Stuhlgang kann Ihnen bereits einen guten Hinweis darauf geben, ob Ihre Darmflora gesund ist. In den 1990er Jahren hat die Universit\u00e4t von Bristol eine Stuhlskala entwickelt, die in sieben Kategorien eingeteilt ist. Typ 1: Loser, harter Kot Typ 2: Wie eine Wurst, aber klumpig Typ 3: Wie eine Wurst, aber mit Rissen an der Au\u00dfenseite Typ 4: Wie eine Wurst oder Schlange, glatt und weich Typ 5: Weicher Kot mit klaren R\u00e4ndern (leicht auszuscheiden) Typ 6: Weiche St\u00fccke mit angeschlagenen R\u00e4ndern, eine breiige Ausscheidung Typ 7: W\u00e4ssrig, keine festen St\u00fccke. Vollst\u00e4ndig fl\u00fcssige Typen 1 und 2 deuten auf <a href=\"https:\/\/nl.wikipedia.org\/wiki\/Constipatie\" target=\"_blank\" rel=\"noopener noreferrer\">Verstopfung<\/a> hin, 3 und 4 sind der &#8222;ideale Stuhl, mit der reichsten Darmflora&#8220;. Die Typen 5-7 haben weniger Bakterienarten und sind daher eher entz\u00fcndlich.[\/vc_column_text][\/vc_column][\/vc_row][\/vc_section][vc_row full_width=&#8220;stretch_row_content_no_spaces&#8220; css=&#8220;.vc_custom_1593680854494{margin-bottom: -10rem !important;}&#8220;][vc_column]\r\n    <a href=\"https:\/\/gezonde-darmflora.nl\/poeppillen-bestellen\/\" target=\"\" class=\"no-underline\">\r\n\r\n        <div class=\"cta\" style=\"background-image: url('https:\/\/gezonde-darmflora.nl\/wp-content\/uploads\/2020\/08\/darmflora-gezondheid.jpg')\">\r\n            <div class=\"container\">\r\n                <div class=\"row\">\r\n                    <div class=\"col-12\">\r\n                        <p>\r\n                            <\/p>\n<h3>Helfen Sie auch Ihrer Darmflora, gesund zu bleiben?<\/h3>\n<h4>In unserem Shop finden Sie alles, was Sie brauchen.<\/h4>\n<p>                        <\/p>\r\n                        <div class=\"cta__button svg-btn svg-btn-darkgreen\">\r\n                            <svg xmlns=\"http:\/\/www.w3.org\/2000\/svg\" width=\"50\" height=\"50\" viewBox=\"0 0 55 50\"><defs><\/defs><g id=\"Layer_2\" data-name=\"Layer 2\"><g id=\"Layer_1-2\" data-name=\"Layer 1\"><path width=\"100%\" height=\"100%\" class=\"anime\" d=\"M1.16,31.86C5.61,44.26,19.3,52,32.23,49.6C40.23,48.11,48.89,42.33,51.61,34.400000000000006C53.61,28.510000000000005,51.839999999999996,22.550000000000004,49.23,17.210000000000004C46.23,10.990000000000006,43.06999999999999,4.210000000000004,36.29,1.270000000000005C31,-1,24.8,0,19.64,2.49A45,45,0,0,0,10.57,8.66C8.39,10.5,5.430000000000001,12.280000000000001,3.6400000000000006,14.46C-0.3,19.28,-0.9,26.13,1.16,31.86Z\"\/><\/g><\/g><\/svg>\r\n                            <i class=\"far fa-long-arrow-alt-right\"><\/i>\r\n                        <\/div>\r\n                    <\/div>\r\n                <\/div>\r\n            <\/div>\r\n        <\/div>\r\n\r\n    <\/a>\r\n\r\n    [\/vc_column][\/vc_row]<\/p>\n<\/div>","protected":false},"excerpt":{"rendered":"<p>[vc_row full_width=&#8220;stretch_row_content_no_spaces&#8220;][vc_column][\/vc_column][\/vc_row][vc_row][vc_column offset=&#8220;vc_col-md-8&#8243;][vc_column_text] Wie wichtig ist eine gesunde Darmflora? Es gibt einen Organismus, der in und um unseren K\u00f6rper herum lebt. Eine nat\u00fcrliche Kraft von guten Bakterien, die auf und in Ihrem K\u00f6rper leben und f\u00fcr die Sie unbewusst sorgen. Ein Organismus aus unz\u00e4hligen Bakterien und Mikrobiota. Der gr\u00f6\u00dfte Teil davon, n\u00e4mlich 95%, lebt in\u2026 <a href=\"https:\/\/gezonde-darmflora.nl\/de\/darmflora\/\">Mehr lesen &raquo;<\/a><\/p>\n","protected":false},"author":1,"featured_media":0,"parent":0,"menu_order":0,"comment_status":"closed","ping_status":"closed","template":"","meta":{"_acf_changed":false,"footnotes":""},"class_list":["post-14768","page","type-page","status-publish","hentry"],"acf":[],"yoast_head":"<!-- This site is optimized with the Yoast SEO plugin v27.1.1 - https:\/\/yoast.com\/product\/yoast-seo-wordpress\/ -->\n<title>Darmflora: Die Bedeutung eines gesunden Darms und gesunder Bakterien<\/title>\n<meta name=\"description\" content=\"Eine gesunde Darmflora (Mikrobiota) besteht gr\u00f6\u00dftenteils aus n\u00fctzlichen Bakterien und einer kleinen Gruppe von sch\u00e4dlichen Bakterien. Lesen Sie hier mehr \u00fcber einen gesunden Darm.\" \/>\n<meta name=\"robots\" content=\"index, follow, max-snippet:-1, max-image-preview:large, max-video-preview:-1\" \/>\n<link rel=\"canonical\" href=\"https:\/\/gezonde-darmflora.nl\/de\/darmflora\/\" \/>\n<meta property=\"og:locale\" content=\"de_DE\" \/>\n<meta property=\"og:type\" content=\"article\" \/>\n<meta property=\"og:title\" content=\"Darmflora: Die Bedeutung eines gesunden Darms und gesunder Bakterien\" \/>\n<meta property=\"og:description\" content=\"Eine gesunde Darmflora (Mikrobiota) besteht gr\u00f6\u00dftenteils aus n\u00fctzlichen Bakterien und einer kleinen Gruppe von sch\u00e4dlichen Bakterien. Lesen Sie hier mehr \u00fcber einen gesunden Darm.\" \/>\n<meta property=\"og:url\" content=\"https:\/\/gezonde-darmflora.nl\/de\/darmflora\/\" \/>\n<meta property=\"og:site_name\" content=\"Gezonde Darmflora\" \/>\n<meta property=\"article:modified_time\" content=\"2025-01-27T09:25:52+00:00\" \/>\n<meta property=\"og:image\" content=\"https:\/\/gezonde-darmflora.nl\/wp-content\/uploads\/2020\/08\/bacterien-uitwisselen.jpg\" \/>\n<meta name=\"twitter:card\" content=\"summary_large_image\" \/>\n<meta name=\"twitter:label1\" content=\"Gesch\u00e4tzte Lesezeit\" \/>\n\t<meta name=\"twitter:data1\" content=\"7\u00a0Minuten\" \/>\n<script type=\"application\/ld+json\" class=\"yoast-schema-graph\">{\"@context\":\"https:\/\/schema.org\",\"@graph\":[{\"@type\":\"WebPage\",\"@id\":\"https:\/\/gezonde-darmflora.nl\/de\/darmflora\/\",\"url\":\"https:\/\/gezonde-darmflora.nl\/de\/darmflora\/\",\"name\":\"Darmflora: Die Bedeutung eines gesunden Darms und gesunder Bakterien\",\"isPartOf\":{\"@id\":\"https:\/\/gezonde-darmflora.nl\/de\/#website\"},\"primaryImageOfPage\":{\"@id\":\"https:\/\/gezonde-darmflora.nl\/de\/darmflora\/#primaryimage\"},\"image\":{\"@id\":\"https:\/\/gezonde-darmflora.nl\/de\/darmflora\/#primaryimage\"},\"thumbnailUrl\":\"https:\/\/gezonde-darmflora.nl\/wp-content\/uploads\/2020\/08\/bacterien-uitwisselen.jpg\",\"datePublished\":\"2020-06-18T05:08:20+00:00\",\"dateModified\":\"2025-01-27T09:25:52+00:00\",\"description\":\"Eine gesunde Darmflora (Mikrobiota) besteht gr\u00f6\u00dftenteils aus n\u00fctzlichen Bakterien und einer kleinen Gruppe von sch\u00e4dlichen Bakterien. Lesen Sie hier mehr \u00fcber einen gesunden Darm.\",\"breadcrumb\":{\"@id\":\"https:\/\/gezonde-darmflora.nl\/de\/darmflora\/#breadcrumb\"},\"inLanguage\":\"de\",\"potentialAction\":[{\"@type\":\"ReadAction\",\"target\":[\"https:\/\/gezonde-darmflora.nl\/de\/darmflora\/\"]}]},{\"@type\":\"ImageObject\",\"inLanguage\":\"de\",\"@id\":\"https:\/\/gezonde-darmflora.nl\/de\/darmflora\/#primaryimage\",\"url\":\"https:\/\/gezonde-darmflora.nl\/wp-content\/uploads\/2020\/08\/bacterien-uitwisselen.jpg\",\"contentUrl\":\"https:\/\/gezonde-darmflora.nl\/wp-content\/uploads\/2020\/08\/bacterien-uitwisselen.jpg\"},{\"@type\":\"BreadcrumbList\",\"@id\":\"https:\/\/gezonde-darmflora.nl\/de\/darmflora\/#breadcrumb\",\"itemListElement\":[{\"@type\":\"ListItem\",\"position\":1,\"name\":\"Home\",\"item\":\"https:\/\/gezonde-darmflora.nl\/de\/\"},{\"@type\":\"ListItem\",\"position\":2,\"name\":\"Darmflora\"}]},{\"@type\":\"WebSite\",\"@id\":\"https:\/\/gezonde-darmflora.nl\/de\/#website\",\"url\":\"https:\/\/gezonde-darmflora.nl\/de\/\",\"name\":\"Gezonde Darmflora\",\"description\":\"Een gezonde &amp; natuurlijke darmflora\",\"potentialAction\":[{\"@type\":\"SearchAction\",\"target\":{\"@type\":\"EntryPoint\",\"urlTemplate\":\"https:\/\/gezonde-darmflora.nl\/de\/?s={search_term_string}\"},\"query-input\":{\"@type\":\"PropertyValueSpecification\",\"valueRequired\":true,\"valueName\":\"search_term_string\"}}],\"inLanguage\":\"de\"}]}<\/script>\n<!-- \/ Yoast SEO plugin. -->","yoast_head_json":{"title":"Darmflora: Die Bedeutung eines gesunden Darms und gesunder Bakterien","description":"Eine gesunde Darmflora (Mikrobiota) besteht gr\u00f6\u00dftenteils aus n\u00fctzlichen Bakterien und einer kleinen Gruppe von sch\u00e4dlichen Bakterien. Lesen Sie hier mehr \u00fcber einen gesunden Darm.","robots":{"index":"index","follow":"follow","max-snippet":"max-snippet:-1","max-image-preview":"max-image-preview:large","max-video-preview":"max-video-preview:-1"},"canonical":"https:\/\/gezonde-darmflora.nl\/de\/darmflora\/","og_locale":"de_DE","og_type":"article","og_title":"Darmflora: Die Bedeutung eines gesunden Darms und gesunder Bakterien","og_description":"Eine gesunde Darmflora (Mikrobiota) besteht gr\u00f6\u00dftenteils aus n\u00fctzlichen Bakterien und einer kleinen Gruppe von sch\u00e4dlichen Bakterien. Lesen Sie hier mehr \u00fcber einen gesunden Darm.","og_url":"https:\/\/gezonde-darmflora.nl\/de\/darmflora\/","og_site_name":"Gezonde Darmflora","article_modified_time":"2025-01-27T09:25:52+00:00","og_image":[{"url":"https:\/\/gezonde-darmflora.nl\/wp-content\/uploads\/2020\/08\/bacterien-uitwisselen.jpg","type":"","width":"","height":""}],"twitter_card":"summary_large_image","twitter_misc":{"Gesch\u00e4tzte Lesezeit":"7\u00a0Minuten"},"schema":{"@context":"https:\/\/schema.org","@graph":[{"@type":"WebPage","@id":"https:\/\/gezonde-darmflora.nl\/de\/darmflora\/","url":"https:\/\/gezonde-darmflora.nl\/de\/darmflora\/","name":"Darmflora: Die Bedeutung eines gesunden Darms und gesunder Bakterien","isPartOf":{"@id":"https:\/\/gezonde-darmflora.nl\/de\/#website"},"primaryImageOfPage":{"@id":"https:\/\/gezonde-darmflora.nl\/de\/darmflora\/#primaryimage"},"image":{"@id":"https:\/\/gezonde-darmflora.nl\/de\/darmflora\/#primaryimage"},"thumbnailUrl":"https:\/\/gezonde-darmflora.nl\/wp-content\/uploads\/2020\/08\/bacterien-uitwisselen.jpg","datePublished":"2020-06-18T05:08:20+00:00","dateModified":"2025-01-27T09:25:52+00:00","description":"Eine gesunde Darmflora (Mikrobiota) besteht gr\u00f6\u00dftenteils aus n\u00fctzlichen Bakterien und einer kleinen Gruppe von sch\u00e4dlichen Bakterien. Lesen Sie hier mehr \u00fcber einen gesunden Darm.","breadcrumb":{"@id":"https:\/\/gezonde-darmflora.nl\/de\/darmflora\/#breadcrumb"},"inLanguage":"de","potentialAction":[{"@type":"ReadAction","target":["https:\/\/gezonde-darmflora.nl\/de\/darmflora\/"]}]},{"@type":"ImageObject","inLanguage":"de","@id":"https:\/\/gezonde-darmflora.nl\/de\/darmflora\/#primaryimage","url":"https:\/\/gezonde-darmflora.nl\/wp-content\/uploads\/2020\/08\/bacterien-uitwisselen.jpg","contentUrl":"https:\/\/gezonde-darmflora.nl\/wp-content\/uploads\/2020\/08\/bacterien-uitwisselen.jpg"},{"@type":"BreadcrumbList","@id":"https:\/\/gezonde-darmflora.nl\/de\/darmflora\/#breadcrumb","itemListElement":[{"@type":"ListItem","position":1,"name":"Home","item":"https:\/\/gezonde-darmflora.nl\/de\/"},{"@type":"ListItem","position":2,"name":"Darmflora"}]},{"@type":"WebSite","@id":"https:\/\/gezonde-darmflora.nl\/de\/#website","url":"https:\/\/gezonde-darmflora.nl\/de\/","name":"Gezonde Darmflora","description":"Een gezonde &amp; natuurlijke darmflora","potentialAction":[{"@type":"SearchAction","target":{"@type":"EntryPoint","urlTemplate":"https:\/\/gezonde-darmflora.nl\/de\/?s={search_term_string}"},"query-input":{"@type":"PropertyValueSpecification","valueRequired":true,"valueName":"search_term_string"}}],"inLanguage":"de"}]}},"_links":{"self":[{"href":"https:\/\/gezonde-darmflora.nl\/de\/wp-json\/wp\/v2\/pages\/14768","targetHints":{"allow":["GET"]}}],"collection":[{"href":"https:\/\/gezonde-darmflora.nl\/de\/wp-json\/wp\/v2\/pages"}],"about":[{"href":"https:\/\/gezonde-darmflora.nl\/de\/wp-json\/wp\/v2\/types\/page"}],"author":[{"embeddable":true,"href":"https:\/\/gezonde-darmflora.nl\/de\/wp-json\/wp\/v2\/users\/1"}],"replies":[{"embeddable":true,"href":"https:\/\/gezonde-darmflora.nl\/de\/wp-json\/wp\/v2\/comments?post=14768"}],"version-history":[{"count":1,"href":"https:\/\/gezonde-darmflora.nl\/de\/wp-json\/wp\/v2\/pages\/14768\/revisions"}],"predecessor-version":[{"id":14770,"href":"https:\/\/gezonde-darmflora.nl\/de\/wp-json\/wp\/v2\/pages\/14768\/revisions\/14770"}],"wp:attachment":[{"href":"https:\/\/gezonde-darmflora.nl\/de\/wp-json\/wp\/v2\/media?parent=14768"}],"curies":[{"name":"wp","href":"https:\/\/api.w.org\/{rel}","templated":true}]}}