{"id":14754,"date":"2021-03-08T17:17:33","date_gmt":"2021-03-08T16:17:33","guid":{"rendered":"https:\/\/gezonde-darmflora.nl\/testen-sie-sich-selbst\/"},"modified":"2025-09-22T15:35:50","modified_gmt":"2025-09-22T13:35:50","slug":"testen-sie-sich-selbst","status":"publish","type":"page","link":"https:\/\/gezonde-darmflora.nl\/de\/testen-sie-sich-selbst\/","title":{"rendered":"Testen Sie sich selbst"},"content":{"rendered":"<div class=\"wpb-content-wrapper\"><p>[vc_row full_width=&#8220;stretch_row_content_no_spaces&#8220;][vc_column]\r\n    <div class=\"page-title\">\r\n        <div class=\"container\">\r\n            <div class=\"row\">\r\n                <div class=\"col\">\r\n                    <h1>Testen Sie sich selbst!<\/h1>\r\n                <\/div>\r\n            <\/div>\r\n        <\/div>\r\n    <\/div>\r\n\r\n    [\/vc_column][\/vc_row][vc_row][vc_column offset=&#8220;vc_col-md-8&#8243;][vc_column_text css=&#8220;&#8220;]FMT ist die Wiederherstellung der fehlenden Bakterien mit dem Ziel, das Gleichgewicht Ihrer Darmflora, Ihres &#8222;\u00d6kosystems&#8220;, wiederherzustellen.<\/p>\n<p>Heutzutage ist ein <b>Mikrobiom-Test<\/b> ein guter Weg, um herauszufinden, wie Ihr \u00d6kosystem aussieht.<\/p>\n<p>Mit einem <b>Erregertest <\/b>messen wir schon seit Jahren, welche &#8222;Krankheitserreger&#8220; in Ihrem K\u00f6rper leben. Nach 4 Jahren intensiver Zusammenarbeit mit MGlab &amp; Advies k\u00f6nnen wir Ihnen nun endlich einen Mikrobiomtest und einen Erregertest anbieten.<\/p>\n<p>Au\u00dferdem wird unser Team durch die Orthomolekulartherapeutin, kPNI-Therapeutin und ehemalige Spitzensportlerin Annette ter Heijden verst\u00e4rkt!<\/p>\n<p><strong>ACHTUNG: F\u00dcR FMT-BESTELLUNGEN IST KEIN TEST ERFORDERLICH!<\/strong>[\/vc_column_text]<div class=\"eye_empty_space pt-md-5 pb-md-5   pt-4 pb-4\"><\/div>[\/vc_column][vc_column offset=&#8220;vc_col-md-4&#8243; el_class=&#8220;mb-5 mb-lg-0&#8243;][vc_single_image image=&#8220;10900&#8243; img_size=&#8220;full&#8220; css=&#8220;&#8220;][\/vc_column][\/vc_row][vc_section full_width=&#8220;stretch_row&#8220; el_class=&#8220;bg-green&#8220;][vc_row][vc_column width=&#8220;1\/4&#8243;][vc_single_image image=&#8220;10786&#8243; img_size=&#8220;full&#8220; css=&#8220;&#8220;][\/vc_column][vc_column width=&#8220;3\/4&#8243;][vc_column_text css=&#8220;&#8220;]<\/p>\n<h1><b>Mikrobiom. Testen Sie Ihre innere Welt! <\/b><\/h1>\n<p>Wir wissen jetzt, dass das Mikrobiom Ihr eigenes \u00d6kosystem ist, das f\u00fcr Ihr Klima verantwortlich ist.<\/p>\n<p><b>Sie sind der Wirt, der Wirt dieses Organismus. Wenn Sie sich gut um sie k\u00fcmmern, werden all diese Bakterien sich ihrerseits gut um Sie k\u00fcmmern! <\/b><\/p>\n<p>Soweit wir wissen, ist dieser Organismus ein Netzwerk aus 100 Billionen Bakterien. Es gibt bis zu 10.000 Arten. Davon soll jeder Mensch etwa 600 haben. Von diesen sind 30 Arten lebenswichtig!<\/p>\n<p>Ihr Mikrobiom ist ein Netzwerk von Verbindungen, die miteinander und sogar mit Ihrem Gehirn kommunizieren. (Ich bin hungrig. Ich bin satt, oder ich muss auf die Toilette, Schmetterlinge im Bauch und so weiter!)<\/p>\n<p>Jedes Glied hat eine Aufgabe und die Natur ist so klug, dass es f\u00fcr jede Aufgabe eine Gruppe von Bakterien gibt. Wenn Sie eine Spezies auslassen, z.B. aufgrund einer l\u00e4ngeren oder h\u00e4ufigen Einnahme von Antibiotika, muss das nicht schlimm sein. Aber wenn Sie irgendwann einmal alle Arten dieser einen Verbindung vermissen, dann ist diese Aufgabe nicht mehr zu bew\u00e4ltigen!<\/p>\n<p><strong>Wenn eine Verbindung ausf\u00e4llt, k\u00f6nnen Sie sie mit einem Rad in einer Schweizer Uhr vergleichen, das nicht mehr funktioniert. Ihre Uhr funktioniert noch, aber pl\u00f6tzlich funktioniert diese Funktion nicht mehr, dann pl\u00f6tzlich die n\u00e4chste Funktion usw. <\/strong><\/p>\n<p>Und das ist nicht das einzige Problem. Da Arten verschwunden sind, haben andere Bakterien, ob gut oder schlecht, Platz, um (\u00fcber)zu wachsen. Ihre Darmflora, Ihr \u00d6kosystem, ist aus dem Gleichgewicht geraten&#8230;.<\/p>\n<p><strong>Die \u00dcberwucherung kann mit einem Tier in einem \u00d6kosystem verglichen werden, dem pl\u00f6tzlich die Feinde ausgehen.<\/strong><\/p>\n<h2><a href=\"https:\/\/gezonde-darmflora.nl\/de\/testen-sie-sich-selbst-kompilieren-sie\/\"><b><i>Klicken Sie hier f\u00fcr einen Mikrobiom-Test<\/i><\/b><\/a><\/h2>\n<p>Sie erhalten genau denselben Mikrobiombericht wie unsere Spender. So k\u00f6nnen Sie sehen, bei welchem der Spender Sie am ehesten Erfolg haben werden.<\/p>\n<p>Bakterienarten, die Sie verpasst haben, wollen Sie so viele wie m\u00f6glich von dem Spender. Bakterienarten, die Sie \u00fcberwuchert haben, wollen Sie so wenig wie m\u00f6glich von dem Spender.<\/p>\n<p><strong>Hinweis: Der Mensch kennt nur 15 bis 20% des Mikrobioms. <\/strong><\/p>\n<p><strong>Der Prozess von der Einreichung bis zum Abschlussbericht kann bis zu einem Monat dauern.<\/strong>[\/vc_column_text][\/vc_column][\/vc_row][\/vc_section][vc_row content_placement=&#8220;middle&#8220;][vc_column width=&#8220;1\/2&#8243;]<div class=\"eye_empty_space pt-md-5 pb-md-5   pt-4 pb-4\"><\/div>[vc_column_text css=&#8220;&#8220;]<\/p>\n<h2><b>Krankheitserreger: Testen Sie die Krankheitserreger in Ihrem K\u00f6rper. <\/b><\/h2>\n<p>Leider k\u00f6nnen Sie der Ansteckung mit Krankheitserregern nicht entgehen. Ein Parasit zum Beispiel ist sehr verbreitet und hoch ansteckend. Wenn jemand einen Parasiten hat und sich nicht die H\u00e4nde gewaschen hat und dann ein sch\u00f6nes Sandwich f\u00fcr Sie macht&#8230;.<\/p>\n<p>Es gibt nat\u00fcrlich viele Arten von Krankheitserregern.<\/p>\n<h2><a href=\"https:\/\/gezonde-darmflora.nl\/de\/waehlen-sie-selbst-eine-testregion\/\"><b><i>Klicken Sie hier f\u00fcr Tests auf Krankheitserreger <\/i><\/b><\/a><\/h2>\n<p>Sie erhalten eine Zusammenfassung von MGlab &amp; Beratung mit einer klaren Erkl\u00e4rung und mit einer nat\u00fcrlichen Therapie oder Tipps zu den gefundenen Krankheitserregern.<\/p>\n<p>Die meisten Tests werden mit der PCR-Technik durchgef\u00fchrt.<\/p>\n<p><a href=\"https:\/\/gezonde-darmflora.nl\/de\/erlaeuterung-der-pcr-tests-durch-unseren-leitenden-labortechniker\/\"><b>Klicken Sie hier f\u00fcr eine Erkl\u00e4rung der PCR-Tests durch unseren leitenden Labortechniker<\/b> <\/a>[\/vc_column_text]<div class=\"eye_empty_space pt-md-5 pb-md-5   pt-4 pb-4\"><\/div>[\/vc_column][vc_column offset=&#8220;vc_col-md-4&#8243; el_class=&#8220;mb-5 mb-lg-0&#8243;][vc_single_image image=&#8220;10788&#8243; img_size=&#8220;full&#8220; css=&#8220;&#8220;][\/vc_column][\/vc_row][vc_section full_width=&#8220;stretch_row&#8220; el_class=&#8220;bg-green&#8220;][vc_row gap=&#8220;15&#8243; equal_height=&#8220;yes&#8220;][vc_column width=&#8220;1\/4&#8243;]\r\n    <div class=\"blob-image-wrap\">\r\n        <img decoding=\"async\" src=\"https:\/\/gezonde-darmflora.nl\/wp-content\/uploads\/2024\/04\/annette-500.jpg\">\r\n    <\/div>\r\n    <p class=\"blob-image__caption\"><\/p>\r\n\r\n    [\/vc_column][vc_column width=&#8220;3\/4&#8243;][vc_column_text css=&#8220;&#8220;]<\/p>\n<h1><b>Annette ter Heijden, <\/b><\/h1>\n<p>Wenn es um Ern\u00e4hrung, Pathogene (Krankheitserreger) und das Mikrobiom geht, sind Sie bei Annette an der richtigen Adresse. Die erste Helpline unseres Labors!<\/p>\n<p>Eine echte Expertin f\u00fcr &#8218;Ern\u00e4hrung f\u00fcr den Bauch&#8216; und selbst eine ehemalige Spitzensportlerin.<\/p>\n<p><b>Fordern Sie ein Online-Vorstellungsgespr\u00e4ch mit Annette an! <\/b><\/p>\n<p><b> <a href=\"https:\/\/www.fysikosvoeding.nl\/contact\/\">annette@fysikosvoeding.nl <\/a><\/b><\/p>\n<p><a href=\"https:\/\/www.fysikosvoeding.nl\/\">(physikosnutrition.co.uk)<\/a><\/p>\n<p><b>Anhand eines Fragebogens und eines Gespr\u00e4chs kann Annette Sie gezielt beraten, worauf Sie am besten testen, und Sie k\u00f6nnen bei Bedarf einen Behandlungsplan mit ihr besprechen.<\/b><\/p>\n<p>Annette hat \u00fcber 20 Jahre Erfahrung auf dem Gebiet der &#8218;Ern\u00e4hrung f\u00fcr den Darm&#8216; und h\u00e4lt Vortr\u00e4ge und Workshops. In der pers\u00f6nlichen Beratung hilft sie Ihnen, nachzudenken, zu reflektieren und gibt Ihnen Tipps, wie Sie die Ern\u00e4hrung in Ihrer eigenen Situation durchf\u00fchrbar und effektiv gestalten k\u00f6nnen. Die Ausf\u00fchrung liegt nat\u00fcrlich ganz bei Ihnen!<\/p>\n<p>Annette ist sehr vertraut mit Erregertests und kennt die Entwicklungen eines neuen Ph\u00e4nomens, des Mikrobiom-Berichts.<\/p>\n<p>Sie hat sich mit der kPNI-Therapeutin Jolanda Dorenbos zusammengetan. Gemeinsam haben sie darmexpert.nl gegr\u00fcndet und unterrichten Therapeuten, Ern\u00e4hrungsberater und \u00c4rzte.<\/p>\n<p>Jolanda hat 25 Jahre Erfahrung und ist Autorin des Buches &#8218;OERsterk koken&#8216;.[\/vc_column_text][\/vc_column][\/vc_row][\/vc_section][vc_row content_placement=&#8220;bottom&#8220;][vc_column width=&#8220;1\/12&#8243;][\/vc_column][vc_column width=&#8220;5\/6&#8243;]<div class=\"eye_empty_space pt-md-5 pb-md-5   pt-4 pb-4\"><\/div>[vc_column_text css=&#8220;&#8220;]<strong>Hinweis<\/strong>: Da es keine weitere Forschung gibt und eine Transplantation somit nicht klinisch bewiesen ist, liegt der Kauf der Poop-Kapseln und Darmflora-Kits und das, was Sie damit tun, vollst\u00e4ndig in Ihrer eigenen Verantwortung.<br \/>\nLesen Sie daher die <a href=\"https:\/\/gezonde-darmflora.nl\/de\/allgemeine-bedingungen-und-konditionen\/\">Allgemeinen<\/a> Gesch\u00e4ftsbedingungen sorgf\u00e4ltig durch, bevor Sie sie unterschreiben.[\/vc_column_text]<div class=\"eye_empty_space pt-md-5 pb-md-5   pt-4 pb-4\"><\/div>[\/vc_column][vc_column width=&#8220;1\/12&#8243;][\/vc_column][\/vc_row][vc_section full_width=&#8220;stretch_row&#8220; el_class=&#8220;bg-green&#8220;][vc_row][vc_column]<div class=\"eye_empty_space pt-md-4 pb-md-4   pt-3 pb-3\"><\/div>\r\n    <div class=\"home-reviews\">\r\n        <div class=\"row d-flex\">\r\n                                                <div class=\"col-lg-4 d-flex\">\r\n                        <div class=\"review-card\">\r\n                            <h6>N<\/h6>\r\n                            <span style=\"font-size: 1rem\">DF7\" \"DF6<\/span>\r\n                            <div class=\"review-card__stars\">\r\n                                <i class=\"fas fa-star\"><\/i>\r\n                                <i class=\"fas fa-star\"><\/i>\r\n                                <i class=\"fas fa-star\"><\/i>\r\n                                <i class=\"fas fa-star\"><\/i>\r\n                                <i class=\"fas fa-star\"><\/i>\r\n                            <\/div>\r\n\r\n                            <p>Ich hatte wirklich Angst vor dieser Prozedur, aber ich bin wirklich froh, dass ich sie gemacht habe. Ich hatte meine Darmflora mit Antibiotika zerst\u00f6rt, als ich versuchte, meine Histaminintoleranz zu l\u00f6sen. Ich war praktisch an die Couch gefesselt und hatte st\u00e4ndig Schmerzen wegen meiner Darmprobleme. Au\u00dferdem hatte ich seit der Einnahme der Antibiotika wirklich schlimme\u2026 <a href=\"https:\/\/gezonde-darmflora.nl\/de\/review\/n\/\">Mehr lesen &raquo;<\/a><\/p>\r\n                        <\/div>\r\n                    <\/div>\r\n                                    <div class=\"col-lg-4 d-flex\">\r\n                        <div class=\"review-card\">\r\n                            <h6>Anonym (USA)<\/h6>\r\n                            <span style=\"font-size: 1rem\">DF7 DF6<\/span>\r\n                            <div class=\"review-card__stars\">\r\n                                <i class=\"fas fa-star\"><\/i>\r\n                                <i class=\"fas fa-star\"><\/i>\r\n                                <i class=\"fas fa-star\"><\/i>\r\n                                <i class=\"fas fa-star\"><\/i>\r\n                                <i class=\"fas fa-star\"><\/i>\r\n                            <\/div>\r\n\r\n                            <p>Dieses Produkt hat buchst\u00e4blich mein Leben ver\u00e4ndert. Neben Magen- und Darmproblemen litt ich jahrelang an l\u00e4hmender M\u00fcdigkeit, chronischen Schmerzen, Hirnnebel und schweren Allergien. Ich f\u00fchlte mich st\u00e4ndig schrecklich, konnte kaum funktionieren und konnte nur das N\u00f6tigste tun, um zu \u00fcberleben, und manchmal nicht einmal das. Das waren miserable und vergeudete Jahre meines Lebens. Ich bemerkte,\u2026 <a href=\"https:\/\/gezonde-darmflora.nl\/de\/review\/anonym-usa\/\">Mehr lesen &raquo;<\/a><\/p>\r\n                        <\/div>\r\n                    <\/div>\r\n                                    <div class=\"col-lg-4 d-flex\">\r\n                        <div class=\"review-card\">\r\n                            <h6>Javier (Spanien)<\/h6>\r\n                            <span style=\"font-size: 1rem\">DF6<\/span>\r\n                            <div class=\"review-card__stars\">\r\n                                <i class=\"fas fa-star\"><\/i>\r\n                                <i class=\"fas fa-star\"><\/i>\r\n                                <i class=\"fas fa-star\"><\/i>\r\n                                <i class=\"fas fa-star\"><\/i>\r\n                                <i class=\"fas fa-star\"><\/i>\r\n                            <\/div>\r\n\r\n                            <p>Fast ein Jahr nach der ersten FMT (DF6) kann ich best\u00e4tigen, dass es sich um ein sehr n\u00fctzliches Mittel handelt. Ich litt unter einer Dysbiose, die von P. Copri dominiert wurde. Nach einer Umstellung meiner Ern\u00e4hrung, der Einnahme von Nahrungserg\u00e4nzungsmitteln und FMTs ist es mir gelungen, meine Darmflora wieder ins Gleichgewicht zu bringen und zu\u2026 <a href=\"https:\/\/gezonde-darmflora.nl\/de\/review\/javier-spanien\/\">Mehr lesen &raquo;<\/a><\/p>\r\n                        <\/div>\r\n                    <\/div>\r\n                                    <\/div>\r\n\r\n    <\/div>\r\n\r\n    [\/vc_column][\/vc_row][\/vc_section][vc_row full_width=&#8220;stretch_row_content_no_spaces&#8220; css=&#8220;.vc_custom_1593680854494{margin-bottom: -10rem !important;}&#8220;][vc_column]\r\n    <a href=\"https:\/\/gezonde-darmflora.nl\/poeppillen-bestellen\/\" target=\"\" class=\"no-underline\">\r\n\r\n        <div class=\"cta\" style=\"background-image: url('https:\/\/gezonde-darmflora.nl\/wp-content\/uploads\/2020\/08\/darmflora-gezondheid.jpg')\">\r\n            <div class=\"container\">\r\n                <div class=\"row\">\r\n                    <div class=\"col-12\">\r\n                        <p>\r\n                            <\/p>\n<h3>Helfen Sie auch Ihrer Darmflora, gesund zu bleiben?<\/h3>\n<h4>In unserem Shop finden Sie alles, was Sie brauchen.<\/h4>\n<p>                        <\/p>\r\n                        <div class=\"cta__button svg-btn svg-btn-darkgreen\">\r\n                            <svg xmlns=\"http:\/\/www.w3.org\/2000\/svg\" width=\"50\" height=\"50\" viewBox=\"0 0 55 50\"><defs><\/defs><g id=\"Layer_2\" data-name=\"Layer 2\"><g id=\"Layer_1-2\" data-name=\"Layer 1\"><path width=\"100%\" height=\"100%\" class=\"anime\" d=\"M1.16,31.86C5.61,44.26,19.3,52,32.23,49.6C40.23,48.11,48.89,42.33,51.61,34.400000000000006C53.61,28.510000000000005,51.839999999999996,22.550000000000004,49.23,17.210000000000004C46.23,10.990000000000006,43.06999999999999,4.210000000000004,36.29,1.270000000000005C31,-1,24.8,0,19.64,2.49A45,45,0,0,0,10.57,8.66C8.39,10.5,5.430000000000001,12.280000000000001,3.6400000000000006,14.46C-0.3,19.28,-0.9,26.13,1.16,31.86Z\"\/><\/g><\/g><\/svg>\r\n                            <i class=\"far fa-long-arrow-alt-right\"><\/i>\r\n                        <\/div>\r\n                    <\/div>\r\n                <\/div>\r\n            <\/div>\r\n        <\/div>\r\n\r\n    <\/a>\r\n\r\n    [\/vc_column][\/vc_row]<\/p>\n<\/div>","protected":false},"excerpt":{"rendered":"<p>[vc_row full_width=&#8220;stretch_row_content_no_spaces&#8220;][vc_column][\/vc_column][\/vc_row][vc_row][vc_column offset=&#8220;vc_col-md-8&#8243;][vc_column_text css=&#8220;&#8220;]FMT ist die Wiederherstellung der fehlenden Bakterien mit dem Ziel, das Gleichgewicht Ihrer Darmflora, Ihres &#8222;\u00d6kosystems&#8220;, wiederherzustellen. Heutzutage ist ein Mikrobiom-Test ein guter Weg, um herauszufinden, wie Ihr \u00d6kosystem aussieht. Mit einem Erregertest messen wir schon seit Jahren, welche &#8222;Krankheitserreger&#8220; in Ihrem K\u00f6rper leben. Nach 4 Jahren intensiver Zusammenarbeit mit MGlab &amp;\u2026 <a href=\"https:\/\/gezonde-darmflora.nl\/de\/review\/javier-spanien\/\">Mehr lesen &raquo;<\/a><\/p>\n","protected":false},"author":3,"featured_media":14755,"parent":0,"menu_order":0,"comment_status":"closed","ping_status":"closed","template":"","meta":{"_acf_changed":false,"footnotes":""},"class_list":["post-14754","page","type-page","status-publish","has-post-thumbnail","hentry"],"acf":[],"yoast_head":"<!-- This site is optimized with the Yoast SEO plugin v27.1.1 - https:\/\/yoast.com\/product\/yoast-seo-wordpress\/ -->\n<title>&#8211; Test der Darmflora Gezonde Darmflora<\/title>\n<meta name=\"description\" content=\"Da wir selbst nach einem Labor suchen mussten, das in unserem Auftrag &#039;potenzielle&#039; Spender auf F\u00e4kalien testet, haben wir sofort den Antrag gestellt, &#039;Darmflora-Testkits&#039; zusammenzustellen.\" \/>\n<meta name=\"robots\" content=\"index, follow, max-snippet:-1, max-image-preview:large, max-video-preview:-1\" \/>\n<link rel=\"canonical\" href=\"https:\/\/gezonde-darmflora.nl\/de\/testen-sie-sich-selbst\/\" \/>\n<meta property=\"og:locale\" content=\"de_DE\" \/>\n<meta property=\"og:type\" content=\"article\" \/>\n<meta property=\"og:title\" content=\"&#8211; Test der Darmflora Gezonde Darmflora\" \/>\n<meta property=\"og:description\" content=\"Da wir selbst nach einem Labor suchen mussten, das in unserem Auftrag &#039;potenzielle&#039; Spender auf F\u00e4kalien testet, haben wir sofort den Antrag gestellt, &#039;Darmflora-Testkits&#039; zusammenzustellen.\" \/>\n<meta property=\"og:url\" content=\"https:\/\/gezonde-darmflora.nl\/de\/testen-sie-sich-selbst\/\" \/>\n<meta property=\"og:site_name\" content=\"Gezonde Darmflora\" \/>\n<meta property=\"article:modified_time\" content=\"2025-09-22T13:35:50+00:00\" \/>\n<meta property=\"og:image\" content=\"https:\/\/gezonde-darmflora.nl\/wp-content\/uploads\/2023\/08\/entertypen-website-nieuw-2.png\" \/>\n\t<meta property=\"og:image:width\" content=\"1987\" \/>\n\t<meta property=\"og:image:height\" content=\"2451\" \/>\n\t<meta property=\"og:image:type\" content=\"image\/png\" \/>\n<meta name=\"twitter:card\" content=\"summary_large_image\" \/>\n<meta name=\"twitter:label1\" content=\"Gesch\u00e4tzte Lesezeit\" \/>\n\t<meta name=\"twitter:data1\" content=\"5\u00a0Minuten\" \/>\n<script type=\"application\/ld+json\" class=\"yoast-schema-graph\">{\"@context\":\"https:\/\/schema.org\",\"@graph\":[{\"@type\":\"WebPage\",\"@id\":\"https:\/\/gezonde-darmflora.nl\/de\/testen-sie-sich-selbst\/\",\"url\":\"https:\/\/gezonde-darmflora.nl\/de\/testen-sie-sich-selbst\/\",\"name\":\"&#8211; Test der Darmflora Gezonde Darmflora\",\"isPartOf\":{\"@id\":\"https:\/\/gezonde-darmflora.nl\/de\/#website\"},\"primaryImageOfPage\":{\"@id\":\"https:\/\/gezonde-darmflora.nl\/de\/testen-sie-sich-selbst\/#primaryimage\"},\"image\":{\"@id\":\"https:\/\/gezonde-darmflora.nl\/de\/testen-sie-sich-selbst\/#primaryimage\"},\"thumbnailUrl\":\"https:\/\/gezonde-darmflora.nl\/wp-content\/uploads\/2023\/08\/entertypen-website-nieuw-2.png\",\"datePublished\":\"2021-03-08T16:17:33+00:00\",\"dateModified\":\"2025-09-22T13:35:50+00:00\",\"description\":\"Da wir selbst nach einem Labor suchen mussten, das in unserem Auftrag 'potenzielle' Spender auf F\u00e4kalien testet, haben wir sofort den Antrag gestellt, 'Darmflora-Testkits' zusammenzustellen.\",\"breadcrumb\":{\"@id\":\"https:\/\/gezonde-darmflora.nl\/de\/testen-sie-sich-selbst\/#breadcrumb\"},\"inLanguage\":\"de\",\"potentialAction\":[{\"@type\":\"ReadAction\",\"target\":[\"https:\/\/gezonde-darmflora.nl\/de\/testen-sie-sich-selbst\/\"]}]},{\"@type\":\"ImageObject\",\"inLanguage\":\"de\",\"@id\":\"https:\/\/gezonde-darmflora.nl\/de\/testen-sie-sich-selbst\/#primaryimage\",\"url\":\"https:\/\/gezonde-darmflora.nl\/wp-content\/uploads\/2023\/08\/entertypen-website-nieuw-2.png\",\"contentUrl\":\"https:\/\/gezonde-darmflora.nl\/wp-content\/uploads\/2023\/08\/entertypen-website-nieuw-2.png\",\"width\":1987,\"height\":2451},{\"@type\":\"BreadcrumbList\",\"@id\":\"https:\/\/gezonde-darmflora.nl\/de\/testen-sie-sich-selbst\/#breadcrumb\",\"itemListElement\":[{\"@type\":\"ListItem\",\"position\":1,\"name\":\"Home\",\"item\":\"https:\/\/gezonde-darmflora.nl\/de\/\"},{\"@type\":\"ListItem\",\"position\":2,\"name\":\"Testen Sie sich selbst\"}]},{\"@type\":\"WebSite\",\"@id\":\"https:\/\/gezonde-darmflora.nl\/de\/#website\",\"url\":\"https:\/\/gezonde-darmflora.nl\/de\/\",\"name\":\"Gezonde Darmflora\",\"description\":\"Een gezonde &amp; natuurlijke darmflora\",\"potentialAction\":[{\"@type\":\"SearchAction\",\"target\":{\"@type\":\"EntryPoint\",\"urlTemplate\":\"https:\/\/gezonde-darmflora.nl\/de\/?s={search_term_string}\"},\"query-input\":{\"@type\":\"PropertyValueSpecification\",\"valueRequired\":true,\"valueName\":\"search_term_string\"}}],\"inLanguage\":\"de\"}]}<\/script>\n<!-- \/ Yoast SEO plugin. -->","yoast_head_json":{"title":"&#8211; Test der Darmflora Gezonde Darmflora","description":"Da wir selbst nach einem Labor suchen mussten, das in unserem Auftrag 'potenzielle' Spender auf F\u00e4kalien testet, haben wir sofort den Antrag gestellt, 'Darmflora-Testkits' zusammenzustellen.","robots":{"index":"index","follow":"follow","max-snippet":"max-snippet:-1","max-image-preview":"max-image-preview:large","max-video-preview":"max-video-preview:-1"},"canonical":"https:\/\/gezonde-darmflora.nl\/de\/testen-sie-sich-selbst\/","og_locale":"de_DE","og_type":"article","og_title":"&#8211; Test der Darmflora Gezonde Darmflora","og_description":"Da wir selbst nach einem Labor suchen mussten, das in unserem Auftrag 'potenzielle' Spender auf F\u00e4kalien testet, haben wir sofort den Antrag gestellt, 'Darmflora-Testkits' zusammenzustellen.","og_url":"https:\/\/gezonde-darmflora.nl\/de\/testen-sie-sich-selbst\/","og_site_name":"Gezonde Darmflora","article_modified_time":"2025-09-22T13:35:50+00:00","og_image":[{"width":1987,"height":2451,"url":"https:\/\/gezonde-darmflora.nl\/wp-content\/uploads\/2023\/08\/entertypen-website-nieuw-2.png","type":"image\/png"}],"twitter_card":"summary_large_image","twitter_misc":{"Gesch\u00e4tzte Lesezeit":"5\u00a0Minuten"},"schema":{"@context":"https:\/\/schema.org","@graph":[{"@type":"WebPage","@id":"https:\/\/gezonde-darmflora.nl\/de\/testen-sie-sich-selbst\/","url":"https:\/\/gezonde-darmflora.nl\/de\/testen-sie-sich-selbst\/","name":"&#8211; Test der Darmflora Gezonde Darmflora","isPartOf":{"@id":"https:\/\/gezonde-darmflora.nl\/de\/#website"},"primaryImageOfPage":{"@id":"https:\/\/gezonde-darmflora.nl\/de\/testen-sie-sich-selbst\/#primaryimage"},"image":{"@id":"https:\/\/gezonde-darmflora.nl\/de\/testen-sie-sich-selbst\/#primaryimage"},"thumbnailUrl":"https:\/\/gezonde-darmflora.nl\/wp-content\/uploads\/2023\/08\/entertypen-website-nieuw-2.png","datePublished":"2021-03-08T16:17:33+00:00","dateModified":"2025-09-22T13:35:50+00:00","description":"Da wir selbst nach einem Labor suchen mussten, das in unserem Auftrag 'potenzielle' Spender auf F\u00e4kalien testet, haben wir sofort den Antrag gestellt, 'Darmflora-Testkits' zusammenzustellen.","breadcrumb":{"@id":"https:\/\/gezonde-darmflora.nl\/de\/testen-sie-sich-selbst\/#breadcrumb"},"inLanguage":"de","potentialAction":[{"@type":"ReadAction","target":["https:\/\/gezonde-darmflora.nl\/de\/testen-sie-sich-selbst\/"]}]},{"@type":"ImageObject","inLanguage":"de","@id":"https:\/\/gezonde-darmflora.nl\/de\/testen-sie-sich-selbst\/#primaryimage","url":"https:\/\/gezonde-darmflora.nl\/wp-content\/uploads\/2023\/08\/entertypen-website-nieuw-2.png","contentUrl":"https:\/\/gezonde-darmflora.nl\/wp-content\/uploads\/2023\/08\/entertypen-website-nieuw-2.png","width":1987,"height":2451},{"@type":"BreadcrumbList","@id":"https:\/\/gezonde-darmflora.nl\/de\/testen-sie-sich-selbst\/#breadcrumb","itemListElement":[{"@type":"ListItem","position":1,"name":"Home","item":"https:\/\/gezonde-darmflora.nl\/de\/"},{"@type":"ListItem","position":2,"name":"Testen Sie sich selbst"}]},{"@type":"WebSite","@id":"https:\/\/gezonde-darmflora.nl\/de\/#website","url":"https:\/\/gezonde-darmflora.nl\/de\/","name":"Gezonde Darmflora","description":"Een gezonde &amp; natuurlijke darmflora","potentialAction":[{"@type":"SearchAction","target":{"@type":"EntryPoint","urlTemplate":"https:\/\/gezonde-darmflora.nl\/de\/?s={search_term_string}"},"query-input":{"@type":"PropertyValueSpecification","valueRequired":true,"valueName":"search_term_string"}}],"inLanguage":"de"}]}},"_links":{"self":[{"href":"https:\/\/gezonde-darmflora.nl\/de\/wp-json\/wp\/v2\/pages\/14754","targetHints":{"allow":["GET"]}}],"collection":[{"href":"https:\/\/gezonde-darmflora.nl\/de\/wp-json\/wp\/v2\/pages"}],"about":[{"href":"https:\/\/gezonde-darmflora.nl\/de\/wp-json\/wp\/v2\/types\/page"}],"author":[{"embeddable":true,"href":"https:\/\/gezonde-darmflora.nl\/de\/wp-json\/wp\/v2\/users\/3"}],"replies":[{"embeddable":true,"href":"https:\/\/gezonde-darmflora.nl\/de\/wp-json\/wp\/v2\/comments?post=14754"}],"version-history":[{"count":10,"href":"https:\/\/gezonde-darmflora.nl\/de\/wp-json\/wp\/v2\/pages\/14754\/revisions"}],"predecessor-version":[{"id":18200,"href":"https:\/\/gezonde-darmflora.nl\/de\/wp-json\/wp\/v2\/pages\/14754\/revisions\/18200"}],"wp:featuredmedia":[{"embeddable":true,"href":"https:\/\/gezonde-darmflora.nl\/de\/wp-json\/wp\/v2\/media\/14755"}],"wp:attachment":[{"href":"https:\/\/gezonde-darmflora.nl\/de\/wp-json\/wp\/v2\/media?parent=14754"}],"curies":[{"name":"wp","href":"https:\/\/api.w.org\/{rel}","templated":true}]}}