{"id":14751,"date":"2020-08-03T13:05:39","date_gmt":"2020-08-03T11:05:39","guid":{"rendered":"https:\/\/gezonde-darmflora.nl\/bestellung-und-bezahlung\/"},"modified":"2025-01-27T10:22:27","modified_gmt":"2025-01-27T09:22:27","slug":"bestellung-und-bezahlung","status":"publish","type":"page","link":"https:\/\/gezonde-darmflora.nl\/de\/bestellung-und-bezahlung\/","title":{"rendered":"Bestellung und Bezahlung"},"content":{"rendered":"<div class=\"wpb-content-wrapper\"><p>[vc_row full_width=&#8220;stretch_row_content_no_spaces&#8220;][vc_column]\r\n    <div class=\"page-title\">\r\n        <div class=\"container\">\r\n            <div class=\"row\">\r\n                <div class=\"col\">\r\n                    <h1>Bestellung und Bezahlung<\/h1>\r\n                <\/div>\r\n            <\/div>\r\n        <\/div>\r\n    <\/div>\r\n\r\n    [\/vc_column][\/vc_row][vc_row][vc_column width=&#8220;2\/3&#8243;][vc_column_text css=&#8220;&#8220;]<strong>Gehen Sie zum &#8218;Shop&#8216;:<\/strong><\/p>\n<p>Sie bestellen, indem Sie auf den Einkaufskorb des Spenders Ihrer Wahl klicken. Der <a href=\"https:\/\/gezonde-darmflora.nl\/de\/versand-und-lieferung\/\">Standardversandtag<\/a> ist der Montag. Eine Dose mit 23 oder 24 Kapseln Gr\u00f6\u00dfe 000. Ein Einlauf entspricht 55 ml. M\u00f6chten Sie die Transplantation am Samstag durchf\u00fchren? Dann sorgen Sie daf\u00fcr, dass Sie selbst zus\u00e4tzliches Trockeneis kaufen und die eps-Box rechtzeitig wieder auff\u00fcllen.     <\/p>\n<p><strong>Gehen Sie zur Kasse:<\/strong><\/p>\n<p>Geben Sie Ihre Daten ein und geben Sie den Montag an, an dem Ihre Bestellung versandt werden soll. W\u00e4hlen Sie Ihre Zahlungsmethode. Zahlung mit IDEAL*. Nach Eingang Ihrer Zahlung erhalten Sie eine Best\u00e4tigungs-E-Mail mit Ihrer Bestellung und dem Zahlungsnachweis. Au\u00dferdem erhalten Sie einen Gutscheincode, der ein Jahr lang g\u00fcltig ist. Sie k\u00f6nnen diesen Gutscheincode verwenden, um eine Rezension zu schreiben und Sie k\u00f6nnen diesen Gutscheincode f\u00fcr eine zweite Bestellung verwenden (falls erforderlich). Sie erhalten dann einen Rabatt von 25 Euro. Geben Sie innerhalb eines Jahres eine dritte Bestellung auf? Dann verwenden Sie diesen Coupon erneut. Der Rabatt f\u00fcr Ihre dritte Bestellung betr\u00e4gt dann 50 Euro.    <\/p>\n<p><strong>Mehrere Bestellungen auf einmal:<\/strong><\/p>\n<p>Wenn Sie das zum ersten Mal tun, werden die Rabattcodes bereits automatisch f\u00fcr Sie berechnet und verarbeitet. Wenn es sich um einen Spender handelt, k\u00f6nnen Sie die Anzahl in &#8218;Mein Warenkorb&#8216; erh\u00f6hen. M\u00f6chten Sie mehrere Spender? (wenn es mehrere Spender gibt) Klicken Sie auf den ersten Spender und bestellen Sie, gehen Sie dann zu &#8218;weiter einkaufen&#8216; und klicken Sie auf einen anderen Spender. <\/p>\n<h2>*iDEAL<\/h2>\n<p>Mit iDEAL k\u00f6nnen Sie Ihre Online-Eink\u00e4ufe sicher und einfach bezahlen. iDEAL ist das System, das Sie direkt mit Ihrer Online-Banking-Anwendung verbindet, wenn Sie einen Online-Einkauf t\u00e4tigen. Um iDEAL zu nutzen, m\u00fcssen Sie sich nicht registrieren, keine Dateien herunterladen oder ein Konto einrichten. Wenn Sie Online-Banking bei ABN AMRO, Fortis, ING, Rabobank oder SNS Bank nutzen, k\u00f6nnen Sie direkt mit iDEAL bezahlen. Sie zahlen schnell und einfach in der vertrauten Online-Zahlungsumgebung Ihrer eigenen Bank. Bezahlen Sie so, wie Sie es gewohnt sind.     <\/p>\n<h3>Wie funktioniert iDEAL?<\/h3>\n<ol>\n<li>Sie bestellen ein Produkt und w\u00e4hlen iDEAL als Zahlungsmethode<\/li>\n<li>W\u00e4hlen Sie die Bank aus, bei der Sie Ihre Bankgesch\u00e4fte bereits online erledigen<\/li>\n<li>Sie haben direkten Zugriff auf die vertraute Online-Banking-Anwendung Ihrer Bank<\/li>\n<li>Die relevanten Details zu Ihrem Kauf sind bereits ausgef\u00fcllt<\/li>\n<li>Sie genehmigen die Zahlung auf Ihre gewohnte Weise<\/li>\n<li>Sie erhalten eine Best\u00e4tigung von der Bank<\/li>\n<li>Sie kehren zum Online-Shop zur\u00fcck, Bestellung und Zahlung erfolgreich<\/li>\n<\/ol>\n<p>[\/vc_column_text][\/vc_column][vc_column width=&#8220;1\/3&#8243;]\r\n    <div class=\"blob-image-wrap\">\r\n        <img decoding=\"async\" src=\"https:\/\/gezonde-darmflora.nl\/wp-content\/uploads\/2020\/08\/poeppillen-bestellen.jpg\">\r\n    <\/div>\r\n    <p class=\"blob-image__caption\"><\/p>\r\n\r\n    [\/vc_column][\/vc_row][vc_row][vc_column]<div class=\"eye_empty_space pt-md-5 pb-md-5   pt-4 pb-4\"><\/div>[\/vc_column][\/vc_row][vc_row][vc_column width=&#8220;1\/3&#8243;][vc_column_text]<\/p>\n<h5>H\u00e4ufig gestellte Fragen<\/h5>\n<p>Haben Sie noch Fragen? Sehen Sie sich hier die <a href=\"https:\/\/gezonde-darmflora.nl\/de\/haeufig-gestellte-fragen\/\">h\u00e4ufig gestellten Fragen und Antworten<\/a> an.[\/vc_column_text][\/vc_column][vc_column width=&#8220;1\/3&#8243;][vc_column_text]<\/p>\n<h5>E-Mail<\/h5>\n<p>Sie k\u00f6nnen sich \u00fcber unser <a href=\"https:\/\/gezonde-darmflora.nl\/de\/kontakt\/\">Kontaktformular<\/a> oder per E-Mail an <a href=\"mailto:info@gezonde-darmflora.nl\">info[@]healthy-gutflora.co.uk<\/a> mit uns in Verbindung setzen.[\/vc_column_text][\/vc_column][vc_column width=&#8220;1\/3&#8243;][vc_column_text]<\/p>\n<h5>Telefon<\/h5>\n<p>Montags, dienstags und mittwochs k\u00f6nnen Sie uns zwischen 12 und 14 Uhr telefonisch unter 06-22226118 erreichen.[\/vc_column_text][\/vc_column][\/vc_row]<\/p>\n<\/div>","protected":false},"excerpt":{"rendered":"<p>[vc_row full_width=&#8220;stretch_row_content_no_spaces&#8220;][vc_column][\/vc_column][\/vc_row][vc_row][vc_column width=&#8220;2\/3&#8243;][vc_column_text css=&#8220;&#8220;]Gehen Sie zum &#8218;Shop&#8216;: Sie bestellen, indem Sie auf den Einkaufskorb des Spenders Ihrer Wahl klicken. Der Standardversandtag ist der Montag. Eine Dose mit 23 oder 24 Kapseln Gr\u00f6\u00dfe 000. Ein Einlauf entspricht 55 ml. M\u00f6chten Sie die Transplantation am Samstag durchf\u00fchren? Dann sorgen Sie daf\u00fcr, dass Sie selbst zus\u00e4tzliches Trockeneis kaufen\u2026 <a href=\"https:\/\/gezonde-darmflora.nl\/de\/bestellung-und-bezahlung\/\">Mehr lesen &raquo;<\/a><\/p>\n","protected":false},"author":4,"featured_media":0,"parent":0,"menu_order":0,"comment_status":"closed","ping_status":"closed","template":"","meta":{"_acf_changed":false,"footnotes":""},"class_list":["post-14751","page","type-page","status-publish","hentry"],"acf":[],"yoast_head":"<!-- This site is optimized with the Yoast SEO plugin v27.1.1 - https:\/\/yoast.com\/product\/yoast-seo-wordpress\/ -->\n<title>Bestellung und Bezahlung &#8211; Gezonde Darmflora<\/title>\n<meta name=\"robots\" content=\"index, follow, max-snippet:-1, max-image-preview:large, max-video-preview:-1\" \/>\n<link rel=\"canonical\" href=\"https:\/\/gezonde-darmflora.nl\/de\/bestellung-und-bezahlung\/\" \/>\n<meta property=\"og:locale\" content=\"de_DE\" \/>\n<meta property=\"og:type\" content=\"article\" \/>\n<meta property=\"og:title\" content=\"Bestellung und Bezahlung &#8211; Gezonde Darmflora\" \/>\n<meta property=\"og:description\" content=\"[vc_row full_width=&#8220;stretch_row_content_no_spaces&#8220;][vc_column][\/vc_column][\/vc_row][vc_row][vc_column width=&#8220;2\/3&#8243;][vc_column_text css=&#8220;&#8220;]Gehen Sie zum &#8218;Shop&#8216;: Sie bestellen, indem Sie auf den Einkaufskorb des Spenders Ihrer Wahl klicken. Der Standardversandtag ist der Montag. Eine Dose mit 23 oder 24 Kapseln Gr\u00f6\u00dfe 000. Ein Einlauf entspricht 55 ml. M\u00f6chten Sie die Transplantation am Samstag durchf\u00fchren? Dann sorgen Sie daf\u00fcr, dass Sie selbst zus\u00e4tzliches Trockeneis kaufen\u2026 Mehr lesen &raquo;\" \/>\n<meta property=\"og:url\" content=\"https:\/\/gezonde-darmflora.nl\/de\/bestellung-und-bezahlung\/\" \/>\n<meta property=\"og:site_name\" content=\"Gezonde Darmflora\" \/>\n<meta property=\"article:modified_time\" content=\"2025-01-27T09:22:27+00:00\" \/>\n<meta name=\"twitter:card\" content=\"summary_large_image\" \/>\n<meta name=\"twitter:label1\" content=\"Gesch\u00e4tzte Lesezeit\" \/>\n\t<meta name=\"twitter:data1\" content=\"3\u00a0Minuten\" \/>\n<script type=\"application\/ld+json\" class=\"yoast-schema-graph\">{\"@context\":\"https:\/\/schema.org\",\"@graph\":[{\"@type\":\"WebPage\",\"@id\":\"https:\/\/gezonde-darmflora.nl\/de\/bestellung-und-bezahlung\/\",\"url\":\"https:\/\/gezonde-darmflora.nl\/de\/bestellung-und-bezahlung\/\",\"name\":\"Bestellung und Bezahlung &#8211; Gezonde Darmflora\",\"isPartOf\":{\"@id\":\"https:\/\/gezonde-darmflora.nl\/de\/#website\"},\"datePublished\":\"2020-08-03T11:05:39+00:00\",\"dateModified\":\"2025-01-27T09:22:27+00:00\",\"breadcrumb\":{\"@id\":\"https:\/\/gezonde-darmflora.nl\/de\/bestellung-und-bezahlung\/#breadcrumb\"},\"inLanguage\":\"de\",\"potentialAction\":[{\"@type\":\"ReadAction\",\"target\":[\"https:\/\/gezonde-darmflora.nl\/de\/bestellung-und-bezahlung\/\"]}]},{\"@type\":\"BreadcrumbList\",\"@id\":\"https:\/\/gezonde-darmflora.nl\/de\/bestellung-und-bezahlung\/#breadcrumb\",\"itemListElement\":[{\"@type\":\"ListItem\",\"position\":1,\"name\":\"Home\",\"item\":\"https:\/\/gezonde-darmflora.nl\/de\/\"},{\"@type\":\"ListItem\",\"position\":2,\"name\":\"Bestellung und Bezahlung\"}]},{\"@type\":\"WebSite\",\"@id\":\"https:\/\/gezonde-darmflora.nl\/de\/#website\",\"url\":\"https:\/\/gezonde-darmflora.nl\/de\/\",\"name\":\"Gezonde Darmflora\",\"description\":\"Een gezonde &amp; natuurlijke darmflora\",\"potentialAction\":[{\"@type\":\"SearchAction\",\"target\":{\"@type\":\"EntryPoint\",\"urlTemplate\":\"https:\/\/gezonde-darmflora.nl\/de\/?s={search_term_string}\"},\"query-input\":{\"@type\":\"PropertyValueSpecification\",\"valueRequired\":true,\"valueName\":\"search_term_string\"}}],\"inLanguage\":\"de\"}]}<\/script>\n<!-- \/ Yoast SEO plugin. -->","yoast_head_json":{"title":"Bestellung und Bezahlung &#8211; Gezonde Darmflora","robots":{"index":"index","follow":"follow","max-snippet":"max-snippet:-1","max-image-preview":"max-image-preview:large","max-video-preview":"max-video-preview:-1"},"canonical":"https:\/\/gezonde-darmflora.nl\/de\/bestellung-und-bezahlung\/","og_locale":"de_DE","og_type":"article","og_title":"Bestellung und Bezahlung &#8211; Gezonde Darmflora","og_description":"[vc_row full_width=&#8220;stretch_row_content_no_spaces&#8220;][vc_column][\/vc_column][\/vc_row][vc_row][vc_column width=&#8220;2\/3&#8243;][vc_column_text css=&#8220;&#8220;]Gehen Sie zum &#8218;Shop&#8216;: Sie bestellen, indem Sie auf den Einkaufskorb des Spenders Ihrer Wahl klicken. Der Standardversandtag ist der Montag. Eine Dose mit 23 oder 24 Kapseln Gr\u00f6\u00dfe 000. Ein Einlauf entspricht 55 ml. M\u00f6chten Sie die Transplantation am Samstag durchf\u00fchren? Dann sorgen Sie daf\u00fcr, dass Sie selbst zus\u00e4tzliches Trockeneis kaufen\u2026 Mehr lesen &raquo;","og_url":"https:\/\/gezonde-darmflora.nl\/de\/bestellung-und-bezahlung\/","og_site_name":"Gezonde Darmflora","article_modified_time":"2025-01-27T09:22:27+00:00","twitter_card":"summary_large_image","twitter_misc":{"Gesch\u00e4tzte Lesezeit":"3\u00a0Minuten"},"schema":{"@context":"https:\/\/schema.org","@graph":[{"@type":"WebPage","@id":"https:\/\/gezonde-darmflora.nl\/de\/bestellung-und-bezahlung\/","url":"https:\/\/gezonde-darmflora.nl\/de\/bestellung-und-bezahlung\/","name":"Bestellung und Bezahlung &#8211; Gezonde Darmflora","isPartOf":{"@id":"https:\/\/gezonde-darmflora.nl\/de\/#website"},"datePublished":"2020-08-03T11:05:39+00:00","dateModified":"2025-01-27T09:22:27+00:00","breadcrumb":{"@id":"https:\/\/gezonde-darmflora.nl\/de\/bestellung-und-bezahlung\/#breadcrumb"},"inLanguage":"de","potentialAction":[{"@type":"ReadAction","target":["https:\/\/gezonde-darmflora.nl\/de\/bestellung-und-bezahlung\/"]}]},{"@type":"BreadcrumbList","@id":"https:\/\/gezonde-darmflora.nl\/de\/bestellung-und-bezahlung\/#breadcrumb","itemListElement":[{"@type":"ListItem","position":1,"name":"Home","item":"https:\/\/gezonde-darmflora.nl\/de\/"},{"@type":"ListItem","position":2,"name":"Bestellung und Bezahlung"}]},{"@type":"WebSite","@id":"https:\/\/gezonde-darmflora.nl\/de\/#website","url":"https:\/\/gezonde-darmflora.nl\/de\/","name":"Gezonde Darmflora","description":"Een gezonde &amp; natuurlijke darmflora","potentialAction":[{"@type":"SearchAction","target":{"@type":"EntryPoint","urlTemplate":"https:\/\/gezonde-darmflora.nl\/de\/?s={search_term_string}"},"query-input":{"@type":"PropertyValueSpecification","valueRequired":true,"valueName":"search_term_string"}}],"inLanguage":"de"}]}},"_links":{"self":[{"href":"https:\/\/gezonde-darmflora.nl\/de\/wp-json\/wp\/v2\/pages\/14751","targetHints":{"allow":["GET"]}}],"collection":[{"href":"https:\/\/gezonde-darmflora.nl\/de\/wp-json\/wp\/v2\/pages"}],"about":[{"href":"https:\/\/gezonde-darmflora.nl\/de\/wp-json\/wp\/v2\/types\/page"}],"author":[{"embeddable":true,"href":"https:\/\/gezonde-darmflora.nl\/de\/wp-json\/wp\/v2\/users\/4"}],"replies":[{"embeddable":true,"href":"https:\/\/gezonde-darmflora.nl\/de\/wp-json\/wp\/v2\/comments?post=14751"}],"version-history":[{"count":6,"href":"https:\/\/gezonde-darmflora.nl\/de\/wp-json\/wp\/v2\/pages\/14751\/revisions"}],"predecessor-version":[{"id":14761,"href":"https:\/\/gezonde-darmflora.nl\/de\/wp-json\/wp\/v2\/pages\/14751\/revisions\/14761"}],"wp:attachment":[{"href":"https:\/\/gezonde-darmflora.nl\/de\/wp-json\/wp\/v2\/media?parent=14751"}],"curies":[{"name":"wp","href":"https:\/\/api.w.org\/{rel}","templated":true}]}}