{"id":14739,"date":"2020-07-28T14:22:55","date_gmt":"2020-07-28T12:22:55","guid":{"rendered":"https:\/\/gezonde-darmflora.nl\/gute-und-schlechte-bakterien\/"},"modified":"2025-01-27T10:25:49","modified_gmt":"2025-01-27T09:25:49","slug":"gute-und-schlechte-bakterien","status":"publish","type":"page","link":"https:\/\/gezonde-darmflora.nl\/de\/darmflora\/gute-und-schlechte-bakterien\/","title":{"rendered":"Gute und schlechte Bakterien"},"content":{"rendered":"<div class=\"wpb-content-wrapper\"><p>[vc_row full_width=&#8220;stretch_row_content_no_spaces&#8220;][vc_column]\r\n    <div class=\"page-title\">\r\n        <div class=\"container\">\r\n            <div class=\"row\">\r\n                <div class=\"col\">\r\n                    <h1>Gute und schlechte Bakterien<\/h1>\r\n                <\/div>\r\n            <\/div>\r\n        <\/div>\r\n    <\/div>\r\n\r\n    [\/vc_column][\/vc_row][vc_row equal_height=&#8220;yes&#8220;][vc_column offset=&#8220;vc_col-md-8&#8243;][vc_column_text]Ihr K\u00f6rper beherbergt bis zu hundert Billionen Bakterien, die die Grundlage f\u00fcr Ihre Gesundheit sind.<\/p>\n<h2>Die Bedeutung der Bakterien in unserem Darm<\/h2>\n<p>Gute Bakterien sind wichtig, um gesund zu bleiben. Ihre Darmflora ist der Motor Ihres Immunsystems und Sie wollen nicht, dass dieser Motor ins Stocken ger\u00e4t. Bifiobakterien und Laktobazillen sind Beispiele f\u00fcr gute Bakterien. Schlechte Bakterien lassen uns krank werden. Da die guten Bakterien im \u00dcberfluss vorhanden sind und den Darm gut besiedeln, gibt es f\u00fcr die schlechten Darmbakterien keinen Platz zum Wachsen. Das gibt es nur bei einer gesunden Darmflora! In unserer heutigen Gesellschaft und mit unserem modernen Lebensstil bekommen wir immer weniger gute Bakterien. Daher sind unverarbeitete und abwechslungsreiche Lebensmittel und viel Wasser trinken weiterhin sehr wichtig. Aufgrund unserer Lebensmittelproduktionstechniken, die ebenfalls sehr sauber sind, verlieren Sie in diesem Prozess auch die guten essentiellen Bakterien, Pilze und Hefen, die in der Natur vorkommen. Der Mangel an guten Bakterien verursacht eher Darmprobleme als ein \u00dcberma\u00df an schlechten Bakterien. Letztendlich helfen uns die Bakterien bei der Verdauung der Nahrung, sch\u00fctzen uns vor Infektionen, versorgen uns mit Vitaminen und Fetts\u00e4uren und halten die Darmflora gesund. Unter g\u00fcnstigen Bedingungen kann ein Bakterium in acht Stunden bis zu 16 Millionen Kopien von sich selbst herstellen![\/vc_column_text]<div class=\"eye_empty_space pt-md-5 pb-md-5   pt-4 pb-4\"><\/div>[\/vc_column][vc_column offset=&#8220;vc_col-md-4&#8243; el_class=&#8220;d-flex align-items-center mb-5 mb-lg-0&#8243;]\r\n    <div class=\"blob-image-wrap\">\r\n        <img decoding=\"async\" src=\"https:\/\/gezonde-darmflora.nl\/wp-content\/uploads\/2020\/08\/bacterie\u0308n-in-darmen.jpg\">\r\n    <\/div>\r\n    <p class=\"blob-image__caption\"><\/p>\r\n\r\n    [\/vc_column][\/vc_row][vc_section full_width=&#8220;stretch_row&#8220; el_class=&#8220;bg-green&#8220;][vc_row][vc_column offset=&#8220;vc_col-lg-offset-2 vc_col-lg-8&#8243;][vc_column_text]<\/p>\n<h2>Arten von Darmbakterien<\/h2>\n<p><img decoding=\"async\" class=\"alignright wp-image-690 size-medium\" src=\"https:\/\/gezonde-darmflora.nl\/wp-content\/uploads\/2020\/08\/soorten-darmbacterien-300x300.png\" alt=\"Arten von Darmbakterien\" width=\"300\" height=\"300\" srcset=\"https:\/\/gezonde-darmflora.nl\/wp-content\/uploads\/2020\/08\/soorten-darmbacterien-300x300.png 300w, https:\/\/gezonde-darmflora.nl\/wp-content\/uploads\/2020\/08\/soorten-darmbacterien-100x100.png 100w, https:\/\/gezonde-darmflora.nl\/wp-content\/uploads\/2020\/08\/soorten-darmbacterien-150x150.png 150w, https:\/\/gezonde-darmflora.nl\/wp-content\/uploads\/2020\/08\/soorten-darmbacterien.png 450w\" sizes=\"(max-width: 300px) 100vw, 300px\" \/>Es gibt etwa hundertf\u00fcnfzig verschiedene Arten von Darmbakterien, die das Mikrobiom ausmachen. Eine gesunde Darmflora besteht aus vielen Bakterien aus vielen verschiedenen Arten. Welche dieser hundertf\u00fcnfzig Arten von Bakterien in Ihrem Darm leben, ist von Mensch zu Mensch unterschiedlich. Folglich hat jeder Mensch sein eigenes, einzigartiges Mikrobiom.   <\/p>\n<h3>Gute Darmbakterien<\/h3>\n<p>Diese sind auch als anaerobe Bakterien bekannt. Sie helfen bei der Verdauung der Nahrung und halten Krankheitserreger fern. 95% von ihnen leben im Magen-Darm-Trakt, 80% davon im unteren Teil des Dickdarms. Sie ern\u00e4hren sich haupts\u00e4chlich durch die Nahrung, die Sie zu sich nehmen. Sie haben sie von Geburt an, sie sind ein Teil von Ihnen, aber Sie k\u00f6nnen sie auch irgendwo aufschnappen. In einer Familie zu Hause sehen Sie zum Beispiel oft ihre eigene Bakterienart, die im Haus herumschwimmt und lebt. Eine Umarmung, eine Hand, ein Zusammensto\u00df, ein Schluck aus dem Glas eines anderen, im Grunde k\u00f6nnen Sie ihnen nicht entkommen. Wenn diese Bakterien gut sind, erh\u00f6hen sie die Vielfalt und sind willkommene G\u00e4ste. Nat\u00fcrlich ist auch Ihr Stuhl voll von Bakterien!        <\/p>\n<h3>Schlechte Darmbakterien<\/h3>\n<p>Auch schlechte Bakterien leben in Ihrem Darm, Sie k\u00f6nnen ihnen nicht entkommen. Aber wenn die gro\u00dfe Gruppe der anaeroben Bakterien vorhanden ist, gibt die Darmflora ihnen keinen Raum und sie werden ordentlich weggeputzt. Wenn die richtige Anzahl guter Bakterien bereits geschw\u00e4cht ist und abnimmt, dann wird den schlechten Bakterien Raum gegeben, um sich in der Darmwand anzusiedeln und zu vermehren. Ihre Probleme werden gr\u00f6\u00dfer und bei jedem Menschen treten unterschiedliche, mit der Darmflora zusammenh\u00e4ngende Symptome auf.[\/vc_column_text][\/vc_column][\/vc_row][\/vc_section][vc_row][vc_column]<div class=\"eye_empty_space pt-md-5 pb-md-5   pt-4 pb-4\"><\/div>[\/vc_column][\/vc_row][vc_row equal_height=&#8220;yes&#8220;][vc_column offset=&#8220;vc_col-md-8&#8243;][vc_column_text]<\/p>\n<h2>Wie k\u00f6nnen Sie die Darmbakterien beeinflussen?<\/h2>\n<p>Sie sind, was Sie essen ist nicht nur eine Redewendung. Nahrung ist der Treibstoff f\u00fcr alle Bakterien, damit sie ihre Arbeit richtig machen k\u00f6nnen. Wenn Sie nicht die richtigen Bakterien f\u00fcttern, kann sich die Zusammensetzung der Darmflora ver\u00e4ndern. Die Bakterien k\u00f6nnen einfach nicht anders, als sich von dem zu ern\u00e4hren, was ihnen serviert wird. Der Verzehr von vielen Ballaststoffen, Gem\u00fcse und N\u00fcssen f\u00f6rdert das Wachstum gesunder Bakterien. Der Verzehr von vielen verarbeiteten Produkten und raffiniertem Zucker f\u00fchrt dazu, dass sich die Zahl der schlechten Bakterien erh\u00f6ht. Bei Ess- und Trinkgewohnheiten mit viel raffiniertem Zucker gedeihen krankheitserregende Bakterien wie Clostridien und Candida. Diese verursachen <a href=\"https:\/\/gezonde-darmflora.nl\/de\/darmprobleme\/\">Darmbeschwerden<\/a> wie <a href=\"https:\/\/gezonde-darmflora.nl\/de\/darmprobleme\/blaehungen\/\">Bl\u00e4hungen<\/a>, schwankenden Stuhlgang, Bauchschmerzen und <a href=\"https:\/\/gezonde-darmflora.nl\/de\/darmprobleme\/blaehungen-2\/\">Bl\u00e4hungen<\/a>. Man sch\u00e4tzt, dass nur 10% der Niederl\u00e4nder t\u00e4glich gen\u00fcgend Ballaststoffe zu sich nehmen. Und Ballaststoffe sind auch f\u00fcr eine gesunde Darmflora sehr wichtig. Unl\u00f6sliche Ballaststoffe geben dem Darminhalt Volumen und sorgen f\u00fcr einen reibungslosen Stuhlgang, was wiederum einen leichten Stuhlgang f\u00f6rdert. Sie finden Ballaststoffe unter anderem in allen Arten von Kohl und Sprossen, Spargel, Karotten, Paprika, Bohnen und N\u00fcssen. L\u00f6sliche Ballaststoffe sind eine hervorragende Nahrungsquelle f\u00fcr die Darmflora. Diese finden Sie unter anderem in S\u00fc\u00dfkartoffeln, Zwiebeln, Bananen, K\u00fcrbis und Hafer. Und trinken Sie ausreichend Wasser am Tag, wenn Sie viele Ballaststoffe essen, damit diese wieder an die Fl\u00fcssigkeit gebunden werden k\u00f6nnen und Sie keine Verstopfung bekommen.[\/vc_column_text]<div class=\"eye_empty_space pt-md-3 pb-md-3   pt-2 pb-2\"><\/div>[\/vc_column][vc_column offset=&#8220;vc_col-md-4&#8243; el_class=&#8220;d-flex align-items-center mb-5 mb-lg-0&#8243;]\r\n    <div class=\"blob-image-wrap\">\r\n        <img decoding=\"async\" src=\"https:\/\/gezonde-darmflora.nl\/wp-content\/uploads\/2020\/08\/goede-bacterien-darmen.jpg\">\r\n    <\/div>\r\n    <p class=\"blob-image__caption\"><\/p>\r\n\r\n    [\/vc_column][\/vc_row][vc_row][vc_column][vc_single_image image=&#8220;594&#8243; img_size=&#8220;1400&#215;622&#8243; alignment=&#8220;center&#8220;]<div class=\"eye_empty_space pt-md-3 pb-md-3   pt-2 pb-2\"><\/div>[\/vc_column][\/vc_row][vc_row][vc_column offset=&#8220;vc_col-md-4&#8243; el_class=&#8220;mb-5 mb-lg-0&#8243;]\r\n    <div class=\"blob-image-wrap\">\r\n        <img decoding=\"async\" src=\"https:\/\/gezonde-darmflora.nl\/wp-content\/uploads\/2020\/08\/slechte-bacterien.jpg\">\r\n    <\/div>\r\n    <p class=\"blob-image__caption\"><\/p>\r\n\r\n    [\/vc_column][vc_column offset=&#8220;vc_col-md-8&#8243;][vc_column_text]Leider wird die Darmflora z.B. bei einer Infektion oder einer medikament\u00f6sen Behandlung negativ beeinflusst. Antibiotika t\u00f6ten zum Beispiel nicht nur die sch\u00e4dlichen Bakterien einer Infektion, sondern auch die guten Bakterien der Darmflora. Es ist wie ein Hagelschuss, bei dem man hofft, dass der \u00dcbelt\u00e4ter getroffen wird, bei dem aber auch viele Unschuldige sterben werden. Dadurch entstehen leere Stellen in der Darmwand. Die sch\u00e4dlichen Darmbakterien ergreifen dann die Gelegenheit, sich zu vermehren und die Darmflora ger\u00e4t ins Ungleichgewicht, was zu Symptomen f\u00fchren kann. Eine <a href=\"https:\/\/gezonde-darmflora.nl\/de\/die-fmt-theorie\/\">Kottransplantation<\/a> ist eine untersch\u00e4tzte L\u00f6sung f\u00fcr eine gest\u00f6rte Darmflora. Wenn die guten Bakterien nicht mehr ausreichend mit Nahrung versorgt werden k\u00f6nnen, wenn das Ungleichgewicht zu gro\u00df ist, weil die Gruppe der schlechten Bakterien zu gro\u00df ist, dann kann dieses Gleichgewicht mit der gesunden Darmflora eines anderen Menschen wiederhergestellt werden.[\/vc_column_text]<div class=\"eye_empty_space pt-md-5 pb-md-5   pt-4 pb-4\"><\/div>[\/vc_column][\/vc_row][vc_section full_width=&#8220;stretch_row&#8220; el_class=&#8220;bg-green&#8220;][vc_row][vc_column offset=&#8220;vc_col-lg-offset-2 vc_col-lg-8&#8243;][vc_column_text]<\/p>\n<h2>Helfen Sie Ihrem Darm, wieder in die Spur zu kommen!<\/h2>\n<p>Wenn Sie geduldig sind und den richtigen Stamm haben, der Ihre Probleme l\u00f6sen kann, k\u00f6nnen Probiotika Ihnen helfen, wieder in die Spur zu kommen. Aber Probiotika werden als Urlauber betrachtet. Er kommt f\u00fcr eine Weile und geht dann wieder, w\u00e4hrend eine Pupstransplantation eine andere Geschichte ist. Das sind Einwanderer, die ein Haus mit einem Fundament errichten. Der Kot enth\u00e4lt eine ganze Menge Bakterien. In den magensaftresistenten Kapseln passieren sie sicher die t\u00f6dliche S\u00e4ure des Magens und gelangen direkt an ihr Ziel. Sie siedeln sich an und vermehren sich blitzschnell![\/vc_column_text][\/vc_column][\/vc_row][\/vc_section][vc_row full_width=&#8220;stretch_row_content_no_spaces&#8220; css=&#8220;.vc_custom_1593680854494{margin-bottom: -10rem !important;}&#8220;][vc_column]\r\n    <a href=\"https:\/\/gezonde-darmflora.nl\/poeppillen-bestellen\/\" target=\"\" class=\"no-underline\">\r\n\r\n        <div class=\"cta\" style=\"background-image: url('https:\/\/gezonde-darmflora.nl\/wp-content\/uploads\/2020\/08\/darmflora-gezondheid.jpg')\">\r\n            <div class=\"container\">\r\n                <div class=\"row\">\r\n                    <div class=\"col-12\">\r\n                        <p>\r\n                            <\/p>\n<h3>Helfen Sie auch Ihrer Darmflora, gesund zu bleiben?<\/h3>\n<h4>In unserem Shop finden Sie alles, was Sie brauchen.<\/h4>\n<p>                        <\/p>\r\n                        <div class=\"cta__button svg-btn svg-btn-darkgreen\">\r\n                            <svg xmlns=\"http:\/\/www.w3.org\/2000\/svg\" width=\"50\" height=\"50\" viewBox=\"0 0 55 50\"><defs><\/defs><g id=\"Layer_2\" data-name=\"Layer 2\"><g id=\"Layer_1-2\" data-name=\"Layer 1\"><path width=\"100%\" height=\"100%\" class=\"anime\" d=\"M1.16,31.86C5.61,44.26,19.3,52,32.23,49.6C40.23,48.11,48.89,42.33,51.61,34.400000000000006C53.61,28.510000000000005,51.839999999999996,22.550000000000004,49.23,17.210000000000004C46.23,10.990000000000006,43.06999999999999,4.210000000000004,36.29,1.270000000000005C31,-1,24.8,0,19.64,2.49A45,45,0,0,0,10.57,8.66C8.39,10.5,5.430000000000001,12.280000000000001,3.6400000000000006,14.46C-0.3,19.28,-0.9,26.13,1.16,31.86Z\"\/><\/g><\/g><\/svg>\r\n                            <i class=\"far fa-long-arrow-alt-right\"><\/i>\r\n                        <\/div>\r\n                    <\/div>\r\n                <\/div>\r\n            <\/div>\r\n        <\/div>\r\n\r\n    <\/a>\r\n\r\n    [\/vc_column][\/vc_row]<\/p>\n<\/div>","protected":false},"excerpt":{"rendered":"<p>[vc_row full_width=&#8220;stretch_row_content_no_spaces&#8220;][vc_column][\/vc_column][\/vc_row][vc_row equal_height=&#8220;yes&#8220;][vc_column offset=&#8220;vc_col-md-8&#8243;][vc_column_text]Ihr K\u00f6rper beherbergt bis zu hundert Billionen Bakterien, die die Grundlage f\u00fcr Ihre Gesundheit sind. Die Bedeutung der Bakterien in unserem Darm Gute Bakterien sind wichtig, um gesund zu bleiben. Ihre Darmflora ist der Motor Ihres Immunsystems und Sie wollen nicht, dass dieser Motor ins Stocken ger\u00e4t. Bifiobakterien und Laktobazillen sind Beispiele\u2026 <a href=\"https:\/\/gezonde-darmflora.nl\/de\/darmflora\/gute-und-schlechte-bakterien\/\">Mehr lesen &raquo;<\/a><\/p>\n","protected":false},"author":4,"featured_media":0,"parent":14768,"menu_order":0,"comment_status":"closed","ping_status":"closed","template":"","meta":{"_acf_changed":false,"footnotes":""},"class_list":["post-14739","page","type-page","status-publish","hentry"],"acf":[],"yoast_head":"<!-- This site is optimized with the Yoast SEO plugin v27.1.1 - https:\/\/yoast.com\/product\/yoast-seo-wordpress\/ -->\n<title>Gute und schlechte Bakterien in Ihrem Darm &amp; wie kann man sie verbessern?<\/title>\n<meta name=\"robots\" content=\"index, follow, max-snippet:-1, max-image-preview:large, max-video-preview:-1\" \/>\n<link rel=\"canonical\" href=\"https:\/\/gezonde-darmflora.nl\/de\/darmflora\/gute-und-schlechte-bakterien\/\" \/>\n<meta property=\"og:locale\" content=\"de_DE\" \/>\n<meta property=\"og:type\" content=\"article\" \/>\n<meta property=\"og:title\" content=\"Gute und schlechte Bakterien in Ihrem Darm &amp; wie kann man sie verbessern?\" \/>\n<meta property=\"og:description\" content=\"[vc_row full_width=&#8220;stretch_row_content_no_spaces&#8220;][vc_column][\/vc_column][\/vc_row][vc_row equal_height=&#8220;yes&#8220;][vc_column offset=&#8220;vc_col-md-8&#8243;][vc_column_text]Ihr K\u00f6rper beherbergt bis zu hundert Billionen Bakterien, die die Grundlage f\u00fcr Ihre Gesundheit sind. Die Bedeutung der Bakterien in unserem Darm Gute Bakterien sind wichtig, um gesund zu bleiben. Ihre Darmflora ist der Motor Ihres Immunsystems und Sie wollen nicht, dass dieser Motor ins Stocken ger\u00e4t. Bifiobakterien und Laktobazillen sind Beispiele\u2026 Mehr lesen &raquo;\" \/>\n<meta property=\"og:url\" content=\"https:\/\/gezonde-darmflora.nl\/de\/darmflora\/gute-und-schlechte-bakterien\/\" \/>\n<meta property=\"og:site_name\" content=\"Gezonde Darmflora\" \/>\n<meta property=\"article:modified_time\" content=\"2025-01-27T09:25:49+00:00\" \/>\n<meta property=\"og:image\" content=\"https:\/\/gezonde-darmflora.nl\/wp-content\/uploads\/2020\/08\/soorten-darmbacterien-300x300.png\" \/>\n<meta name=\"twitter:card\" content=\"summary_large_image\" \/>\n<meta name=\"twitter:label1\" content=\"Gesch\u00e4tzte Lesezeit\" \/>\n\t<meta name=\"twitter:data1\" content=\"6\u00a0Minuten\" \/>\n<script type=\"application\/ld+json\" class=\"yoast-schema-graph\">{\"@context\":\"https:\/\/schema.org\",\"@graph\":[{\"@type\":\"WebPage\",\"@id\":\"https:\/\/gezonde-darmflora.nl\/de\/darmflora\/gute-und-schlechte-bakterien\/\",\"url\":\"https:\/\/gezonde-darmflora.nl\/de\/darmflora\/gute-und-schlechte-bakterien\/\",\"name\":\"Gute und schlechte Bakterien in Ihrem Darm & wie kann man sie verbessern?\",\"isPartOf\":{\"@id\":\"https:\/\/gezonde-darmflora.nl\/de\/#website\"},\"primaryImageOfPage\":{\"@id\":\"https:\/\/gezonde-darmflora.nl\/de\/darmflora\/gute-und-schlechte-bakterien\/#primaryimage\"},\"image\":{\"@id\":\"https:\/\/gezonde-darmflora.nl\/de\/darmflora\/gute-und-schlechte-bakterien\/#primaryimage\"},\"thumbnailUrl\":\"https:\/\/gezonde-darmflora.nl\/wp-content\/uploads\/2020\/08\/soorten-darmbacterien-300x300.png\",\"datePublished\":\"2020-07-28T12:22:55+00:00\",\"dateModified\":\"2025-01-27T09:25:49+00:00\",\"breadcrumb\":{\"@id\":\"https:\/\/gezonde-darmflora.nl\/de\/darmflora\/gute-und-schlechte-bakterien\/#breadcrumb\"},\"inLanguage\":\"de\",\"potentialAction\":[{\"@type\":\"ReadAction\",\"target\":[\"https:\/\/gezonde-darmflora.nl\/de\/darmflora\/gute-und-schlechte-bakterien\/\"]}]},{\"@type\":\"ImageObject\",\"inLanguage\":\"de\",\"@id\":\"https:\/\/gezonde-darmflora.nl\/de\/darmflora\/gute-und-schlechte-bakterien\/#primaryimage\",\"url\":\"https:\/\/gezonde-darmflora.nl\/wp-content\/uploads\/2020\/08\/soorten-darmbacterien-300x300.png\",\"contentUrl\":\"https:\/\/gezonde-darmflora.nl\/wp-content\/uploads\/2020\/08\/soorten-darmbacterien-300x300.png\"},{\"@type\":\"BreadcrumbList\",\"@id\":\"https:\/\/gezonde-darmflora.nl\/de\/darmflora\/gute-und-schlechte-bakterien\/#breadcrumb\",\"itemListElement\":[{\"@type\":\"ListItem\",\"position\":1,\"name\":\"Home\",\"item\":\"https:\/\/gezonde-darmflora.nl\/de\/\"},{\"@type\":\"ListItem\",\"position\":2,\"name\":\"Darmflora\",\"item\":\"https:\/\/gezonde-darmflora.nl\/de\/darmflora\/\"},{\"@type\":\"ListItem\",\"position\":3,\"name\":\"Gute und schlechte Bakterien\"}]},{\"@type\":\"WebSite\",\"@id\":\"https:\/\/gezonde-darmflora.nl\/de\/#website\",\"url\":\"https:\/\/gezonde-darmflora.nl\/de\/\",\"name\":\"Gezonde Darmflora\",\"description\":\"Een gezonde &amp; natuurlijke darmflora\",\"potentialAction\":[{\"@type\":\"SearchAction\",\"target\":{\"@type\":\"EntryPoint\",\"urlTemplate\":\"https:\/\/gezonde-darmflora.nl\/de\/?s={search_term_string}\"},\"query-input\":{\"@type\":\"PropertyValueSpecification\",\"valueRequired\":true,\"valueName\":\"search_term_string\"}}],\"inLanguage\":\"de\"}]}<\/script>\n<!-- \/ Yoast SEO plugin. -->","yoast_head_json":{"title":"Gute und schlechte Bakterien in Ihrem Darm & wie kann man sie verbessern?","robots":{"index":"index","follow":"follow","max-snippet":"max-snippet:-1","max-image-preview":"max-image-preview:large","max-video-preview":"max-video-preview:-1"},"canonical":"https:\/\/gezonde-darmflora.nl\/de\/darmflora\/gute-und-schlechte-bakterien\/","og_locale":"de_DE","og_type":"article","og_title":"Gute und schlechte Bakterien in Ihrem Darm & wie kann man sie verbessern?","og_description":"[vc_row full_width=&#8220;stretch_row_content_no_spaces&#8220;][vc_column][\/vc_column][\/vc_row][vc_row equal_height=&#8220;yes&#8220;][vc_column offset=&#8220;vc_col-md-8&#8243;][vc_column_text]Ihr K\u00f6rper beherbergt bis zu hundert Billionen Bakterien, die die Grundlage f\u00fcr Ihre Gesundheit sind. Die Bedeutung der Bakterien in unserem Darm Gute Bakterien sind wichtig, um gesund zu bleiben. Ihre Darmflora ist der Motor Ihres Immunsystems und Sie wollen nicht, dass dieser Motor ins Stocken ger\u00e4t. Bifiobakterien und Laktobazillen sind Beispiele\u2026 Mehr lesen &raquo;","og_url":"https:\/\/gezonde-darmflora.nl\/de\/darmflora\/gute-und-schlechte-bakterien\/","og_site_name":"Gezonde Darmflora","article_modified_time":"2025-01-27T09:25:49+00:00","og_image":[{"url":"https:\/\/gezonde-darmflora.nl\/wp-content\/uploads\/2020\/08\/soorten-darmbacterien-300x300.png","type":"","width":"","height":""}],"twitter_card":"summary_large_image","twitter_misc":{"Gesch\u00e4tzte Lesezeit":"6\u00a0Minuten"},"schema":{"@context":"https:\/\/schema.org","@graph":[{"@type":"WebPage","@id":"https:\/\/gezonde-darmflora.nl\/de\/darmflora\/gute-und-schlechte-bakterien\/","url":"https:\/\/gezonde-darmflora.nl\/de\/darmflora\/gute-und-schlechte-bakterien\/","name":"Gute und schlechte Bakterien in Ihrem Darm & wie kann man sie verbessern?","isPartOf":{"@id":"https:\/\/gezonde-darmflora.nl\/de\/#website"},"primaryImageOfPage":{"@id":"https:\/\/gezonde-darmflora.nl\/de\/darmflora\/gute-und-schlechte-bakterien\/#primaryimage"},"image":{"@id":"https:\/\/gezonde-darmflora.nl\/de\/darmflora\/gute-und-schlechte-bakterien\/#primaryimage"},"thumbnailUrl":"https:\/\/gezonde-darmflora.nl\/wp-content\/uploads\/2020\/08\/soorten-darmbacterien-300x300.png","datePublished":"2020-07-28T12:22:55+00:00","dateModified":"2025-01-27T09:25:49+00:00","breadcrumb":{"@id":"https:\/\/gezonde-darmflora.nl\/de\/darmflora\/gute-und-schlechte-bakterien\/#breadcrumb"},"inLanguage":"de","potentialAction":[{"@type":"ReadAction","target":["https:\/\/gezonde-darmflora.nl\/de\/darmflora\/gute-und-schlechte-bakterien\/"]}]},{"@type":"ImageObject","inLanguage":"de","@id":"https:\/\/gezonde-darmflora.nl\/de\/darmflora\/gute-und-schlechte-bakterien\/#primaryimage","url":"https:\/\/gezonde-darmflora.nl\/wp-content\/uploads\/2020\/08\/soorten-darmbacterien-300x300.png","contentUrl":"https:\/\/gezonde-darmflora.nl\/wp-content\/uploads\/2020\/08\/soorten-darmbacterien-300x300.png"},{"@type":"BreadcrumbList","@id":"https:\/\/gezonde-darmflora.nl\/de\/darmflora\/gute-und-schlechte-bakterien\/#breadcrumb","itemListElement":[{"@type":"ListItem","position":1,"name":"Home","item":"https:\/\/gezonde-darmflora.nl\/de\/"},{"@type":"ListItem","position":2,"name":"Darmflora","item":"https:\/\/gezonde-darmflora.nl\/de\/darmflora\/"},{"@type":"ListItem","position":3,"name":"Gute und schlechte Bakterien"}]},{"@type":"WebSite","@id":"https:\/\/gezonde-darmflora.nl\/de\/#website","url":"https:\/\/gezonde-darmflora.nl\/de\/","name":"Gezonde Darmflora","description":"Een gezonde &amp; natuurlijke darmflora","potentialAction":[{"@type":"SearchAction","target":{"@type":"EntryPoint","urlTemplate":"https:\/\/gezonde-darmflora.nl\/de\/?s={search_term_string}"},"query-input":{"@type":"PropertyValueSpecification","valueRequired":true,"valueName":"search_term_string"}}],"inLanguage":"de"}]}},"_links":{"self":[{"href":"https:\/\/gezonde-darmflora.nl\/de\/wp-json\/wp\/v2\/pages\/14739","targetHints":{"allow":["GET"]}}],"collection":[{"href":"https:\/\/gezonde-darmflora.nl\/de\/wp-json\/wp\/v2\/pages"}],"about":[{"href":"https:\/\/gezonde-darmflora.nl\/de\/wp-json\/wp\/v2\/types\/page"}],"author":[{"embeddable":true,"href":"https:\/\/gezonde-darmflora.nl\/de\/wp-json\/wp\/v2\/users\/4"}],"replies":[{"embeddable":true,"href":"https:\/\/gezonde-darmflora.nl\/de\/wp-json\/wp\/v2\/comments?post=14739"}],"version-history":[{"count":1,"href":"https:\/\/gezonde-darmflora.nl\/de\/wp-json\/wp\/v2\/pages\/14739\/revisions"}],"predecessor-version":[{"id":14742,"href":"https:\/\/gezonde-darmflora.nl\/de\/wp-json\/wp\/v2\/pages\/14739\/revisions\/14742"}],"up":[{"embeddable":true,"href":"https:\/\/gezonde-darmflora.nl\/de\/wp-json\/wp\/v2\/pages\/14768"}],"wp:attachment":[{"href":"https:\/\/gezonde-darmflora.nl\/de\/wp-json\/wp\/v2\/media?parent=14739"}],"curies":[{"name":"wp","href":"https:\/\/api.w.org\/{rel}","templated":true}]}}