{"id":14730,"date":"2020-07-23T09:26:58","date_gmt":"2020-07-23T07:26:58","guid":{"rendered":"https:\/\/gezonde-darmflora.nl\/reizdarm-syndrom\/"},"modified":"2025-01-27T10:26:02","modified_gmt":"2025-01-27T09:26:02","slug":"reizdarm-syndrom","status":"publish","type":"page","link":"https:\/\/gezonde-darmflora.nl\/de\/darmprobleme\/reizdarm-syndrom\/","title":{"rendered":"Reizdarm-Syndrom"},"content":{"rendered":"<div class=\"wpb-content-wrapper\"><p>[vc_row full_width=&#8220;stretch_row_content_no_spaces&#8220;][vc_column]\r\n    <div class=\"page-title\">\r\n        <div class=\"container\">\r\n            <div class=\"row\">\r\n                <div class=\"col\">\r\n                    <h1>Reizdarm-Syndrom<\/h1>\r\n                <\/div>\r\n            <\/div>\r\n        <\/div>\r\n    <\/div>\r\n\r\n    [\/vc_column][\/vc_row][vc_row][vc_column offset=&#8220;vc_col-md-8&#8243;][vc_column_text]PDS steht f\u00fcr Reizdarmsyndrom und wird auch als spastischer Darm oder IBS-Darm bezeichnet. PDS kann Ihr Leben erheblich unangenehm machen und Sie voller Fragen und ohne m\u00f6gliche Behandlung zur\u00fccklassen.[\/vc_column_text]<div class=\"eye_empty_space pt-md-5 pb-md-5   pt-4 pb-4\"><\/div>[\/vc_column][vc_column offset=&#8220;vc_col-md-4&#8243; el_class=&#8220;mb-5 mb-lg-0&#8243;]\r\n    <div class=\"blob-image-wrap\">\r\n        <img decoding=\"async\" src=\"https:\/\/gezonde-darmflora.nl\/wp-content\/uploads\/2020\/06\/foto-M-1024x731.jpg\">\r\n    <\/div>\r\n    <p class=\"blob-image__caption\"><\/p>\r\n\r\n    [\/vc_column][\/vc_row][vc_section full_width=&#8220;stretch_row&#8220; el_class=&#8220;bg-green&#8220;][vc_row][vc_column offset=&#8220;vc_col-lg-offset-2 vc_col-lg-8&#8243;][vc_column_text]<\/p>\n<h2>Was ist PDS?<\/h2>\n<p>Es handelt sich um eine h\u00e4ufige Darmerkrankung, eine Funktionsst\u00f6rung des Magen-Darm-Trakts. Sie wird als funktionell bezeichnet, weil der Darm normal aussieht, aber keine medizinische Ursache gefunden wird. Nur der Darm funktioniert nicht richtig. Sie tritt daher meist im Dickdarm auf. Die Merkmale \u00e4u\u00dfern sich in Bauchschmerzen oder Bauchkr\u00e4mpfen, Sie bekommen Probleme mit dem Stuhlgang, Ihr <a href=\"https:\/\/gezonde-darmflora.nl\/de\/darmprobleme\/blaehungen\/\">Bauch kann anschwellen<\/a> und Sie haben vermehrt Bl\u00e4hungen. Menschen mit PDS leiden h\u00e4ufig unter <a href=\"https:\/\/gezonde-darmflora.nl\/de\/darmprobleme\/diarrhoee\/\">Durchfall<\/a> oder <a href=\"https:\/\/gezonde-darmflora.nl\/de\/darmprobleme\/verstopfung-oder-darmverstopfung\/\">Verstopfung<\/a>. Auch ein Stuhlgang, bei dem sich Durchfall und Verstopfung abwechseln, kommt vor, und die Schmerzen befinden sich oft an wechselnden Stellen im Bauch. Man geht davon aus, dass etwa 10 &#8211; 20 % der Niederl\u00e4nder an PDS leiden, und von diesen sind 75 % Frauen. Die Anzahl der Symptome, die Sie erleben, der Schweregrad und die H\u00e4ufigkeit dieser Symptome sind von Mensch zu Mensch unterschiedlich. Wenn Sie immer h\u00e4ufiger und h\u00e4ufiger unter den Symptomen leiden und auch deren Schwere und H\u00e4ufigkeit immer mehr zunimmt, ist es wahrscheinlich, dass dies auch Ihr t\u00e4gliches Leben und Ihre Routine beeintr\u00e4chtigt. Da der Darm nicht richtig funktioniert, ist die Verdauung gest\u00f6rt, was zu den Problemen f\u00fchrt, die Sie m\u00f6glicherweise erleben.[\/vc_column_text][\/vc_column][\/vc_row][\/vc_section][vc_row][vc_column]<div class=\"eye_empty_space pt-md-5 pb-md-5   pt-4 pb-4\"><\/div>[\/vc_column][\/vc_row][vc_row][vc_column offset=&#8220;vc_col-md-8&#8243;][vc_column_text]<\/p>\n<h2>Reizdarmsyndrom testen lassen<\/h2>\n<p>Der Ursprung des Reizdarmsyndroms ist nicht wirklich bekannt und kann nicht getestet werden. Die Folgen des PDS sind bei jedem Menschen anders. Bei manchen Menschen tritt das PDS nach einer Darminfektion auf, zum Beispiel durch eine Lebensmittelvergiftung, aber in der Regel handelt es sich um eine Kombination von Faktoren. Zum Beispiel macht der Darm zu viele oder zu wenige Bewegungen, was als <strong>spastischer Darm<\/strong> bezeichnet wird. Bei \u00fcber 60% der Menschen mit PDS sind die Nerven in der Darmwand besonders empfindlich oder die Nerven reagieren, weil sich die Darmwand dehnt oder hebt. Daher kommt auch der Begriff &#8218;Reizdarm&#8216;. Die Interaktion der Gehirn-Darm-Achse verursacht dann die Schmerzsymptome. Anspannung und bestimmte Nahrungsmittel k\u00f6nnen die Symptome verschlimmern. Es wird noch viel erforscht, wie diese Faktoren bei PDS eine Rolle spielen, aber dass Stress eine Quelle f\u00fcr viele m\u00f6gliche Probleme ist, ist inzwischen klar.[\/vc_column_text]<div class=\"eye_empty_space pt-md-5 pb-md-5   pt-4 pb-4\"><\/div>[\/vc_column][vc_column offset=&#8220;vc_col-md-4&#8243; el_class=&#8220;mb-5 mb-lg-0&#8243;]\r\n    <div class=\"blob-image-wrap\">\r\n        <img decoding=\"async\" src=\"https:\/\/gezonde-darmflora.nl\/wp-content\/uploads\/2020\/08\/bacterie\u0308n-in-darmen.jpg\">\r\n    <\/div>\r\n    <p class=\"blob-image__caption\"><\/p>\r\n\r\n    [\/vc_column][\/vc_row][vc_row][vc_column offset=&#8220;vc_col-md-4&#8243; el_class=&#8220;mb-5 mb-lg-0&#8243;]\r\n    <div class=\"blob-image-wrap\">\r\n        <img decoding=\"async\" src=\"https:\/\/gezonde-darmflora.nl\/wp-content\/uploads\/2020\/08\/darmklachten.jpg\">\r\n    <\/div>\r\n    <p class=\"blob-image__caption\"><\/p>\r\n\r\n    [\/vc_column][vc_column offset=&#8220;vc_col-md-8&#8243;][vc_column_text]<\/p>\n<h2>Ursachen von PDS<\/h2>\n<p>PDS ist die h\u00e4ufigste Ursache f\u00fcr gastrointestinale Symptome. Aber was genau verursacht es? In den letzten Jahren hat man \u00fcber das Geschlecht, Ihr Alter, Ihre Gene, hormonelle Ver\u00e4nderungen, bestimmte Medikamente, N\u00e4hrstoffm\u00e4ngel, Darminfektionen und Allergien nachgedacht. Es wird vermutet, dass bei PDS eine Fehlfunktion der Gehirn-Darm-Achse vorliegt. \u00c4rzte und Forscher sind auch davon \u00fcberzeugt, dass Ihr Gem\u00fctszustand, wie z.B. Stress oder \u00c4ngste, ein gro\u00dfer Faktor ist. Es ist daher gut, herauszufinden, ob diese Faktoren eine Rolle bei den Symptomen spielen k\u00f6nnten.     <\/p>\n<h2>Beschwerden, die Sie m\u00f6glicherweise haben<\/h2>\n<p>Die h\u00e4ufigsten Symptome von PDS sind daher Bauchschmerzen, Kr\u00e4mpfe, Magenschmerzen, Durchfall oder Verstopfung, Bl\u00e4hungen, \u00dcbelkeit und M\u00fcdigkeit. \u00c4rzte halten PDS nicht f\u00fcr gef\u00e4hrlich, da PDS im Grunde weder den Magen noch den Darm oder andere Teile des Verdauungstrakts sch\u00e4digt. Daher werden nur selten Medikamente verschrieben.[\/vc_column_text]<div class=\"eye_empty_space pt-md-5 pb-md-5   pt-4 pb-4\"><\/div>[\/vc_column][\/vc_row][vc_row][vc_column]<div class=\"eye_empty_space pt-md-5 pb-md-5   pt-4 pb-4\"><\/div>[\/vc_column][\/vc_row][vc_row][vc_column offset=&#8220;vc_col-md-8&#8243;][vc_column_text]<\/p>\n<h2>Was k\u00f6nnen Sie selbst gegen einen spastischen Dickdarm tun?<\/h2>\n<p>Aufgrund der vielen m\u00f6glichen Ursachen scheint hier &#8218;totale Ausgeglichenheit&#8216; angebracht. Finden Sie f\u00fcr den mentalen Teil Ruhe in Ihrem Geist durch bewusstes Atmen, z.B. durch Yoga und Meditation. Ein Atmungsexperte kann Ihnen gute Ratschl\u00e4ge und \u00dcbungen geben und Ihnen einen aufschlussreichen \u00dcberblick \u00fcber Ihr Atemmuster verschaffen. Finden Sie Frieden in Ihrem K\u00f6rper, indem Sie Ihre Ern\u00e4hrung mit einem Ern\u00e4hrungsexperten besprechen. Dort k\u00f6nnen Sie oft auch testen lassen, was Ihr K\u00f6rper vertr\u00e4gt und was nicht. Das wird Sie auch davor bewahren, unn\u00f6tig Lebensmittel wegzulassen oder einseitig zu essen. Und es ist wichtig, dass Sie genau herausfinden, welche Lebensmittel sich positiv oder negativ auf Ihren K\u00f6rper und Ihren spastischen Darm auswirken. Und lassen Sie Ihren K\u00f6rper arbeiten. Er ist nicht daf\u00fcr gemacht, still zu stehen. Sport oder k\u00f6rperliche Arbeit bringen Ihren K\u00f6rper dazu, richtig zu funktionieren. Ein Auto l\u00e4sst man auch nicht stehen und ein Haus, das leer steht, verf\u00e4llt auch bald.[\/vc_column_text]<div class=\"eye_empty_space pt-md-5 pb-md-5   pt-4 pb-4\"><\/div>[\/vc_column][vc_column offset=&#8220;vc_col-md-4&#8243; el_class=&#8220;mb-5 mb-lg-0&#8243;]\r\n    <div class=\"blob-image-wrap\">\r\n        <img decoding=\"async\" src=\"https:\/\/gezonde-darmflora.nl\/wp-content\/uploads\/2020\/08\/darmflora-verbeteren-tips.jpg\">\r\n    <\/div>\r\n    <p class=\"blob-image__caption\"><\/p>\r\n\r\n    [\/vc_column][\/vc_row][vc_section full_width=&#8220;stretch_row&#8220; el_class=&#8220;bg-green&#8220;][vc_row][vc_column offset=&#8220;vc_col-lg-offset-2 vc_col-lg-8&#8243;][vc_column_text]<\/p>\n<h2>M\u00f6gliche PSD-Behandlungen<\/h2>\n<p>Es gibt keine Medikamente f\u00fcr das Reizdarmsyndrom. Eine medizinische Behandlung ist also nicht wirklich m\u00f6glich. Sie sind auf sich selbst angewiesen. Machen Sie sich also klar, dass Ihr K\u00f6rper Ihnen letztlich mehr sagt, als Sie denken. H\u00f6ren Sie aufmerksam auf Ihren K\u00f6rper und kommen Sie mit sich selbst in Kontakt. Oft bedeutet das, dass Sie Ihren Lebensstil \u00e4ndern m\u00fcssen. Wenn Sie Ihre Ern\u00e4hrung umgestellt und angefangen haben, mehr oder nur Wasser zu trinken, wenn Sie mehr Sport treiben, sich ausruhen und auch an Ihrer Atmung gearbeitet haben, wenn Sie sogar einen Ern\u00e4hrungsberater konsultiert haben, aber die spastischen Darmsymptome bleiben? Und was ist mit <a href=\"https:\/\/gezonde-darmflora.nl\/de\/darmflora\/\">Ihrer Darmflora<\/a>? Der Zustand der Darmflora wird selten untersucht. K\u00f6nnte sie nicht aus dem Gleichgewicht geraten sein? Gibt es nicht einen Mangel an guten Bakterien? Bei einer aus dem Gleichgewicht geratenen Darmflora k\u00f6nnen bei jedem Menschen verschiedene Probleme auftreten. In der Tat ist bei den meisten Problemen <a href=\"https:\/\/gezonde-darmflora.nl\/de\/darmflora\/beeintraechtigte-darmflora\/\">eine unausgewogene Darmflora<\/a> die Quelle des Schadens. Ihr schw\u00e4chster Punkt in Ihrem K\u00f6rper leidet daher als erstes. Die gr\u00f6\u00dften Probleme beim Reizdarmsyndrom treten haupts\u00e4chlich im spastischen Dickdarm auf, wo sich die meisten Bakterien befinden. <a href=\"https:\/\/gezonde-darmflora.nl\/de\/die-fmt-theorie\/\">Eine Furztransplantation<\/a> ist hier eine weitere untersch\u00e4tzte M\u00f6glichkeit.[\/vc_column_text][\/vc_column][\/vc_row][\/vc_section][vc_row full_width=&#8220;stretch_row_content_no_spaces&#8220; css=&#8220;.vc_custom_1593680854494{margin-bottom: -10rem !important;}&#8220;][vc_column]\r\n    <a href=\"https:\/\/gezonde-darmflora.nl\/poeppillen-bestellen\/\" target=\"\" class=\"no-underline\">\r\n\r\n        <div class=\"cta\" style=\"background-image: url('https:\/\/gezonde-darmflora.nl\/wp-content\/uploads\/2020\/06\/darmflora-en-gezondheid-e1615224352177.jpg')\">\r\n            <div class=\"container\">\r\n                <div class=\"row\">\r\n                    <div class=\"col-12\">\r\n                        <p>\r\n                            <\/p>\n<h3>Helfen Sie auch Ihrer Darmflora, gesund zu bleiben?<\/h3>\n<h4>In unserem Shop finden Sie alles, was Sie brauchen.<\/h4>\n<p>                        <\/p>\r\n                        <div class=\"cta__button svg-btn svg-btn-darkgreen\">\r\n                            <svg xmlns=\"http:\/\/www.w3.org\/2000\/svg\" width=\"50\" height=\"50\" viewBox=\"0 0 55 50\"><defs><\/defs><g id=\"Layer_2\" data-name=\"Layer 2\"><g id=\"Layer_1-2\" data-name=\"Layer 1\"><path width=\"100%\" height=\"100%\" class=\"anime\" d=\"M1.16,31.86C5.61,44.26,19.3,52,32.23,49.6C40.23,48.11,48.89,42.33,51.61,34.400000000000006C53.61,28.510000000000005,51.839999999999996,22.550000000000004,49.23,17.210000000000004C46.23,10.990000000000006,43.06999999999999,4.210000000000004,36.29,1.270000000000005C31,-1,24.8,0,19.64,2.49A45,45,0,0,0,10.57,8.66C8.39,10.5,5.430000000000001,12.280000000000001,3.6400000000000006,14.46C-0.3,19.28,-0.9,26.13,1.16,31.86Z\"\/><\/g><\/g><\/svg>\r\n                            <i class=\"far fa-long-arrow-alt-right\"><\/i>\r\n                        <\/div>\r\n                    <\/div>\r\n                <\/div>\r\n            <\/div>\r\n        <\/div>\r\n\r\n    <\/a>\r\n\r\n    [\/vc_column][\/vc_row]<\/p>\n<\/div>","protected":false},"excerpt":{"rendered":"<p>[vc_row full_width=&#8220;stretch_row_content_no_spaces&#8220;][vc_column][\/vc_column][\/vc_row][vc_row][vc_column offset=&#8220;vc_col-md-8&#8243;][vc_column_text]PDS steht f\u00fcr Reizdarmsyndrom und wird auch als spastischer Darm oder IBS-Darm bezeichnet. PDS kann Ihr Leben erheblich unangenehm machen und Sie voller Fragen und ohne m\u00f6gliche Behandlung zur\u00fccklassen.[\/vc_column_text][\/vc_column][vc_column offset=&#8220;vc_col-md-4&#8243; el_class=&#8220;mb-5 mb-lg-0&#8243;][\/vc_column][\/vc_row][vc_section full_width=&#8220;stretch_row&#8220; el_class=&#8220;bg-green&#8220;][vc_row][vc_column offset=&#8220;vc_col-lg-offset-2 vc_col-lg-8&#8243;][vc_column_text] Was ist PDS? Es handelt sich um eine h\u00e4ufige Darmerkrankung, eine Funktionsst\u00f6rung des Magen-Darm-Trakts. Sie wird als\u2026 <a href=\"https:\/\/gezonde-darmflora.nl\/de\/darmprobleme\/reizdarm-syndrom\/\">Mehr lesen &raquo;<\/a><\/p>\n","protected":false},"author":4,"featured_media":0,"parent":14800,"menu_order":0,"comment_status":"closed","ping_status":"closed","template":"","meta":{"_acf_changed":false,"footnotes":""},"class_list":["post-14730","page","type-page","status-publish","hentry"],"acf":[],"yoast_head":"<!-- This site is optimized with the Yoast SEO plugin v27.1.1 - https:\/\/yoast.com\/product\/yoast-seo-wordpress\/ -->\n<title>PSD: Was tun bei Reizdarmsyndrom? Ursachen und Tipps<\/title>\n<meta name=\"description\" content=\"PDS steht f\u00fcr Reizdarmsyndrom und wird auch als spastischer Darm oder Reizdarmsyndrom bezeichnet. Lesen Sie mehr \u00fcber die Ursachen und Behandlungen.\" \/>\n<meta name=\"robots\" content=\"index, follow, max-snippet:-1, max-image-preview:large, max-video-preview:-1\" \/>\n<link rel=\"canonical\" href=\"https:\/\/gezonde-darmflora.nl\/de\/darmprobleme\/reizdarm-syndrom\/\" \/>\n<meta property=\"og:locale\" content=\"de_DE\" \/>\n<meta property=\"og:type\" content=\"article\" \/>\n<meta property=\"og:title\" content=\"PSD: Was tun bei Reizdarmsyndrom? Ursachen und Tipps\" \/>\n<meta property=\"og:description\" content=\"PDS steht f\u00fcr Reizdarmsyndrom und wird auch als spastischer Darm oder Reizdarmsyndrom bezeichnet. Lesen Sie mehr \u00fcber die Ursachen und Behandlungen.\" \/>\n<meta property=\"og:url\" content=\"https:\/\/gezonde-darmflora.nl\/de\/darmprobleme\/reizdarm-syndrom\/\" \/>\n<meta property=\"og:site_name\" content=\"Gezonde Darmflora\" \/>\n<meta property=\"article:modified_time\" content=\"2025-01-27T09:26:02+00:00\" \/>\n<meta name=\"twitter:card\" content=\"summary_large_image\" \/>\n<meta name=\"twitter:label1\" content=\"Gesch\u00e4tzte Lesezeit\" \/>\n\t<meta name=\"twitter:data1\" content=\"6\u00a0Minuten\" \/>\n<script type=\"application\/ld+json\" class=\"yoast-schema-graph\">{\"@context\":\"https:\/\/schema.org\",\"@graph\":[{\"@type\":\"WebPage\",\"@id\":\"https:\/\/gezonde-darmflora.nl\/de\/darmprobleme\/reizdarm-syndrom\/\",\"url\":\"https:\/\/gezonde-darmflora.nl\/de\/darmprobleme\/reizdarm-syndrom\/\",\"name\":\"PSD: Was tun bei Reizdarmsyndrom? Ursachen und Tipps\",\"isPartOf\":{\"@id\":\"https:\/\/gezonde-darmflora.nl\/de\/#website\"},\"datePublished\":\"2020-07-23T07:26:58+00:00\",\"dateModified\":\"2025-01-27T09:26:02+00:00\",\"description\":\"PDS steht f\u00fcr Reizdarmsyndrom und wird auch als spastischer Darm oder Reizdarmsyndrom bezeichnet. Lesen Sie mehr \u00fcber die Ursachen und Behandlungen.\",\"breadcrumb\":{\"@id\":\"https:\/\/gezonde-darmflora.nl\/de\/darmprobleme\/reizdarm-syndrom\/#breadcrumb\"},\"inLanguage\":\"de\",\"potentialAction\":[{\"@type\":\"ReadAction\",\"target\":[\"https:\/\/gezonde-darmflora.nl\/de\/darmprobleme\/reizdarm-syndrom\/\"]}]},{\"@type\":\"BreadcrumbList\",\"@id\":\"https:\/\/gezonde-darmflora.nl\/de\/darmprobleme\/reizdarm-syndrom\/#breadcrumb\",\"itemListElement\":[{\"@type\":\"ListItem\",\"position\":1,\"name\":\"Home\",\"item\":\"https:\/\/gezonde-darmflora.nl\/de\/\"},{\"@type\":\"ListItem\",\"position\":2,\"name\":\"Darmprobleme\",\"item\":\"https:\/\/gezonde-darmflora.nl\/de\/darmprobleme\/\"},{\"@type\":\"ListItem\",\"position\":3,\"name\":\"Reizdarm-Syndrom\"}]},{\"@type\":\"WebSite\",\"@id\":\"https:\/\/gezonde-darmflora.nl\/de\/#website\",\"url\":\"https:\/\/gezonde-darmflora.nl\/de\/\",\"name\":\"Gezonde Darmflora\",\"description\":\"Een gezonde &amp; natuurlijke darmflora\",\"potentialAction\":[{\"@type\":\"SearchAction\",\"target\":{\"@type\":\"EntryPoint\",\"urlTemplate\":\"https:\/\/gezonde-darmflora.nl\/de\/?s={search_term_string}\"},\"query-input\":{\"@type\":\"PropertyValueSpecification\",\"valueRequired\":true,\"valueName\":\"search_term_string\"}}],\"inLanguage\":\"de\"}]}<\/script>\n<!-- \/ Yoast SEO plugin. -->","yoast_head_json":{"title":"PSD: Was tun bei Reizdarmsyndrom? Ursachen und Tipps","description":"PDS steht f\u00fcr Reizdarmsyndrom und wird auch als spastischer Darm oder Reizdarmsyndrom bezeichnet. Lesen Sie mehr \u00fcber die Ursachen und Behandlungen.","robots":{"index":"index","follow":"follow","max-snippet":"max-snippet:-1","max-image-preview":"max-image-preview:large","max-video-preview":"max-video-preview:-1"},"canonical":"https:\/\/gezonde-darmflora.nl\/de\/darmprobleme\/reizdarm-syndrom\/","og_locale":"de_DE","og_type":"article","og_title":"PSD: Was tun bei Reizdarmsyndrom? Ursachen und Tipps","og_description":"PDS steht f\u00fcr Reizdarmsyndrom und wird auch als spastischer Darm oder Reizdarmsyndrom bezeichnet. Lesen Sie mehr \u00fcber die Ursachen und Behandlungen.","og_url":"https:\/\/gezonde-darmflora.nl\/de\/darmprobleme\/reizdarm-syndrom\/","og_site_name":"Gezonde Darmflora","article_modified_time":"2025-01-27T09:26:02+00:00","twitter_card":"summary_large_image","twitter_misc":{"Gesch\u00e4tzte Lesezeit":"6\u00a0Minuten"},"schema":{"@context":"https:\/\/schema.org","@graph":[{"@type":"WebPage","@id":"https:\/\/gezonde-darmflora.nl\/de\/darmprobleme\/reizdarm-syndrom\/","url":"https:\/\/gezonde-darmflora.nl\/de\/darmprobleme\/reizdarm-syndrom\/","name":"PSD: Was tun bei Reizdarmsyndrom? Ursachen und Tipps","isPartOf":{"@id":"https:\/\/gezonde-darmflora.nl\/de\/#website"},"datePublished":"2020-07-23T07:26:58+00:00","dateModified":"2025-01-27T09:26:02+00:00","description":"PDS steht f\u00fcr Reizdarmsyndrom und wird auch als spastischer Darm oder Reizdarmsyndrom bezeichnet. Lesen Sie mehr \u00fcber die Ursachen und Behandlungen.","breadcrumb":{"@id":"https:\/\/gezonde-darmflora.nl\/de\/darmprobleme\/reizdarm-syndrom\/#breadcrumb"},"inLanguage":"de","potentialAction":[{"@type":"ReadAction","target":["https:\/\/gezonde-darmflora.nl\/de\/darmprobleme\/reizdarm-syndrom\/"]}]},{"@type":"BreadcrumbList","@id":"https:\/\/gezonde-darmflora.nl\/de\/darmprobleme\/reizdarm-syndrom\/#breadcrumb","itemListElement":[{"@type":"ListItem","position":1,"name":"Home","item":"https:\/\/gezonde-darmflora.nl\/de\/"},{"@type":"ListItem","position":2,"name":"Darmprobleme","item":"https:\/\/gezonde-darmflora.nl\/de\/darmprobleme\/"},{"@type":"ListItem","position":3,"name":"Reizdarm-Syndrom"}]},{"@type":"WebSite","@id":"https:\/\/gezonde-darmflora.nl\/de\/#website","url":"https:\/\/gezonde-darmflora.nl\/de\/","name":"Gezonde Darmflora","description":"Een gezonde &amp; natuurlijke darmflora","potentialAction":[{"@type":"SearchAction","target":{"@type":"EntryPoint","urlTemplate":"https:\/\/gezonde-darmflora.nl\/de\/?s={search_term_string}"},"query-input":{"@type":"PropertyValueSpecification","valueRequired":true,"valueName":"search_term_string"}}],"inLanguage":"de"}]}},"_links":{"self":[{"href":"https:\/\/gezonde-darmflora.nl\/de\/wp-json\/wp\/v2\/pages\/14730","targetHints":{"allow":["GET"]}}],"collection":[{"href":"https:\/\/gezonde-darmflora.nl\/de\/wp-json\/wp\/v2\/pages"}],"about":[{"href":"https:\/\/gezonde-darmflora.nl\/de\/wp-json\/wp\/v2\/types\/page"}],"author":[{"embeddable":true,"href":"https:\/\/gezonde-darmflora.nl\/de\/wp-json\/wp\/v2\/users\/4"}],"replies":[{"embeddable":true,"href":"https:\/\/gezonde-darmflora.nl\/de\/wp-json\/wp\/v2\/comments?post=14730"}],"version-history":[{"count":1,"href":"https:\/\/gezonde-darmflora.nl\/de\/wp-json\/wp\/v2\/pages\/14730\/revisions"}],"predecessor-version":[{"id":14737,"href":"https:\/\/gezonde-darmflora.nl\/de\/wp-json\/wp\/v2\/pages\/14730\/revisions\/14737"}],"up":[{"embeddable":true,"href":"https:\/\/gezonde-darmflora.nl\/de\/wp-json\/wp\/v2\/pages\/14800"}],"wp:attachment":[{"href":"https:\/\/gezonde-darmflora.nl\/de\/wp-json\/wp\/v2\/media?parent=14730"}],"curies":[{"name":"wp","href":"https:\/\/api.w.org\/{rel}","templated":true}]}}