{"id":14723,"date":"2021-03-23T16:53:13","date_gmt":"2021-03-23T15:53:13","guid":{"rendered":"https:\/\/gezonde-darmflora.nl\/erlaeuterung-der-pcr-tests-durch-unseren-leitenden-labortechniker\/"},"modified":"2025-01-27T10:22:10","modified_gmt":"2025-01-27T09:22:10","slug":"erlaeuterung-der-pcr-tests-durch-unseren-leitenden-labortechniker","status":"publish","type":"page","link":"https:\/\/gezonde-darmflora.nl\/de\/erlaeuterung-der-pcr-tests-durch-unseren-leitenden-labortechniker\/","title":{"rendered":"Erl\u00e4uterung der PCR-Tests durch unseren leitenden Labortechniker"},"content":{"rendered":"<div class=\"wpb-content-wrapper\"><p>[vc_row full_width=&#8220;stretch_row_content_no_spaces&#8220;][vc_column]\r\n    <div class=\"page-title\">\r\n        <div class=\"container\">\r\n            <div class=\"row\">\r\n                <div class=\"col\">\r\n                    <h1>Erl\u00e4uterung der PCR-Tests durch unseren leitenden Labortechniker<\/h1>\r\n                <\/div>\r\n            <\/div>\r\n        <\/div>\r\n    <\/div>\r\n\r\n    [\/vc_column][\/vc_row][vc_row equal_height=&#8220;yes&#8220;][vc_column width=&#8220;3\/4&#8243;][vc_column_text]<\/p>\n<blockquote><p><b>Polymerase-Kettenreaktion &#8211; die PCR-Technik erkl\u00e4rt<\/b><\/p>\n<p><em>Eine h\u00e4ufig verwendete Technik in den Labors von Krankenh\u00e4usern, medizinischen Universit\u00e4ten oder Fabriken, in denen z.B. Lebensmittel oder Wasser verarbeitet und untersucht werden, ist die PCR. Diese relativ junge Forschungsmethode &#8211; entwickelt in den fr\u00fchen 1980er Jahren &#8211; war revolution\u00e4r f\u00fcr den Nachweis und die Untersuchung von Organismen wie Bakterien und Viren. Auch f\u00fcr den Nachweis und die Untersuchung von genetischem Material bei forensischen Untersuchungen ist die PCR-Technik entscheidend, um einen Schuldigen zu finden.  <\/em><\/p>\n<p><em>Seit der Corona-Pandemie 2019 wird in den Nachrichten und den entsprechenden Informationssendungen viel \u00fcber den PCR-Test f\u00fcr SARS-COV-2 gesprochen: den Typ des Coronavirus, der f\u00fcr die Krankheit COVID verantwortlich ist. Aber was genau ist der PCR-Test und wie funktioniert er? <\/em> <em>Die Abk\u00fcrzung PCR steht f\u00fcr Polymerase Chain Reaction. Polymerase ist ein Enzym, chain ist das englische Wort f\u00fcr &#8218;Kette&#8216; und das Wort reaction l\u00e4sst sich einfach mit &#8218;Reaktion&#8216; \u00fcbersetzen. <\/em><br \/>\n<em>Es handelt sich also um eine Kettenreaktion, die durch ein bestimmtes Enzym, n\u00e4mlich die Polymerase, angetrieben wird.  <\/em><em>Um zu erkl\u00e4ren, um welche Kettenreaktion es sich handelt, m\u00fcssen wir zu den Grundlagen zur\u00fcckkehren und das ist der Tr\u00e4ger allen Erbguts: die DNA. Jede Zelle eines lebenden Organismus enth\u00e4lt DNA (oder ein Derivat davon) und ist aus etwa vier verschiedenen Bausteinen zusammengesetzt: Adenin (A), Thymin (T), Guanin (G) und Cytose (C). Diese Bausteine k\u00f6nnen in einer unendlichen Anzahl von Kombinationen miteinander verkn\u00fcpft werden und diese Kombinationen sorgen letztendlich f\u00fcr die vererbbaren Eigenschaften.    <\/em><em>Auf einem solchen DNA-Strang &#8211; der aus diesen Bausteinen besteht &#8211; werden viele Erbinformationen mit denen eines Artgenossen \u00fcbereinstimmen. Es gibt jedoch immer Bits (Gen genannt) auf dem DNA-Strang, die sehr spezifisch sind. Ein Beispiel: Ein Bakterium kann in einer sauren Umgebung \u00fcberleben, ein anderes nicht. Das s\u00e4ureliebende Bakterium wird Stoffe produzieren, mit denen es sich wohl f\u00fchlt und die S\u00e4ure greift die Zellwand nicht an, w\u00e4hrend ein anderes Bakterium &#8211; das ein Verwandter ist &#8211; in einer sauren Umgebung nicht \u00fcberleben kann und wird.   <\/em><\/p>\n<p><em>Bei der PCR-Technik werden diejenigen DNA-St\u00fccke nachgewiesen, die sehr spezifisch sind. Es ist wie die Suche nach einer Nadel im Heuhaufen mit verschiedenen Arten von Stecknadeln, bei der man mit einem sehr starken Magneten immer noch diese eine spezielle Nadel herausziehen kann. Das Problem bei der DNA ist, dass man ein solches St\u00fcck Strang nicht sehen kann und deshalb wurde diese Kettenreaktion entwickelt. Von diesem einen St\u00fcck spezifischer DNA werden Millionen von Kopien hergestellt und mit einem eingebauten Trick schalten sich fluoreszierende Molek\u00fcle ein oder aus. Und der Grad der Fluoreszenz kann mit bestimmten Ger\u00e4ten gemessen werden.    <\/em><\/p>\n<p><b>Das Prinzip der Polymerase-Kettenreaktion<\/b><\/p>\n<p><em>Der Zweck der PCR-Reaktion besteht darin, das spezifische St\u00fcck Erbmaterial zu vervielf\u00e4ltigen und das Ergebnis mit Hilfe von Fluoreszenz messbar zu machen.<\/em><br \/>\n<em>Dazu sind eine Reihe von Komponenten erforderlich, die in einem Reaktionsgef\u00e4\u00df zusammengef\u00fcgt werden:<\/em><\/p>\n<ul>\n<li><em>Isolierte DNA: DNA, die aus Zellen freigesetzt wird, die z.B. in Wasser, Blut oder Milch vorhanden sind<\/em><\/li>\n<li><em>Die Bausteine: Adenin, Thymin, Guanin und Cytose<\/em><\/li>\n<li><em>Primer: DNA-Fragmente, die am Anfang und am Ende des zu kopierenden St\u00fccks Erbmaterials haften. An diesen Primern sind fluoreszierende Flaggen angebracht, die &#8218;aus&#8216; sind, wenn in der Reaktion nichts mit ihnen geschieht. <\/em><\/li>\n<li><em>Enzym: Das Enzym Polymerase, das die A-, T-, C- und G-Bausteine in der richtigen Reihenfolge mit den Primern verbinden kann<\/em><\/li>\n<li><em>Puffer: Dies ist eine Fl\u00fcssigkeit, in der alle Komponenten gel\u00f6st sind und die eine optimale Umgebung f\u00fcr die Reaktion bietet.<\/em><\/li>\n<\/ul>\n<p><em>Der Prozess des Kopierens besteht aus einem Zyklus von Schritten, die mehrmals wiederholt werden.<span class=\"Apple-converted-space\">  <\/span>In der Regel reicht eine 40- bis 45-malige Wiederholung des Zyklus aus, um Milliarden von Kopien zu erzeugen. Rechnen Sie nach: Wenn Sie von einem St\u00fcck DNA ausgehen, haben Sie nach dem ersten Zyklus zwei Kopien, nach dem dritten Zyklus sind es vier, dann acht, 16, usw. Das Reaktionsgef\u00e4\u00df mit allen Komponenten befindet sich in einem Ger\u00e4t, das sehr pr\u00e4zise und schnell aufheizen und abk\u00fchlen kann. Ein Zyklus besteht (im Allgemeinen) aus:   <\/em><\/p>\n<ul>\n<li><em>Denaturierung der DNA: Die DNA besteht aus den Bausteinen A, T, C und G und diese bilden einen Doppelstrang der DNA. Diese Verbindungen m\u00fcssen auseinandergezogen werden. Dies kann durch eine Erh\u00f6hung der Temperatur auf 90 bis 96\u00b0C geschehen. <\/em><\/li>\n<li><em>Sobald die Str\u00e4nge getrennt sind, k\u00f6nnen die Primer beginnen, sich an den Anfang und das Ende des nachzuweisenden DNA-St\u00fccks zu heften. Zu diesem Zweck wird die Temperatur auf 45 bis 65\u00b0C gesenkt. <\/em><\/li>\n<li><em>Jetzt ist das Enzym Polymerase an der Reihe, um die A-, T-, C- und G-Bausteine der angeh\u00e4ngten Primer bei einer Temperatur von 72\u00b0C zu verkn\u00fcpfen. Die Kopie ist gemacht! <\/em><\/li>\n<\/ul>\n<p><em>Nach jedem Zyklus zeichnet das Ger\u00e4t auf, wie viel Fluoreszenz gemessen wurde. Wenn die Primer das spezifische DNA-St\u00fcck nicht finden k\u00f6nnen, passiert w\u00e4hrend all dieser Zyklen eigentlich nichts. Das fluoreszierende Molek\u00fcl, das an den Primer gebunden ist, bleibt &#8218;aus&#8216;. Wenn eine Reaktion stattfindet, sorgt das Enzym Polymerase daf\u00fcr, dass sich dieses Molek\u00fcl w\u00e4hrend des Kopierens abkoppelt. Das Molek\u00fcl beginnt dann, Licht zu emittieren, das von dem PCR-Ger\u00e4t bei einer bestimmten Wellenl\u00e4nge gemessen werden kann.      <\/em><em>Bei der Analyse gilt die Regel: Je mehr Fluoreszenz gemessen wird, desto mehr Molek\u00fcle waren zu Beginn des Kopiervorgangs vorhanden. Bei einer qualitativen Bestimmung &#8211; ist die zu untersuchende DNA vorhanden ja oder nein &#8211; liest der Analytiker den Ct-Wert (Schwellenwert) ab. Dieser Wert stellt den Zyklus dar, bei dem das Ger\u00e4t beginnt, Fluoreszenz zu erkennen. Ein niedriger Ct-Wert bedeutet also, dass viel spezifisches Material in der isolierten Probe vorhanden war, aber \u00fcber die genaue Menge l\u00e4sst sich nichts sagen.     <\/em><em>Es gibt auch Situationen, in denen es wichtig ist, nicht nur zu wissen, ob ein bestimmtes St\u00fcck DNA in der Probe vorhanden ist, sondern auch wie viel. Wir nennen dies eine quantitative PCR &#8211; auch bekannt als qPCR. Dazu muss neben der zu untersuchenden Probe eine Serie verwendet werden, bei der die Konzentrationen bekannt sind und eine Kalibrierungskurve bestimmt wird. Anhand dieser Kalibrierungslinie l\u00e4sst sich berechnen, wie hoch die Ausgangskonzentration in dem Reaktionsgef\u00e4\u00df mit der isolierten DNA war.   <\/em><\/p>\n<p><em>Ein gro\u00dfer Vorteil der PCR-Technik ist, dass sie theoretisch nur ein St\u00fcck spezifischer DNA ben\u00f6tigt, um die Reaktion zu starten, und daher sehr empfindlich ist. Sie k\u00f6nnen also ein einziges Legionellenbakterium in zehn Litern Wasser nachweisen, das m\u00f6glicherweise eine Krankheit verursachen k\u00f6nnte. Oder Sie k\u00f6nnen den sehr schwer zu kultivierenden Tuberkulose-Erreger im abgehusteten Schleim des Patienten nachweisen. In manchen F\u00e4llen besteht der Nachteil jedoch darin, dass Sie nicht nachweisen k\u00f6nnen, ob der betreffende Organismus noch lebt oder ob Sie ein DNA-Fragment eines Virus oder Bakteriums analysieren, das eigentlich keine Krankheit mehr verursachen kann, weil es tot ist. Dies wird bei der Reaktion im Allgemeinen nicht unterschieden. Diese Diskussion wurde h\u00e4ufig in den Medien gef\u00fchrt, als das Coronavirus nachgewiesen wurde, und sorgte f\u00fcr viel Verwirrung und Kritik an der Anwendung dieser Technik zum Nachweis des Virus in einem Nasen- und\/oder Rachenabstrich. Wenn ein hoher Ct-Wert vorliegt und wenig Ausgangsmaterial des &#8211; in diesem Fall &#8211; Coronavirus vorhanden war, ist dann noch Infektiosit\u00e4t vorhanden? Und k\u00f6nnte es auch sein, dass Sie bei der PCR Viruspartikel \u00fcbersehen oder dass das Ergebnis positiv ist, obwohl kein Virus vorhanden war?       <\/em><\/p>\n<p><em>Die Wahrscheinlichkeit, dass ein PCR-Test ein falsch positives Ergebnis liefert, ist recht gering. Die Chance, einen falsch negativen Test zu erhalten, ist jedoch h\u00f6her. Das liegt daran, dass bei der Probenentnahme, beim Transport oder bei der Arbeit im Labor viel mehr Fehler gemacht werden k\u00f6nnen. Es ist also nicht der PCR-Test, der zwangsl\u00e4ufig falsch-negative Ergebnisse liefert, sondern die ganzen Vorg\u00e4nge, die ihn umgeben. Wenn Sie Zugang zu einem PCR-Test und einer Ausr\u00fcstung zum Nachweis von Krankheitserregern haben, werden sich die meisten Labors f\u00fcr diese Technik entscheiden.    <\/em><\/p>\n<p><em>Marije, Leiterin des Labors.<\/em><\/p>\n<p>&nbsp;<\/p><\/blockquote>\n<p>[\/vc_column_text]<div class=\"eye_empty_space pt-md-3 pb-md-3   pt-2 pb-2\"><\/div>[\/vc_column][vc_column width=&#8220;1\/4&#8243; el_class=&#8220;d-flex align-items-center&#8220;][\/vc_column][\/vc_row][vc_row equal_height=&#8220;yes&#8220;][vc_column width=&#8220;3\/4&#8243;]<div class=\"eye_empty_space pt-md-4 pb-md-4   pt-3 pb-3\"><\/div>[\/vc_column][vc_column width=&#8220;1\/4&#8243; el_class=&#8220;d-flex align-items-center&#8220;][\/vc_column][\/vc_row][vc_row equal_height=&#8220;yes&#8220;][vc_column width=&#8220;3\/4&#8243;][\/vc_column][vc_column width=&#8220;1\/4&#8243; el_class=&#8220;d-flex align-items-center&#8220;][\/vc_column][\/vc_row][vc_row][vc_column]<div class=\"eye_empty_space pt-md-4 pb-md-4   pt-3 pb-3\"><\/div>\r\n    <div class=\"home-reviews\">\r\n        <div class=\"row d-flex\">\r\n                                                <div class=\"col-lg-4 d-flex\">\r\n                        <div class=\"review-card\">\r\n                            <h6>N<\/h6>\r\n                            <span style=\"font-size: 1rem\">DF7\" \"DF6<\/span>\r\n                            <div class=\"review-card__stars\">\r\n                                <i class=\"fas fa-star\"><\/i>\r\n                                <i class=\"fas fa-star\"><\/i>\r\n                                <i class=\"fas fa-star\"><\/i>\r\n                                <i class=\"fas fa-star\"><\/i>\r\n                                <i class=\"fas fa-star\"><\/i>\r\n                            <\/div>\r\n\r\n                            <p>Ich hatte wirklich Angst vor dieser Prozedur, aber ich bin wirklich froh, dass ich sie gemacht habe. Ich hatte meine Darmflora mit Antibiotika zerst\u00f6rt, als ich versuchte, meine Histaminintoleranz zu l\u00f6sen. Ich war praktisch an die Couch gefesselt und hatte st\u00e4ndig Schmerzen wegen meiner Darmprobleme. Au\u00dferdem hatte ich seit der Einnahme der Antibiotika wirklich schlimme\u2026 <a href=\"https:\/\/gezonde-darmflora.nl\/de\/review\/n\/\">Mehr lesen &raquo;<\/a><\/p>\r\n                        <\/div>\r\n                    <\/div>\r\n                                    <div class=\"col-lg-4 d-flex\">\r\n                        <div class=\"review-card\">\r\n                            <h6>Anonym (USA)<\/h6>\r\n                            <span style=\"font-size: 1rem\">DF7 DF6<\/span>\r\n                            <div class=\"review-card__stars\">\r\n                                <i class=\"fas fa-star\"><\/i>\r\n                                <i class=\"fas fa-star\"><\/i>\r\n                                <i class=\"fas fa-star\"><\/i>\r\n                                <i class=\"fas fa-star\"><\/i>\r\n                                <i class=\"fas fa-star\"><\/i>\r\n                            <\/div>\r\n\r\n                            <p>Dieses Produkt hat buchst\u00e4blich mein Leben ver\u00e4ndert. Neben Magen- und Darmproblemen litt ich jahrelang an l\u00e4hmender M\u00fcdigkeit, chronischen Schmerzen, Hirnnebel und schweren Allergien. Ich f\u00fchlte mich st\u00e4ndig schrecklich, konnte kaum funktionieren und konnte nur das N\u00f6tigste tun, um zu \u00fcberleben, und manchmal nicht einmal das. Das waren miserable und vergeudete Jahre meines Lebens. Ich bemerkte,\u2026 <a href=\"https:\/\/gezonde-darmflora.nl\/de\/review\/anonym-usa\/\">Mehr lesen &raquo;<\/a><\/p>\r\n                        <\/div>\r\n                    <\/div>\r\n                                    <div class=\"col-lg-4 d-flex\">\r\n                        <div class=\"review-card\">\r\n                            <h6>Javier (Spanien)<\/h6>\r\n                            <span style=\"font-size: 1rem\">DF6<\/span>\r\n                            <div class=\"review-card__stars\">\r\n                                <i class=\"fas fa-star\"><\/i>\r\n                                <i class=\"fas fa-star\"><\/i>\r\n                                <i class=\"fas fa-star\"><\/i>\r\n                                <i class=\"fas fa-star\"><\/i>\r\n                                <i class=\"fas fa-star\"><\/i>\r\n                            <\/div>\r\n\r\n                            <p>Fast ein Jahr nach der ersten FMT (DF6) kann ich best\u00e4tigen, dass es sich um ein sehr n\u00fctzliches Mittel handelt. Ich litt unter einer Dysbiose, die von P. Copri dominiert wurde. Nach einer Umstellung meiner Ern\u00e4hrung, der Einnahme von Nahrungserg\u00e4nzungsmitteln und FMTs ist es mir gelungen, meine Darmflora wieder ins Gleichgewicht zu bringen und zu\u2026 <a href=\"https:\/\/gezonde-darmflora.nl\/de\/review\/javier-spanien\/\">Mehr lesen &raquo;<\/a><\/p>\r\n                        <\/div>\r\n                    <\/div>\r\n                                    <\/div>\r\n\r\n    <\/div>\r\n\r\n    [\/vc_column][\/vc_row]<\/p>\n<\/div>","protected":false},"excerpt":{"rendered":"<p>[vc_row full_width=&#8220;stretch_row_content_no_spaces&#8220;][vc_column][\/vc_column][\/vc_row][vc_row equal_height=&#8220;yes&#8220;][vc_column width=&#8220;3\/4&#8243;][vc_column_text] Polymerase-Kettenreaktion &#8211; die PCR-Technik erkl\u00e4rt Eine h\u00e4ufig verwendete Technik in den Labors von Krankenh\u00e4usern, medizinischen Universit\u00e4ten oder Fabriken, in denen z.B. Lebensmittel oder Wasser verarbeitet und untersucht werden, ist die PCR. Diese relativ junge Forschungsmethode &#8211; entwickelt in den fr\u00fchen 1980er Jahren &#8211; war revolution\u00e4r f\u00fcr den Nachweis und die Untersuchung\u2026 <a href=\"https:\/\/gezonde-darmflora.nl\/de\/review\/javier-spanien\/\">Mehr lesen &raquo;<\/a><\/p>\n","protected":false},"author":3,"featured_media":0,"parent":0,"menu_order":0,"comment_status":"closed","ping_status":"closed","template":"","meta":{"_acf_changed":false,"footnotes":""},"class_list":["post-14723","page","type-page","status-publish","hentry"],"acf":[],"yoast_head":"<!-- This site is optimized with the Yoast SEO plugin v27.1.1 - https:\/\/yoast.com\/product\/yoast-seo-wordpress\/ -->\n<title>Erl\u00e4uterung der PCR-Tests durch unseren leitenden Labortechniker &#8211; Gezonde Darmflora<\/title>\n<meta name=\"robots\" content=\"index, follow, max-snippet:-1, max-image-preview:large, max-video-preview:-1\" \/>\n<link rel=\"canonical\" href=\"https:\/\/gezonde-darmflora.nl\/de\/erlaeuterung-der-pcr-tests-durch-unseren-leitenden-labortechniker\/\" \/>\n<meta property=\"og:locale\" content=\"de_DE\" \/>\n<meta property=\"og:type\" content=\"article\" \/>\n<meta property=\"og:title\" content=\"Erl\u00e4uterung der PCR-Tests durch unseren leitenden Labortechniker &#8211; Gezonde Darmflora\" \/>\n<meta property=\"og:description\" content=\"[vc_row full_width=&#8220;stretch_row_content_no_spaces&#8220;][vc_column][\/vc_column][\/vc_row][vc_row equal_height=&#8220;yes&#8220;][vc_column width=&#8220;3\/4&#8243;][vc_column_text] Polymerase-Kettenreaktion &#8211; die PCR-Technik erkl\u00e4rt Eine h\u00e4ufig verwendete Technik in den Labors von Krankenh\u00e4usern, medizinischen Universit\u00e4ten oder Fabriken, in denen z.B. Lebensmittel oder Wasser verarbeitet und untersucht werden, ist die PCR. Diese relativ junge Forschungsmethode &#8211; entwickelt in den fr\u00fchen 1980er Jahren &#8211; war revolution\u00e4r f\u00fcr den Nachweis und die Untersuchung\u2026 Mehr lesen &raquo;\" \/>\n<meta property=\"og:url\" content=\"https:\/\/gezonde-darmflora.nl\/de\/erlaeuterung-der-pcr-tests-durch-unseren-leitenden-labortechniker\/\" \/>\n<meta property=\"og:site_name\" content=\"Gezonde Darmflora\" \/>\n<meta property=\"article:modified_time\" content=\"2025-01-27T09:22:10+00:00\" \/>\n<meta name=\"twitter:card\" content=\"summary_large_image\" \/>\n<meta name=\"twitter:label1\" content=\"Gesch\u00e4tzte Lesezeit\" \/>\n\t<meta name=\"twitter:data1\" content=\"7\u00a0Minuten\" \/>\n<script type=\"application\/ld+json\" class=\"yoast-schema-graph\">{\"@context\":\"https:\/\/schema.org\",\"@graph\":[{\"@type\":\"WebPage\",\"@id\":\"https:\/\/gezonde-darmflora.nl\/de\/erlaeuterung-der-pcr-tests-durch-unseren-leitenden-labortechniker\/\",\"url\":\"https:\/\/gezonde-darmflora.nl\/de\/erlaeuterung-der-pcr-tests-durch-unseren-leitenden-labortechniker\/\",\"name\":\"Erl\u00e4uterung der PCR-Tests durch unseren leitenden Labortechniker &#8211; Gezonde Darmflora\",\"isPartOf\":{\"@id\":\"https:\/\/gezonde-darmflora.nl\/de\/#website\"},\"datePublished\":\"2021-03-23T15:53:13+00:00\",\"dateModified\":\"2025-01-27T09:22:10+00:00\",\"breadcrumb\":{\"@id\":\"https:\/\/gezonde-darmflora.nl\/de\/erlaeuterung-der-pcr-tests-durch-unseren-leitenden-labortechniker\/#breadcrumb\"},\"inLanguage\":\"de\",\"potentialAction\":[{\"@type\":\"ReadAction\",\"target\":[\"https:\/\/gezonde-darmflora.nl\/de\/erlaeuterung-der-pcr-tests-durch-unseren-leitenden-labortechniker\/\"]}]},{\"@type\":\"BreadcrumbList\",\"@id\":\"https:\/\/gezonde-darmflora.nl\/de\/erlaeuterung-der-pcr-tests-durch-unseren-leitenden-labortechniker\/#breadcrumb\",\"itemListElement\":[{\"@type\":\"ListItem\",\"position\":1,\"name\":\"Home\",\"item\":\"https:\/\/gezonde-darmflora.nl\/de\/\"},{\"@type\":\"ListItem\",\"position\":2,\"name\":\"Erl\u00e4uterung der PCR-Tests durch unseren leitenden Labortechniker\"}]},{\"@type\":\"WebSite\",\"@id\":\"https:\/\/gezonde-darmflora.nl\/de\/#website\",\"url\":\"https:\/\/gezonde-darmflora.nl\/de\/\",\"name\":\"Gezonde Darmflora\",\"description\":\"Een gezonde &amp; natuurlijke darmflora\",\"potentialAction\":[{\"@type\":\"SearchAction\",\"target\":{\"@type\":\"EntryPoint\",\"urlTemplate\":\"https:\/\/gezonde-darmflora.nl\/de\/?s={search_term_string}\"},\"query-input\":{\"@type\":\"PropertyValueSpecification\",\"valueRequired\":true,\"valueName\":\"search_term_string\"}}],\"inLanguage\":\"de\"}]}<\/script>\n<!-- \/ Yoast SEO plugin. -->","yoast_head_json":{"title":"Erl\u00e4uterung der PCR-Tests durch unseren leitenden Labortechniker &#8211; Gezonde Darmflora","robots":{"index":"index","follow":"follow","max-snippet":"max-snippet:-1","max-image-preview":"max-image-preview:large","max-video-preview":"max-video-preview:-1"},"canonical":"https:\/\/gezonde-darmflora.nl\/de\/erlaeuterung-der-pcr-tests-durch-unseren-leitenden-labortechniker\/","og_locale":"de_DE","og_type":"article","og_title":"Erl\u00e4uterung der PCR-Tests durch unseren leitenden Labortechniker &#8211; Gezonde Darmflora","og_description":"[vc_row full_width=&#8220;stretch_row_content_no_spaces&#8220;][vc_column][\/vc_column][\/vc_row][vc_row equal_height=&#8220;yes&#8220;][vc_column width=&#8220;3\/4&#8243;][vc_column_text] Polymerase-Kettenreaktion &#8211; die PCR-Technik erkl\u00e4rt Eine h\u00e4ufig verwendete Technik in den Labors von Krankenh\u00e4usern, medizinischen Universit\u00e4ten oder Fabriken, in denen z.B. Lebensmittel oder Wasser verarbeitet und untersucht werden, ist die PCR. Diese relativ junge Forschungsmethode &#8211; entwickelt in den fr\u00fchen 1980er Jahren &#8211; war revolution\u00e4r f\u00fcr den Nachweis und die Untersuchung\u2026 Mehr lesen &raquo;","og_url":"https:\/\/gezonde-darmflora.nl\/de\/erlaeuterung-der-pcr-tests-durch-unseren-leitenden-labortechniker\/","og_site_name":"Gezonde Darmflora","article_modified_time":"2025-01-27T09:22:10+00:00","twitter_card":"summary_large_image","twitter_misc":{"Gesch\u00e4tzte Lesezeit":"7\u00a0Minuten"},"schema":{"@context":"https:\/\/schema.org","@graph":[{"@type":"WebPage","@id":"https:\/\/gezonde-darmflora.nl\/de\/erlaeuterung-der-pcr-tests-durch-unseren-leitenden-labortechniker\/","url":"https:\/\/gezonde-darmflora.nl\/de\/erlaeuterung-der-pcr-tests-durch-unseren-leitenden-labortechniker\/","name":"Erl\u00e4uterung der PCR-Tests durch unseren leitenden Labortechniker &#8211; Gezonde Darmflora","isPartOf":{"@id":"https:\/\/gezonde-darmflora.nl\/de\/#website"},"datePublished":"2021-03-23T15:53:13+00:00","dateModified":"2025-01-27T09:22:10+00:00","breadcrumb":{"@id":"https:\/\/gezonde-darmflora.nl\/de\/erlaeuterung-der-pcr-tests-durch-unseren-leitenden-labortechniker\/#breadcrumb"},"inLanguage":"de","potentialAction":[{"@type":"ReadAction","target":["https:\/\/gezonde-darmflora.nl\/de\/erlaeuterung-der-pcr-tests-durch-unseren-leitenden-labortechniker\/"]}]},{"@type":"BreadcrumbList","@id":"https:\/\/gezonde-darmflora.nl\/de\/erlaeuterung-der-pcr-tests-durch-unseren-leitenden-labortechniker\/#breadcrumb","itemListElement":[{"@type":"ListItem","position":1,"name":"Home","item":"https:\/\/gezonde-darmflora.nl\/de\/"},{"@type":"ListItem","position":2,"name":"Erl\u00e4uterung der PCR-Tests durch unseren leitenden Labortechniker"}]},{"@type":"WebSite","@id":"https:\/\/gezonde-darmflora.nl\/de\/#website","url":"https:\/\/gezonde-darmflora.nl\/de\/","name":"Gezonde Darmflora","description":"Een gezonde &amp; natuurlijke darmflora","potentialAction":[{"@type":"SearchAction","target":{"@type":"EntryPoint","urlTemplate":"https:\/\/gezonde-darmflora.nl\/de\/?s={search_term_string}"},"query-input":{"@type":"PropertyValueSpecification","valueRequired":true,"valueName":"search_term_string"}}],"inLanguage":"de"}]}},"_links":{"self":[{"href":"https:\/\/gezonde-darmflora.nl\/de\/wp-json\/wp\/v2\/pages\/14723","targetHints":{"allow":["GET"]}}],"collection":[{"href":"https:\/\/gezonde-darmflora.nl\/de\/wp-json\/wp\/v2\/pages"}],"about":[{"href":"https:\/\/gezonde-darmflora.nl\/de\/wp-json\/wp\/v2\/types\/page"}],"author":[{"embeddable":true,"href":"https:\/\/gezonde-darmflora.nl\/de\/wp-json\/wp\/v2\/users\/3"}],"replies":[{"embeddable":true,"href":"https:\/\/gezonde-darmflora.nl\/de\/wp-json\/wp\/v2\/comments?post=14723"}],"version-history":[{"count":1,"href":"https:\/\/gezonde-darmflora.nl\/de\/wp-json\/wp\/v2\/pages\/14723\/revisions"}],"predecessor-version":[{"id":14729,"href":"https:\/\/gezonde-darmflora.nl\/de\/wp-json\/wp\/v2\/pages\/14723\/revisions\/14729"}],"wp:attachment":[{"href":"https:\/\/gezonde-darmflora.nl\/de\/wp-json\/wp\/v2\/media?parent=14723"}],"curies":[{"name":"wp","href":"https:\/\/api.w.org\/{rel}","templated":true}]}}