{"id":14722,"date":"2020-07-23T08:59:34","date_gmt":"2020-07-23T06:59:34","guid":{"rendered":"https:\/\/gezonde-darmflora.nl\/verstopfung-oder-darmverstopfung\/"},"modified":"2025-01-27T10:26:01","modified_gmt":"2025-01-27T09:26:01","slug":"verstopfung-oder-darmverstopfung","status":"publish","type":"page","link":"https:\/\/gezonde-darmflora.nl\/de\/darmprobleme\/verstopfung-oder-darmverstopfung\/","title":{"rendered":"Verstopfung oder Darmverstopfung"},"content":{"rendered":"<div class=\"wpb-content-wrapper\"><p>[vc_row full_width=&#8220;stretch_row_content_no_spaces&#8220;][vc_column]\r\n    <div class=\"page-title\">\r\n        <div class=\"container\">\r\n            <div class=\"row\">\r\n                <div class=\"col\">\r\n                    <h1>Verstopfung oder Darmverstopfung<\/h1>\r\n                <\/div>\r\n            <\/div>\r\n        <\/div>\r\n    <\/div>\r\n\r\n    [\/vc_column][\/vc_row][vc_row][vc_column offset=&#8220;vc_col-md-8&#8243;][vc_column_text]<\/p>\n<h2>Wann sprechen Sie von Verstopfung?<\/h2>\n<p>  Verstopfung oder Obstipation bedeutet eine St\u00f6rung Ihres normalen Stuhlgangs. Normalerweise gehen Sie ein- oder zweimal am Tag auf die Toilette, um die gro\u00dfe Nachricht zu \u00fcberbringen. Jeder Mensch hat seinen eigenen Rhythmus f\u00fcr den Stuhlgang. Aber wenn Ihr Darm verstopft ist und Sie nur ein paar Mal pro Woche gehen, kann das Probleme verursachen. Sie sprechen also von Verstopfung, wenn der Stuhlgang seltener als gew\u00f6hnlich kommt und mit Schwierigkeiten und Schmerzen abgef\u00fchrt wird.[\/vc_column_text]<div class=\"eye_empty_space pt-md-5 pb-md-5   pt-4 pb-4\"><\/div>[\/vc_column][vc_column offset=&#8220;vc_col-md-4&#8243; el_class=&#8220;mb-5 mb-lg-0&#8243;]\r\n    <div class=\"blob-image-wrap\">\r\n        <img decoding=\"async\" src=\"https:\/\/gezonde-darmflora.nl\/wp-content\/uploads\/2020\/08\/vaak-obstipatie.jpg\">\r\n    <\/div>\r\n    <p class=\"blob-image__caption\"><\/p>\r\n\r\n    [\/vc_column][\/vc_row][vc_section full_width=&#8220;stretch_row&#8220; el_class=&#8220;bg-green&#8220;][vc_row][vc_column offset=&#8220;vc_col-lg-offset-2 vc_col-lg-8&#8243;][vc_column_text]<\/p>\n<h2>Ursachen der Verstopfung<\/h2>\n<p>  Die Ursache f\u00fcr einen verstopften Darm ist meist eine schlechte Ern\u00e4hrung mit zu wenig Ballaststoffen und zu wenig Fl\u00fcssigkeit. Auch zu wenig Bewegung oder eine unzureichende Ruhepause sind nicht gut f\u00fcr die Verdauung. Verstopfung kann auch unter dem Einfluss von Stress auftreten. Bei manchen Menschen ist Verstopfung sogar die Ursache f\u00fcr wiederkehrende Kopfschmerzen oder M\u00fcdigkeit. Verstopfung kann auch w\u00e4hrend einer Reise oder einer Krankheit auftreten. Der K\u00f6rper muss sich dann an die neue Situation anpassen, was einige Tage dauern kann. Dar\u00fcber hinaus haben einige Medikamente Verstopfung als Nebenwirkung.[\/vc_column_text][\/vc_column][\/vc_row][\/vc_section][vc_row][vc_column]<div class=\"eye_empty_space pt-md-5 pb-md-5   pt-4 pb-4\"><\/div>[\/vc_column][\/vc_row][vc_row equal_height=&#8220;yes&#8220;][vc_column offset=&#8220;vc_col-md-8&#8243;][vc_column_text]<\/p>\n<h2>Beschwerden, die Sie m\u00f6glicherweise haben<\/h2>\n<p>  Wenn Sie zwei bis drei Wochen lang weiterhin unter m\u00fchsamem Stuhlgang leiden und au\u00dferdem Schleim oder Blut mit dem Stuhlgang vorhanden ist, haben sich die Symptome geh\u00e4uft. Von kleinen, wie mehr <a href=\"https:\/\/gezonde-darmflora.nl\/de\/darmprobleme\/blaehungen-2\/\">Bl\u00e4hungen<\/a>, bis hin zu etwas gr\u00f6\u00dferen. Dabei handelt es sich vor allem um Schmerzen im Unterbauch, die durch die Verh\u00e4rtung des Stuhls und das Vollwerden des Enddarms verursacht werden. Der Darminhalt bleibt zu lange im Dickdarm und wird m\u00fchsam oder langsam ausgeschieden. Da dem Stuhl mehr Wasser als normal entzogen wird, wird er hart und kann zu schmerzhaftem Stuhlgang f\u00fchren. Aus diesem Grund ist es nicht empfehlenswert, den Stuhlgang aufzuhalten. Da der Stuhl zu lange im Darm verbleibt, werden Abfallprodukte wieder ins Blut aufgenommen, obwohl sie den K\u00f6rper normalerweise bereits verlassen haben sollten. Es ist auch nicht ungew\u00f6hnlich, einen Tag lang keinen Stuhlgang zu haben. Eine kurzfristige Verstopfung ist \u00fcberhaupt kein Grund zur Panik. Die Folge eines verstopften Darms ist ein <a href=\"https:\/\/gezonde-darmflora.nl\/de\/darmprobleme\/blaehungen\/\">aufgebl\u00e4hter Bauch<\/a>. Ihnen wird \u00fcbel und Sie neigen zum Erbrechen. Es entsteht ein verminderter Appetit, der, wenn er l\u00e4nger anh\u00e4lt, zu Abmagerung f\u00fchrt. Ihr K\u00f6rper und Ihr Kopf werden unruhiger, was wiederum zu Verwirrung f\u00fchren kann. Unterleibsschmerzen treten h\u00e4ufiger auf und die Unsicherheit in Ihren sozialen Unternehmungen nimmt zu. Ernsthafte Probleme wie H\u00e4morrhoiden oder Risse in der N\u00e4he des Anus oder eine Darmperforation treten auf. Sogar das Wasserlassen kann schwieriger werden. Wenn Sie Medikamente einnehmen, k\u00f6nnen Sie mit Ihrem Arzt besprechen, ob dies die Ursache f\u00fcr Ihre Probleme sein k\u00f6nnte. Vielleicht gibt es eine andere Art von Medikament, das diese Nebenwirkungen nicht verursacht. Wenn dies der Fall ist, sollten Sie eine Krebsvorsorgeuntersuchung in Anspruch nehmen. Auch ein Tumor k\u00f6nnte die Ursache f\u00fcr Ihre Verstopfung sein.[\/vc_column_text]<div class=\"eye_empty_space pt-md-5 pb-md-5   pt-4 pb-4\"><\/div>[\/vc_column][vc_column offset=&#8220;vc_col-md-4&#8243; el_class=&#8220;d-flex align-items-center mb-5 mb-lg-0&#8243;]\r\n    <div class=\"blob-image-wrap\">\r\n        <img decoding=\"async\" src=\"https:\/\/gezonde-darmflora.nl\/wp-content\/uploads\/2020\/08\/darmproblemen-verhelpen.jpg\">\r\n    <\/div>\r\n    <p class=\"blob-image__caption\"><\/p>\r\n\r\n    [\/vc_column][\/vc_row][vc_row equal_height=&#8220;yes&#8220;][vc_column offset=&#8220;vc_col-md-4&#8243; el_class=&#8220;d-flex align-items-center mb-5 mb-lg-0&#8243;]\r\n    <div class=\"blob-image-wrap\">\r\n        <img decoding=\"async\" src=\"https:\/\/gezonde-darmflora.nl\/wp-content\/uploads\/2020\/08\/wat-doen-verstopte-darmen.jpg\">\r\n    <\/div>\r\n    <p class=\"blob-image__caption\"><\/p>\r\n\r\n    [\/vc_column][vc_column offset=&#8220;vc_col-md-8&#8243;][vc_column_text]<\/p>\n<h2>Was k\u00f6nnen Sie selbst gegen Verstopfung tun?<\/h2>\n<p>  Fangen Sie an, ges\u00fcnder zu essen und mehr Wasser zu trinken. <a href=\"https:\/\/gezonde-darmflora.nl\/de\/darmflora\/gute-und-schlechte-bakterien\/\">Gute Darmbakterien<\/a> produzieren Stoffe wie organische S\u00e4uren, die dazu beitragen, dass der Nahrungsbrei regelm\u00e4\u00dfig und leicht in Ihrem Darm vorankommt. Wenn Sie unter Darmverstopfung leiden, k\u00f6nnte das daran liegen, dass Ihre Darmflora nicht gen\u00fcgend S\u00e4uren produziert. Wahrscheinlich sind bestimmte Gruppen von guten Darmbakterien unterrepr\u00e4sentiert und zu viele einer <a href=\"https:\/\/gezonde-darmflora.nl\/de\/darmflora\/gute-und-schlechte-bakterien\/\">sch\u00e4dlichen Bakterienart<\/a> vorhanden. Eine Ern\u00e4hrungsumstellung kann die Zusammensetzung Ihrer Darmflora bereits positiv beeinflussen. Mit nat\u00fcrlichen Mitteln k\u00f6nnen die schlechten Bakterien gehemmt und die guten Bakterien unterst\u00fctzt und somit vermehrt werden. Ballaststoffreiche Lebensmittel k\u00f6nnen helfen, den verstopften Stuhlgang wieder in Gang zu bringen. Orangen, Pflaumen und ungesch\u00e4lte \u00c4pfel regen den Stuhlgang ebenfalls an. Vielleicht sollten Sie zus\u00e4tzlich Kleie zu sich nehmen, da sie reich an Ballaststoffen ist. Achten Sie darauf, dass Sie dabei viel trinken, sonst verursacht die Kleie Verstopfung! Nehmen Sie sich die Zeit, langsam zu essen und kauen Sie Ihre Nahrung gut. Bewegen Sie sich mehr und achten Sie auf Ihre Ruhezeiten. Das alles f\u00f6rdert eine gute Verdauung und einen besseren Stuhlgang. Gehen Sie sofort auf die Toilette, wenn Sie den Drang versp\u00fcren, und nehmen Sie sich Zeit, dies in aller Ruhe zu tun. Versuchen Sie, eine gute Balance zwischen Bewegung und Entspannung in Ihrem Tagesablauf zu finden.[\/vc_column_text]<div class=\"eye_empty_space pt-md-5 pb-md-5   pt-4 pb-4\"><\/div>[\/vc_column][\/vc_row][vc_section full_width=&#8220;stretch_row&#8220; el_class=&#8220;bg-green&#8220;][vc_row][vc_column offset=&#8220;vc_col-lg-offset-2 vc_col-lg-8&#8243;][vc_column_text]<\/p>\n<h2>M\u00f6gliche Behandlungen f\u00fcr Verstopfung<\/h2>\n<p>  Aber was ist bei Verstopfung zu tun? Gibt es eine Behandlung f\u00fcr Verstopfung? Im schlimmsten Fall m\u00fcssen Sie operiert werden oder es wird ein Stent eingesetzt, wenn sich herausstellt, dass die Ursache ein Tumor ist. Die L\u00f6sung der Verstopfung Ihres Darms erfolgt in der Regel durch die Einnahme von Medikamenten gegen Verstopfung, Abf\u00fchrmitteln. Aber das ist \u00fcberhaupt nicht gut f\u00fcr Ihre Darmflora und kann bei h\u00e4ufigem Gebrauch sogar Ihren Darm tr\u00e4ge machen, was wiederum das Risiko einer Verstopfung erh\u00f6ht. Wenn es notwendig ist, weil nichts anderes funktioniert, sollten Sie es nie \u00fcber einen l\u00e4ngeren Zeitraum hintereinander anwenden und schon gar nicht ohne R\u00fccksprache mit Ihrem Arzt. Ein nat\u00fcrlicher Tipp ist Rohkost mit extra Oliven\u00f6l, das ebenfalls eine abf\u00fchrende Wirkung hat. Wenn die Darmflora durch eine Krankheit oder durch die Einnahme von Antibiotika, die sowohl die schlechten als auch die guten Darmbakterien abget\u00f6tet haben, geschw\u00e4cht wurde, braucht die Darmflora Zeit zur Erholung. Bei Verstopfung kann es sinnvoll sein, die Darmflora mit sogenannten Probiotika zu st\u00e4rken. Diese enthalten jedoch oft viel zugesetzten Zucker und sind niedrig dosiert und m\u00fcssen zudem den Magen passieren. Bei Probiotika m\u00fcssen Sie geduldig sein, bevor Sie eine Wirkung bemerken. <a href=\"https:\/\/gezonde-darmflora.nl\/de\/die-fmt-theorie\/\">Eine Poop-Transplantation<\/a> ist eine weitere wenig erforschte M\u00f6glichkeit.[\/vc_column_text][\/vc_column][\/vc_row][\/vc_section][vc_row full_width=&#8220;stretch_row_content_no_spaces&#8220; css=&#8220;.vc_custom_1593680854494{margin-bottom: -10rem !important;}&#8220;][vc_column]\r\n    <a href=\"https:\/\/gezonde-darmflora.nl\/poeppillen-bestellen\/\" target=\"\" class=\"no-underline\">\r\n\r\n        <div class=\"cta\" style=\"background-image: url('https:\/\/gezonde-darmflora.nl\/wp-content\/uploads\/2020\/08\/darmflora-gezondheid.jpg')\">\r\n            <div class=\"container\">\r\n                <div class=\"row\">\r\n                    <div class=\"col-12\">\r\n                        <p>\r\n                            <\/p>\n<h3>Helfen Sie auch Ihrer Darmflora, gesund zu bleiben?<\/h3>\n<h4>In unserem Shop finden Sie alles, was Sie brauchen.<\/h4>\n<p>                        <\/p>\r\n                        <div class=\"cta__button svg-btn svg-btn-darkgreen\">\r\n                            <svg xmlns=\"http:\/\/www.w3.org\/2000\/svg\" width=\"50\" height=\"50\" viewBox=\"0 0 55 50\"><defs><\/defs><g id=\"Layer_2\" data-name=\"Layer 2\"><g id=\"Layer_1-2\" data-name=\"Layer 1\"><path width=\"100%\" height=\"100%\" class=\"anime\" d=\"M1.16,31.86C5.61,44.26,19.3,52,32.23,49.6C40.23,48.11,48.89,42.33,51.61,34.400000000000006C53.61,28.510000000000005,51.839999999999996,22.550000000000004,49.23,17.210000000000004C46.23,10.990000000000006,43.06999999999999,4.210000000000004,36.29,1.270000000000005C31,-1,24.8,0,19.64,2.49A45,45,0,0,0,10.57,8.66C8.39,10.5,5.430000000000001,12.280000000000001,3.6400000000000006,14.46C-0.3,19.28,-0.9,26.13,1.16,31.86Z\"\/><\/g><\/g><\/svg>\r\n                            <i class=\"far fa-long-arrow-alt-right\"><\/i>\r\n                        <\/div>\r\n                    <\/div>\r\n                <\/div>\r\n            <\/div>\r\n        <\/div>\r\n\r\n    <\/a>\r\n\r\n    [\/vc_column][\/vc_row]<\/p>\n<\/div>","protected":false},"excerpt":{"rendered":"<p>[vc_row full_width=&#8220;stretch_row_content_no_spaces&#8220;][vc_column][\/vc_column][\/vc_row][vc_row][vc_column offset=&#8220;vc_col-md-8&#8243;][vc_column_text] Wann sprechen Sie von Verstopfung? Verstopfung oder Obstipation bedeutet eine St\u00f6rung Ihres normalen Stuhlgangs. Normalerweise gehen Sie ein- oder zweimal am Tag auf die Toilette, um die gro\u00dfe Nachricht zu \u00fcberbringen. Jeder Mensch hat seinen eigenen Rhythmus f\u00fcr den Stuhlgang. Aber wenn Ihr Darm verstopft ist und Sie nur ein paar Mal\u2026 <a href=\"https:\/\/gezonde-darmflora.nl\/de\/darmprobleme\/verstopfung-oder-darmverstopfung\/\">Mehr lesen &raquo;<\/a><\/p>\n","protected":false},"author":4,"featured_media":0,"parent":14800,"menu_order":0,"comment_status":"closed","ping_status":"closed","template":"","meta":{"_acf_changed":false,"footnotes":""},"class_list":["post-14722","page","type-page","status-publish","hentry"],"acf":[],"yoast_head":"<!-- This site is optimized with the Yoast SEO plugin v27.1.1 - https:\/\/yoast.com\/product\/yoast-seo-wordpress\/ -->\n<title>Verstopfung - Was tun bei Darmverstopfung? Ursachen und L\u00f6sungen<\/title>\n<meta name=\"description\" content=\"Verstopfung oder Obstipation bedeutet eine St\u00f6rung Ihres normalen Stuhlgangs. Lesen Sie mehr \u00fcber die Ursachen, L\u00f6sungen und Tipps.\" \/>\n<meta name=\"robots\" content=\"index, follow, max-snippet:-1, max-image-preview:large, max-video-preview:-1\" \/>\n<link rel=\"canonical\" href=\"https:\/\/gezonde-darmflora.nl\/de\/darmprobleme\/verstopfung-oder-darmverstopfung\/\" \/>\n<meta property=\"og:locale\" content=\"de_DE\" \/>\n<meta property=\"og:type\" content=\"article\" \/>\n<meta property=\"og:title\" content=\"Verstopfung - Was tun bei Darmverstopfung? Ursachen und L\u00f6sungen\" \/>\n<meta property=\"og:description\" content=\"Verstopfung oder Obstipation bedeutet eine St\u00f6rung Ihres normalen Stuhlgangs. Lesen Sie mehr \u00fcber die Ursachen, L\u00f6sungen und Tipps.\" \/>\n<meta property=\"og:url\" content=\"https:\/\/gezonde-darmflora.nl\/de\/darmprobleme\/verstopfung-oder-darmverstopfung\/\" \/>\n<meta property=\"og:site_name\" content=\"Gezonde Darmflora\" \/>\n<meta property=\"article:modified_time\" content=\"2025-01-27T09:26:01+00:00\" \/>\n<meta name=\"twitter:card\" content=\"summary_large_image\" \/>\n<meta name=\"twitter:label1\" content=\"Gesch\u00e4tzte Lesezeit\" \/>\n\t<meta name=\"twitter:data1\" content=\"6\u00a0Minuten\" \/>\n<script type=\"application\/ld+json\" class=\"yoast-schema-graph\">{\"@context\":\"https:\/\/schema.org\",\"@graph\":[{\"@type\":\"WebPage\",\"@id\":\"https:\/\/gezonde-darmflora.nl\/de\/darmprobleme\/verstopfung-oder-darmverstopfung\/\",\"url\":\"https:\/\/gezonde-darmflora.nl\/de\/darmprobleme\/verstopfung-oder-darmverstopfung\/\",\"name\":\"Verstopfung - Was tun bei Darmverstopfung? Ursachen und L\u00f6sungen\",\"isPartOf\":{\"@id\":\"https:\/\/gezonde-darmflora.nl\/de\/#website\"},\"datePublished\":\"2020-07-23T06:59:34+00:00\",\"dateModified\":\"2025-01-27T09:26:01+00:00\",\"description\":\"Verstopfung oder Obstipation bedeutet eine St\u00f6rung Ihres normalen Stuhlgangs. Lesen Sie mehr \u00fcber die Ursachen, L\u00f6sungen und Tipps.\",\"breadcrumb\":{\"@id\":\"https:\/\/gezonde-darmflora.nl\/de\/darmprobleme\/verstopfung-oder-darmverstopfung\/#breadcrumb\"},\"inLanguage\":\"de\",\"potentialAction\":[{\"@type\":\"ReadAction\",\"target\":[\"https:\/\/gezonde-darmflora.nl\/de\/darmprobleme\/verstopfung-oder-darmverstopfung\/\"]}]},{\"@type\":\"BreadcrumbList\",\"@id\":\"https:\/\/gezonde-darmflora.nl\/de\/darmprobleme\/verstopfung-oder-darmverstopfung\/#breadcrumb\",\"itemListElement\":[{\"@type\":\"ListItem\",\"position\":1,\"name\":\"Home\",\"item\":\"https:\/\/gezonde-darmflora.nl\/de\/\"},{\"@type\":\"ListItem\",\"position\":2,\"name\":\"Darmprobleme\",\"item\":\"https:\/\/gezonde-darmflora.nl\/de\/darmprobleme\/\"},{\"@type\":\"ListItem\",\"position\":3,\"name\":\"Verstopfung oder Darmverstopfung\"}]},{\"@type\":\"WebSite\",\"@id\":\"https:\/\/gezonde-darmflora.nl\/de\/#website\",\"url\":\"https:\/\/gezonde-darmflora.nl\/de\/\",\"name\":\"Gezonde Darmflora\",\"description\":\"Een gezonde &amp; natuurlijke darmflora\",\"potentialAction\":[{\"@type\":\"SearchAction\",\"target\":{\"@type\":\"EntryPoint\",\"urlTemplate\":\"https:\/\/gezonde-darmflora.nl\/de\/?s={search_term_string}\"},\"query-input\":{\"@type\":\"PropertyValueSpecification\",\"valueRequired\":true,\"valueName\":\"search_term_string\"}}],\"inLanguage\":\"de\"}]}<\/script>\n<!-- \/ Yoast SEO plugin. -->","yoast_head_json":{"title":"Verstopfung - Was tun bei Darmverstopfung? Ursachen und L\u00f6sungen","description":"Verstopfung oder Obstipation bedeutet eine St\u00f6rung Ihres normalen Stuhlgangs. Lesen Sie mehr \u00fcber die Ursachen, L\u00f6sungen und Tipps.","robots":{"index":"index","follow":"follow","max-snippet":"max-snippet:-1","max-image-preview":"max-image-preview:large","max-video-preview":"max-video-preview:-1"},"canonical":"https:\/\/gezonde-darmflora.nl\/de\/darmprobleme\/verstopfung-oder-darmverstopfung\/","og_locale":"de_DE","og_type":"article","og_title":"Verstopfung - Was tun bei Darmverstopfung? Ursachen und L\u00f6sungen","og_description":"Verstopfung oder Obstipation bedeutet eine St\u00f6rung Ihres normalen Stuhlgangs. Lesen Sie mehr \u00fcber die Ursachen, L\u00f6sungen und Tipps.","og_url":"https:\/\/gezonde-darmflora.nl\/de\/darmprobleme\/verstopfung-oder-darmverstopfung\/","og_site_name":"Gezonde Darmflora","article_modified_time":"2025-01-27T09:26:01+00:00","twitter_card":"summary_large_image","twitter_misc":{"Gesch\u00e4tzte Lesezeit":"6\u00a0Minuten"},"schema":{"@context":"https:\/\/schema.org","@graph":[{"@type":"WebPage","@id":"https:\/\/gezonde-darmflora.nl\/de\/darmprobleme\/verstopfung-oder-darmverstopfung\/","url":"https:\/\/gezonde-darmflora.nl\/de\/darmprobleme\/verstopfung-oder-darmverstopfung\/","name":"Verstopfung - Was tun bei Darmverstopfung? Ursachen und L\u00f6sungen","isPartOf":{"@id":"https:\/\/gezonde-darmflora.nl\/de\/#website"},"datePublished":"2020-07-23T06:59:34+00:00","dateModified":"2025-01-27T09:26:01+00:00","description":"Verstopfung oder Obstipation bedeutet eine St\u00f6rung Ihres normalen Stuhlgangs. Lesen Sie mehr \u00fcber die Ursachen, L\u00f6sungen und Tipps.","breadcrumb":{"@id":"https:\/\/gezonde-darmflora.nl\/de\/darmprobleme\/verstopfung-oder-darmverstopfung\/#breadcrumb"},"inLanguage":"de","potentialAction":[{"@type":"ReadAction","target":["https:\/\/gezonde-darmflora.nl\/de\/darmprobleme\/verstopfung-oder-darmverstopfung\/"]}]},{"@type":"BreadcrumbList","@id":"https:\/\/gezonde-darmflora.nl\/de\/darmprobleme\/verstopfung-oder-darmverstopfung\/#breadcrumb","itemListElement":[{"@type":"ListItem","position":1,"name":"Home","item":"https:\/\/gezonde-darmflora.nl\/de\/"},{"@type":"ListItem","position":2,"name":"Darmprobleme","item":"https:\/\/gezonde-darmflora.nl\/de\/darmprobleme\/"},{"@type":"ListItem","position":3,"name":"Verstopfung oder Darmverstopfung"}]},{"@type":"WebSite","@id":"https:\/\/gezonde-darmflora.nl\/de\/#website","url":"https:\/\/gezonde-darmflora.nl\/de\/","name":"Gezonde Darmflora","description":"Een gezonde &amp; natuurlijke darmflora","potentialAction":[{"@type":"SearchAction","target":{"@type":"EntryPoint","urlTemplate":"https:\/\/gezonde-darmflora.nl\/de\/?s={search_term_string}"},"query-input":{"@type":"PropertyValueSpecification","valueRequired":true,"valueName":"search_term_string"}}],"inLanguage":"de"}]}},"_links":{"self":[{"href":"https:\/\/gezonde-darmflora.nl\/de\/wp-json\/wp\/v2\/pages\/14722","targetHints":{"allow":["GET"]}}],"collection":[{"href":"https:\/\/gezonde-darmflora.nl\/de\/wp-json\/wp\/v2\/pages"}],"about":[{"href":"https:\/\/gezonde-darmflora.nl\/de\/wp-json\/wp\/v2\/types\/page"}],"author":[{"embeddable":true,"href":"https:\/\/gezonde-darmflora.nl\/de\/wp-json\/wp\/v2\/users\/4"}],"replies":[{"embeddable":true,"href":"https:\/\/gezonde-darmflora.nl\/de\/wp-json\/wp\/v2\/comments?post=14722"}],"version-history":[{"count":1,"href":"https:\/\/gezonde-darmflora.nl\/de\/wp-json\/wp\/v2\/pages\/14722\/revisions"}],"predecessor-version":[{"id":14727,"href":"https:\/\/gezonde-darmflora.nl\/de\/wp-json\/wp\/v2\/pages\/14722\/revisions\/14727"}],"up":[{"embeddable":true,"href":"https:\/\/gezonde-darmflora.nl\/de\/wp-json\/wp\/v2\/pages\/14800"}],"wp:attachment":[{"href":"https:\/\/gezonde-darmflora.nl\/de\/wp-json\/wp\/v2\/media?parent=14722"}],"curies":[{"name":"wp","href":"https:\/\/api.w.org\/{rel}","templated":true}]}}