{"id":14713,"date":"2020-07-23T08:19:41","date_gmt":"2020-07-23T06:19:41","guid":{"rendered":"https:\/\/gezonde-darmflora.nl\/blaehungen\/"},"modified":"2025-01-27T10:26:01","modified_gmt":"2025-01-27T09:26:01","slug":"blaehungen","status":"publish","type":"page","link":"https:\/\/gezonde-darmflora.nl\/de\/darmprobleme\/blaehungen\/","title":{"rendered":"Bl\u00e4hungen"},"content":{"rendered":"<div class=\"wpb-content-wrapper\"><p>[vc_row full_width=&#8220;stretch_row_content_no_spaces&#8220;][vc_column]\r\n    <div class=\"page-title\">\r\n        <div class=\"container\">\r\n            <div class=\"row\">\r\n                <div class=\"col\">\r\n                    <h1>Bl\u00e4hungen<\/h1>\r\n                <\/div>\r\n            <\/div>\r\n        <\/div>\r\n    <\/div>\r\n\r\n    [\/vc_column][\/vc_row][vc_row][vc_column offset=&#8220;vc_col-md-8&#8243;][vc_column_text]Nichts ist l\u00e4stiger als Bl\u00e4hungen. Ein enormer Druck auf Ihrem Bauch ist nat\u00fcrlich nicht sch\u00f6n. Einer von f\u00fcnf Menschen leidet irgendwann unter einem aufgebl\u00e4hten Bauch. Dies ist bei Frauen h\u00e4ufiger der Fall. Der Bauch kann anschwellen, weil der Darm aufgrund einer Infektion oder von Bl\u00e4hungen an Volumen zunimmt. Ein aufgebl\u00e4hter Bauch wird oft von Bl\u00e4hungen und \u00dcbelkeit begleitet, aber nicht unbedingt. In jedem Fall ist es ein sehr unangenehmes Gef\u00fchl. Wenn die peristaltischen Bewegungen Ihres Magens und Darms ihre Aufgabe nicht mehr richtig erf\u00fcllen k\u00f6nnen, k\u00f6nnen Sie unter einem aufgebl\u00e4hten Gef\u00fchl leiden. Sie sp\u00fcren dann eine Art Druck auf den Magen und die Eingeweide. Oft haben Sie auch ein V\u00f6llegef\u00fchl und einen schmerzenden Magen.[\/vc_column_text]<div class=\"eye_empty_space pt-md-5 pb-md-5   pt-4 pb-4\"><\/div>[\/vc_column][vc_column offset=&#8220;vc_col-md-4&#8243; el_class=&#8220;mb-5 mb-lg-0&#8243;]\r\n    <div class=\"blob-image-wrap\">\r\n        <img decoding=\"async\" src=\"https:\/\/gezonde-darmflora.nl\/wp-content\/uploads\/2020\/08\/opgeblazen-buik-gevoel-wat-doen.jpg\">\r\n    <\/div>\r\n    <p class=\"blob-image__caption\"><\/p>\r\n\r\n    [\/vc_column][\/vc_row][vc_section full_width=&#8220;stretch_row&#8220; el_class=&#8220;bg-green&#8220;][vc_row][vc_column offset=&#8220;vc_col-lg-offset-2 vc_col-lg-8&#8243;][vc_column_text]<\/p>\n<h2>Ursachen f\u00fcr Bl\u00e4hungen<\/h2>\n<p>Bl\u00e4hungen k\u00f6nnen durch das verursacht werden, was Sie gegessen haben, vielleicht sogar zu viel. Aber auch ein: gest\u00f6rter Stuhlgang, Glutenunvertr\u00e4glichkeit, Parasiten, Pilze, Hefen wie Candida oder ein Reizdarmsyndrom k\u00f6nnen eine Ursache sein. Eine der Hauptursachen f\u00fcr Bl\u00e4hungen im Bauchraum ist eine Infektion mit Dientamoeba fragilis oder Blastocystis homini. Dies sind Parasiten. Parasiten k\u00f6nnen jahrelang im Darm verbleiben. Kaum eine Krankheit verursacht mehr Schwellungen im Bauchraum als <strong>diese beiden Arten von Darmparasiten<\/strong>. dientamoeba fragilis und blastocystis hominis verursachen neben einem aufgebl\u00e4hten Bauch auch Bl\u00e4hungen, \u00dcbelkeit und manchmal Juckreiz. Sie k\u00f6nnen dies testen lassen und eine Behandlung durch Ihren Hausarzt ist m\u00f6glich. \u00dcbrigens gibt es viele Menschen, die Parasiten haben und \u00fcberhaupt keine Beschwerden haben. Aus diesem Grund wird wenig oder gar nichts dagegen unternommen. Sie k\u00f6nnen jahrelang Symptome haben, ohne zu wissen, dass Sie infiziert sind. Und es gibt noch mehr Faktoren, die eine St\u00f6rung beeinflussen, die oft in der Darmflora beginnt. Dazu geh\u00f6ren: hohes Alter, Stress, Alkohol, Rauchen, bestimmte Nahrungsmittel und Medikamente oder Antazida. Die Hauptursachen f\u00fcr Bl\u00e4hungen sind: zu viel Luft schlucken beim Essen, Rauchen, schnelles Sprechen oder zu schnelles Essen und Trinken. Schlechte Verdauung und Aufnahme von N\u00e4hrstoffen wie unl\u00f6sliche Ballaststoffe und unverdauliche St\u00e4rke spielen ebenfalls eine Rolle. Es gibt auch Lebensmittel, die einfach viel Luft enthalten, wie Softdrinks, Bier, Schlagsahne, Souffl\u00e9 und Brot. Ein Anstieg von Histamin aufgrund eines Enzymmangels kann auftreten. Histamin ist eine organische Verbindung, die an mehreren physiologischen Prozessen beteiligt ist. Enzyme spielen eine Rolle im Magen-Darm-Trakt, es wirkt als Neurotransmitter in Ihrem zentralen Nervensystem und hat eine Funktion in Ihrem Immunsystem. Hohe Histaminwerte treten insbesondere bei Allergien und nach dem Genuss von Rotwein, gereiftem K\u00e4se und Schokolade auf. Entz\u00fcndungen werden auch mit Bl\u00e4hungen in Verbindung gebracht. Beeilen Sie sich und lassen Sie einen <strong>Calprotectin-Test<\/strong> durchf\u00fchren. Damit k\u00f6nnen Sie feststellen, wie stark Ihr K\u00f6rper entz\u00fcndet ist. Zum Gl\u00fcck m\u00fcssen Sie daf\u00fcr nur einige Stuhlproben abgeben.[\/vc_column_text][\/vc_column][\/vc_row][\/vc_section][vc_row][vc_column]<div class=\"eye_empty_space pt-md-5 pb-md-5   pt-4 pb-4\"><\/div>[\/vc_column][\/vc_row][vc_row equal_height=&#8220;yes&#8220;][vc_column offset=&#8220;vc_col-md-8&#8243;][vc_column_text]<\/p>\n<h2>Was k\u00f6nnen Sie gegen Ihre Bl\u00e4hungen tun?<\/h2>\n<p>Zu viel Gas im Magen-Darm-Trakt kann vermieden werden, wodurch Bl\u00e4hungen verhindert werden. Essen Sie langsam und lassen Sie sich Zeit beim Trinken, vorzugsweise Wasser. Versuchen Sie, gut zu kauen, denn dann schlucken Sie weniger Luft. Au\u00dferdem wird Ihre Nahrung besser aufgenommen, weil Sie sie gut mit Ihrem Speichel vermischen, was wiederum die Verdauung f\u00f6rdert. Normalerweise befinden sich etwa einhundertf\u00fcnfzig Milliliter Gas im Magen-Darm-Trakt. Um diese Darmgase loszuwerden, lassen Sie t\u00e4glich etwa f\u00fcnfzehn F\u00fcrze ab. Wenn Sie mit dem Rauchen aufh\u00f6ren, k\u00f6nnen Sie die Symptome ebenfalls deutlich reduzieren. Versuchen Sie, die Ursachen Ihres Stresses zu untersuchen und herauszufinden, was Sie dagegen tun k\u00f6nnen, um ihn zu reduzieren. Ern\u00e4hren Sie sich abwechslungsreich und gesund. Ein leerer Darm verursacht zus\u00e4tzliche Bl\u00e4hungen. Eine Umstellung Ihrer Ern\u00e4hrung kann ebenfalls helfen. Versuchen Sie, anstelle von drei gro\u00dfen Mahlzeiten mehrere kleine Mahlzeiten pro Tag zu essen. Es ist immer ratsam, mit Hilfe eines Ern\u00e4hrungstagebuchs herauszufinden, was f\u00fcr Ihren K\u00f6rper am besten ist, um herauszufinden, welche Produkte bei Ihnen zus\u00e4tzliche Bl\u00e4hungen oder andere Probleme verursachen.     <\/p>\n<h3>Produkte, die h\u00e4ufig zus\u00e4tzliche Bl\u00e4hungen verursachen, sind:<\/h3>\n<p>Neue Kartoffeln, Lauch, H\u00fclsenfr\u00fcchte, Kohl, Zwiebeln, Paprika, unreife Fr\u00fcchte, Eier, Rosenkohl, Rettich, Knoblauch, Pflaumen, Melone, N\u00fcsse, Kokosnuss, scharfe Kr\u00e4uter und Gew\u00fcrze, Bier und kohlens\u00e4urehaltige Getr\u00e4nke. Wenn Sie gro\u00dfe Mengen an Zucker und bestimmten Zuckeraustauschstoffen oder Fett essen, kann dies ebenfalls zus\u00e4tzliche Bl\u00e4hungen verursachen.[\/vc_column_text]<div class=\"eye_empty_space pt-md-5 pb-md-5   pt-4 pb-4\"><\/div>[\/vc_column][vc_column offset=&#8220;vc_col-md-4&#8243; el_class=&#8220;d-flex align-items-center mb-5 mb-lg-0&#8243;]\r\n    <div class=\"blob-image-wrap\">\r\n        <img decoding=\"async\" src=\"https:\/\/gezonde-darmflora.nl\/wp-content\/uploads\/2020\/08\/wat-te-doen-opgeblazen-gevoel.jpg\">\r\n    <\/div>\r\n    <p class=\"blob-image__caption\"><\/p>\r\n\r\n    [\/vc_column][\/vc_row][vc_row equal_height=&#8220;yes&#8220;][vc_column offset=&#8220;vc_col-md-4&#8243; el_class=&#8220;d-flex align-items-center mb-5 mb-lg-0&#8243;]\r\n    <div class=\"blob-image-wrap\">\r\n        <img decoding=\"async\" src=\"https:\/\/gezonde-darmflora.nl\/wp-content\/uploads\/2020\/08\/darmproblemen-buikpijn.jpg\">\r\n    <\/div>\r\n    <p class=\"blob-image__caption\"><\/p>\r\n\r\n    [\/vc_column][vc_column offset=&#8220;vc_col-md-8&#8243;][vc_column_text]<\/p>\n<h2>Ist Bl\u00e4hungen etwas Ernstes?<\/h2>\n<p>Haben Sie hin und wieder einen aufgebl\u00e4hten Bauch? Dann muss nichts Schlimmes sein. Wenn es jedoch h\u00e4ufiger auftritt und Ihr aufgebl\u00e4hter Bauch von ernsthaften Problemen wie Blut im Stuhl, Gewichtsverlust, Fieber, Verstopfung und sehr starken Bauchschmerzen begleitet wird, sollten Sie Ihren Arzt aufsuchen.[\/vc_column_text]<div class=\"eye_empty_space pt-md-5 pb-md-5   pt-4 pb-4\"><\/div>[\/vc_column][\/vc_row][vc_row][vc_column]<div class=\"eye_empty_space pt-md-5 pb-md-5   pt-4 pb-4\"><\/div>[\/vc_column][\/vc_row][vc_section full_width=&#8220;stretch_row&#8220; el_class=&#8220;bg-green&#8220;][vc_row][vc_column offset=&#8220;vc_col-lg-offset-2 vc_col-lg-8&#8243;][vc_column_text]<\/p>\n<h2>M\u00f6gliche Behandlungen<\/h2>\n<p><img decoding=\"async\" class=\"aligncenter size-full wp-image-700\" src=\"https:\/\/gezonde-darmflora.nl\/wp-content\/uploads\/2020\/08\/behandelen-opgeblazen-buik.jpg\" alt=\"Bauchbl\u00e4hungen behandeln\" width=\"730\" height=\"427\" srcset=\"https:\/\/gezonde-darmflora.nl\/wp-content\/uploads\/2020\/08\/behandelen-opgeblazen-buik.jpg 730w, https:\/\/gezonde-darmflora.nl\/wp-content\/uploads\/2020\/08\/behandelen-opgeblazen-buik-600x351.jpg 600w, https:\/\/gezonde-darmflora.nl\/wp-content\/uploads\/2020\/08\/behandelen-opgeblazen-buik-300x175.jpg 300w\" sizes=\"(max-width: 730px) 100vw, 730px\" \/><\/p>\n<p>Ein aufgebl\u00e4hter Bauch ist sehr l\u00e4stig. Wenn eine Grunderkrankung vorliegt, sollte sie behandelt werden. Es gibt Produkte auf dem Markt, die Bl\u00e4hungen bek\u00e4mpfen, wie Probiotika und Medikamente. Aber zum Beispiel kann die Einnahme eines Antibiotikums tats\u00e4chlich zu einem aufgebl\u00e4hten Bauch, Bl\u00e4hungen und Durchfall f\u00fchren. Ein Parasit, der damit get\u00f6tet wird, ist nicht das einzige Opfer. Auch gute Bakterien werden in die Falle gelockt. Die Darmflora ger\u00e4t noch mehr aus dem Gleichgewicht und wer wei\u00df, vielleicht entfernen Sie sich nur weiter von zu Hause. \u00dcbrigens sind Antibiotika manchmal notwendig und das ist auch gut so. Es hat die medizinische Welt vorangebracht, ohne Antibiotika kann man nicht operieren. Um die Sch\u00e4den und Verluste nach einer Antibiotikabehandlung zu beheben, kommt eine <a href=\"https:\/\/gezonde-darmflora.nl\/de\/die-fmt-theorie\/\">Poop-Transplantation<\/a> noch nicht in Frage.[\/vc_column_text][\/vc_column][\/vc_row][\/vc_section][vc_row full_width=&#8220;stretch_row_content_no_spaces&#8220; css=&#8220;.vc_custom_1593680854494{margin-bottom: -10rem !important;}&#8220;][vc_column]\r\n    <a href=\"https:\/\/gezonde-darmflora.nl\/poeppillen-bestellen\/\" target=\"\" class=\"no-underline\">\r\n\r\n        <div class=\"cta\" style=\"background-image: url('https:\/\/gezonde-darmflora.nl\/wp-content\/uploads\/2020\/08\/darmflora-gezondheid.jpg')\">\r\n            <div class=\"container\">\r\n                <div class=\"row\">\r\n                    <div class=\"col-12\">\r\n                        <p>\r\n                            <\/p>\n<h3>Helfen Sie auch Ihrer Darmflora, gesund zu bleiben?<\/h3>\n<h4>In unserem Shop finden Sie alles, was Sie brauchen.<\/h4>\n<p>                        <\/p>\r\n                        <div class=\"cta__button svg-btn svg-btn-darkgreen\">\r\n                            <svg xmlns=\"http:\/\/www.w3.org\/2000\/svg\" width=\"50\" height=\"50\" viewBox=\"0 0 55 50\"><defs><\/defs><g id=\"Layer_2\" data-name=\"Layer 2\"><g id=\"Layer_1-2\" data-name=\"Layer 1\"><path width=\"100%\" height=\"100%\" class=\"anime\" d=\"M1.16,31.86C5.61,44.26,19.3,52,32.23,49.6C40.23,48.11,48.89,42.33,51.61,34.400000000000006C53.61,28.510000000000005,51.839999999999996,22.550000000000004,49.23,17.210000000000004C46.23,10.990000000000006,43.06999999999999,4.210000000000004,36.29,1.270000000000005C31,-1,24.8,0,19.64,2.49A45,45,0,0,0,10.57,8.66C8.39,10.5,5.430000000000001,12.280000000000001,3.6400000000000006,14.46C-0.3,19.28,-0.9,26.13,1.16,31.86Z\"\/><\/g><\/g><\/svg>\r\n                            <i class=\"far fa-long-arrow-alt-right\"><\/i>\r\n                        <\/div>\r\n                    <\/div>\r\n                <\/div>\r\n            <\/div>\r\n        <\/div>\r\n\r\n    <\/a>\r\n\r\n    [\/vc_column][\/vc_row]<\/p>\n<\/div>","protected":false},"excerpt":{"rendered":"<p>[vc_row full_width=&#8220;stretch_row_content_no_spaces&#8220;][vc_column][\/vc_column][\/vc_row][vc_row][vc_column offset=&#8220;vc_col-md-8&#8243;][vc_column_text]Nichts ist l\u00e4stiger als Bl\u00e4hungen. Ein enormer Druck auf Ihrem Bauch ist nat\u00fcrlich nicht sch\u00f6n. Einer von f\u00fcnf Menschen leidet irgendwann unter einem aufgebl\u00e4hten Bauch. Dies ist bei Frauen h\u00e4ufiger der Fall. Der Bauch kann anschwellen, weil der Darm aufgrund einer Infektion oder von Bl\u00e4hungen an Volumen zunimmt. Ein aufgebl\u00e4hter Bauch wird oft\u2026 <a href=\"https:\/\/gezonde-darmflora.nl\/de\/darmprobleme\/blaehungen\/\">Mehr lesen &raquo;<\/a><\/p>\n","protected":false},"author":4,"featured_media":0,"parent":14800,"menu_order":0,"comment_status":"closed","ping_status":"closed","template":"","meta":{"_acf_changed":false,"footnotes":""},"class_list":["post-14713","page","type-page","status-publish","hentry"],"acf":[],"yoast_head":"<!-- This site is optimized with the Yoast SEO plugin v27.1.1 - https:\/\/yoast.com\/product\/yoast-seo-wordpress\/ -->\n<title>V\u00f6llegef\u00fchl im Bauch? Was Sie gegen einen aufgebl\u00e4hten Darm tun k\u00f6nnen: Ursachen &amp; Tipps<\/title>\n<meta name=\"description\" content=\"Einer von f\u00fcnf Menschen leidet manchmal unter einem aufgebl\u00e4hten Bauch. Und auch bei Frauen ist dies h\u00e4ufiger der Fall. Lesen Sie mehr \u00fcber Ursachen, Tipps und Behandlung.\" \/>\n<meta name=\"robots\" content=\"index, follow, max-snippet:-1, max-image-preview:large, max-video-preview:-1\" \/>\n<link rel=\"canonical\" href=\"https:\/\/gezonde-darmflora.nl\/de\/darmprobleme\/blaehungen\/\" \/>\n<meta property=\"og:locale\" content=\"de_DE\" \/>\n<meta property=\"og:type\" content=\"article\" \/>\n<meta property=\"og:title\" content=\"V\u00f6llegef\u00fchl im Bauch? Was Sie gegen einen aufgebl\u00e4hten Darm tun k\u00f6nnen: Ursachen &amp; Tipps\" \/>\n<meta property=\"og:description\" content=\"Einer von f\u00fcnf Menschen leidet manchmal unter einem aufgebl\u00e4hten Bauch. Und auch bei Frauen ist dies h\u00e4ufiger der Fall. Lesen Sie mehr \u00fcber Ursachen, Tipps und Behandlung.\" \/>\n<meta property=\"og:url\" content=\"https:\/\/gezonde-darmflora.nl\/de\/darmprobleme\/blaehungen\/\" \/>\n<meta property=\"og:site_name\" content=\"Gezonde Darmflora\" \/>\n<meta property=\"article:modified_time\" content=\"2025-01-27T09:26:01+00:00\" \/>\n<meta property=\"og:image\" content=\"https:\/\/gezonde-darmflora.nl\/wp-content\/uploads\/2020\/08\/behandelen-opgeblazen-buik.jpg\" \/>\n<meta name=\"twitter:card\" content=\"summary_large_image\" \/>\n<meta name=\"twitter:label1\" content=\"Gesch\u00e4tzte Lesezeit\" \/>\n\t<meta name=\"twitter:data1\" content=\"6\u00a0Minuten\" \/>\n<script type=\"application\/ld+json\" class=\"yoast-schema-graph\">{\"@context\":\"https:\/\/schema.org\",\"@graph\":[{\"@type\":\"WebPage\",\"@id\":\"https:\/\/gezonde-darmflora.nl\/de\/darmprobleme\/blaehungen\/\",\"url\":\"https:\/\/gezonde-darmflora.nl\/de\/darmprobleme\/blaehungen\/\",\"name\":\"V\u00f6llegef\u00fchl im Bauch? Was Sie gegen einen aufgebl\u00e4hten Darm tun k\u00f6nnen: Ursachen & Tipps\",\"isPartOf\":{\"@id\":\"https:\/\/gezonde-darmflora.nl\/de\/#website\"},\"primaryImageOfPage\":{\"@id\":\"https:\/\/gezonde-darmflora.nl\/de\/darmprobleme\/blaehungen\/#primaryimage\"},\"image\":{\"@id\":\"https:\/\/gezonde-darmflora.nl\/de\/darmprobleme\/blaehungen\/#primaryimage\"},\"thumbnailUrl\":\"https:\/\/gezonde-darmflora.nl\/wp-content\/uploads\/2020\/08\/behandelen-opgeblazen-buik.jpg\",\"datePublished\":\"2020-07-23T06:19:41+00:00\",\"dateModified\":\"2025-01-27T09:26:01+00:00\",\"description\":\"Einer von f\u00fcnf Menschen leidet manchmal unter einem aufgebl\u00e4hten Bauch. Und auch bei Frauen ist dies h\u00e4ufiger der Fall. Lesen Sie mehr \u00fcber Ursachen, Tipps und Behandlung.\",\"breadcrumb\":{\"@id\":\"https:\/\/gezonde-darmflora.nl\/de\/darmprobleme\/blaehungen\/#breadcrumb\"},\"inLanguage\":\"de\",\"potentialAction\":[{\"@type\":\"ReadAction\",\"target\":[\"https:\/\/gezonde-darmflora.nl\/de\/darmprobleme\/blaehungen\/\"]}]},{\"@type\":\"ImageObject\",\"inLanguage\":\"de\",\"@id\":\"https:\/\/gezonde-darmflora.nl\/de\/darmprobleme\/blaehungen\/#primaryimage\",\"url\":\"https:\/\/gezonde-darmflora.nl\/wp-content\/uploads\/2020\/08\/behandelen-opgeblazen-buik.jpg\",\"contentUrl\":\"https:\/\/gezonde-darmflora.nl\/wp-content\/uploads\/2020\/08\/behandelen-opgeblazen-buik.jpg\"},{\"@type\":\"BreadcrumbList\",\"@id\":\"https:\/\/gezonde-darmflora.nl\/de\/darmprobleme\/blaehungen\/#breadcrumb\",\"itemListElement\":[{\"@type\":\"ListItem\",\"position\":1,\"name\":\"Home\",\"item\":\"https:\/\/gezonde-darmflora.nl\/de\/\"},{\"@type\":\"ListItem\",\"position\":2,\"name\":\"Darmprobleme\",\"item\":\"https:\/\/gezonde-darmflora.nl\/de\/darmprobleme\/\"},{\"@type\":\"ListItem\",\"position\":3,\"name\":\"Bl\u00e4hungen\"}]},{\"@type\":\"WebSite\",\"@id\":\"https:\/\/gezonde-darmflora.nl\/de\/#website\",\"url\":\"https:\/\/gezonde-darmflora.nl\/de\/\",\"name\":\"Gezonde Darmflora\",\"description\":\"Een gezonde &amp; natuurlijke darmflora\",\"potentialAction\":[{\"@type\":\"SearchAction\",\"target\":{\"@type\":\"EntryPoint\",\"urlTemplate\":\"https:\/\/gezonde-darmflora.nl\/de\/?s={search_term_string}\"},\"query-input\":{\"@type\":\"PropertyValueSpecification\",\"valueRequired\":true,\"valueName\":\"search_term_string\"}}],\"inLanguage\":\"de\"}]}<\/script>\n<!-- \/ Yoast SEO plugin. -->","yoast_head_json":{"title":"V\u00f6llegef\u00fchl im Bauch? Was Sie gegen einen aufgebl\u00e4hten Darm tun k\u00f6nnen: Ursachen & Tipps","description":"Einer von f\u00fcnf Menschen leidet manchmal unter einem aufgebl\u00e4hten Bauch. Und auch bei Frauen ist dies h\u00e4ufiger der Fall. Lesen Sie mehr \u00fcber Ursachen, Tipps und Behandlung.","robots":{"index":"index","follow":"follow","max-snippet":"max-snippet:-1","max-image-preview":"max-image-preview:large","max-video-preview":"max-video-preview:-1"},"canonical":"https:\/\/gezonde-darmflora.nl\/de\/darmprobleme\/blaehungen\/","og_locale":"de_DE","og_type":"article","og_title":"V\u00f6llegef\u00fchl im Bauch? Was Sie gegen einen aufgebl\u00e4hten Darm tun k\u00f6nnen: Ursachen & Tipps","og_description":"Einer von f\u00fcnf Menschen leidet manchmal unter einem aufgebl\u00e4hten Bauch. Und auch bei Frauen ist dies h\u00e4ufiger der Fall. Lesen Sie mehr \u00fcber Ursachen, Tipps und Behandlung.","og_url":"https:\/\/gezonde-darmflora.nl\/de\/darmprobleme\/blaehungen\/","og_site_name":"Gezonde Darmflora","article_modified_time":"2025-01-27T09:26:01+00:00","og_image":[{"url":"https:\/\/gezonde-darmflora.nl\/wp-content\/uploads\/2020\/08\/behandelen-opgeblazen-buik.jpg","type":"","width":"","height":""}],"twitter_card":"summary_large_image","twitter_misc":{"Gesch\u00e4tzte Lesezeit":"6\u00a0Minuten"},"schema":{"@context":"https:\/\/schema.org","@graph":[{"@type":"WebPage","@id":"https:\/\/gezonde-darmflora.nl\/de\/darmprobleme\/blaehungen\/","url":"https:\/\/gezonde-darmflora.nl\/de\/darmprobleme\/blaehungen\/","name":"V\u00f6llegef\u00fchl im Bauch? Was Sie gegen einen aufgebl\u00e4hten Darm tun k\u00f6nnen: Ursachen & Tipps","isPartOf":{"@id":"https:\/\/gezonde-darmflora.nl\/de\/#website"},"primaryImageOfPage":{"@id":"https:\/\/gezonde-darmflora.nl\/de\/darmprobleme\/blaehungen\/#primaryimage"},"image":{"@id":"https:\/\/gezonde-darmflora.nl\/de\/darmprobleme\/blaehungen\/#primaryimage"},"thumbnailUrl":"https:\/\/gezonde-darmflora.nl\/wp-content\/uploads\/2020\/08\/behandelen-opgeblazen-buik.jpg","datePublished":"2020-07-23T06:19:41+00:00","dateModified":"2025-01-27T09:26:01+00:00","description":"Einer von f\u00fcnf Menschen leidet manchmal unter einem aufgebl\u00e4hten Bauch. Und auch bei Frauen ist dies h\u00e4ufiger der Fall. Lesen Sie mehr \u00fcber Ursachen, Tipps und Behandlung.","breadcrumb":{"@id":"https:\/\/gezonde-darmflora.nl\/de\/darmprobleme\/blaehungen\/#breadcrumb"},"inLanguage":"de","potentialAction":[{"@type":"ReadAction","target":["https:\/\/gezonde-darmflora.nl\/de\/darmprobleme\/blaehungen\/"]}]},{"@type":"ImageObject","inLanguage":"de","@id":"https:\/\/gezonde-darmflora.nl\/de\/darmprobleme\/blaehungen\/#primaryimage","url":"https:\/\/gezonde-darmflora.nl\/wp-content\/uploads\/2020\/08\/behandelen-opgeblazen-buik.jpg","contentUrl":"https:\/\/gezonde-darmflora.nl\/wp-content\/uploads\/2020\/08\/behandelen-opgeblazen-buik.jpg"},{"@type":"BreadcrumbList","@id":"https:\/\/gezonde-darmflora.nl\/de\/darmprobleme\/blaehungen\/#breadcrumb","itemListElement":[{"@type":"ListItem","position":1,"name":"Home","item":"https:\/\/gezonde-darmflora.nl\/de\/"},{"@type":"ListItem","position":2,"name":"Darmprobleme","item":"https:\/\/gezonde-darmflora.nl\/de\/darmprobleme\/"},{"@type":"ListItem","position":3,"name":"Bl\u00e4hungen"}]},{"@type":"WebSite","@id":"https:\/\/gezonde-darmflora.nl\/de\/#website","url":"https:\/\/gezonde-darmflora.nl\/de\/","name":"Gezonde Darmflora","description":"Een gezonde &amp; natuurlijke darmflora","potentialAction":[{"@type":"SearchAction","target":{"@type":"EntryPoint","urlTemplate":"https:\/\/gezonde-darmflora.nl\/de\/?s={search_term_string}"},"query-input":{"@type":"PropertyValueSpecification","valueRequired":true,"valueName":"search_term_string"}}],"inLanguage":"de"}]}},"_links":{"self":[{"href":"https:\/\/gezonde-darmflora.nl\/de\/wp-json\/wp\/v2\/pages\/14713","targetHints":{"allow":["GET"]}}],"collection":[{"href":"https:\/\/gezonde-darmflora.nl\/de\/wp-json\/wp\/v2\/pages"}],"about":[{"href":"https:\/\/gezonde-darmflora.nl\/de\/wp-json\/wp\/v2\/types\/page"}],"author":[{"embeddable":true,"href":"https:\/\/gezonde-darmflora.nl\/de\/wp-json\/wp\/v2\/users\/4"}],"replies":[{"embeddable":true,"href":"https:\/\/gezonde-darmflora.nl\/de\/wp-json\/wp\/v2\/comments?post=14713"}],"version-history":[{"count":1,"href":"https:\/\/gezonde-darmflora.nl\/de\/wp-json\/wp\/v2\/pages\/14713\/revisions"}],"predecessor-version":[{"id":14718,"href":"https:\/\/gezonde-darmflora.nl\/de\/wp-json\/wp\/v2\/pages\/14713\/revisions\/14718"}],"up":[{"embeddable":true,"href":"https:\/\/gezonde-darmflora.nl\/de\/wp-json\/wp\/v2\/pages\/14800"}],"wp:attachment":[{"href":"https:\/\/gezonde-darmflora.nl\/de\/wp-json\/wp\/v2\/media?parent=14713"}],"curies":[{"name":"wp","href":"https:\/\/api.w.org\/{rel}","templated":true}]}}