{"id":14705,"date":"2020-07-23T07:54:48","date_gmt":"2020-07-23T05:54:48","guid":{"rendered":"https:\/\/gezonde-darmflora.nl\/diarrhoee\/"},"modified":"2025-01-27T10:26:00","modified_gmt":"2025-01-27T09:26:00","slug":"diarrhoee","status":"publish","type":"page","link":"https:\/\/gezonde-darmflora.nl\/de\/darmprobleme\/diarrhoee\/","title":{"rendered":"Diarrh\u00f6e"},"content":{"rendered":"<div class=\"wpb-content-wrapper\"><p>[vc_row full_width=&#8220;stretch_row_content_no_spaces&#8220;][vc_column]\r\n    <div class=\"page-title\">\r\n        <div class=\"container\">\r\n            <div class=\"row\">\r\n                <div class=\"col\">\r\n                    <h1>Anhaltende, h\u00e4ufige oder chronische Diarrh\u00f6e<\/h1>\r\n                <\/div>\r\n            <\/div>\r\n        <\/div>\r\n    <\/div>\r\n\r\n    [\/vc_column][\/vc_row][vc_row][vc_column offset=&#8220;vc_col-md-8&#8243;][vc_column_text]Normalerweise geht Durchfall von selbst wieder weg. Aber wenn Sie regelm\u00e4\u00dfig oder h\u00e4ufig Durchfall haben, kann das bei Ihnen zu Spannungen und Unsicherheit f\u00fchren, vor allem in Gesellschaft. Oder es erwischt Sie ausgerechnet am Tag der Party, auf die Sie sich so gefreut haben&#8230; Neben dem Unbehagen ist auch die Energie weit weg. Aber was ist Durchfall oder was k\u00f6nnte eine m\u00f6gliche Ursache sein?[\/vc_column_text]<div class=\"eye_empty_space pt-md-5 pb-md-5   pt-4 pb-4\"><\/div>[\/vc_column][vc_column offset=&#8220;vc_col-md-4&#8243; el_class=&#8220;mb-5 mb-lg-0&#8243;]\r\n    <div class=\"blob-image-wrap\">\r\n        <img decoding=\"async\" src=\"https:\/\/gezonde-darmflora.nl\/wp-content\/uploads\/2020\/08\/chronische-diarree-behandelen.jpg\">\r\n    <\/div>\r\n    <p class=\"blob-image__caption\"><\/p>\r\n\r\n    [\/vc_column][\/vc_row][vc_section full_width=&#8220;stretch_row&#8220; el_class=&#8220;bg-green&#8220;][vc_row][vc_column offset=&#8220;vc_col-lg-offset-2 vc_col-lg-8&#8243;][vc_column_text]<\/p>\n<h2>Was ist Diarrh\u00f6e?<\/h2>\n<p>Durchfall ist ein wasserd\u00fcnner Stuhl, bei dem Sie viel Fl\u00fcssigkeit verlieren. Sie verlieren zum Beispiel auch zus\u00e4tzliche Fl\u00fcssigkeit, wenn Sie erbrechen, Fieber haben und wenn es hei\u00df ist. Wenn Sie viel Fl\u00fcssigkeit verlieren und zu wenig trinken, k\u00f6nnen Sie dehydriert werden. Dies wiederum kann zu Problemen f\u00fchren wie: kein oder wenig Urinieren (dunkler Urin), Durst, Mundtrockenheit, Energiemangel, Ohnmacht, Verwirrung, schnellere Atmung oder schnellerer Herzschlag und kalte Arme und Beine. Das gr\u00f6\u00dfte Problem ist nat\u00fcrlich, dass Ihr K\u00f6rper kaum N\u00e4hrstoffe aufnimmt, wenn Sie Durchfall haben. Dadurch werden Sie schnell geschw\u00e4cht, was viele dieser Symptome erkl\u00e4ren kann.    <\/p>\n<h2>Anhaltende oder chronische Diarrh\u00f6e<\/h2>\n<p>Wenn Sie unter h\u00e4ufigem oder chronischem Durchfall leiden, liegen ernstere Probleme vor und es gibt oft eine andere Ursache. Zum Beispiel die Einnahme von Medikamenten (z.B. Antibiotika oder Antidepressiva), \u00fcberm\u00e4\u00dfiger Konsum von k\u00fcnstlich ges\u00fc\u00dften Getr\u00e4nken, ein Reizdarm oder, viel schlimmer, eine entz\u00fcndliche Darmerkrankung wie Colitis ulcerosa oder Morbus Crohn. Bei diesen Autoimmunkrankheiten ist der Durchfall \u00fcbrigens nicht ansteckend.[\/vc_column_text][\/vc_column][\/vc_row][\/vc_section][vc_row][vc_column]<div class=\"eye_empty_space pt-md-5 pb-md-5   pt-4 pb-4\"><\/div>[\/vc_column][\/vc_row][vc_row equal_height=&#8220;yes&#8220;][vc_column offset=&#8220;vc_col-md-8&#8243;][vc_column_text]<\/p>\n<h2>Ursachen der Diarrh\u00f6e<\/h2>\n<p>Lebensmittelvergiftung, Reizdarmsyndrom und Nahrungsmittelunvertr\u00e4glichkeiten sind drei m\u00f6gliche Ursachen. Die h\u00e4ufigste Durchfallerkrankung ist jedoch in der Regel auf eine <strong>Darminfektion mit einem Virus<\/strong> zur\u00fcckzuf\u00fchren. Eine Darminfektion kann durch einen Mangel an <a href=\"https:\/\/gezonde-darmflora.nl\/de\/darmflora\/gute-und-schlechte-bakterien\/\">guten Bakterien in Ihrer Darmflora<\/a> oder durch Eindringlinge wie Parasiten verursacht werden. Mit diesen k\u00f6nnen Sie in Kontakt kommen, wenn Sie beispielsweise auf Reisen sind und etwas in Ihren K\u00f6rper eindringt, z.B. \u00fcber eine Sch\u00fcrfwunde. In der Regel handelt es sich um einen Virus, der durch mangelnde Hygiene \u00fcbertragen wird. Wenn Sie sich nach dem Toilettengang oder vor der Zubereitung Ihres Essens die H\u00e4nde nicht gut genug waschen. Oder wenn Sie Fleisch essen, das nicht richtig durchgebraten wurde. Die Viren, Bakterien oder Parasiten gelangen daher in der Regel \u00fcber den Mund in den Darm und verursachen eine Entz\u00fcndung der Darmwand. Infolgedessen kann die Darmwand weniger Fl\u00fcssigkeit aufnehmen. Da die Fl\u00fcssigkeit im Darm verbleibt, wird der Stuhl immer d\u00fcnner. Eine Person mit einer Darminfektion kann die Erreger \u00fcber den Stuhl auf eine andere Person \u00fcbertragen. Und zwar haupts\u00e4chlich \u00fcber die Toilette und \u00fcber ungewaschene H\u00e4nde. Viren k\u00f6nnen auch durch Speichel \u00fcbertragen werden, zum Beispiel wenn Sie das ungewaschene Besteck einer anderen Person benutzen. Verunreinigtes Wasser oder Lebensmittel k\u00f6nnen ebenfalls Bakterien enthalten, die Darminfektionen verursachen.[\/vc_column_text]<div class=\"eye_empty_space pt-md-5 pb-md-5   pt-4 pb-4\"><\/div>[\/vc_column][vc_column offset=&#8220;vc_col-md-4&#8243; el_class=&#8220;d-flex align-items-center mb-5 mb-lg-0&#8243;]\r\n    <div class=\"blob-image-wrap\">\r\n        <img decoding=\"async\" src=\"https:\/\/gezonde-darmflora.nl\/wp-content\/uploads\/2020\/08\/diarree-voorkomen.jpg\">\r\n    <\/div>\r\n    <p class=\"blob-image__caption\"><\/p>\r\n\r\n    [\/vc_column][\/vc_row][vc_row equal_height=&#8220;yes&#8220;][vc_column offset=&#8220;vc_col-md-4&#8243; el_class=&#8220;d-flex align-items-center mb-5 mb-lg-0&#8243;]\r\n    <div class=\"blob-image-wrap\">\r\n        <img decoding=\"async\" src=\"https:\/\/gezonde-darmflora.nl\/wp-content\/uploads\/2020\/08\/darmklachten.jpg\">\r\n    <\/div>\r\n    <p class=\"blob-image__caption\"><\/p>\r\n\r\n    [\/vc_column][vc_column offset=&#8220;vc_col-md-8&#8243;][vc_column_text]<\/p>\n<h2>Was k\u00f6nnen Sie selbst gegen Durchfall tun?<\/h2>\n<p>Stellen Sie zun\u00e4chst sicher, dass Sie keine anderen Menschen anstecken! Reinigen Sie Ihr Haus, Ihre Kleidung und Handt\u00fccher gut. Trinken Sie viel Wasser und ern\u00e4hren Sie sich gesund und abwechslungsreich. Es ist wichtig, besonders viel zu trinken, wenn Sie Durchfall haben. Denken Sie an mindestens zwei Liter Wasser pro Tag. Je mehr Durchfall Sie haben, desto mehr sollten Sie trinken, um eine Dehydrierung zu vermeiden. Trinken Sie vorzugsweise keine Softdrinks oder Energydrinks. Wenn Sie zus\u00e4tzlich zum Durchfall erbrechen oder Fieber haben, ist das Trinken von Wasser besonders wichtig. \u00dcberhaupt nicht zu essen oder eine spezielle Di\u00e4t zu machen, ist bei Durchfall weder notwendig noch gut f\u00fcr Ihren K\u00f6rper. H\u00f6ren Sie auf Ihren K\u00f6rper. Wenn der Appetit zur\u00fcckkommt, geht es in der Regel wieder aufw\u00e4rts. Wenn der Durchfall l\u00e4nger als sieben Tage anh\u00e4lt oder immer wieder auftritt, sollten Sie eine Zeit lang keine s\u00fc\u00dfen Getr\u00e4nke wie Milch oder Apfelsaft zu sich nehmen. Manchmal ist der Darm nach einer Infektion vor\u00fcbergehend weniger in der Lage, diese s\u00fc\u00dfen Getr\u00e4nke zu vertragen. Der Durchfall geht in der Regel nach vier bis acht Tagen vorbei. Wenn Sie wieder v\u00f6llig fit sind, versuchen Sie, eine weitere Infektion zu verhindern, indem Sie all diese Punkte in Ihrem Lebensstil umsetzen. Vorbeugen ist immer besser als heilen.[\/vc_column_text]<div class=\"eye_empty_space pt-md-5 pb-md-5   pt-4 pb-4\"><\/div>[\/vc_column][\/vc_row][vc_section full_width=&#8220;stretch_row&#8220; el_class=&#8220;bg-green&#8220;][vc_row][vc_column offset=&#8220;vc_col-lg-offset-2 vc_col-lg-8&#8243;][vc_column_text]<\/p>\n<h2>M\u00f6gliche Behandlung bei anhaltender oder chronischer Diarrh\u00f6e<\/h2>\n<p>L\u00e4ngerer, h\u00e4ufiger oder chronischer Durchfall? K\u00f6nnen Sie einen Tag lang nicht urinieren, werden Sie langsam immer verwirrter, dauert der Durchfall l\u00e4nger als gew\u00f6hnlich, haben Sie st\u00e4ndige Bauchschmerzen und haben Sie anhaltenden Durst? Dann ist wirklich etwas in Ihrem K\u00f6rper los und ein Besuch beim Arzt ist notwendig. Er oder sie wird Ihnen zwei Arten von Medikamenten anbieten. ORS, das gegen Dehydrierung wirkt, oder Loperamid. Loperamid ist eher ein Gerinnungsmittel, das Sie bekommen, wenn Sie einen Notfalltermin haben, und kann daher die eigentlich notwendige Ruhe- und Erholungsphase nicht auffangen. Achten Sie auch auf die Wirkung Ihrer anderen Medikamente, wenn Sie unter Durchfall oder Erbrechen leiden, denn wie die Nahrung werden auch diese bei Durchfall m\u00f6glicherweise nicht so gut aufgenommen.      <\/p>\n<p><img decoding=\"async\" class=\"aligncenter size-full wp-image-640\" src=\"https:\/\/gezonde-darmflora.nl\/wp-content\/uploads\/2020\/08\/wat-doen-tegen-diarree.jpg\" alt=\"was Sie bei Durchfall tun k\u00f6nnen\" width=\"678\" height=\"533\" srcset=\"https:\/\/gezonde-darmflora.nl\/wp-content\/uploads\/2020\/08\/wat-doen-tegen-diarree.jpg 678w, https:\/\/gezonde-darmflora.nl\/wp-content\/uploads\/2020\/08\/wat-doen-tegen-diarree-600x472.jpg 600w, https:\/\/gezonde-darmflora.nl\/wp-content\/uploads\/2020\/08\/wat-doen-tegen-diarree-300x236.jpg 300w\" sizes=\"(max-width: 678px) 100vw, 678px\" \/><\/p>\n<p>Wenn Sie <strong>eine nat\u00fcrliche L\u00f6sung<\/strong> bevorzugen, dann ist eine <a href=\"https:\/\/gezonde-darmflora.nl\/de\/die-fmt-theorie\/\">Kot-Transplantation<\/a> keine so verr\u00fcckte Idee. Bei anhaltendem Durchfall haben die Krankheitserreger in Ihrem Darm die Oberhand. Wenn sie von der gesunden Darmflora eines gesunden Spenders auf n\u00fcchternen Magen bek\u00e4mpft werden, k\u00f6nnte der Kampf bald beendet sein. In Zukunft wird eine Pille, die aus Ihrer eigenen gesunden Darmflora hergestellt wird, zu einem Zeitpunkt erwartet, an dem Sie selbst super gl\u00fccklich sind! Sollten Sie dann auf einer sch\u00f6nen Reise in Thailand nach einem k\u00f6stlichen Essen in dem gem\u00fctlichen Restaurant auf die Toilette rennen m\u00fcssen, k\u00f6nnen Sie einfach Ihre eigene gesunde Darmflora-Pille einnehmen, die Ihre Darmflora wiederherstellt.[\/vc_column_text][\/vc_column][\/vc_row][\/vc_section][vc_row full_width=&#8220;stretch_row_content_no_spaces&#8220; css=&#8220;.vc_custom_1593680854494{margin-bottom: -10rem !important;}&#8220;][vc_column]\r\n    <a href=\"https:\/\/gezonde-darmflora.nl\/poeppillen-bestellen\/\" target=\"\" class=\"no-underline\">\r\n\r\n        <div class=\"cta\" style=\"background-image: url('https:\/\/gezonde-darmflora.nl\/wp-content\/uploads\/2020\/08\/darmflora-gezondheid.jpg')\">\r\n            <div class=\"container\">\r\n                <div class=\"row\">\r\n                    <div class=\"col-12\">\r\n                        <p>\r\n                            <\/p>\n<h3>Helfen Sie auch Ihrer Darmflora, gesund zu bleiben?<\/h3>\n<h4>In unserem Shop finden Sie alles, was Sie brauchen.<\/h4>\n<p>                        <\/p>\r\n                        <div class=\"cta__button svg-btn svg-btn-darkgreen\">\r\n                            <svg xmlns=\"http:\/\/www.w3.org\/2000\/svg\" width=\"50\" height=\"50\" viewBox=\"0 0 55 50\"><defs><\/defs><g id=\"Layer_2\" data-name=\"Layer 2\"><g id=\"Layer_1-2\" data-name=\"Layer 1\"><path width=\"100%\" height=\"100%\" class=\"anime\" d=\"M1.16,31.86C5.61,44.26,19.3,52,32.23,49.6C40.23,48.11,48.89,42.33,51.61,34.400000000000006C53.61,28.510000000000005,51.839999999999996,22.550000000000004,49.23,17.210000000000004C46.23,10.990000000000006,43.06999999999999,4.210000000000004,36.29,1.270000000000005C31,-1,24.8,0,19.64,2.49A45,45,0,0,0,10.57,8.66C8.39,10.5,5.430000000000001,12.280000000000001,3.6400000000000006,14.46C-0.3,19.28,-0.9,26.13,1.16,31.86Z\"\/><\/g><\/g><\/svg>\r\n                            <i class=\"far fa-long-arrow-alt-right\"><\/i>\r\n                        <\/div>\r\n                    <\/div>\r\n                <\/div>\r\n            <\/div>\r\n        <\/div>\r\n\r\n    <\/a>\r\n\r\n    [\/vc_column][\/vc_row]<\/p>\n<\/div>","protected":false},"excerpt":{"rendered":"<p>[vc_row full_width=&#8220;stretch_row_content_no_spaces&#8220;][vc_column][\/vc_column][\/vc_row][vc_row][vc_column offset=&#8220;vc_col-md-8&#8243;][vc_column_text]Normalerweise geht Durchfall von selbst wieder weg. Aber wenn Sie regelm\u00e4\u00dfig oder h\u00e4ufig Durchfall haben, kann das bei Ihnen zu Spannungen und Unsicherheit f\u00fchren, vor allem in Gesellschaft. Oder es erwischt Sie ausgerechnet am Tag der Party, auf die Sie sich so gefreut haben&#8230; Neben dem Unbehagen ist auch die Energie weit weg.\u2026 <a href=\"https:\/\/gezonde-darmflora.nl\/de\/darmprobleme\/diarrhoee\/\">Mehr lesen &raquo;<\/a><\/p>\n","protected":false},"author":4,"featured_media":0,"parent":14800,"menu_order":0,"comment_status":"closed","ping_status":"closed","template":"","meta":{"_acf_changed":false,"footnotes":""},"class_list":["post-14705","page","type-page","status-publish","hentry"],"acf":[],"yoast_head":"<!-- This site is optimized with the Yoast SEO plugin v27.1.1 - https:\/\/yoast.com\/product\/yoast-seo-wordpress\/ -->\n<title>Anhaltende, h\u00e4ufige oder chronische Diarrh\u00f6e? Ursachen, Tipps und Behandlung<\/title>\n<meta name=\"description\" content=\"Normalerweise geht Durchfall von selbst wieder weg. Aber wenn Sie h\u00e4ufigen oder chronischen Durchfall haben, kann das zu Anspannung und Unsicherheit f\u00fchren. Informieren Sie sich \u00fcber die Ursachen und L\u00f6sungen.\" \/>\n<meta name=\"robots\" content=\"index, follow, max-snippet:-1, max-image-preview:large, max-video-preview:-1\" \/>\n<link rel=\"canonical\" href=\"https:\/\/gezonde-darmflora.nl\/de\/darmprobleme\/diarrhoee\/\" \/>\n<meta property=\"og:locale\" content=\"de_DE\" \/>\n<meta property=\"og:type\" content=\"article\" \/>\n<meta property=\"og:title\" content=\"Anhaltende, h\u00e4ufige oder chronische Diarrh\u00f6e? Ursachen, Tipps und Behandlung\" \/>\n<meta property=\"og:description\" content=\"Normalerweise geht Durchfall von selbst wieder weg. Aber wenn Sie h\u00e4ufigen oder chronischen Durchfall haben, kann das zu Anspannung und Unsicherheit f\u00fchren. Informieren Sie sich \u00fcber die Ursachen und L\u00f6sungen.\" \/>\n<meta property=\"og:url\" content=\"https:\/\/gezonde-darmflora.nl\/de\/darmprobleme\/diarrhoee\/\" \/>\n<meta property=\"og:site_name\" content=\"Gezonde Darmflora\" \/>\n<meta property=\"article:modified_time\" content=\"2025-01-27T09:26:00+00:00\" \/>\n<meta property=\"og:image\" content=\"https:\/\/gezonde-darmflora.nl\/wp-content\/uploads\/2020\/08\/wat-doen-tegen-diarree.jpg\" \/>\n<meta name=\"twitter:card\" content=\"summary_large_image\" \/>\n<meta name=\"twitter:label1\" content=\"Gesch\u00e4tzte Lesezeit\" \/>\n\t<meta name=\"twitter:data1\" content=\"6\u00a0Minuten\" \/>\n<script type=\"application\/ld+json\" class=\"yoast-schema-graph\">{\"@context\":\"https:\/\/schema.org\",\"@graph\":[{\"@type\":\"WebPage\",\"@id\":\"https:\/\/gezonde-darmflora.nl\/de\/darmprobleme\/diarrhoee\/\",\"url\":\"https:\/\/gezonde-darmflora.nl\/de\/darmprobleme\/diarrhoee\/\",\"name\":\"Anhaltende, h\u00e4ufige oder chronische Diarrh\u00f6e? Ursachen, Tipps und Behandlung\",\"isPartOf\":{\"@id\":\"https:\/\/gezonde-darmflora.nl\/de\/#website\"},\"primaryImageOfPage\":{\"@id\":\"https:\/\/gezonde-darmflora.nl\/de\/darmprobleme\/diarrhoee\/#primaryimage\"},\"image\":{\"@id\":\"https:\/\/gezonde-darmflora.nl\/de\/darmprobleme\/diarrhoee\/#primaryimage\"},\"thumbnailUrl\":\"https:\/\/gezonde-darmflora.nl\/wp-content\/uploads\/2020\/08\/wat-doen-tegen-diarree.jpg\",\"datePublished\":\"2020-07-23T05:54:48+00:00\",\"dateModified\":\"2025-01-27T09:26:00+00:00\",\"description\":\"Normalerweise geht Durchfall von selbst wieder weg. Aber wenn Sie h\u00e4ufigen oder chronischen Durchfall haben, kann das zu Anspannung und Unsicherheit f\u00fchren. Informieren Sie sich \u00fcber die Ursachen und L\u00f6sungen.\",\"breadcrumb\":{\"@id\":\"https:\/\/gezonde-darmflora.nl\/de\/darmprobleme\/diarrhoee\/#breadcrumb\"},\"inLanguage\":\"de\",\"potentialAction\":[{\"@type\":\"ReadAction\",\"target\":[\"https:\/\/gezonde-darmflora.nl\/de\/darmprobleme\/diarrhoee\/\"]}]},{\"@type\":\"ImageObject\",\"inLanguage\":\"de\",\"@id\":\"https:\/\/gezonde-darmflora.nl\/de\/darmprobleme\/diarrhoee\/#primaryimage\",\"url\":\"https:\/\/gezonde-darmflora.nl\/wp-content\/uploads\/2020\/08\/wat-doen-tegen-diarree.jpg\",\"contentUrl\":\"https:\/\/gezonde-darmflora.nl\/wp-content\/uploads\/2020\/08\/wat-doen-tegen-diarree.jpg\"},{\"@type\":\"BreadcrumbList\",\"@id\":\"https:\/\/gezonde-darmflora.nl\/de\/darmprobleme\/diarrhoee\/#breadcrumb\",\"itemListElement\":[{\"@type\":\"ListItem\",\"position\":1,\"name\":\"Home\",\"item\":\"https:\/\/gezonde-darmflora.nl\/de\/\"},{\"@type\":\"ListItem\",\"position\":2,\"name\":\"Darmprobleme\",\"item\":\"https:\/\/gezonde-darmflora.nl\/de\/darmprobleme\/\"},{\"@type\":\"ListItem\",\"position\":3,\"name\":\"Diarrh\u00f6e\"}]},{\"@type\":\"WebSite\",\"@id\":\"https:\/\/gezonde-darmflora.nl\/de\/#website\",\"url\":\"https:\/\/gezonde-darmflora.nl\/de\/\",\"name\":\"Gezonde Darmflora\",\"description\":\"Een gezonde &amp; natuurlijke darmflora\",\"potentialAction\":[{\"@type\":\"SearchAction\",\"target\":{\"@type\":\"EntryPoint\",\"urlTemplate\":\"https:\/\/gezonde-darmflora.nl\/de\/?s={search_term_string}\"},\"query-input\":{\"@type\":\"PropertyValueSpecification\",\"valueRequired\":true,\"valueName\":\"search_term_string\"}}],\"inLanguage\":\"de\"}]}<\/script>\n<!-- \/ Yoast SEO plugin. -->","yoast_head_json":{"title":"Anhaltende, h\u00e4ufige oder chronische Diarrh\u00f6e? Ursachen, Tipps und Behandlung","description":"Normalerweise geht Durchfall von selbst wieder weg. Aber wenn Sie h\u00e4ufigen oder chronischen Durchfall haben, kann das zu Anspannung und Unsicherheit f\u00fchren. Informieren Sie sich \u00fcber die Ursachen und L\u00f6sungen.","robots":{"index":"index","follow":"follow","max-snippet":"max-snippet:-1","max-image-preview":"max-image-preview:large","max-video-preview":"max-video-preview:-1"},"canonical":"https:\/\/gezonde-darmflora.nl\/de\/darmprobleme\/diarrhoee\/","og_locale":"de_DE","og_type":"article","og_title":"Anhaltende, h\u00e4ufige oder chronische Diarrh\u00f6e? Ursachen, Tipps und Behandlung","og_description":"Normalerweise geht Durchfall von selbst wieder weg. Aber wenn Sie h\u00e4ufigen oder chronischen Durchfall haben, kann das zu Anspannung und Unsicherheit f\u00fchren. Informieren Sie sich \u00fcber die Ursachen und L\u00f6sungen.","og_url":"https:\/\/gezonde-darmflora.nl\/de\/darmprobleme\/diarrhoee\/","og_site_name":"Gezonde Darmflora","article_modified_time":"2025-01-27T09:26:00+00:00","og_image":[{"url":"https:\/\/gezonde-darmflora.nl\/wp-content\/uploads\/2020\/08\/wat-doen-tegen-diarree.jpg","type":"","width":"","height":""}],"twitter_card":"summary_large_image","twitter_misc":{"Gesch\u00e4tzte Lesezeit":"6\u00a0Minuten"},"schema":{"@context":"https:\/\/schema.org","@graph":[{"@type":"WebPage","@id":"https:\/\/gezonde-darmflora.nl\/de\/darmprobleme\/diarrhoee\/","url":"https:\/\/gezonde-darmflora.nl\/de\/darmprobleme\/diarrhoee\/","name":"Anhaltende, h\u00e4ufige oder chronische Diarrh\u00f6e? Ursachen, Tipps und Behandlung","isPartOf":{"@id":"https:\/\/gezonde-darmflora.nl\/de\/#website"},"primaryImageOfPage":{"@id":"https:\/\/gezonde-darmflora.nl\/de\/darmprobleme\/diarrhoee\/#primaryimage"},"image":{"@id":"https:\/\/gezonde-darmflora.nl\/de\/darmprobleme\/diarrhoee\/#primaryimage"},"thumbnailUrl":"https:\/\/gezonde-darmflora.nl\/wp-content\/uploads\/2020\/08\/wat-doen-tegen-diarree.jpg","datePublished":"2020-07-23T05:54:48+00:00","dateModified":"2025-01-27T09:26:00+00:00","description":"Normalerweise geht Durchfall von selbst wieder weg. Aber wenn Sie h\u00e4ufigen oder chronischen Durchfall haben, kann das zu Anspannung und Unsicherheit f\u00fchren. Informieren Sie sich \u00fcber die Ursachen und L\u00f6sungen.","breadcrumb":{"@id":"https:\/\/gezonde-darmflora.nl\/de\/darmprobleme\/diarrhoee\/#breadcrumb"},"inLanguage":"de","potentialAction":[{"@type":"ReadAction","target":["https:\/\/gezonde-darmflora.nl\/de\/darmprobleme\/diarrhoee\/"]}]},{"@type":"ImageObject","inLanguage":"de","@id":"https:\/\/gezonde-darmflora.nl\/de\/darmprobleme\/diarrhoee\/#primaryimage","url":"https:\/\/gezonde-darmflora.nl\/wp-content\/uploads\/2020\/08\/wat-doen-tegen-diarree.jpg","contentUrl":"https:\/\/gezonde-darmflora.nl\/wp-content\/uploads\/2020\/08\/wat-doen-tegen-diarree.jpg"},{"@type":"BreadcrumbList","@id":"https:\/\/gezonde-darmflora.nl\/de\/darmprobleme\/diarrhoee\/#breadcrumb","itemListElement":[{"@type":"ListItem","position":1,"name":"Home","item":"https:\/\/gezonde-darmflora.nl\/de\/"},{"@type":"ListItem","position":2,"name":"Darmprobleme","item":"https:\/\/gezonde-darmflora.nl\/de\/darmprobleme\/"},{"@type":"ListItem","position":3,"name":"Diarrh\u00f6e"}]},{"@type":"WebSite","@id":"https:\/\/gezonde-darmflora.nl\/de\/#website","url":"https:\/\/gezonde-darmflora.nl\/de\/","name":"Gezonde Darmflora","description":"Een gezonde &amp; natuurlijke darmflora","potentialAction":[{"@type":"SearchAction","target":{"@type":"EntryPoint","urlTemplate":"https:\/\/gezonde-darmflora.nl\/de\/?s={search_term_string}"},"query-input":{"@type":"PropertyValueSpecification","valueRequired":true,"valueName":"search_term_string"}}],"inLanguage":"de"}]}},"_links":{"self":[{"href":"https:\/\/gezonde-darmflora.nl\/de\/wp-json\/wp\/v2\/pages\/14705","targetHints":{"allow":["GET"]}}],"collection":[{"href":"https:\/\/gezonde-darmflora.nl\/de\/wp-json\/wp\/v2\/pages"}],"about":[{"href":"https:\/\/gezonde-darmflora.nl\/de\/wp-json\/wp\/v2\/types\/page"}],"author":[{"embeddable":true,"href":"https:\/\/gezonde-darmflora.nl\/de\/wp-json\/wp\/v2\/users\/4"}],"replies":[{"embeddable":true,"href":"https:\/\/gezonde-darmflora.nl\/de\/wp-json\/wp\/v2\/comments?post=14705"}],"version-history":[{"count":10,"href":"https:\/\/gezonde-darmflora.nl\/de\/wp-json\/wp\/v2\/pages\/14705\/revisions"}],"predecessor-version":[{"id":14741,"href":"https:\/\/gezonde-darmflora.nl\/de\/wp-json\/wp\/v2\/pages\/14705\/revisions\/14741"}],"up":[{"embeddable":true,"href":"https:\/\/gezonde-darmflora.nl\/de\/wp-json\/wp\/v2\/pages\/14800"}],"wp:attachment":[{"href":"https:\/\/gezonde-darmflora.nl\/de\/wp-json\/wp\/v2\/media?parent=14705"}],"curies":[{"name":"wp","href":"https:\/\/api.w.org\/{rel}","templated":true}]}}