{"id":14704,"date":"2020-08-03T12:44:57","date_gmt":"2020-08-03T10:44:57","guid":{"rendered":"https:\/\/gezonde-darmflora.nl\/versand-und-lieferung\/"},"modified":"2025-01-27T10:22:10","modified_gmt":"2025-01-27T09:22:10","slug":"versand-und-lieferung","status":"publish","type":"page","link":"https:\/\/gezonde-darmflora.nl\/de\/versand-und-lieferung\/","title":{"rendered":"Versand und Lieferung"},"content":{"rendered":"<div class=\"wpb-content-wrapper\"><p>[vc_row full_width=&#8220;stretch_row_content_no_spaces&#8220;][vc_column]\r\n    <div class=\"page-title\">\r\n        <div class=\"container\">\r\n            <div class=\"row\">\r\n                <div class=\"col\">\r\n                    <h1>Versand und Lieferung<\/h1>\r\n                <\/div>\r\n            <\/div>\r\n        <\/div>\r\n    <\/div>\r\n\r\n    [\/vc_column][\/vc_row][vc_row][vc_column width=&#8220;2\/3&#8243;][vc_column_text css=&#8220;&#8220;]<\/p>\n<h2>Versand innerhalb der Niederlande:<\/h2>\n<p>Jeden Montagnachmittag werden die offenen Bestellungen verpackt und f\u00fcr den Versand vorbereitet. Wir bringen die Pakete selbst zu einem DHL-Sortierzentrum. Am n\u00e4chsten Morgen wird Ihre Bestellung vor 12.00 Uhr zugestellt. Wir sind nicht f\u00fcr Versp\u00e4tungen verantwortlich. In der 30x30x30 eps-Box befindet sich gen\u00fcgend Trockeneis, um die Transplantation am Donnerstag durchzuf\u00fchren.<\/p>\n<h2>Versand in EU- und Nicht-EU-L\u00e4nder:<\/h2>\n<p>Bestellungen f\u00fcr die EU werden am Montagnachmittag abgeholt. F\u00fcr die EU und dar\u00fcber hinaus arbeiten wir mit DHL und FedEx zusammen. Wir versenden in einer 40x30x35 eps-Box, in die 14,5 Kilo Trockeneis passen. Der Liefertag in der EU betr\u00e4gt in der Regel 1 bis 2 Tage. Au\u00dferhalb der EU 2 bis 3 Tage.    <\/p>\n<h2>Lieferung:<\/h2>\n<p>Sie k\u00f6nnen Ihr Paket per E-Mail verfolgen (die auch eine Tracking-Nummer enth\u00e4lt). Im Inneren des Kartons finden Sie eine EPS-Box, die mit unserem Klebeband versiegelt ist. Lesen Sie zun\u00e4chst den Brief und die Anweisungen zum Trockeneis sorgf\u00e4ltig durch. Dieser EPS-Karton ist mit Trockeneis gef\u00fcllt, um die Kapseln auf der richtigen Temperatur (-79 Grad) zu halten. Trockeneis verliert innerhalb von 24 Stunden 15% seines Volumens.    <\/p>\n<h2>Retouren:<\/h2>\n<p>Bei Produkten, bei denen Hygiene wichtig ist, k\u00f6nnen diese Produkte aus Gr\u00fcnden des Gesundheitsschutzes nicht zur\u00fcckgegeben werden, wenn das Siegel nach der Lieferung aufgebrochen wurde. Sollte unser Produkt nicht in gutem Zustand geliefert werden, wenden Sie sich bitte an unseren Kundenservice. Wir raten Ihnen, das \u00d6ffnen des Versandkartons und der EPS-Box zu filmen oder sofort nach Erhalt ein deutliches Foto vom Zustand des Pakets zu machen.[\/vc_column_text][\/vc_column][vc_column width=&#8220;1\/3&#8243;]\r\n    <div class=\"blob-image-wrap\">\r\n        <img decoding=\"async\" src=\"https:\/\/gezonde-darmflora.nl\/wp-content\/uploads\/2020\/08\/eps-doos.jpg\">\r\n    <\/div>\r\n    <p class=\"blob-image__caption\"><\/p>\r\n\r\n    [\/vc_column][\/vc_row][vc_row][vc_column]<div class=\"eye_empty_space pt-md-5 pb-md-5   pt-4 pb-4\"><\/div>[\/vc_column][\/vc_row][vc_row][vc_column width=&#8220;1\/3&#8243;][vc_column_text]<\/p>\n<h5>H\u00e4ufig gestellte Fragen<\/h5>\n<p>Haben Sie noch Fragen? Sehen Sie sich hier die <a href=\"https:\/\/gezonde-darmflora.nl\/de\/haeufig-gestellte-fragen\/\">h\u00e4ufig gestellten Fragen und Antworten<\/a> an.[\/vc_column_text][\/vc_column][vc_column width=&#8220;1\/3&#8243;][vc_column_text]<\/p>\n<h5>E-Mail<\/h5>\n<p>Sie k\u00f6nnen sich \u00fcber unser <a href=\"https:\/\/gezonde-darmflora.nl\/de\/kontakt\/\">Kontaktformular<\/a> oder per E-Mail an <a href=\"mailto:info@gezonde-darmflora.nl\">info[@]healthy-gutflora.co.uk<\/a> mit uns in Verbindung setzen.[\/vc_column_text][\/vc_column][vc_column width=&#8220;1\/3&#8243;][vc_column_text]<\/p>\n<h5>Telefon<\/h5>\n<p>Montags bis mittwochs k\u00f6nnen Sie uns zwischen 12 und 14 Uhr telefonisch unter 06-22226118 erreichen.[\/vc_column_text][\/vc_column][\/vc_row]<\/p>\n<\/div>","protected":false},"excerpt":{"rendered":"<p>[vc_row full_width=&#8220;stretch_row_content_no_spaces&#8220;][vc_column][\/vc_column][\/vc_row][vc_row][vc_column width=&#8220;2\/3&#8243;][vc_column_text css=&#8220;&#8220;] Versand innerhalb der Niederlande: Jeden Montagnachmittag werden die offenen Bestellungen verpackt und f\u00fcr den Versand vorbereitet. Wir bringen die Pakete selbst zu einem DHL-Sortierzentrum. Am n\u00e4chsten Morgen wird Ihre Bestellung vor 12.00 Uhr zugestellt. Wir sind nicht f\u00fcr Versp\u00e4tungen verantwortlich. In der 30x30x30 eps-Box befindet sich gen\u00fcgend Trockeneis, um die Transplantation\u2026 <a href=\"https:\/\/gezonde-darmflora.nl\/de\/versand-und-lieferung\/\">Mehr lesen &raquo;<\/a><\/p>\n","protected":false},"author":4,"featured_media":0,"parent":0,"menu_order":0,"comment_status":"closed","ping_status":"closed","template":"","meta":{"_acf_changed":false,"footnotes":""},"class_list":["post-14704","page","type-page","status-publish","hentry"],"acf":[],"yoast_head":"<!-- This site is optimized with the Yoast SEO plugin v27.1.1 - https:\/\/yoast.com\/product\/yoast-seo-wordpress\/ -->\n<title>Versand und Lieferung &#8211; Gezonde Darmflora<\/title>\n<meta name=\"robots\" content=\"index, follow, max-snippet:-1, max-image-preview:large, max-video-preview:-1\" \/>\n<link rel=\"canonical\" href=\"https:\/\/gezonde-darmflora.nl\/de\/versand-und-lieferung\/\" \/>\n<meta property=\"og:locale\" content=\"de_DE\" \/>\n<meta property=\"og:type\" content=\"article\" \/>\n<meta property=\"og:title\" content=\"Versand und Lieferung &#8211; Gezonde Darmflora\" \/>\n<meta property=\"og:description\" content=\"[vc_row full_width=&#8220;stretch_row_content_no_spaces&#8220;][vc_column][\/vc_column][\/vc_row][vc_row][vc_column width=&#8220;2\/3&#8243;][vc_column_text css=&#8220;&#8220;] Versand innerhalb der Niederlande: Jeden Montagnachmittag werden die offenen Bestellungen verpackt und f\u00fcr den Versand vorbereitet. Wir bringen die Pakete selbst zu einem DHL-Sortierzentrum. Am n\u00e4chsten Morgen wird Ihre Bestellung vor 12.00 Uhr zugestellt. Wir sind nicht f\u00fcr Versp\u00e4tungen verantwortlich. In der 30x30x30 eps-Box befindet sich gen\u00fcgend Trockeneis, um die Transplantation\u2026 Mehr lesen &raquo;\" \/>\n<meta property=\"og:url\" content=\"https:\/\/gezonde-darmflora.nl\/de\/versand-und-lieferung\/\" \/>\n<meta property=\"og:site_name\" content=\"Gezonde Darmflora\" \/>\n<meta property=\"article:modified_time\" content=\"2025-01-27T09:22:10+00:00\" \/>\n<meta name=\"twitter:card\" content=\"summary_large_image\" \/>\n<meta name=\"twitter:label1\" content=\"Gesch\u00e4tzte Lesezeit\" \/>\n\t<meta name=\"twitter:data1\" content=\"2\u00a0Minuten\" \/>\n<script type=\"application\/ld+json\" class=\"yoast-schema-graph\">{\"@context\":\"https:\/\/schema.org\",\"@graph\":[{\"@type\":\"WebPage\",\"@id\":\"https:\/\/gezonde-darmflora.nl\/de\/versand-und-lieferung\/\",\"url\":\"https:\/\/gezonde-darmflora.nl\/de\/versand-und-lieferung\/\",\"name\":\"Versand und Lieferung &#8211; Gezonde Darmflora\",\"isPartOf\":{\"@id\":\"https:\/\/gezonde-darmflora.nl\/de\/#website\"},\"datePublished\":\"2020-08-03T10:44:57+00:00\",\"dateModified\":\"2025-01-27T09:22:10+00:00\",\"breadcrumb\":{\"@id\":\"https:\/\/gezonde-darmflora.nl\/de\/versand-und-lieferung\/#breadcrumb\"},\"inLanguage\":\"de\",\"potentialAction\":[{\"@type\":\"ReadAction\",\"target\":[\"https:\/\/gezonde-darmflora.nl\/de\/versand-und-lieferung\/\"]}]},{\"@type\":\"BreadcrumbList\",\"@id\":\"https:\/\/gezonde-darmflora.nl\/de\/versand-und-lieferung\/#breadcrumb\",\"itemListElement\":[{\"@type\":\"ListItem\",\"position\":1,\"name\":\"Home\",\"item\":\"https:\/\/gezonde-darmflora.nl\/de\/\"},{\"@type\":\"ListItem\",\"position\":2,\"name\":\"Versand und Lieferung\"}]},{\"@type\":\"WebSite\",\"@id\":\"https:\/\/gezonde-darmflora.nl\/de\/#website\",\"url\":\"https:\/\/gezonde-darmflora.nl\/de\/\",\"name\":\"Gezonde Darmflora\",\"description\":\"Een gezonde &amp; natuurlijke darmflora\",\"potentialAction\":[{\"@type\":\"SearchAction\",\"target\":{\"@type\":\"EntryPoint\",\"urlTemplate\":\"https:\/\/gezonde-darmflora.nl\/de\/?s={search_term_string}\"},\"query-input\":{\"@type\":\"PropertyValueSpecification\",\"valueRequired\":true,\"valueName\":\"search_term_string\"}}],\"inLanguage\":\"de\"}]}<\/script>\n<!-- \/ Yoast SEO plugin. -->","yoast_head_json":{"title":"Versand und Lieferung &#8211; Gezonde Darmflora","robots":{"index":"index","follow":"follow","max-snippet":"max-snippet:-1","max-image-preview":"max-image-preview:large","max-video-preview":"max-video-preview:-1"},"canonical":"https:\/\/gezonde-darmflora.nl\/de\/versand-und-lieferung\/","og_locale":"de_DE","og_type":"article","og_title":"Versand und Lieferung &#8211; Gezonde Darmflora","og_description":"[vc_row full_width=&#8220;stretch_row_content_no_spaces&#8220;][vc_column][\/vc_column][\/vc_row][vc_row][vc_column width=&#8220;2\/3&#8243;][vc_column_text css=&#8220;&#8220;] Versand innerhalb der Niederlande: Jeden Montagnachmittag werden die offenen Bestellungen verpackt und f\u00fcr den Versand vorbereitet. Wir bringen die Pakete selbst zu einem DHL-Sortierzentrum. Am n\u00e4chsten Morgen wird Ihre Bestellung vor 12.00 Uhr zugestellt. Wir sind nicht f\u00fcr Versp\u00e4tungen verantwortlich. In der 30x30x30 eps-Box befindet sich gen\u00fcgend Trockeneis, um die Transplantation\u2026 Mehr lesen &raquo;","og_url":"https:\/\/gezonde-darmflora.nl\/de\/versand-und-lieferung\/","og_site_name":"Gezonde Darmflora","article_modified_time":"2025-01-27T09:22:10+00:00","twitter_card":"summary_large_image","twitter_misc":{"Gesch\u00e4tzte Lesezeit":"2\u00a0Minuten"},"schema":{"@context":"https:\/\/schema.org","@graph":[{"@type":"WebPage","@id":"https:\/\/gezonde-darmflora.nl\/de\/versand-und-lieferung\/","url":"https:\/\/gezonde-darmflora.nl\/de\/versand-und-lieferung\/","name":"Versand und Lieferung &#8211; Gezonde Darmflora","isPartOf":{"@id":"https:\/\/gezonde-darmflora.nl\/de\/#website"},"datePublished":"2020-08-03T10:44:57+00:00","dateModified":"2025-01-27T09:22:10+00:00","breadcrumb":{"@id":"https:\/\/gezonde-darmflora.nl\/de\/versand-und-lieferung\/#breadcrumb"},"inLanguage":"de","potentialAction":[{"@type":"ReadAction","target":["https:\/\/gezonde-darmflora.nl\/de\/versand-und-lieferung\/"]}]},{"@type":"BreadcrumbList","@id":"https:\/\/gezonde-darmflora.nl\/de\/versand-und-lieferung\/#breadcrumb","itemListElement":[{"@type":"ListItem","position":1,"name":"Home","item":"https:\/\/gezonde-darmflora.nl\/de\/"},{"@type":"ListItem","position":2,"name":"Versand und Lieferung"}]},{"@type":"WebSite","@id":"https:\/\/gezonde-darmflora.nl\/de\/#website","url":"https:\/\/gezonde-darmflora.nl\/de\/","name":"Gezonde Darmflora","description":"Een gezonde &amp; natuurlijke darmflora","potentialAction":[{"@type":"SearchAction","target":{"@type":"EntryPoint","urlTemplate":"https:\/\/gezonde-darmflora.nl\/de\/?s={search_term_string}"},"query-input":{"@type":"PropertyValueSpecification","valueRequired":true,"valueName":"search_term_string"}}],"inLanguage":"de"}]}},"_links":{"self":[{"href":"https:\/\/gezonde-darmflora.nl\/de\/wp-json\/wp\/v2\/pages\/14704","targetHints":{"allow":["GET"]}}],"collection":[{"href":"https:\/\/gezonde-darmflora.nl\/de\/wp-json\/wp\/v2\/pages"}],"about":[{"href":"https:\/\/gezonde-darmflora.nl\/de\/wp-json\/wp\/v2\/types\/page"}],"author":[{"embeddable":true,"href":"https:\/\/gezonde-darmflora.nl\/de\/wp-json\/wp\/v2\/users\/4"}],"replies":[{"embeddable":true,"href":"https:\/\/gezonde-darmflora.nl\/de\/wp-json\/wp\/v2\/comments?post=14704"}],"version-history":[{"count":10,"href":"https:\/\/gezonde-darmflora.nl\/de\/wp-json\/wp\/v2\/pages\/14704\/revisions"}],"predecessor-version":[{"id":14735,"href":"https:\/\/gezonde-darmflora.nl\/de\/wp-json\/wp\/v2\/pages\/14704\/revisions\/14735"}],"wp:attachment":[{"href":"https:\/\/gezonde-darmflora.nl\/de\/wp-json\/wp\/v2\/media?parent=14704"}],"curies":[{"name":"wp","href":"https:\/\/api.w.org\/{rel}","templated":true}]}}