{"id":14516,"date":"2020-06-18T15:18:48","date_gmt":"2020-06-18T13:18:48","guid":{"rendered":"https:\/\/gezonde-darmflora.nl\/ueber-uns\/"},"modified":"2025-01-13T16:23:05","modified_gmt":"2025-01-13T15:23:05","slug":"ueber-uns","status":"publish","type":"page","link":"https:\/\/gezonde-darmflora.nl\/de\/ueber-uns\/","title":{"rendered":"\u00dcber uns"},"content":{"rendered":"<div class=\"wpb-content-wrapper\"><p>[vc_row full_width=&#8220;stretch_row_content_no_spaces&#8220;][vc_column]\r\n    <div class=\"page-title\">\r\n        <div class=\"container\">\r\n            <div class=\"row\">\r\n                <div class=\"col\">\r\n                    <h1>\u00dcber Gezonde-darmflora.nl<\/h1>\r\n                <\/div>\r\n            <\/div>\r\n        <\/div>\r\n    <\/div>\r\n\r\n    [\/vc_column][\/vc_row][vc_row equal_height=&#8220;yes&#8220;][vc_column width=&#8220;1\/4&#8243; el_class=&#8220;d-flex align-items-center&#8220;]\r\n    <div class=\"blob-image-wrap\">\r\n        <img decoding=\"async\" src=\"https:\/\/gezonde-darmflora.nl\/wp-content\/uploads\/2020\/06\/marco-kleijn-746x1024.jpg\">\r\n    <\/div>\r\n    <p class=\"blob-image__caption\"><\/p>\r\n\r\n    [\/vc_column][vc_column width=&#8220;3\/4&#8243;][vc_column_text]Gezonde-darmflora.nl wurde von Marco Kleijn gegr\u00fcndet. Er ist ein erfahrener Experte auf dem Gebiet der Kapsel-Pupstransplantation. Er selbst erkrankte in seinem neunzehnten Lebensjahr an <strong>Morbus Crohn<\/strong>, kurz vor seinem Deb\u00fct im Profifu\u00dfball im Jahr 1993. Er flehte seinen Arzt an, das kranke St\u00fcck Darm zu entfernen (was nicht geschah) und stand bei jedem neuen &#8218;potenziellen&#8216; Medikament gegen seine Krankheit ganz vorne in der Schlange (was nicht half). Er tat alles, um sein Ziel, Profifu\u00dfballer zu werden, zu erreichen. Aber sein Traum wurde schlie\u00dflich von dieser Krankheit zerst\u00f6rt. Indem er weiterhin Sport trieb und seine Ern\u00e4hrung umstellte, bekam er die Krankheit einigerma\u00dfen in den Griff. Aber das Wissen, f\u00fcr den Rest seines Lebens Medikamente einnehmen zu m\u00fcssen, darauf hatte er keinen Appetit. Nachdem er das Ph\u00e4nomen der Poop-Transplantation entdeckt, erforscht und selbst\u00e4ndig durchgef\u00fchrt hatte <a href=\"https:\/\/gezonde-darmflora.nl\/de\/die-fmt-theorie\/\"><strong>Kacktransplantation<\/strong><\/a>durchf\u00fchrte, sp\u00fcrte er schon am n\u00e4chsten Tag mehr Energie in seinem K\u00f6rper. Sein MDL-Arzt, der zusammen mit seinem Team zuvor sehr begeistert von dieser Transplantation war, schrieb ihn nach einem Monat (im Jahr 2015) direkt aus seinem System aus. Alle Entz\u00fcndungen waren aus seinem K\u00f6rper verschwunden. Bis zum heutigen Tag hat er nie wieder etwas von seinem MDL-Arzt geh\u00f6rt. Marco wurde von offiziellen Stellen nicht unterst\u00fctzt, da er ohne Arzt gehandelt hatte. Zu wissen, dass achtundzwanzig Jahre sp\u00e4ter ein neuer Crohn-Patient immer noch durch dieselbe medizinische M\u00fchle gehen muss, ist ein Tritt in den Hintern f\u00fcr Marco. H\u00e4tte er damals eine Kacktransplantation bekommen, h\u00e4tte er eine faire Chance gehabt, seine Karriere zu entwickeln. Wer wei\u00df, wie viele Leben jetzt durch diese Krankheit unn\u00f6tig auf den Kopf gestellt werden, wo es doch eine so einfache nat\u00fcrliche L\u00f6sung gibt?[\/vc_column_text][\/vc_column][\/vc_row][vc_row][vc_column]<div class=\"eye_empty_space pt-md-4 pb-md-4   pt-3 pb-3\"><\/div>[vc_column_text]Marco hat die Kapselmethode im Jahr 2014 selbst entwickelt. Mit dem Vorteil, dass er sich f\u00fcr Material, Hilfe und Rat an einen befreundeten Apotheker wenden konnte. Er gab einer freiwilligen Testgruppe eine kostenlose Behandlung, von der <strong>75% ein positives Ergebnis<\/strong> erzielten. Nachdem diese Ergebnisse auch in der n\u00e4chsten Gruppe erzielt wurden, begann Marco, mehrere Spender zu suchen. Er ist der Meinung, dass, wenn ein Darmfloratyp versagt, es immer noch eine Chance mit einer Behandlung eines anderen Darmfloratyps gibt. Bei der ersten Person, bei der dies getestet wurde, erwies sich diese Theorie ebenfalls als fundiert. Dank der finanziellen Unterst\u00fctzung eines Freundes konnte er mit der Suche nach mehreren Spendern beginnen. Inzwischen hat er ein Team hinter sich: einen Allgemeinmediziner, einen Apotheker, ein Blutlabor, ein F\u00e4kalienlabor, einen Heilpraktiker und junge gesunde Spender. Marco ist kein Arzt und wird niemals medizinisches oder medizinisches Fachpersonal ersetzen. Er wird niemals einen medizinischen Rat geben oder eine medizinische Diagnose stellen.           <strong>Der Kontakt wird daher auf ein Minimum beschr\u00e4nkt.<\/strong><\/p>\n<blockquote><p>Das uralte Ph\u00e4nomen der &#8218;Kacktransplantation&#8216; ist noch nicht &#8218;klinisch&#8216; bewiesen.<\/p><\/blockquote>\n<p>  Neben seinen eigenen positiven Erfahrungen, den Ergebnissen einer freiwilligen Testgruppe und dem Feedback von Menschen, die den gleichen Prozess durchlaufen haben, hat sich Marco mit \u00c4rzten, Labortechnikern, Orthomolekulartherapeuten, Apothekern und einem Atemspezialisten ausgetauscht.[\/vc_column_text][\/vc_column][\/vc_row][vc_row][vc_column]<div class=\"eye_empty_space pt-md-4 pb-md-4   pt-3 pb-3\"><\/div>[vc_column_text]<\/p>\n<h2>Lesen Sie unsere neuesten Artikel<\/h2>\n<p>[\/vc_column_text]\r\n    <div class=\"blog-carousel\">\r\n        \r\n            <div class=\"carousel-cell\">\r\n                <a href=\"https:\/\/gezonde-darmflora.nl\/de\/mit-kacke-gegen-krankheiten-die-darmflora-beeinflusst-den-ganzen-koerper\/\">\r\n                    <div class=\"blog-card\" style=\"background-image: url('https:\/\/gezonde-darmflora.nl\/wp-content\/uploads\/2023\/08\/rtlnieuws-1024x604.png')\">\r\n                        <div class=\"blog-card-container\">\r\n                            <span>Blog<\/span>\r\n                            <h3>Mit Kacke gegen Krankheiten: &#8218;Die Darmflora beeinflusst den ganzen K\u00f6rper&#8216;<\/h3>\r\n                        <\/div>\r\n                        <div class=\"blog-card__button svg-btn svg-btn-darkgreen\">\r\n                            <svg xmlns=\"http:\/\/www.w3.org\/2000\/svg\" width=\"50\" height=\"50\" viewBox=\"0 0 55 50\"><defs><\/defs><g id=\"Layer_2\" data-name=\"Layer 2\"><g id=\"Layer_1-2\" data-name=\"Layer 1\"><path width=\"100%\" height=\"100%\" class=\"anime\" d=\"M1.16,31.86C5.61,44.26,19.3,52,32.23,49.6C40.23,48.11,48.89,42.33,51.61,34.400000000000006C53.61,28.510000000000005,51.839999999999996,22.550000000000004,49.23,17.210000000000004C46.23,10.990000000000006,43.06999999999999,4.210000000000004,36.29,1.270000000000005C31,-1,24.8,0,19.64,2.49A45,45,0,0,0,10.57,8.66C8.39,10.5,5.430000000000001,12.280000000000001,3.6400000000000006,14.46C-0.3,19.28,-0.9,26.13,1.16,31.86Z\"\/><\/g><\/g><\/svg>\r\n                            <i class=\"far fa-long-arrow-alt-right\"><\/i>\r\n                        <\/div>\r\n                    <\/div>\r\n                <\/a>\r\n            <\/div>\r\n\r\n        \r\n            <div class=\"carousel-cell\">\r\n                <a href=\"https:\/\/gezonde-darmflora.nl\/de\/sprechen-sie-mit-einem-spezialisten-fuer-atemwegserkrankungen\/\">\r\n                    <div class=\"blog-card\" style=\"background-image: url('https:\/\/gezonde-darmflora.nl\/wp-content\/uploads\/2020\/06\/ademhaling-1024x622.jpg')\">\r\n                        <div class=\"blog-card-container\">\r\n                            <span>Blog<\/span>\r\n                            <h3>Sprechen Sie mit einem Spezialisten f\u00fcr Atemwegserkrankungen<\/h3>\r\n                        <\/div>\r\n                        <div class=\"blog-card__button svg-btn svg-btn-darkgreen\">\r\n                            <svg xmlns=\"http:\/\/www.w3.org\/2000\/svg\" width=\"50\" height=\"50\" viewBox=\"0 0 55 50\"><defs><\/defs><g id=\"Layer_2\" data-name=\"Layer 2\"><g id=\"Layer_1-2\" data-name=\"Layer 1\"><path width=\"100%\" height=\"100%\" class=\"anime\" d=\"M1.16,31.86C5.61,44.26,19.3,52,32.23,49.6C40.23,48.11,48.89,42.33,51.61,34.400000000000006C53.61,28.510000000000005,51.839999999999996,22.550000000000004,49.23,17.210000000000004C46.23,10.990000000000006,43.06999999999999,4.210000000000004,36.29,1.270000000000005C31,-1,24.8,0,19.64,2.49A45,45,0,0,0,10.57,8.66C8.39,10.5,5.430000000000001,12.280000000000001,3.6400000000000006,14.46C-0.3,19.28,-0.9,26.13,1.16,31.86Z\"\/><\/g><\/g><\/svg>\r\n                            <i class=\"far fa-long-arrow-alt-right\"><\/i>\r\n                        <\/div>\r\n                    <\/div>\r\n                <\/a>\r\n            <\/div>\r\n\r\n        \r\n            <div class=\"carousel-cell\">\r\n                <a href=\"https:\/\/gezonde-darmflora.nl\/de\/der-ideale-spender\/\">\r\n                    <div class=\"blog-card\" style=\"background-image: url('https:\/\/gezonde-darmflora.nl\/wp-content\/uploads\/2020\/06\/poepdonor.jpg')\">\r\n                        <div class=\"blog-card-container\">\r\n                            <span>Blog<\/span>\r\n                            <h3>Der ideale Spender<\/h3>\r\n                        <\/div>\r\n                        <div class=\"blog-card__button svg-btn svg-btn-darkgreen\">\r\n                            <svg xmlns=\"http:\/\/www.w3.org\/2000\/svg\" width=\"50\" height=\"50\" viewBox=\"0 0 55 50\"><defs><\/defs><g id=\"Layer_2\" data-name=\"Layer 2\"><g id=\"Layer_1-2\" data-name=\"Layer 1\"><path width=\"100%\" height=\"100%\" class=\"anime\" d=\"M1.16,31.86C5.61,44.26,19.3,52,32.23,49.6C40.23,48.11,48.89,42.33,51.61,34.400000000000006C53.61,28.510000000000005,51.839999999999996,22.550000000000004,49.23,17.210000000000004C46.23,10.990000000000006,43.06999999999999,4.210000000000004,36.29,1.270000000000005C31,-1,24.8,0,19.64,2.49A45,45,0,0,0,10.57,8.66C8.39,10.5,5.430000000000001,12.280000000000001,3.6400000000000006,14.46C-0.3,19.28,-0.9,26.13,1.16,31.86Z\"\/><\/g><\/g><\/svg>\r\n                            <i class=\"far fa-long-arrow-alt-right\"><\/i>\r\n                        <\/div>\r\n                    <\/div>\r\n                <\/a>\r\n            <\/div>\r\n\r\n            <\/div>\r\n\r\n    [\/vc_column][\/vc_row]<\/p>\n<\/div>","protected":false},"excerpt":{"rendered":"<p>[vc_row full_width=&#8220;stretch_row_content_no_spaces&#8220;][vc_column][\/vc_column][\/vc_row][vc_row equal_height=&#8220;yes&#8220;][vc_column width=&#8220;1\/4&#8243; el_class=&#8220;d-flex align-items-center&#8220;][\/vc_column][vc_column width=&#8220;3\/4&#8243;][vc_column_text]Gezonde-darmflora.nl wurde von Marco Kleijn gegr\u00fcndet. Er ist ein erfahrener Experte auf dem Gebiet der Kapsel-Pupstransplantation. Er selbst erkrankte in seinem neunzehnten Lebensjahr an Morbus Crohn, kurz vor seinem Deb\u00fct im Profifu\u00dfball im Jahr 1993. Er flehte seinen Arzt an, das kranke St\u00fcck Darm zu entfernen (was nicht geschah)\u2026 <a href=\"https:\/\/gezonde-darmflora.nl\/de\/der-ideale-spender\/\">Mehr lesen &raquo;<\/a><\/p>\n","protected":false},"author":1,"featured_media":0,"parent":0,"menu_order":0,"comment_status":"closed","ping_status":"closed","template":"","meta":{"_acf_changed":false,"footnotes":""},"class_list":["post-14516","page","type-page","status-publish","hentry"],"acf":[],"yoast_head":"<!-- This site is optimized with the Yoast SEO plugin v27.1.1 - https:\/\/yoast.com\/product\/yoast-seo-wordpress\/ -->\n<title>\u00dcber uns &#8211; Gezonde Darmflora<\/title>\n<meta name=\"robots\" content=\"index, follow, max-snippet:-1, max-image-preview:large, max-video-preview:-1\" \/>\n<link rel=\"canonical\" href=\"https:\/\/gezonde-darmflora.nl\/de\/ueber-uns\/\" \/>\n<meta property=\"og:locale\" content=\"de_DE\" \/>\n<meta property=\"og:type\" content=\"article\" \/>\n<meta property=\"og:title\" content=\"\u00dcber uns &#8211; Gezonde Darmflora\" \/>\n<meta property=\"og:description\" content=\"[vc_row full_width=&#8220;stretch_row_content_no_spaces&#8220;][vc_column][\/vc_column][\/vc_row][vc_row equal_height=&#8220;yes&#8220;][vc_column width=&#8220;1\/4&#8243; el_class=&#8220;d-flex align-items-center&#8220;][\/vc_column][vc_column width=&#8220;3\/4&#8243;][vc_column_text]Gezonde-darmflora.nl wurde von Marco Kleijn gegr\u00fcndet. Er ist ein erfahrener Experte auf dem Gebiet der Kapsel-Pupstransplantation. Er selbst erkrankte in seinem neunzehnten Lebensjahr an Morbus Crohn, kurz vor seinem Deb\u00fct im Profifu\u00dfball im Jahr 1993. Er flehte seinen Arzt an, das kranke St\u00fcck Darm zu entfernen (was nicht geschah)\u2026 Mehr lesen &raquo;\" \/>\n<meta property=\"og:url\" content=\"https:\/\/gezonde-darmflora.nl\/de\/ueber-uns\/\" \/>\n<meta property=\"og:site_name\" content=\"Gezonde Darmflora\" \/>\n<meta property=\"article:modified_time\" content=\"2025-01-13T15:23:05+00:00\" \/>\n<meta name=\"twitter:card\" content=\"summary_large_image\" \/>\n<meta name=\"twitter:label1\" content=\"Gesch\u00e4tzte Lesezeit\" \/>\n\t<meta name=\"twitter:data1\" content=\"3\u00a0Minuten\" \/>\n<script type=\"application\/ld+json\" class=\"yoast-schema-graph\">{\"@context\":\"https:\/\/schema.org\",\"@graph\":[{\"@type\":\"WebPage\",\"@id\":\"https:\/\/gezonde-darmflora.nl\/de\/ueber-uns\/\",\"url\":\"https:\/\/gezonde-darmflora.nl\/de\/ueber-uns\/\",\"name\":\"\u00dcber uns &#8211; Gezonde Darmflora\",\"isPartOf\":{\"@id\":\"https:\/\/gezonde-darmflora.nl\/de\/#website\"},\"datePublished\":\"2020-06-18T13:18:48+00:00\",\"dateModified\":\"2025-01-13T15:23:05+00:00\",\"breadcrumb\":{\"@id\":\"https:\/\/gezonde-darmflora.nl\/de\/ueber-uns\/#breadcrumb\"},\"inLanguage\":\"de\",\"potentialAction\":[{\"@type\":\"ReadAction\",\"target\":[\"https:\/\/gezonde-darmflora.nl\/de\/ueber-uns\/\"]}]},{\"@type\":\"BreadcrumbList\",\"@id\":\"https:\/\/gezonde-darmflora.nl\/de\/ueber-uns\/#breadcrumb\",\"itemListElement\":[{\"@type\":\"ListItem\",\"position\":1,\"name\":\"Home\",\"item\":\"https:\/\/gezonde-darmflora.nl\/de\/\"},{\"@type\":\"ListItem\",\"position\":2,\"name\":\"\u00dcber uns\"}]},{\"@type\":\"WebSite\",\"@id\":\"https:\/\/gezonde-darmflora.nl\/de\/#website\",\"url\":\"https:\/\/gezonde-darmflora.nl\/de\/\",\"name\":\"Gezonde Darmflora\",\"description\":\"Een gezonde &amp; natuurlijke darmflora\",\"potentialAction\":[{\"@type\":\"SearchAction\",\"target\":{\"@type\":\"EntryPoint\",\"urlTemplate\":\"https:\/\/gezonde-darmflora.nl\/de\/?s={search_term_string}\"},\"query-input\":{\"@type\":\"PropertyValueSpecification\",\"valueRequired\":true,\"valueName\":\"search_term_string\"}}],\"inLanguage\":\"de\"}]}<\/script>\n<!-- \/ Yoast SEO plugin. -->","yoast_head_json":{"title":"\u00dcber uns &#8211; Gezonde Darmflora","robots":{"index":"index","follow":"follow","max-snippet":"max-snippet:-1","max-image-preview":"max-image-preview:large","max-video-preview":"max-video-preview:-1"},"canonical":"https:\/\/gezonde-darmflora.nl\/de\/ueber-uns\/","og_locale":"de_DE","og_type":"article","og_title":"\u00dcber uns &#8211; Gezonde Darmflora","og_description":"[vc_row full_width=&#8220;stretch_row_content_no_spaces&#8220;][vc_column][\/vc_column][\/vc_row][vc_row equal_height=&#8220;yes&#8220;][vc_column width=&#8220;1\/4&#8243; el_class=&#8220;d-flex align-items-center&#8220;][\/vc_column][vc_column width=&#8220;3\/4&#8243;][vc_column_text]Gezonde-darmflora.nl wurde von Marco Kleijn gegr\u00fcndet. Er ist ein erfahrener Experte auf dem Gebiet der Kapsel-Pupstransplantation. Er selbst erkrankte in seinem neunzehnten Lebensjahr an Morbus Crohn, kurz vor seinem Deb\u00fct im Profifu\u00dfball im Jahr 1993. Er flehte seinen Arzt an, das kranke St\u00fcck Darm zu entfernen (was nicht geschah)\u2026 Mehr lesen &raquo;","og_url":"https:\/\/gezonde-darmflora.nl\/de\/ueber-uns\/","og_site_name":"Gezonde Darmflora","article_modified_time":"2025-01-13T15:23:05+00:00","twitter_card":"summary_large_image","twitter_misc":{"Gesch\u00e4tzte Lesezeit":"3\u00a0Minuten"},"schema":{"@context":"https:\/\/schema.org","@graph":[{"@type":"WebPage","@id":"https:\/\/gezonde-darmflora.nl\/de\/ueber-uns\/","url":"https:\/\/gezonde-darmflora.nl\/de\/ueber-uns\/","name":"\u00dcber uns &#8211; Gezonde Darmflora","isPartOf":{"@id":"https:\/\/gezonde-darmflora.nl\/de\/#website"},"datePublished":"2020-06-18T13:18:48+00:00","dateModified":"2025-01-13T15:23:05+00:00","breadcrumb":{"@id":"https:\/\/gezonde-darmflora.nl\/de\/ueber-uns\/#breadcrumb"},"inLanguage":"de","potentialAction":[{"@type":"ReadAction","target":["https:\/\/gezonde-darmflora.nl\/de\/ueber-uns\/"]}]},{"@type":"BreadcrumbList","@id":"https:\/\/gezonde-darmflora.nl\/de\/ueber-uns\/#breadcrumb","itemListElement":[{"@type":"ListItem","position":1,"name":"Home","item":"https:\/\/gezonde-darmflora.nl\/de\/"},{"@type":"ListItem","position":2,"name":"\u00dcber uns"}]},{"@type":"WebSite","@id":"https:\/\/gezonde-darmflora.nl\/de\/#website","url":"https:\/\/gezonde-darmflora.nl\/de\/","name":"Gezonde Darmflora","description":"Een gezonde &amp; natuurlijke darmflora","potentialAction":[{"@type":"SearchAction","target":{"@type":"EntryPoint","urlTemplate":"https:\/\/gezonde-darmflora.nl\/de\/?s={search_term_string}"},"query-input":{"@type":"PropertyValueSpecification","valueRequired":true,"valueName":"search_term_string"}}],"inLanguage":"de"}]}},"_links":{"self":[{"href":"https:\/\/gezonde-darmflora.nl\/de\/wp-json\/wp\/v2\/pages\/14516","targetHints":{"allow":["GET"]}}],"collection":[{"href":"https:\/\/gezonde-darmflora.nl\/de\/wp-json\/wp\/v2\/pages"}],"about":[{"href":"https:\/\/gezonde-darmflora.nl\/de\/wp-json\/wp\/v2\/types\/page"}],"author":[{"embeddable":true,"href":"https:\/\/gezonde-darmflora.nl\/de\/wp-json\/wp\/v2\/users\/1"}],"replies":[{"embeddable":true,"href":"https:\/\/gezonde-darmflora.nl\/de\/wp-json\/wp\/v2\/comments?post=14516"}],"version-history":[{"count":2,"href":"https:\/\/gezonde-darmflora.nl\/de\/wp-json\/wp\/v2\/pages\/14516\/revisions"}],"predecessor-version":[{"id":14518,"href":"https:\/\/gezonde-darmflora.nl\/de\/wp-json\/wp\/v2\/pages\/14516\/revisions\/14518"}],"wp:attachment":[{"href":"https:\/\/gezonde-darmflora.nl\/de\/wp-json\/wp\/v2\/media?parent=14516"}],"curies":[{"name":"wp","href":"https:\/\/api.w.org\/{rel}","templated":true}]}}