{"id":14510,"date":"2020-06-18T15:18:08","date_gmt":"2020-06-18T13:18:08","guid":{"rendered":"https:\/\/gezonde-darmflora.nl\/wie-funktioniert-das\/"},"modified":"2025-11-15T17:10:28","modified_gmt":"2025-11-15T16:10:28","slug":"wie-funktioniert-das","status":"publish","type":"page","link":"https:\/\/gezonde-darmflora.nl\/de\/wie-funktioniert-das\/","title":{"rendered":"Wie funktioniert das?"},"content":{"rendered":"<div class=\"wpb-content-wrapper\"><p>[vc_row full_width=&#8220;stretch_row_content_no_spaces&#8220;][vc_column]\r\n    <div class=\"page-title\">\r\n        <div class=\"container\">\r\n            <div class=\"row\">\r\n                <div class=\"col\">\r\n                    <h1>Kot-Transplantation selbst durchf\u00fchren: Wie funktioniert das?<\/h1>\r\n                <\/div>\r\n            <\/div>\r\n        <\/div>\r\n    <\/div>\r\n\r\n    [\/vc_column][\/vc_row][vc_row equal_height=&#8220;yes&#8220;][vc_column width=&#8220;3\/4&#8243;][vc_column_text css=&#8220;&#8220;]<\/p>\n<blockquote><p>Poop-Kapseln sind keine Arzneimittel und ihre Wirksamkeit ist noch nicht klinisch erwiesen. Was Sie nach dem Kauf mit ihnen tun, liegt daher in Ihrer eigenen Verantwortung.<\/p><\/blockquote>\n<h2>Kot-Transplantation<\/h2>\n<p>Eine Poop-Transplantation oder Stuhltransplantation ist die \u00dcbertragung einer gesunden Darmflora auf einen Empf\u00e4nger. Dies kann jetzt zu Hause mit unserer neuen Technik mit magensaftresistenten Kapseln durchgef\u00fchrt werden.<\/p>\n<p>Bakterienarten, die bei Ihnen verschwunden oder unterrepr\u00e4sentiert sind, k\u00f6nnen durch den Spender wieder aufgef\u00fcllt werden.<\/p>\n<h2>Der Tag der Fiebertransplantation<\/h2>\n<p>An dem Morgen, an dem Sie die 24 Kapseln (Gr\u00f6\u00dfe 000, die gr\u00f6\u00dfte erh\u00e4ltliche Kapsel) einnehmen, m\u00fcssen Sie n\u00fcchtern bleiben. Halten Sie die EPS-Box geschlossen, bis Sie mit der Transplantation beginnen. Gegen Mittag (12:00 Uhr) k\u00f6nnen Sie die Kapseln mit Wasser schlucken. Nehmen Sie die Kapseln sofort ein und lassen Sie sie nicht auftauen. Nach der letzten Kapsel bleiben Sie noch zwei Stunden n\u00fcchtern. So geben Sie den neuen Bakterien Zeit, sich ruhig in Ihrer Darmwand einzunisten. Nehmen Sie bei kaltem Wetter ein warmes Bad oder legen Sie sich mit einer W\u00e4rmflasche unter der Decke auf die Couch und entspannen Sie sich!<\/p>\n<p><strong><a href=\"https:\/\/gezonde-darmflora.nl\/wp-content\/uploads\/2024\/04\/caps-ENG-.jpg\">BESCHREIBUNG KAPSELN METHODE<\/a><\/strong> (Wie bei der Bestellung angegeben)<\/p>\n<p><strong><a href=\"https:\/\/gezonde-darmflora.nl\/wp-content\/uploads\/2024\/04\/klysma-ENG-kopie-3-copy-scaled.jpg\">BESCHREIBUNG DER KLISTIERMETHODE<\/a> <\/strong>(Wie bei der Bestellung angegeben)<\/p>\n<h2>Die Woche nach der F\u00f6tus-Transplantation<\/h2>\n<p>Die durchschnittliche Erfolgsquote bei einer Art Darmflora liegt bei 70%.<\/p>\n<p>Wenn Sie in den ersten Tagen nichts bemerken, ist der von Ihnen gew\u00e4hlte Spender nicht der richtige f\u00fcr Sie. Eine erneute Bestellung der gleichen Darmflora n\u00fctzt daher nichts.<\/p>\n<p>Wenn Sie in den ersten Tagen nichts bemerken, ist der von Ihnen gew\u00e4hlte Spender nicht der richtige f\u00fcr Sie. Eine erneute Bestellung der gleichen Darmflora n\u00fctzt daher nichts.<\/p>\n<p>Wenn Sie in den ersten Tagen etwas bemerken, aber nicht genug, oder wenn die Symptome sp\u00e4ter in der Woche wiederkehren, ist eine zweite und in manchen F\u00e4llen eine dritte Dosis notwendig. Dies ist insbesondere bei Menschen der Fall, die in der Vergangenheit h\u00e4ufig Antibiotika eingenommen haben. Aufgrund der umfangreichen Nutzung sind viele Arten vernichtet worden und viele Arten haben begonnen, zu \u00fcberwuchern. Sie sind immer noch der Boss&#8230;<\/p>\n<p>Im Durchschnitt bestellen diese Personen bei Bedarf nach einer Woche eine zweite (oder doppelte) Dosis.<\/p>\n<h2>HALBE DOSEN (dies kann nur mit Kapseln erfolgen)<\/h2>\n<p>In der Praxis wird HALVE DOSIS eher bei Menschen eingesetzt, die bereits viele Antibiotika eingenommen haben oder bei schwereren Erkrankungen wie Collitus Ulcerosa. <strong>Es ist eine Methode, um zun\u00e4chst den richtigen Spender f\u00fcr Sie zu finden.<\/strong><\/p>\n<p>Halten Sie zwischen den einzelnen Spendern ein oder zwei Tage Abstand und verfolgen Sie: <strong>Was tut welcher Spender f\u00fcr mich?<\/strong><\/p>\n<p>Jetzt, da wir den Mikrobiom-Bericht anbieten k\u00f6nnen, k\u00f6nnen Sie Ihren Bericht nutzen, um herauszufinden, welcher Spender gut f\u00fcr Sie geeignet ist. Welche Bakterienarten fehlen mir und welcher Spender hat viele von ihnen! Welche Bakterien sind bei mir \u00fcberwuchert? Sie m\u00f6chten so wenig wie m\u00f6glich davon von dem Spender haben, usw. Wenn die Empfehlung mehrere Spender enth\u00e4lt, k\u00f6nnen Sie eine Dosis aufteilen und weniger Kapseln von mehreren Spendern bestellen.<\/p>\n<p>Der gr\u00f6\u00dfte Nachteil eines Mikro-Baumberichts ist, dass man noch nicht einmal 20% davon kennt und die Ergebnisse mindestens einen Monat entfernt sind.<\/p>\n<p>Eine HALBE DOSIS sind 12 Kapseln. Genug, um zu merken, ob ein Spender etwas f\u00fcr Sie tut.<\/p>\n<h2>Spender<\/h2>\n<p>Wir testen die Spender nach den Regeln der niederl\u00e4ndischen Spender- und Kotbank in Leiden und den EU-Richtlinien.<\/p>\n<p>Zus\u00e4tzlich zu diesen Anforderungen w\u00e4hlen wir die Spender auch nach der Energie aus, die sie ausstrahlen, sie haben ein diszipliniertes und stabiles Leben. Unsere Spender sind sich bewusst, dass ihr K\u00f6rper ihr Tempel ist. Sie brauchen einen guten K\u00f6rper, um ihr Ziel zu erreichen. Der Spender spendet bei uns vor Ort, um sicherzustellen, dass der Verarbeitungsprozess schnellstm\u00f6glich abl\u00e4uft.<\/p>\n<p>Potenzielle Spender erhalten zun\u00e4chst einen <a href=\"https:\/\/gezonde-darmflora.nl\/wp-content\/uploads\/2024\/04\/Vragenlijst-GD-word.pdf\">FRAGEBOGEN<\/a>, den sie ausf\u00fcllen m\u00fcssen, dann werden <a href=\"https:\/\/gezonde-darmflora.nl\/wp-content\/uploads\/2020\/06\/Lijst-met-testen-voor-DONOR-monsters.pdf\">die FECES<\/a> getestet und anschlie\u00dfend das <a href=\"https:\/\/www.bloedwaardentest.nl\/gezonde-darmflora-controle-test.html\">BLUT<\/a>. (Klicken Sie auf die W\u00f6rter, um sie zu sehen)<\/p>\n<p><strong>Der Spender wird nach einem Monat erneut auf F\u00e4kalien getestet! <\/strong><\/p>\n<p>Erst dann kann ein angesammelter Bestand freigegeben werden. Wenn etwas gefunden wird, wird der Bestand \u00fcberpr\u00fcft und ab dem Tag, an dem der Erreger gefunden wird, vernichtet. (Bei jeder Spende wird eine Probe aufbewahrt, die es uns erm\u00f6glicht, dies herauszufinden)<\/p>\n<blockquote><p>Lesen Sie den Artikel \u00fcber <a href=\"https:\/\/gezonde-darmflora.nl\/de\/der-ideale-spender\/\">den idealen Spender<\/a> hier!<\/p><\/blockquote>\n<p>[\/vc_column_text]<div class=\"eye_empty_space pt-md-3 pb-md-3   pt-2 pb-2\"><\/div>[\/vc_column][\/vc_row][vc_row equal_height=&#8220;yes&#8220;][vc_column width=&#8220;3\/4&#8243;][vc_column_text css=&#8220;&#8220;]<\/p>\n<h2>Verarbeitung<\/h2>\n<p><strong>Kapseln:<\/strong> In unserem Hygieneraum wird der Stuhl gesiebt und mit 10% Natriumchlorid und 10% Glycerolum vermischt (Natriumchlorid ist eine Kochsalzl\u00f6sung, die die Bakterienabsorption verbessert, und Glycerolum wird hinzugef\u00fcgt, um die Bakterien beim Einfrieren zu sch\u00fctzen). Eine durchsichtige Kapsel wird bef\u00fcllt und eine gastro-resistente Kapsel wird um sie herum gelegt. Die Kapseln kommen so schnell wie m\u00f6glich in den Gefrierschrank. 1 Dosis = 24 Kapseln Gr\u00f6\u00dfe 000. 1 Kapsel entspricht 735 mg.<\/p>\n<p><strong>Klistiere:<\/strong> Bei einem Einlauf wird etwas mehr Natriumchlorid hinzugef\u00fcgt, um die F\u00e4kalien f\u00fcr den bereitgestellten Katheter fl\u00fcssiger zu machen. 1 Spritze mit 55 ml entspricht einer Portion von 24 Kapseln.<\/p>\n<p>Bitte beachten Sie: Kennen Sie FMT-Einl\u00e4ufe bereits auf andere Weise? Und m\u00f6chten Sie die Substanz auch verd\u00fcnnen? Fordern Sie per E-Mail eine zus\u00e4tzliche Spritze und NaCI an.<\/p>\n<h2>Lagerung<\/h2>\n<p>Die Kapseln und Einl\u00e4ufe werden in einem Laborgefrierschrank bei &#8211; 80 Grad gelagert.[\/vc_column_text]<div class=\"eye_empty_space pt-md-4 pb-md-4   pt-3 pb-3\"><\/div>[\/vc_column][vc_column width=&#8220;1\/4&#8243; el_class=&#8220;d-flex align-items-center&#8220;]\r\n    <div class=\"blob-image-wrap\">\r\n        <img decoding=\"async\" src=\"https:\/\/gezonde-darmflora.nl\/wp-content\/uploads\/2020\/08\/poeppillen.jpg\">\r\n    <\/div>\r\n    <p class=\"blob-image__caption\"><\/p>\r\n\r\n    \r\n    <div class=\"blob-image-wrap\">\r\n        <img decoding=\"async\" src=\"https:\/\/gezonde-darmflora.nl\/wp-content\/uploads\/2022\/03\/spuit-1024x485.jpg\">\r\n    <\/div>\r\n    <p class=\"blob-image__caption\"><\/p>\r\n\r\n    [\/vc_column][\/vc_row][vc_row equal_height=&#8220;yes&#8220;][vc_column width=&#8220;3\/4&#8243;][vc_column_text css=&#8220;&#8220;]<\/p>\n<h2>Bestell- und Versandprozess<\/h2>\n<p><strong>Niederlande:<\/strong><\/p>\n<p><strong>Hinweis: Die Verz\u00f6gerungen nehmen zu. Die Standardbox wurde daher auf ein gr\u00f6\u00dferes Format angepasst und enth\u00e4lt Trockeneis f\u00fcr 3 Tage. <\/strong><\/p>\n<p>Es ist ratsam, die Schachtel zuerst in Empfang zu nehmen und einen kurzen Blick darauf zu werfen oder sich zu vergewissern, dass das Glas mit den Kapseln noch unter einer guten Schicht Trockeneis liegt. Dann k\u00f6nnen Sie die Transplantation am n\u00e4chsten Tag vornehmen. Wird es nicht bis zum Mittag des n\u00e4chsten Tages geliefert? Dann kommt es am n\u00e4chsten Tag vor 12.00 Uhr.<\/p>\n<p>Sie m\u00f6chten vor Ort abholen? Mailen Sie uns f\u00fcr die M\u00f6glichkeiten.<\/p>\n<p><strong>Rechnen Sie mit zus\u00e4tzlichen Verz\u00f6gerungen, wenn Sie um kommerzielle Tage herum bestellen (Schwarzer Freitag, Vatertag, Christi Himmelfahrt, etc.).<\/strong><\/p>\n<p>Deshalb versenden wir immer montags!<\/p>\n<p>In unserem <a href=\"https:\/\/gezonde-darmflora.nl\/de\/shop\/\">Webshop<\/a> k\u00f6nnen Sie angeben, welchen Spender (falls es mehrere Spender gibt) Sie w\u00fcnschen und an <a href=\"https:\/\/gezonde-darmflora.nl\/de\/versand-und-lieferung\/\">welchem Montag<\/a> Sie Ihre Bestellung verschickt haben m\u00f6chten. Die Bestellungen werden verpackt und jeden Montagnachmittag von einem Kurier bei uns abgeholt. In den Niederlanden wird Ihre Bestellung in der Regel bis zum Mittag des n\u00e4chsten Tages vom Kurierdienst zugestellt. Wenn nicht, wird sie am n\u00e4chsten Tag vor 12.00 Uhr zugestellt. Leider gibt es auch bei der Post viele Verz\u00f6gerungen. Wir versenden daher in einem Karton, in dem das Produkt mindestens 3 Tage lang haltbar ist. Trockeneis verliert innerhalb von 24 Stunden 15% seines Volumens.<\/p>\n<p>Behalten Sie die Sendungsverfolgung im Auge. Stellen Sie sicher, dass Sie am Tag der Lieferung zu Hause sind.<\/p>\n<p><strong>Leben Sie in der EU, in Gro\u00dfbritannien oder sogar in den USA?<\/strong><\/p>\n<p>Dann versenden wir standardm\u00e4\u00dfig in einem gro\u00dfen EPS-Karton und Sie k\u00f6nnen w\u00e4hlen, ob Sie das Paket mit <strong>DHL<\/strong> oder <strong>FedEx<\/strong> verschicken m\u00f6chten. In der EU erhalten Sie das gr\u00f6\u00dfere Paket in der Regel innerhalb von 24\/48 Stunden bis 72 Stunden.<\/p>\n<p>Wenn Sie das Versandetikett erstellen, erhalten Sie vom Spediteur eine Sendungsverfolgung. Stellen Sie sicher, dass Sie am Tag der Lieferung zu Hause sind. Wir liefern keine Pakete an Nachbarn<\/p>\n<p>Wenn sich Ihr Paket im Zielland befindet und die Sendungsverfolgung morgens anzeigt; Auf dem Weg zur Lieferung. An diesem Tag k\u00f6nnen Sie mit dem Paket rechnen.<\/p>\n<p>F\u00fcr den Versand sind wir vollst\u00e4ndig auf das Transportunternehmen angewiesen, mit dem wir zusammenarbeiten. <strong>Und haben keinen Einfluss auf Verz\u00f6gerungen.<\/strong> Und das gibt es gelegentlich, deshalb versenden wir in der gr\u00f6\u00dften Box, die wir haben. Dort ist das Produkt mindestens 4 Tage haltbar.<\/p>\n<p>Bitte beachten Sie: Trockeneis verliert pro 24 Stunden 15 % seines Volumens.<\/p>\n<h2>\u00dcberpr\u00fcfung<\/h2>\n<p>Nach einem Monat erhalten Sie automatisch eine E-Mail mit der Bitte um eine \u00dcberpr\u00fcfung. Wenn Sie innerhalb eines Monats eine zweite Dosis bestellen, verschiebt sich unsere Bitte um eine \u00dcberpr\u00fcfung automatisch um einen Monat. Dies ist nicht obligatorisch und kann auf Wunsch auch anonym erfolgen.<\/p>\n<h2>Achtung!<\/h2>\n<p>Eine EPS-Box wird mit Trockeneis gef\u00fcllt und mit unserem Klebeband versiegelt. Trockeneis ist ein gek\u00fchltes Kohlendioxid (CO2). Ber\u00fchren Sie das Trockeneis (- 79 Grad) nicht mit blo\u00dfen H\u00e4nden und \u00f6ffnen Sie die EPS-Box immer im Freien! Lassen Sie das Trockeneis in der EPS-Box schmelzen. Ist Ihnen das Trockeneis ausgegangen und Sie m\u00f6chten es l\u00e4nger aufbewahren? Dann bestellen Sie zus\u00e4tzliches Trockeneis vor Ort. Sie k\u00f6nnen fmt nicht in einem Gefrierschrank aufbewahren.[\/vc_column_text][\/vc_column][vc_column width=&#8220;1\/4&#8243; el_class=&#8220;d-flex align-items-center&#8220;]\r\n    <div class=\"blob-image-wrap\">\r\n        <img decoding=\"async\" src=\"https:\/\/gezonde-darmflora.nl\/wp-content\/uploads\/2020\/08\/eps-doos.jpg\">\r\n    <\/div>\r\n    <p class=\"blob-image__caption\"><\/p>\r\n\r\n    [\/vc_column][\/vc_row][vc_row][vc_column]<div class=\"eye_empty_space pt-md-4 pb-md-4   pt-3 pb-3\"><\/div>[vc_column_text]<\/p>\n<h2>Lesen Sie hier die Erfahrungen unserer Kunden<\/h2>\n<p>[\/vc_column_text]\r\n    <div class=\"home-reviews\">\r\n        <div class=\"row d-flex\">\r\n                                                <div class=\"col-lg-4 d-flex\">\r\n                        <div class=\"review-card\">\r\n                            <h6>N<\/h6>\r\n                            <span style=\"font-size: 1rem\">DF7\" \"DF6<\/span>\r\n                            <div class=\"review-card__stars\">\r\n                                <i class=\"fas fa-star\"><\/i>\r\n                                <i class=\"fas fa-star\"><\/i>\r\n                                <i class=\"fas fa-star\"><\/i>\r\n                                <i class=\"fas fa-star\"><\/i>\r\n                                <i class=\"fas fa-star\"><\/i>\r\n                            <\/div>\r\n\r\n                            <p>Ich hatte wirklich Angst vor dieser Prozedur, aber ich bin wirklich froh, dass ich sie gemacht habe. Ich hatte meine Darmflora mit Antibiotika zerst\u00f6rt, als ich versuchte, meine Histaminintoleranz zu l\u00f6sen. Ich war praktisch an die Couch gefesselt und hatte st\u00e4ndig Schmerzen wegen meiner Darmprobleme. Au\u00dferdem hatte ich seit der Einnahme der Antibiotika wirklich schlimme\u2026 <a href=\"https:\/\/gezonde-darmflora.nl\/de\/review\/n\/\">Mehr lesen &raquo;<\/a><\/p>\r\n                        <\/div>\r\n                    <\/div>\r\n                                    <div class=\"col-lg-4 d-flex\">\r\n                        <div class=\"review-card\">\r\n                            <h6>Anonym (USA)<\/h6>\r\n                            <span style=\"font-size: 1rem\">DF7 DF6<\/span>\r\n                            <div class=\"review-card__stars\">\r\n                                <i class=\"fas fa-star\"><\/i>\r\n                                <i class=\"fas fa-star\"><\/i>\r\n                                <i class=\"fas fa-star\"><\/i>\r\n                                <i class=\"fas fa-star\"><\/i>\r\n                                <i class=\"fas fa-star\"><\/i>\r\n                            <\/div>\r\n\r\n                            <p>Dieses Produkt hat buchst\u00e4blich mein Leben ver\u00e4ndert. Neben Magen- und Darmproblemen litt ich jahrelang an l\u00e4hmender M\u00fcdigkeit, chronischen Schmerzen, Hirnnebel und schweren Allergien. Ich f\u00fchlte mich st\u00e4ndig schrecklich, konnte kaum funktionieren und konnte nur das N\u00f6tigste tun, um zu \u00fcberleben, und manchmal nicht einmal das. Das waren miserable und vergeudete Jahre meines Lebens. Ich bemerkte,\u2026 <a href=\"https:\/\/gezonde-darmflora.nl\/de\/review\/anonym-usa\/\">Mehr lesen &raquo;<\/a><\/p>\r\n                        <\/div>\r\n                    <\/div>\r\n                                    <div class=\"col-lg-4 d-flex\">\r\n                        <div class=\"review-card\">\r\n                            <h6>Javier (Spanien)<\/h6>\r\n                            <span style=\"font-size: 1rem\">DF6<\/span>\r\n                            <div class=\"review-card__stars\">\r\n                                <i class=\"fas fa-star\"><\/i>\r\n                                <i class=\"fas fa-star\"><\/i>\r\n                                <i class=\"fas fa-star\"><\/i>\r\n                                <i class=\"fas fa-star\"><\/i>\r\n                                <i class=\"fas fa-star\"><\/i>\r\n                            <\/div>\r\n\r\n                            <p>Fast ein Jahr nach der ersten FMT (DF6) kann ich best\u00e4tigen, dass es sich um ein sehr n\u00fctzliches Mittel handelt. Ich litt unter einer Dysbiose, die von P. Copri dominiert wurde. Nach einer Umstellung meiner Ern\u00e4hrung, der Einnahme von Nahrungserg\u00e4nzungsmitteln und FMTs ist es mir gelungen, meine Darmflora wieder ins Gleichgewicht zu bringen und zu\u2026 <a href=\"https:\/\/gezonde-darmflora.nl\/de\/review\/javier-spanien\/\">Mehr lesen &raquo;<\/a><\/p>\r\n                        <\/div>\r\n                    <\/div>\r\n                                    <\/div>\r\n\r\n    <\/div>\r\n\r\n    [\/vc_column][\/vc_row]<\/p>\n<\/div>","protected":false},"excerpt":{"rendered":"<p>[vc_row full_width=&#8220;stretch_row_content_no_spaces&#8220;][vc_column][\/vc_column][\/vc_row][vc_row equal_height=&#8220;yes&#8220;][vc_column width=&#8220;3\/4&#8243;][vc_column_text css=&#8220;&#8220;] Poop-Kapseln sind keine Arzneimittel und ihre Wirksamkeit ist noch nicht klinisch erwiesen. Was Sie nach dem Kauf mit ihnen tun, liegt daher in Ihrer eigenen Verantwortung. Kot-Transplantation Eine Poop-Transplantation oder Stuhltransplantation ist die \u00dcbertragung einer gesunden Darmflora auf einen Empf\u00e4nger. Dies kann jetzt zu Hause mit unserer neuen Technik mit\u2026 <a href=\"https:\/\/gezonde-darmflora.nl\/de\/review\/javier-spanien\/\">Mehr lesen &raquo;<\/a><\/p>\n","protected":false},"author":1,"featured_media":0,"parent":0,"menu_order":0,"comment_status":"closed","ping_status":"closed","template":"","meta":{"_acf_changed":false,"footnotes":""},"class_list":["post-14510","page","type-page","status-publish","hentry"],"acf":[],"yoast_head":"<!-- This site is optimized with the Yoast SEO plugin v27.1.1 - https:\/\/yoast.com\/product\/yoast-seo-wordpress\/ -->\n<title>Wie funktioniert das? &#8211; Gezonde Darmflora<\/title>\n<meta name=\"robots\" content=\"index, follow, max-snippet:-1, max-image-preview:large, max-video-preview:-1\" \/>\n<link rel=\"canonical\" href=\"https:\/\/gezonde-darmflora.nl\/de\/wie-funktioniert-das\/\" \/>\n<meta property=\"og:locale\" content=\"de_DE\" \/>\n<meta property=\"og:type\" content=\"article\" \/>\n<meta property=\"og:title\" content=\"Wie funktioniert das? &#8211; Gezonde Darmflora\" \/>\n<meta property=\"og:description\" content=\"[vc_row full_width=&#8220;stretch_row_content_no_spaces&#8220;][vc_column][\/vc_column][\/vc_row][vc_row equal_height=&#8220;yes&#8220;][vc_column width=&#8220;3\/4&#8243;][vc_column_text css=&#8220;&#8220;] Poop-Kapseln sind keine Arzneimittel und ihre Wirksamkeit ist noch nicht klinisch erwiesen. Was Sie nach dem Kauf mit ihnen tun, liegt daher in Ihrer eigenen Verantwortung. Kot-Transplantation Eine Poop-Transplantation oder Stuhltransplantation ist die \u00dcbertragung einer gesunden Darmflora auf einen Empf\u00e4nger. Dies kann jetzt zu Hause mit unserer neuen Technik mit\u2026 Mehr lesen &raquo;\" \/>\n<meta property=\"og:url\" content=\"https:\/\/gezonde-darmflora.nl\/de\/wie-funktioniert-das\/\" \/>\n<meta property=\"og:site_name\" content=\"Gezonde Darmflora\" \/>\n<meta property=\"article:modified_time\" content=\"2025-11-15T16:10:28+00:00\" \/>\n<meta name=\"twitter:card\" content=\"summary_large_image\" \/>\n<meta name=\"twitter:label1\" content=\"Gesch\u00e4tzte Lesezeit\" \/>\n\t<meta name=\"twitter:data1\" content=\"7\u00a0Minuten\" \/>\n<script type=\"application\/ld+json\" class=\"yoast-schema-graph\">{\"@context\":\"https:\/\/schema.org\",\"@graph\":[{\"@type\":\"WebPage\",\"@id\":\"https:\/\/gezonde-darmflora.nl\/de\/wie-funktioniert-das\/\",\"url\":\"https:\/\/gezonde-darmflora.nl\/de\/wie-funktioniert-das\/\",\"name\":\"Wie funktioniert das? &#8211; Gezonde Darmflora\",\"isPartOf\":{\"@id\":\"https:\/\/gezonde-darmflora.nl\/de\/#website\"},\"datePublished\":\"2020-06-18T13:18:08+00:00\",\"dateModified\":\"2025-11-15T16:10:28+00:00\",\"breadcrumb\":{\"@id\":\"https:\/\/gezonde-darmflora.nl\/de\/wie-funktioniert-das\/#breadcrumb\"},\"inLanguage\":\"de\",\"potentialAction\":[{\"@type\":\"ReadAction\",\"target\":[\"https:\/\/gezonde-darmflora.nl\/de\/wie-funktioniert-das\/\"]}]},{\"@type\":\"BreadcrumbList\",\"@id\":\"https:\/\/gezonde-darmflora.nl\/de\/wie-funktioniert-das\/#breadcrumb\",\"itemListElement\":[{\"@type\":\"ListItem\",\"position\":1,\"name\":\"Home\",\"item\":\"https:\/\/gezonde-darmflora.nl\/de\/\"},{\"@type\":\"ListItem\",\"position\":2,\"name\":\"Wie funktioniert das?\"}]},{\"@type\":\"WebSite\",\"@id\":\"https:\/\/gezonde-darmflora.nl\/de\/#website\",\"url\":\"https:\/\/gezonde-darmflora.nl\/de\/\",\"name\":\"Gezonde Darmflora\",\"description\":\"Een gezonde &amp; natuurlijke darmflora\",\"potentialAction\":[{\"@type\":\"SearchAction\",\"target\":{\"@type\":\"EntryPoint\",\"urlTemplate\":\"https:\/\/gezonde-darmflora.nl\/de\/?s={search_term_string}\"},\"query-input\":{\"@type\":\"PropertyValueSpecification\",\"valueRequired\":true,\"valueName\":\"search_term_string\"}}],\"inLanguage\":\"de\"}]}<\/script>\n<!-- \/ Yoast SEO plugin. -->","yoast_head_json":{"title":"Wie funktioniert das? &#8211; Gezonde Darmflora","robots":{"index":"index","follow":"follow","max-snippet":"max-snippet:-1","max-image-preview":"max-image-preview:large","max-video-preview":"max-video-preview:-1"},"canonical":"https:\/\/gezonde-darmflora.nl\/de\/wie-funktioniert-das\/","og_locale":"de_DE","og_type":"article","og_title":"Wie funktioniert das? &#8211; Gezonde Darmflora","og_description":"[vc_row full_width=&#8220;stretch_row_content_no_spaces&#8220;][vc_column][\/vc_column][\/vc_row][vc_row equal_height=&#8220;yes&#8220;][vc_column width=&#8220;3\/4&#8243;][vc_column_text css=&#8220;&#8220;] Poop-Kapseln sind keine Arzneimittel und ihre Wirksamkeit ist noch nicht klinisch erwiesen. Was Sie nach dem Kauf mit ihnen tun, liegt daher in Ihrer eigenen Verantwortung. Kot-Transplantation Eine Poop-Transplantation oder Stuhltransplantation ist die \u00dcbertragung einer gesunden Darmflora auf einen Empf\u00e4nger. Dies kann jetzt zu Hause mit unserer neuen Technik mit\u2026 Mehr lesen &raquo;","og_url":"https:\/\/gezonde-darmflora.nl\/de\/wie-funktioniert-das\/","og_site_name":"Gezonde Darmflora","article_modified_time":"2025-11-15T16:10:28+00:00","twitter_card":"summary_large_image","twitter_misc":{"Gesch\u00e4tzte Lesezeit":"7\u00a0Minuten"},"schema":{"@context":"https:\/\/schema.org","@graph":[{"@type":"WebPage","@id":"https:\/\/gezonde-darmflora.nl\/de\/wie-funktioniert-das\/","url":"https:\/\/gezonde-darmflora.nl\/de\/wie-funktioniert-das\/","name":"Wie funktioniert das? &#8211; Gezonde Darmflora","isPartOf":{"@id":"https:\/\/gezonde-darmflora.nl\/de\/#website"},"datePublished":"2020-06-18T13:18:08+00:00","dateModified":"2025-11-15T16:10:28+00:00","breadcrumb":{"@id":"https:\/\/gezonde-darmflora.nl\/de\/wie-funktioniert-das\/#breadcrumb"},"inLanguage":"de","potentialAction":[{"@type":"ReadAction","target":["https:\/\/gezonde-darmflora.nl\/de\/wie-funktioniert-das\/"]}]},{"@type":"BreadcrumbList","@id":"https:\/\/gezonde-darmflora.nl\/de\/wie-funktioniert-das\/#breadcrumb","itemListElement":[{"@type":"ListItem","position":1,"name":"Home","item":"https:\/\/gezonde-darmflora.nl\/de\/"},{"@type":"ListItem","position":2,"name":"Wie funktioniert das?"}]},{"@type":"WebSite","@id":"https:\/\/gezonde-darmflora.nl\/de\/#website","url":"https:\/\/gezonde-darmflora.nl\/de\/","name":"Gezonde Darmflora","description":"Een gezonde &amp; natuurlijke darmflora","potentialAction":[{"@type":"SearchAction","target":{"@type":"EntryPoint","urlTemplate":"https:\/\/gezonde-darmflora.nl\/de\/?s={search_term_string}"},"query-input":{"@type":"PropertyValueSpecification","valueRequired":true,"valueName":"search_term_string"}}],"inLanguage":"de"}]}},"_links":{"self":[{"href":"https:\/\/gezonde-darmflora.nl\/de\/wp-json\/wp\/v2\/pages\/14510","targetHints":{"allow":["GET"]}}],"collection":[{"href":"https:\/\/gezonde-darmflora.nl\/de\/wp-json\/wp\/v2\/pages"}],"about":[{"href":"https:\/\/gezonde-darmflora.nl\/de\/wp-json\/wp\/v2\/types\/page"}],"author":[{"embeddable":true,"href":"https:\/\/gezonde-darmflora.nl\/de\/wp-json\/wp\/v2\/users\/1"}],"replies":[{"embeddable":true,"href":"https:\/\/gezonde-darmflora.nl\/de\/wp-json\/wp\/v2\/comments?post=14510"}],"version-history":[{"count":21,"href":"https:\/\/gezonde-darmflora.nl\/de\/wp-json\/wp\/v2\/pages\/14510\/revisions"}],"predecessor-version":[{"id":18686,"href":"https:\/\/gezonde-darmflora.nl\/de\/wp-json\/wp\/v2\/pages\/14510\/revisions\/18686"}],"wp:attachment":[{"href":"https:\/\/gezonde-darmflora.nl\/de\/wp-json\/wp\/v2\/media?parent=14510"}],"curies":[{"name":"wp","href":"https:\/\/api.w.org\/{rel}","templated":true}]}}